{"id":31773,"date":"2022-01-26T07:58:08","date_gmt":"2022-01-26T06:58:08","guid":{"rendered":"https:\/\/betax923lb8kd7v0.eltako.de\/software-pct14\/"},"modified":"2026-03-06T09:32:19","modified_gmt":"2026-03-06T08:32:19","slug":"software-pct14","status":"publish","type":"page","link":"https:\/\/www.eltako.com\/en\/software-pct14\/","title":{"rendered":"Software PCT14"},"content":{"rendered":"\n<p style=\"font-size:16px\"><strong>PCT14 \u2013 The free PC tool for ELTAKO wireless actuators<\/strong><\/p>\n\n\n\n<p style=\"font-size:16px\">After installation, ELTAKO wireless building actuators of the 14 and 71 series, as well as some sensors, such as the wireless alarm controller or our wireless time switch, can be set, read out, saved and written back via the PC.<\/p>\n\n\n\n<p style=\"font-size:16px\"><strong>PCT14 &#8211; imoprtant Informations:<\/strong><br><a href=\"https:\/\/www.eltako.com\/fileadmin\/downloads\/en\/_datasheets\/Datasheet_PCT14.pdf\">Datasheet<\/a><br><a href=\"https:\/\/www.eltako.com\/fileadmin\/downloads\/en\/Software\/PCT14_System_requirements_and_installation_instructions.pdf\">System requirements<\/a><\/p>\n\n\n\n<p style=\"font-size:16px\"><strong>Compatibility:<\/strong><\/p>\n\n\n\n<ul style=\"font-size:16px\" class=\"wp-block-list\">\n<li>Intel based Mac with Windows 8,10,11 &#8211; yes<\/li>\n\n\n\n<li>M1 based Mac with Windows 8,10,11 &#8211; no<\/li>\n\n\n\n<li>Intel PC with Windows 8,10,11 &#8211; yes<\/li>\n<\/ul>\n\n\n\n<p style=\"font-size:16px\">As an initial installation, the software can be obtained via the links listed here.<\/p>\n\n\n\n<div class=\"table-responsive\">\n<table class=\"table table-bordered\"><tbody><tr><th scope=\"row\"><a href=\"https:\/\/www.eltako.com\/fileadmin\/downloads\/en\/Software\/secure\/EEPCT14EnGb817-32Bit.msi\">PCT14, version 8.17, from Windows 8 32bit<\/a><\/th>\n      <td>150 MB<\/td>\n    <\/tr><tr><th scope=\"row\"><a href=\"https:\/\/www.eltako.com\/fileadmin\/downloads\/en\/Software\/secure\/EEPCT14EnGb817-64Bit.msi\"> PCT14, version 8.17, from Windows 8 64bit<\/a><\/th>\n      <td>150 MB<\/td>\n    <\/tr><\/tbody><\/table><\/div>\n\n\n\n<p style=\"font-size:16px\">As of version 8.1, updates are carried out automatically.&nbsp;<\/p>\n\n\n\n\n\n<figure class=\"wp-block-image size-large\"><img decoding=\"async\" width=\"1024\" height=\"512\" src=\"https:\/\/betax923lb8kd7v0.eltako.de\/wp-content\/uploads\/2022\/02\/PCT14-zweites-Bild-1-1024x512.jpg\" alt=\"\" class=\"wp-image-32334\" srcset=\"https:\/\/www.eltako.com\/wp-content\/uploads\/2022\/02\/PCT14-zweites-Bild-1-1024x512.jpg 1024w, https:\/\/www.eltako.com\/wp-content\/uploads\/2022\/02\/PCT14-zweites-Bild-1-300x150.jpg 300w, https:\/\/www.eltako.com\/wp-content\/uploads\/2022\/02\/PCT14-zweites-Bild-1-768x384.jpg 768w, https:\/\/www.eltako.com\/wp-content\/uploads\/2022\/02\/PCT14-zweites-Bild-1-1536x768.jpg 1536w, https:\/\/www.eltako.com\/wp-content\/uploads\/2022\/02\/PCT14-zweites-Bild-1-2048x1024.jpg 2048w, https:\/\/www.eltako.com\/wp-content\/uploads\/2022\/02\/PCT14-zweites-Bild-1-600x300.jpg 600w, https:\/\/www.eltako.com\/wp-content\/uploads\/2022\/02\/PCT14-zweites-Bild-1-scaled.jpg 1920w\" sizes=\"(max-width: 1024px) 100vw, 1024px\" \/><\/figure>\n","protected":false},"excerpt":{"rendered":"<p>PCT14 \u2013 The free PC tool for ELTAKO wireless actuators After installation, ELTAKO wireless building actuators of the 14 and 71 series, as well as some sensors, such as the wireless alarm controller or our wireless time switch, can be set, read out, saved and written back via the PC. PCT14 &#8211; imoprtant Informations:DatasheetSystem requirements [&hellip;]<\/p>\n","protected":false},"author":31,"featured_media":32354,"parent":0,"menu_order":0,"comment_status":"closed","ping_status":"closed","template":"templates\/custom_header.php","meta":{"_acf_changed":false,"footnotes":"","_links_to":"","_links_to_target":""},"class_list":["post-31773","page","type-page","status-publish","has-post-thumbnail","hentry"],"acf":[],"yoast_head":"<!-- This site is optimized with the Yoast SEO plugin v27.2 - https:\/\/yoast.com\/product\/yoast-seo-wordpress\/ -->\n<title>Software PCT14 &#187; Eltako<\/title>\n<meta name=\"robots\" content=\"index, follow, max-snippet:-1, max-image-preview:large, max-video-preview:-1\" \/>\n<link rel=\"canonical\" href=\"https:\/\/www.eltako.com\/en\/software-pct14\/\" \/>\n<meta property=\"og:locale\" content=\"en_US\" \/>\n<meta property=\"og:type\" content=\"article\" \/>\n<meta property=\"og:title\" content=\"Software PCT14 &#187; Eltako\" \/>\n<meta property=\"og:description\" content=\"PCT14 \u2013 The free PC tool for ELTAKO wireless actuators After installation, ELTAKO wireless building actuators of the 14 and 71 series, as well as some sensors, such as the wireless alarm controller or our wireless time switch, can be set, read out, saved and written back via the PC. PCT14 &#8211; imoprtant Informations:DatasheetSystem requirements [&hellip;]\" \/>\n<meta property=\"og:url\" content=\"https:\/\/www.eltako.com\/en\/software-pct14\/\" \/>\n<meta property=\"og:site_name\" content=\"Eltako\" \/>\n<meta property=\"article:modified_time\" content=\"2026-03-06T08:32:19+00:00\" \/>\n<meta property=\"og:image\" content=\"https:\/\/www.eltako.com\/wp-content\/uploads\/2022\/02\/PCT14-1.jpg\" \/>\n\t<meta property=\"og:image:width\" content=\"3024\" \/>\n\t<meta property=\"og:image:height\" content=\"1222\" \/>\n\t<meta property=\"og:image:type\" content=\"image\/jpeg\" \/>\n<meta name=\"twitter:card\" content=\"summary_large_image\" \/>\n<meta name=\"twitter:label1\" content=\"Est. reading time\" \/>\n\t<meta name=\"twitter:data1\" content=\"2 minutes\" \/>\n<script type=\"application\/ld+json\" class=\"yoast-schema-graph\">{\"@context\":\"https:\/\/schema.org\",\"@graph\":[{\"@type\":\"WebPage\",\"@id\":\"https:\/\/www.eltako.com\/en\/software-pct14\/\",\"url\":\"https:\/\/www.eltako.com\/en\/software-pct14\/\",\"name\":\"Software PCT14 &#187; Eltako\",\"isPartOf\":{\"@id\":\"https:\/\/www.eltako.com\/en\/#website\"},\"primaryImageOfPage\":{\"@id\":\"https:\/\/www.eltako.com\/en\/software-pct14\/#primaryimage\"},\"image\":{\"@id\":\"https:\/\/www.eltako.com\/en\/software-pct14\/#primaryimage\"},\"thumbnailUrl\":\"https:\/\/www.eltako.com\/wp-content\/uploads\/2022\/02\/PCT14-1.jpg\",\"datePublished\":\"2022-01-26T06:58:08+00:00\",\"dateModified\":\"2026-03-06T08:32:19+00:00\",\"breadcrumb\":{\"@id\":\"https:\/\/www.eltako.com\/en\/software-pct14\/#breadcrumb\"},\"inLanguage\":\"en-US\",\"potentialAction\":[{\"@type\":\"ReadAction\",\"target\":[\"https:\/\/www.eltako.com\/en\/software-pct14\/\"]}]},{\"@type\":\"ImageObject\",\"inLanguage\":\"en-US\",\"@id\":\"https:\/\/www.eltako.com\/en\/software-pct14\/#primaryimage\",\"url\":\"https:\/\/www.eltako.com\/wp-content\/uploads\/2022\/02\/PCT14-1.jpg\",\"contentUrl\":\"https:\/\/www.eltako.com\/wp-content\/uploads\/2022\/02\/PCT14-1.jpg\",\"width\":3024,\"height\":1222},{\"@type\":\"BreadcrumbList\",\"@id\":\"https:\/\/www.eltako.com\/en\/software-pct14\/#breadcrumb\",\"itemListElement\":[{\"@type\":\"ListItem\",\"position\":1,\"name\":\"Home\",\"item\":\"https:\/\/www.eltako.com\/en\/\"},{\"@type\":\"ListItem\",\"position\":2,\"name\":\"Software PCT14\"}]},{\"@type\":\"WebSite\",\"@id\":\"https:\/\/www.eltako.com\/en\/#website\",\"url\":\"https:\/\/www.eltako.com\/en\/\",\"name\":\"Eltako\",\"description\":\"Schaltger\u00e4te, Netzteile, Stromz\u00e4hler, Dimmer, Geb\u00e4udeinstallation, Steuerungstechnik, Smart Home-L\u00f6sungen, Geb\u00e4udefunk, EnOcean-Technologie\",\"potentialAction\":[{\"@type\":\"SearchAction\",\"target\":{\"@type\":\"EntryPoint\",\"urlTemplate\":\"https:\/\/www.eltako.com\/en\/?s={search_term_string}\"},\"query-input\":{\"@type\":\"PropertyValueSpecification\",\"valueRequired\":true,\"valueName\":\"search_term_string\"}}],\"inLanguage\":\"en-US\"}]}<\/script>\n<!-- \/ Yoast SEO plugin. -->","yoast_head_json":{"title":"Software PCT14 &#187; Eltako","robots":{"index":"index","follow":"follow","max-snippet":"max-snippet:-1","max-image-preview":"max-image-preview:large","max-video-preview":"max-video-preview:-1"},"canonical":"https:\/\/www.eltako.com\/en\/software-pct14\/","og_locale":"en_US","og_type":"article","og_title":"Software PCT14 &#187; Eltako","og_description":"PCT14 \u2013 The free PC tool for ELTAKO wireless actuators After installation, ELTAKO wireless building actuators of the 14 and 71 series, as well as some sensors, such as the wireless alarm controller or our wireless time switch, can be set, read out, saved and written back via the PC. PCT14 &#8211; imoprtant Informations:DatasheetSystem requirements [&hellip;]","og_url":"https:\/\/www.eltako.com\/en\/software-pct14\/","og_site_name":"Eltako","article_modified_time":"2026-03-06T08:32:19+00:00","og_image":[{"width":3024,"height":1222,"url":"https:\/\/www.eltako.com\/wp-content\/uploads\/2022\/02\/PCT14-1.jpg","type":"image\/jpeg"}],"twitter_card":"summary_large_image","twitter_misc":{"Est. reading time":"2 minutes"},"schema":{"@context":"https:\/\/schema.org","@graph":[{"@type":"WebPage","@id":"https:\/\/www.eltako.com\/en\/software-pct14\/","url":"https:\/\/www.eltako.com\/en\/software-pct14\/","name":"Software PCT14 &#187; Eltako","isPartOf":{"@id":"https:\/\/www.eltako.com\/en\/#website"},"primaryImageOfPage":{"@id":"https:\/\/www.eltako.com\/en\/software-pct14\/#primaryimage"},"image":{"@id":"https:\/\/www.eltako.com\/en\/software-pct14\/#primaryimage"},"thumbnailUrl":"https:\/\/www.eltako.com\/wp-content\/uploads\/2022\/02\/PCT14-1.jpg","datePublished":"2022-01-26T06:58:08+00:00","dateModified":"2026-03-06T08:32:19+00:00","breadcrumb":{"@id":"https:\/\/www.eltako.com\/en\/software-pct14\/#breadcrumb"},"inLanguage":"en-US","potentialAction":[{"@type":"ReadAction","target":["https:\/\/www.eltako.com\/en\/software-pct14\/"]}]},{"@type":"ImageObject","inLanguage":"en-US","@id":"https:\/\/www.eltako.com\/en\/software-pct14\/#primaryimage","url":"https:\/\/www.eltako.com\/wp-content\/uploads\/2022\/02\/PCT14-1.jpg","contentUrl":"https:\/\/www.eltako.com\/wp-content\/uploads\/2022\/02\/PCT14-1.jpg","width":3024,"height":1222},{"@type":"BreadcrumbList","@id":"https:\/\/www.eltako.com\/en\/software-pct14\/#breadcrumb","itemListElement":[{"@type":"ListItem","position":1,"name":"Home","item":"https:\/\/www.eltako.com\/en\/"},{"@type":"ListItem","position":2,"name":"Software PCT14"}]},{"@type":"WebSite","@id":"https:\/\/www.eltako.com\/en\/#website","url":"https:\/\/www.eltako.com\/en\/","name":"Eltako","description":"Schaltger\u00e4te, Netzteile, Stromz\u00e4hler, Dimmer, Geb\u00e4udeinstallation, Steuerungstechnik, Smart Home-L\u00f6sungen, Geb\u00e4udefunk, EnOcean-Technologie","potentialAction":[{"@type":"SearchAction","target":{"@type":"EntryPoint","urlTemplate":"https:\/\/www.eltako.com\/en\/?s={search_term_string}"},"query-input":{"@type":"PropertyValueSpecification","valueRequired":true,"valueName":"search_term_string"}}],"inLanguage":"en-US"}]}},"_links":{"self":[{"href":"https:\/\/www.eltako.com\/en\/wp-json\/wp\/v2\/pages\/31773","targetHints":{"allow":["GET"]}}],"collection":[{"href":"https:\/\/www.eltako.com\/en\/wp-json\/wp\/v2\/pages"}],"about":[{"href":"https:\/\/www.eltako.com\/en\/wp-json\/wp\/v2\/types\/page"}],"author":[{"embeddable":true,"href":"https:\/\/www.eltako.com\/en\/wp-json\/wp\/v2\/users\/31"}],"replies":[{"embeddable":true,"href":"https:\/\/www.eltako.com\/en\/wp-json\/wp\/v2\/comments?post=31773"}],"version-history":[{"count":16,"href":"https:\/\/www.eltako.com\/en\/wp-json\/wp\/v2\/pages\/31773\/revisions"}],"predecessor-version":[{"id":148790,"href":"https:\/\/www.eltako.com\/en\/wp-json\/wp\/v2\/pages\/31773\/revisions\/148790"}],"wp:featuredmedia":[{"embeddable":true,"href":"https:\/\/www.eltako.com\/en\/wp-json\/wp\/v2\/media\/32354"}],"wp:attachment":[{"href":"https:\/\/www.eltako.com\/en\/wp-json\/wp\/v2\/media?parent=31773"}],"curies":[{"name":"wp","href":"https:\/\/api.w.org\/{rel}","templated":true}]}}