{"id":29200,"date":"2021-12-09T10:44:23","date_gmt":"2021-12-09T09:44:23","guid":{"rendered":"https:\/\/betax923lb8kd7v0.eltako.de\/service\/partner-allianzen\/dali\/"},"modified":"2024-07-01T11:32:33","modified_gmt":"2024-07-01T09:32:33","slug":"dali","status":"publish","type":"page","link":"https:\/\/www.eltako.com\/en\/company\/partner-allianzen\/dali\/","title":{"rendered":"DALI"},"content":{"rendered":"\n<h2 class=\"wp-block-heading\" id=\"wir-sind-dali-anbieter\"><strong><strong>FLEXIBLE LIGHT MANAGEMENT WITH DALI &#8211; <\/strong><br><strong>FULLY INTEGRATED INTO THE ELTAKO COSMOS<\/strong><\/strong><\/h2>\n\n\n\n<div style=\"height:50px\" aria-hidden=\"true\" class=\"wp-block-spacer\"><\/div>\n\n\n\n<figure class=\"wp-block-image size-large\"><img decoding=\"async\" width=\"1024\" height=\"747\" src=\"https:\/\/www.eltako.com\/wp-content\/uploads\/2024\/06\/eltako-website_dali2-schaubild-1024x747.jpg\" alt=\"\" class=\"wp-image-140082\" srcset=\"https:\/\/www.eltako.com\/wp-content\/uploads\/2024\/06\/eltako-website_dali2-schaubild-1024x747.jpg 1024w, https:\/\/www.eltako.com\/wp-content\/uploads\/2024\/06\/eltako-website_dali2-schaubild-300x219.jpg 300w, https:\/\/www.eltako.com\/wp-content\/uploads\/2024\/06\/eltako-website_dali2-schaubild-768x560.jpg 768w, https:\/\/www.eltako.com\/wp-content\/uploads\/2024\/06\/eltako-website_dali2-schaubild-1536x1121.jpg 1536w, https:\/\/www.eltako.com\/wp-content\/uploads\/2024\/06\/eltako-website_dali2-schaubild-600x438.jpg 600w, https:\/\/www.eltako.com\/wp-content\/uploads\/2024\/06\/eltako-website_dali2-schaubild.jpg 2048w\" sizes=\"(max-width: 1024px) 100vw, 1024px\" \/><\/figure>\n\n\n\n<div style=\"height:50px\" aria-hidden=\"true\" class=\"wp-block-spacer\"><\/div>\n\n\n\n<p class=\"has-medium-font-size\">DALI is a manufacturer-independent lighting installation system designed to make the installation, control and communication of individual luminaires and groups of luminaires as simple as possible. It can manage up to 64 addresses, 16 groups and 16 scenes and is therefore suitable for lighting equipment from apartments to large commercial properties. Thanks to this structure, DALI creates a basis for intelligent and flexible lighting management.<\/p>\n\n\n\n<p class=\"has-medium-font-size\">The new DALI-2-capable products are now also multimaster-capable! That means that several sensors, such as motion and brightness sensors or DALI push-button switches, can be operated on one DALI line. Another advantage is the direct connection to our series 14, as well as the processing of DALI-2 event messages, which facilitates intelligent automation and integration with EnOcean systems.<\/p>\n\n\n\n<a href=\"https:\/\/www.eltako.com\/en\/eltako-products\/categories\/38\/Das%20ELTAKO-DALI-Programm\/?search=\" target=\"_blank\" class=\"text-uppercase font-weight-bold btn text-white p-3 mt-1 mb-1 w-100\" style=\"background : #016db7; font-size:20px\" rel=\"noopener\">TO OUR DALI PROGRAM<\/a>\n\n\n\n<div style=\"height:50px\" aria-hidden=\"true\" class=\"wp-block-spacer\"><\/div>\n\n\n\n<figure class=\"wp-block-image size-large\"><img decoding=\"async\" width=\"1024\" height=\"341\" src=\"https:\/\/www.eltako.com\/wp-content\/uploads\/2022\/11\/Eltako_Website_Content-Bilder-Aktuelles_Dali-Programm_gb-1024x341.jpg\" alt=\"\" class=\"wp-image-121467\" srcset=\"https:\/\/www.eltako.com\/wp-content\/uploads\/2022\/11\/Eltako_Website_Content-Bilder-Aktuelles_Dali-Programm_gb-1024x341.jpg 1024w, https:\/\/www.eltako.com\/wp-content\/uploads\/2022\/11\/Eltako_Website_Content-Bilder-Aktuelles_Dali-Programm_gb-300x100.jpg 300w, https:\/\/www.eltako.com\/wp-content\/uploads\/2022\/11\/Eltako_Website_Content-Bilder-Aktuelles_Dali-Programm_gb-768x256.jpg 768w, https:\/\/www.eltako.com\/wp-content\/uploads\/2022\/11\/Eltako_Website_Content-Bilder-Aktuelles_Dali-Programm_gb-1536x512.jpg 1536w, https:\/\/www.eltako.com\/wp-content\/uploads\/2022\/11\/Eltako_Website_Content-Bilder-Aktuelles_Dali-Programm_gb-600x200.jpg 600w, https:\/\/www.eltako.com\/wp-content\/uploads\/2022\/11\/Eltako_Website_Content-Bilder-Aktuelles_Dali-Programm_gb.jpg 1920w\" sizes=\"(max-width: 1024px) 100vw, 1024px\" \/><\/figure>\n\n\n\n<div style=\"height:50px\" aria-hidden=\"true\" class=\"wp-block-spacer\"><\/div>\n\n\n\n<p class=\"has-medium-font-size\">Existing DALI installations can be expanded with our EnOcean DALI gateway to include wireless sensors and actuators.<\/p>\n\n\n\n<p class=\"has-medium-font-size\">Advantages of DALI:<\/p>\n\n\n\n<ul class=\"wp-block-list\">\n<li>Connection of all DALI devices is polarity independent<\/li>\n<\/ul>\n\n\n\n<ul class=\"wp-block-list\">\n<li>Simple cable routing, using a common 5-core sheathed cable, so 230v and Bus is combined.<\/li>\n<\/ul>\n\n\n\n<ul class=\"wp-block-list\">\n<li>Light scenes can be stored and called up on the DALI control unit <\/li>\n<\/ul>\n\n\n\n<ul class=\"wp-block-list\">\n<li>Rapid feedback and localisation of lamp failures<\/li>\n<\/ul>\n\n\n\n<ul class=\"wp-block-list\">\n<li>In the event of a change of use, the lamps can be easily regrouped without rewiring or changing the installation <\/li>\n<\/ul>\n\n\n\n<div style=\"height:50px\" aria-hidden=\"true\" class=\"wp-block-spacer\"><\/div>\n\n\n\n<figure class=\"wp-block-image size-large\"><img decoding=\"async\" src=\"https:\/\/www.eltako.de\/wp-content\/uploads\/2023\/05\/Bild-2-1024x683_GB.jpg\" alt=\"\" class=\"wp-image-35538\"\/><\/figure>\n","protected":false},"excerpt":{"rendered":"<p>FLEXIBLE LIGHT MANAGEMENT WITH DALI &#8211; FULLY INTEGRATED INTO THE ELTAKO COSMOS DALI is a manufacturer-independent lighting installation system designed to make the installation, control and communication of individual luminaires and groups of luminaires as simple as possible. It can manage up to 64 addresses, 16 groups and 16 scenes and is therefore suitable for [&hellip;]<\/p>\n","protected":false},"author":31,"featured_media":23297,"parent":25133,"menu_order":0,"comment_status":"closed","ping_status":"closed","template":"templates\/custom_header.php","meta":{"_acf_changed":false,"footnotes":"","_links_to":"","_links_to_target":""},"class_list":["post-29200","page","type-page","status-publish","has-post-thumbnail","hentry"],"acf":[],"yoast_head":"<!-- This site is optimized with the Yoast SEO plugin v27.2 - https:\/\/yoast.com\/product\/yoast-seo-wordpress\/ -->\n<title>DALI &#187; Eltako<\/title>\n<meta name=\"robots\" content=\"index, follow, max-snippet:-1, max-image-preview:large, max-video-preview:-1\" \/>\n<link rel=\"canonical\" href=\"https:\/\/www.eltako.com\/en\/company\/partner-allianzen\/dali\/\" \/>\n<meta property=\"og:locale\" content=\"en_US\" \/>\n<meta property=\"og:type\" content=\"article\" \/>\n<meta property=\"og:title\" content=\"DALI &#187; Eltako\" \/>\n<meta property=\"og:description\" content=\"FLEXIBLE LIGHT MANAGEMENT WITH DALI &#8211; FULLY INTEGRATED INTO THE ELTAKO COSMOS DALI is a manufacturer-independent lighting installation system designed to make the installation, control and communication of individual luminaires and groups of luminaires as simple as possible. It can manage up to 64 addresses, 16 groups and 16 scenes and is therefore suitable for [&hellip;]\" \/>\n<meta property=\"og:url\" content=\"https:\/\/www.eltako.com\/en\/company\/partner-allianzen\/dali\/\" \/>\n<meta property=\"og:site_name\" content=\"Eltako\" \/>\n<meta property=\"article:modified_time\" content=\"2024-07-01T09:32:33+00:00\" \/>\n<meta property=\"og:image\" content=\"https:\/\/www.eltako.com\/wp-content\/uploads\/2021\/09\/Bild-1-1-e1626779207216.jpg\" \/>\n\t<meta property=\"og:image:width\" content=\"1920\" \/>\n\t<meta property=\"og:image:height\" content=\"931\" \/>\n\t<meta property=\"og:image:type\" content=\"image\/jpeg\" \/>\n<meta name=\"twitter:card\" content=\"summary_large_image\" \/>\n<meta name=\"twitter:label1\" content=\"Est. reading time\" \/>\n\t<meta name=\"twitter:data1\" content=\"3 minutes\" \/>\n<script type=\"application\/ld+json\" class=\"yoast-schema-graph\">{\"@context\":\"https:\/\/schema.org\",\"@graph\":[{\"@type\":\"WebPage\",\"@id\":\"https:\/\/www.eltako.com\/en\/company\/partner-allianzen\/dali\/\",\"url\":\"https:\/\/www.eltako.com\/en\/company\/partner-allianzen\/dali\/\",\"name\":\"DALI &#187; Eltako\",\"isPartOf\":{\"@id\":\"https:\/\/www.eltako.com\/en\/#website\"},\"primaryImageOfPage\":{\"@id\":\"https:\/\/www.eltako.com\/en\/company\/partner-allianzen\/dali\/#primaryimage\"},\"image\":{\"@id\":\"https:\/\/www.eltako.com\/en\/company\/partner-allianzen\/dali\/#primaryimage\"},\"thumbnailUrl\":\"https:\/\/www.eltako.com\/wp-content\/uploads\/2021\/09\/Bild-1-1-e1626779207216.jpg\",\"datePublished\":\"2021-12-09T09:44:23+00:00\",\"dateModified\":\"2024-07-01T09:32:33+00:00\",\"breadcrumb\":{\"@id\":\"https:\/\/www.eltako.com\/en\/company\/partner-allianzen\/dali\/#breadcrumb\"},\"inLanguage\":\"en-US\",\"potentialAction\":[{\"@type\":\"ReadAction\",\"target\":[\"https:\/\/www.eltako.com\/en\/company\/partner-allianzen\/dali\/\"]}]},{\"@type\":\"ImageObject\",\"inLanguage\":\"en-US\",\"@id\":\"https:\/\/www.eltako.com\/en\/company\/partner-allianzen\/dali\/#primaryimage\",\"url\":\"https:\/\/www.eltako.com\/wp-content\/uploads\/2021\/09\/Bild-1-1-e1626779207216.jpg\",\"contentUrl\":\"https:\/\/www.eltako.com\/wp-content\/uploads\/2021\/09\/Bild-1-1-e1626779207216.jpg\",\"width\":1920,\"height\":931},{\"@type\":\"BreadcrumbList\",\"@id\":\"https:\/\/www.eltako.com\/en\/company\/partner-allianzen\/dali\/#breadcrumb\",\"itemListElement\":[{\"@type\":\"ListItem\",\"position\":1,\"name\":\"Home\",\"item\":\"https:\/\/www.eltako.com\/en\/\"},{\"@type\":\"ListItem\",\"position\":2,\"name\":\"Company\",\"item\":\"https:\/\/www.eltako.com\/en\/company\/\"},{\"@type\":\"ListItem\",\"position\":3,\"name\":\"Partners &amp; Alliances\",\"item\":\"https:\/\/www.eltako.com\/en\/company\/partner-allianzen\/\"},{\"@type\":\"ListItem\",\"position\":4,\"name\":\"DALI\"}]},{\"@type\":\"WebSite\",\"@id\":\"https:\/\/www.eltako.com\/en\/#website\",\"url\":\"https:\/\/www.eltako.com\/en\/\",\"name\":\"Eltako\",\"description\":\"Schaltger\u00e4te, Netzteile, Stromz\u00e4hler, Dimmer, Geb\u00e4udeinstallation, Steuerungstechnik, Smart Home-L\u00f6sungen, Geb\u00e4udefunk, EnOcean-Technologie\",\"potentialAction\":[{\"@type\":\"SearchAction\",\"target\":{\"@type\":\"EntryPoint\",\"urlTemplate\":\"https:\/\/www.eltako.com\/en\/?s={search_term_string}\"},\"query-input\":{\"@type\":\"PropertyValueSpecification\",\"valueRequired\":true,\"valueName\":\"search_term_string\"}}],\"inLanguage\":\"en-US\"}]}<\/script>\n<!-- \/ Yoast SEO plugin. -->","yoast_head_json":{"title":"DALI &#187; Eltako","robots":{"index":"index","follow":"follow","max-snippet":"max-snippet:-1","max-image-preview":"max-image-preview:large","max-video-preview":"max-video-preview:-1"},"canonical":"https:\/\/www.eltako.com\/en\/company\/partner-allianzen\/dali\/","og_locale":"en_US","og_type":"article","og_title":"DALI &#187; Eltako","og_description":"FLEXIBLE LIGHT MANAGEMENT WITH DALI &#8211; FULLY INTEGRATED INTO THE ELTAKO COSMOS DALI is a manufacturer-independent lighting installation system designed to make the installation, control and communication of individual luminaires and groups of luminaires as simple as possible. It can manage up to 64 addresses, 16 groups and 16 scenes and is therefore suitable for [&hellip;]","og_url":"https:\/\/www.eltako.com\/en\/company\/partner-allianzen\/dali\/","og_site_name":"Eltako","article_modified_time":"2024-07-01T09:32:33+00:00","og_image":[{"width":1920,"height":931,"url":"https:\/\/www.eltako.com\/wp-content\/uploads\/2021\/09\/Bild-1-1-e1626779207216.jpg","type":"image\/jpeg"}],"twitter_card":"summary_large_image","twitter_misc":{"Est. reading time":"3 minutes"},"schema":{"@context":"https:\/\/schema.org","@graph":[{"@type":"WebPage","@id":"https:\/\/www.eltako.com\/en\/company\/partner-allianzen\/dali\/","url":"https:\/\/www.eltako.com\/en\/company\/partner-allianzen\/dali\/","name":"DALI &#187; Eltako","isPartOf":{"@id":"https:\/\/www.eltako.com\/en\/#website"},"primaryImageOfPage":{"@id":"https:\/\/www.eltako.com\/en\/company\/partner-allianzen\/dali\/#primaryimage"},"image":{"@id":"https:\/\/www.eltako.com\/en\/company\/partner-allianzen\/dali\/#primaryimage"},"thumbnailUrl":"https:\/\/www.eltako.com\/wp-content\/uploads\/2021\/09\/Bild-1-1-e1626779207216.jpg","datePublished":"2021-12-09T09:44:23+00:00","dateModified":"2024-07-01T09:32:33+00:00","breadcrumb":{"@id":"https:\/\/www.eltako.com\/en\/company\/partner-allianzen\/dali\/#breadcrumb"},"inLanguage":"en-US","potentialAction":[{"@type":"ReadAction","target":["https:\/\/www.eltako.com\/en\/company\/partner-allianzen\/dali\/"]}]},{"@type":"ImageObject","inLanguage":"en-US","@id":"https:\/\/www.eltako.com\/en\/company\/partner-allianzen\/dali\/#primaryimage","url":"https:\/\/www.eltako.com\/wp-content\/uploads\/2021\/09\/Bild-1-1-e1626779207216.jpg","contentUrl":"https:\/\/www.eltako.com\/wp-content\/uploads\/2021\/09\/Bild-1-1-e1626779207216.jpg","width":1920,"height":931},{"@type":"BreadcrumbList","@id":"https:\/\/www.eltako.com\/en\/company\/partner-allianzen\/dali\/#breadcrumb","itemListElement":[{"@type":"ListItem","position":1,"name":"Home","item":"https:\/\/www.eltako.com\/en\/"},{"@type":"ListItem","position":2,"name":"Company","item":"https:\/\/www.eltako.com\/en\/company\/"},{"@type":"ListItem","position":3,"name":"Partners &amp; Alliances","item":"https:\/\/www.eltako.com\/en\/company\/partner-allianzen\/"},{"@type":"ListItem","position":4,"name":"DALI"}]},{"@type":"WebSite","@id":"https:\/\/www.eltako.com\/en\/#website","url":"https:\/\/www.eltako.com\/en\/","name":"Eltako","description":"Schaltger\u00e4te, Netzteile, Stromz\u00e4hler, Dimmer, Geb\u00e4udeinstallation, Steuerungstechnik, Smart Home-L\u00f6sungen, Geb\u00e4udefunk, EnOcean-Technologie","potentialAction":[{"@type":"SearchAction","target":{"@type":"EntryPoint","urlTemplate":"https:\/\/www.eltako.com\/en\/?s={search_term_string}"},"query-input":{"@type":"PropertyValueSpecification","valueRequired":true,"valueName":"search_term_string"}}],"inLanguage":"en-US"}]}},"_links":{"self":[{"href":"https:\/\/www.eltako.com\/en\/wp-json\/wp\/v2\/pages\/29200","targetHints":{"allow":["GET"]}}],"collection":[{"href":"https:\/\/www.eltako.com\/en\/wp-json\/wp\/v2\/pages"}],"about":[{"href":"https:\/\/www.eltako.com\/en\/wp-json\/wp\/v2\/types\/page"}],"author":[{"embeddable":true,"href":"https:\/\/www.eltako.com\/en\/wp-json\/wp\/v2\/users\/31"}],"replies":[{"embeddable":true,"href":"https:\/\/www.eltako.com\/en\/wp-json\/wp\/v2\/comments?post=29200"}],"version-history":[{"count":5,"href":"https:\/\/www.eltako.com\/en\/wp-json\/wp\/v2\/pages\/29200\/revisions"}],"predecessor-version":[{"id":141019,"href":"https:\/\/www.eltako.com\/en\/wp-json\/wp\/v2\/pages\/29200\/revisions\/141019"}],"up":[{"embeddable":true,"href":"https:\/\/www.eltako.com\/en\/wp-json\/wp\/v2\/pages\/25133"}],"wp:featuredmedia":[{"embeddable":true,"href":"https:\/\/www.eltako.com\/en\/wp-json\/wp\/v2\/media\/23297"}],"wp:attachment":[{"href":"https:\/\/www.eltako.com\/en\/wp-json\/wp\/v2\/media?parent=29200"}],"curies":[{"name":"wp","href":"https:\/\/api.w.org\/{rel}","templated":true}]}}