{"id":29192,"date":"2021-12-09T10:43:44","date_gmt":"2021-12-09T09:43:44","guid":{"rendered":"https:\/\/betax923lb8kd7v0.eltako.de\/service\/partner-allianzen\/friends-of-hue\/"},"modified":"2024-06-26T09:19:40","modified_gmt":"2024-06-26T07:19:40","slug":"friends-of-hue","status":"publish","type":"page","link":"https:\/\/www.eltako.com\/en\/company\/partner-allianzen\/friends-of-hue\/","title":{"rendered":"Friends of Hue"},"content":{"rendered":"\n<h2 class=\"wp-block-heading\">Friends of Hue<\/h2>\n\n\n\n<div style=\"height:50px\" aria-hidden=\"true\" class=\"wp-block-spacer\"><\/div>\n\n\n\n<figure class=\"wp-block-image size-large\"><img decoding=\"async\" width=\"1024\" height=\"577\" src=\"https:\/\/prod.wxccizj.de\/wp-content\/uploads\/2021\/09\/foh-1-1024x577.jpg\" alt=\"\" class=\"wp-image-23432\" srcset=\"https:\/\/www.eltako.com\/wp-content\/uploads\/2021\/09\/foh-1-1024x577.jpg 1024w, https:\/\/www.eltako.com\/wp-content\/uploads\/2021\/09\/foh-1-300x169.jpg 300w, https:\/\/www.eltako.com\/wp-content\/uploads\/2021\/09\/foh-1-768x433.jpg 768w, https:\/\/www.eltako.com\/wp-content\/uploads\/2021\/09\/foh-1-600x338.jpg 600w, https:\/\/www.eltako.com\/wp-content\/uploads\/2021\/09\/foh-1.jpg 1500w\" sizes=\"(max-width: 1024px) 100vw, 1024px\" \/><\/figure>\n\n\n\n<div style=\"height:50px\" aria-hidden=\"true\" class=\"wp-block-spacer\"><\/div>\n\n\n\n<p class=\"has-medium-font-size\">The Philips &#8220;Friends of Hue&#8221; program offers customers the ability to create their own lighting scenes and change both brightness and colour at will. Their lamps are suitable for any room and for all type of lighting. Their simple, yet chic design and myriad color options allow them to fit in with any interior design and add that personal touch.<\/p>\n\n\n\n<p class=\"has-medium-font-size\">They allow the user to control them directly via buttons or by touch through the smartphone and by voice. Eltako offer push buttons especially designed for the &#8220;Friends of Hue&#8221;. They can switch the lights on and off , dim them or call up personalized light scenes. <\/p>\n\n\n\n<div style=\"height:70px\" aria-hidden=\"true\" class=\"wp-block-spacer\"><\/div>\n\n\n\n<h3 class=\"wp-block-heading\"><strong>OUR COMPATIBLE PRODUCTS<\/strong><\/h3>\n\n\n\n<div style=\"height:30px\" aria-hidden=\"true\" class=\"wp-block-spacer\"><\/div>\n\n\n","protected":false},"excerpt":{"rendered":"<p>Friends of Hue The Philips &#8220;Friends of Hue&#8221; program offers customers the ability to create their own lighting scenes and change both brightness and colour at will. Their lamps are suitable for any room and for all type of lighting. Their simple, yet chic design and myriad color options allow them to fit in with [&hellip;]<\/p>\n","protected":false},"author":31,"featured_media":23289,"parent":25133,"menu_order":2,"comment_status":"closed","ping_status":"closed","template":"templates\/custom_header.php","meta":{"_acf_changed":false,"footnotes":"","_links_to":"","_links_to_target":""},"class_list":["post-29192","page","type-page","status-publish","has-post-thumbnail","hentry"],"acf":[],"yoast_head":"<!-- This site is optimized with the Yoast SEO plugin v27.2 - https:\/\/yoast.com\/product\/yoast-seo-wordpress\/ -->\n<title>Friends of Hue &#187; Eltako<\/title>\n<meta name=\"robots\" content=\"index, follow, max-snippet:-1, max-image-preview:large, max-video-preview:-1\" \/>\n<link rel=\"canonical\" href=\"https:\/\/www.eltako.com\/en\/company\/partner-allianzen\/friends-of-hue\/\" \/>\n<meta property=\"og:locale\" content=\"en_US\" \/>\n<meta property=\"og:type\" content=\"article\" \/>\n<meta property=\"og:title\" content=\"Friends of Hue &#187; Eltako\" \/>\n<meta property=\"og:description\" content=\"Friends of Hue The Philips &#8220;Friends of Hue&#8221; program offers customers the ability to create their own lighting scenes and change both brightness and colour at will. Their lamps are suitable for any room and for all type of lighting. Their simple, yet chic design and myriad color options allow them to fit in with [&hellip;]\" \/>\n<meta property=\"og:url\" content=\"https:\/\/www.eltako.com\/en\/company\/partner-allianzen\/friends-of-hue\/\" \/>\n<meta property=\"og:site_name\" content=\"Eltako\" \/>\n<meta property=\"article:modified_time\" content=\"2024-06-26T07:19:40+00:00\" \/>\n<meta property=\"og:image\" content=\"https:\/\/www.eltako.com\/wp-content\/uploads\/2021\/09\/AdobeStock_314574426.jpeg\" \/>\n\t<meta property=\"og:image:width\" content=\"1920\" \/>\n\t<meta property=\"og:image:height\" content=\"1536\" \/>\n\t<meta property=\"og:image:type\" content=\"image\/jpeg\" \/>\n<meta name=\"twitter:card\" content=\"summary_large_image\" \/>\n<meta name=\"twitter:label1\" content=\"Est. reading time\" \/>\n\t<meta name=\"twitter:data1\" content=\"2 minutes\" \/>\n<script type=\"application\/ld+json\" class=\"yoast-schema-graph\">{\"@context\":\"https:\/\/schema.org\",\"@graph\":[{\"@type\":\"WebPage\",\"@id\":\"https:\/\/www.eltako.com\/en\/company\/partner-allianzen\/friends-of-hue\/\",\"url\":\"https:\/\/www.eltako.com\/en\/company\/partner-allianzen\/friends-of-hue\/\",\"name\":\"Friends of Hue &#187; Eltako\",\"isPartOf\":{\"@id\":\"https:\/\/www.eltako.com\/en\/#website\"},\"primaryImageOfPage\":{\"@id\":\"https:\/\/www.eltako.com\/en\/company\/partner-allianzen\/friends-of-hue\/#primaryimage\"},\"image\":{\"@id\":\"https:\/\/www.eltako.com\/en\/company\/partner-allianzen\/friends-of-hue\/#primaryimage\"},\"thumbnailUrl\":\"https:\/\/www.eltako.com\/wp-content\/uploads\/2021\/09\/AdobeStock_314574426.jpeg\",\"datePublished\":\"2021-12-09T09:43:44+00:00\",\"dateModified\":\"2024-06-26T07:19:40+00:00\",\"breadcrumb\":{\"@id\":\"https:\/\/www.eltako.com\/en\/company\/partner-allianzen\/friends-of-hue\/#breadcrumb\"},\"inLanguage\":\"en-US\",\"potentialAction\":[{\"@type\":\"ReadAction\",\"target\":[\"https:\/\/www.eltako.com\/en\/company\/partner-allianzen\/friends-of-hue\/\"]}]},{\"@type\":\"ImageObject\",\"inLanguage\":\"en-US\",\"@id\":\"https:\/\/www.eltako.com\/en\/company\/partner-allianzen\/friends-of-hue\/#primaryimage\",\"url\":\"https:\/\/www.eltako.com\/wp-content\/uploads\/2021\/09\/AdobeStock_314574426.jpeg\",\"contentUrl\":\"https:\/\/www.eltako.com\/wp-content\/uploads\/2021\/09\/AdobeStock_314574426.jpeg\",\"width\":1920,\"height\":1536},{\"@type\":\"BreadcrumbList\",\"@id\":\"https:\/\/www.eltako.com\/en\/company\/partner-allianzen\/friends-of-hue\/#breadcrumb\",\"itemListElement\":[{\"@type\":\"ListItem\",\"position\":1,\"name\":\"Home\",\"item\":\"https:\/\/www.eltako.com\/en\/\"},{\"@type\":\"ListItem\",\"position\":2,\"name\":\"Company\",\"item\":\"https:\/\/www.eltako.com\/en\/company\/\"},{\"@type\":\"ListItem\",\"position\":3,\"name\":\"Partners &amp; Alliances\",\"item\":\"https:\/\/www.eltako.com\/en\/company\/partner-allianzen\/\"},{\"@type\":\"ListItem\",\"position\":4,\"name\":\"Friends of Hue\"}]},{\"@type\":\"WebSite\",\"@id\":\"https:\/\/www.eltako.com\/en\/#website\",\"url\":\"https:\/\/www.eltako.com\/en\/\",\"name\":\"Eltako\",\"description\":\"Schaltger\u00e4te, Netzteile, Stromz\u00e4hler, Dimmer, Geb\u00e4udeinstallation, Steuerungstechnik, Smart Home-L\u00f6sungen, Geb\u00e4udefunk, EnOcean-Technologie\",\"potentialAction\":[{\"@type\":\"SearchAction\",\"target\":{\"@type\":\"EntryPoint\",\"urlTemplate\":\"https:\/\/www.eltako.com\/en\/?s={search_term_string}\"},\"query-input\":{\"@type\":\"PropertyValueSpecification\",\"valueRequired\":true,\"valueName\":\"search_term_string\"}}],\"inLanguage\":\"en-US\"}]}<\/script>\n<!-- \/ Yoast SEO plugin. -->","yoast_head_json":{"title":"Friends of Hue &#187; Eltako","robots":{"index":"index","follow":"follow","max-snippet":"max-snippet:-1","max-image-preview":"max-image-preview:large","max-video-preview":"max-video-preview:-1"},"canonical":"https:\/\/www.eltako.com\/en\/company\/partner-allianzen\/friends-of-hue\/","og_locale":"en_US","og_type":"article","og_title":"Friends of Hue &#187; Eltako","og_description":"Friends of Hue The Philips &#8220;Friends of Hue&#8221; program offers customers the ability to create their own lighting scenes and change both brightness and colour at will. Their lamps are suitable for any room and for all type of lighting. Their simple, yet chic design and myriad color options allow them to fit in with [&hellip;]","og_url":"https:\/\/www.eltako.com\/en\/company\/partner-allianzen\/friends-of-hue\/","og_site_name":"Eltako","article_modified_time":"2024-06-26T07:19:40+00:00","og_image":[{"width":1920,"height":1536,"url":"https:\/\/www.eltako.com\/wp-content\/uploads\/2021\/09\/AdobeStock_314574426.jpeg","type":"image\/jpeg"}],"twitter_card":"summary_large_image","twitter_misc":{"Est. reading time":"2 minutes"},"schema":{"@context":"https:\/\/schema.org","@graph":[{"@type":"WebPage","@id":"https:\/\/www.eltako.com\/en\/company\/partner-allianzen\/friends-of-hue\/","url":"https:\/\/www.eltako.com\/en\/company\/partner-allianzen\/friends-of-hue\/","name":"Friends of Hue &#187; Eltako","isPartOf":{"@id":"https:\/\/www.eltako.com\/en\/#website"},"primaryImageOfPage":{"@id":"https:\/\/www.eltako.com\/en\/company\/partner-allianzen\/friends-of-hue\/#primaryimage"},"image":{"@id":"https:\/\/www.eltako.com\/en\/company\/partner-allianzen\/friends-of-hue\/#primaryimage"},"thumbnailUrl":"https:\/\/www.eltako.com\/wp-content\/uploads\/2021\/09\/AdobeStock_314574426.jpeg","datePublished":"2021-12-09T09:43:44+00:00","dateModified":"2024-06-26T07:19:40+00:00","breadcrumb":{"@id":"https:\/\/www.eltako.com\/en\/company\/partner-allianzen\/friends-of-hue\/#breadcrumb"},"inLanguage":"en-US","potentialAction":[{"@type":"ReadAction","target":["https:\/\/www.eltako.com\/en\/company\/partner-allianzen\/friends-of-hue\/"]}]},{"@type":"ImageObject","inLanguage":"en-US","@id":"https:\/\/www.eltako.com\/en\/company\/partner-allianzen\/friends-of-hue\/#primaryimage","url":"https:\/\/www.eltako.com\/wp-content\/uploads\/2021\/09\/AdobeStock_314574426.jpeg","contentUrl":"https:\/\/www.eltako.com\/wp-content\/uploads\/2021\/09\/AdobeStock_314574426.jpeg","width":1920,"height":1536},{"@type":"BreadcrumbList","@id":"https:\/\/www.eltako.com\/en\/company\/partner-allianzen\/friends-of-hue\/#breadcrumb","itemListElement":[{"@type":"ListItem","position":1,"name":"Home","item":"https:\/\/www.eltako.com\/en\/"},{"@type":"ListItem","position":2,"name":"Company","item":"https:\/\/www.eltako.com\/en\/company\/"},{"@type":"ListItem","position":3,"name":"Partners &amp; Alliances","item":"https:\/\/www.eltako.com\/en\/company\/partner-allianzen\/"},{"@type":"ListItem","position":4,"name":"Friends of Hue"}]},{"@type":"WebSite","@id":"https:\/\/www.eltako.com\/en\/#website","url":"https:\/\/www.eltako.com\/en\/","name":"Eltako","description":"Schaltger\u00e4te, Netzteile, Stromz\u00e4hler, Dimmer, Geb\u00e4udeinstallation, Steuerungstechnik, Smart Home-L\u00f6sungen, Geb\u00e4udefunk, EnOcean-Technologie","potentialAction":[{"@type":"SearchAction","target":{"@type":"EntryPoint","urlTemplate":"https:\/\/www.eltako.com\/en\/?s={search_term_string}"},"query-input":{"@type":"PropertyValueSpecification","valueRequired":true,"valueName":"search_term_string"}}],"inLanguage":"en-US"}]}},"_links":{"self":[{"href":"https:\/\/www.eltako.com\/en\/wp-json\/wp\/v2\/pages\/29192","targetHints":{"allow":["GET"]}}],"collection":[{"href":"https:\/\/www.eltako.com\/en\/wp-json\/wp\/v2\/pages"}],"about":[{"href":"https:\/\/www.eltako.com\/en\/wp-json\/wp\/v2\/types\/page"}],"author":[{"embeddable":true,"href":"https:\/\/www.eltako.com\/en\/wp-json\/wp\/v2\/users\/31"}],"replies":[{"embeddable":true,"href":"https:\/\/www.eltako.com\/en\/wp-json\/wp\/v2\/comments?post=29192"}],"version-history":[{"count":3,"href":"https:\/\/www.eltako.com\/en\/wp-json\/wp\/v2\/pages\/29192\/revisions"}],"predecessor-version":[{"id":140828,"href":"https:\/\/www.eltako.com\/en\/wp-json\/wp\/v2\/pages\/29192\/revisions\/140828"}],"up":[{"embeddable":true,"href":"https:\/\/www.eltako.com\/en\/wp-json\/wp\/v2\/pages\/25133"}],"wp:featuredmedia":[{"embeddable":true,"href":"https:\/\/www.eltako.com\/en\/wp-json\/wp\/v2\/media\/23289"}],"wp:attachment":[{"href":"https:\/\/www.eltako.com\/en\/wp-json\/wp\/v2\/media?parent=29192"}],"curies":[{"name":"wp","href":"https:\/\/api.w.org\/{rel}","templated":true}]}}