{"id":29188,"date":"2021-12-09T10:43:11","date_gmt":"2021-12-09T09:43:11","guid":{"rendered":"https:\/\/betax923lb8kd7v0.eltako.de\/service\/partner-allianzen\/mediola\/"},"modified":"2022-05-26T11:30:06","modified_gmt":"2022-05-26T09:30:06","slug":"mediola","status":"publish","type":"page","link":"https:\/\/www.eltako.com\/en\/company\/partner-allianzen\/mediola\/","title":{"rendered":"Mediola"},"content":{"rendered":"\n<div style=\"height:40px\" aria-hidden=\"true\" class=\"wp-block-spacer\"><\/div>\n\n<p class=\"has-medium-font-size\">The cooperation between Eltako and mediola\u00ae combines the strengths of both companies and thus gets the best out of their respective expertise. This saves resources on both sides, resulting in the optimum product at the optimum price for our customers.<\/p>\n\n<div style=\"height:40px\" aria-hidden=\"true\" class=\"wp-block-spacer\"><\/div>\n\n<figure class=\"wp-block-image size-large\"><img decoding=\"async\" width=\"1024\" height=\"455\" src=\"https:\/\/betax923lb8kd7v0.eltako.de\/wp-content\/uploads\/2021\/09\/Bild-2-1024x455.png\" alt=\"\" class=\"wp-image-23391\" srcset=\"https:\/\/www.eltako.com\/wp-content\/uploads\/2021\/09\/Bild-2-1024x455.png 1024w, https:\/\/www.eltako.com\/wp-content\/uploads\/2021\/09\/Bild-2-300x133.png 300w, https:\/\/www.eltako.com\/wp-content\/uploads\/2021\/09\/Bild-2-768x341.png 768w, https:\/\/www.eltako.com\/wp-content\/uploads\/2021\/09\/Bild-2-1536x683.png 1536w, https:\/\/www.eltako.com\/wp-content\/uploads\/2021\/09\/Bild-2-600x267.png 600w, https:\/\/www.eltako.com\/wp-content\/uploads\/2021\/09\/Bild-2.png 1800w\" sizes=\"(max-width: 1024px) 100vw, 1024px\" \/><\/figure>\n\n<div style=\"height:40px\" aria-hidden=\"true\" class=\"wp-block-spacer\"><\/div>\n\n<h3 class=\"wp-block-heading\" id=\"wer-ist-mediola\"><strong>Who are mediola\u00ae?<\/strong><\/h3>\n\n<p class=\"has-medium-font-size\">mediola\u00ae manufactures IoT solutions and smart home controllers that enable customers to use them across brands and industries. With their solution, different devices, from many different manufacturers can be combined within one installation and complement each other. This saves time, money and the customer remains independent in the selection of manufacturers. The company was founded in 2007 in Frankfurt and currently has 2 different apps on the market: The IQONTROL NEO app is prefabricated, intuitive and easy to use, whereas the AIO CREATOR NEO app is suitable for more professional use and offers flexible adjustments up to a completely individual user interface.<\/p>\n\n<div style=\"height:40px\" aria-hidden=\"true\" class=\"wp-block-spacer\"><\/div>\n\n<figure class=\"wp-block-image size-large\"><img decoding=\"async\" width=\"1024\" height=\"455\" src=\"https:\/\/betax923lb8kd7v0.eltako.de\/wp-content\/uploads\/2021\/09\/Bild-3-1024x455.png\" alt=\"\" class=\"wp-image-23405\" srcset=\"https:\/\/www.eltako.com\/wp-content\/uploads\/2021\/09\/Bild-3-1024x455.png 1024w, https:\/\/www.eltako.com\/wp-content\/uploads\/2021\/09\/Bild-3-300x133.png 300w, https:\/\/www.eltako.com\/wp-content\/uploads\/2021\/09\/Bild-3-768x341.png 768w, https:\/\/www.eltako.com\/wp-content\/uploads\/2021\/09\/Bild-3-1536x683.png 1536w, https:\/\/www.eltako.com\/wp-content\/uploads\/2021\/09\/Bild-3-600x267.png 600w, https:\/\/www.eltako.com\/wp-content\/uploads\/2021\/09\/Bild-3.png 1800w\" sizes=\"(max-width: 1024px) 100vw, 1024px\" \/><\/figure>\n\n<div style=\"height:40px\" aria-hidden=\"true\" class=\"wp-block-spacer\"><\/div>\n\n<h3 class=\"wp-block-heading\" id=\"eltako-und-mediola\"><strong>Eltako and mediola\u00ae<\/strong><\/h3>\n\n<p class=\"has-medium-font-size\">Our expertise as a building control specialist and mediola&#8217;s cross-manufacturer smart home solutions enable us to link our products with those of other manufacturers and industries and offer customers a wide range of possible applications.<\/p>\n\n<p class=\"has-medium-font-size\">This creates an all-in-one smart home system, with which every home can be intelligently controlled and automated.<\/p>\n\n<p class=\"has-medium-font-size\">The new MiniSafe2, in combination with the new GFA5 app is the first result of this collaboration. An ideal smart home controller for the Eltako product world and an intuitive app for operation. Without much special knowledge you can turn any home into a smart home!<\/p>\n\n<div style=\"height:40px\" aria-hidden=\"true\" class=\"wp-block-spacer\"><\/div>\n\n<figure class=\"wp-block-image size-large\"><img decoding=\"async\" width=\"1024\" height=\"455\" src=\"https:\/\/betax923lb8kd7v0.eltako.de\/wp-content\/uploads\/2021\/09\/Bild-5-1024x455.png\" alt=\"\" class=\"wp-image-23414\" srcset=\"https:\/\/www.eltako.com\/wp-content\/uploads\/2021\/09\/Bild-5-1024x455.png 1024w, https:\/\/www.eltako.com\/wp-content\/uploads\/2021\/09\/Bild-5-300x133.png 300w, https:\/\/www.eltako.com\/wp-content\/uploads\/2021\/09\/Bild-5-768x341.png 768w, https:\/\/www.eltako.com\/wp-content\/uploads\/2021\/09\/Bild-5-1536x683.png 1536w, https:\/\/www.eltako.com\/wp-content\/uploads\/2021\/09\/Bild-5-600x267.png 600w, https:\/\/www.eltako.com\/wp-content\/uploads\/2021\/09\/Bild-5.png 1800w\" sizes=\"(max-width: 1024px) 100vw, 1024px\" \/><\/figure>\n\n<div style=\"height:40px\" aria-hidden=\"true\" class=\"wp-block-spacer\"><\/div>\n\n<h3 class=\"wp-block-heading\" id=\"social-media-prasenz-und-neue-informationen\"><strong>Social media presence and new information:<\/strong><\/h3>\n\n<p class=\"has-medium-font-size\">On Instagram, Facebook, YouTube &amp; Co. there are regular updates on various topics and thus also always something new about our collaboration with mediola\u00ae.<\/p>\n\n<p class=\"has-medium-font-size\">This link will take you to our <a href=\"#newsletter-modal\" data-toggle=\"modal\" data-target=\"#newsletter-modal\">\n \n \n <span>Newsletter<\/span>\n \n<\/a> where you can learn more about the cooperation:<\/p>\n\n<p class=\"has-medium-font-size\">If you would like to learn more about mediola\u00ae:<\/p>\n\n<p class=\"has-medium-font-size\"><a href=\"https:\/\/www.mediola.com\">https:\/\/www.mediola.com <\/a><\/p>\n\n<p class=\"has-medium-font-size\"><a href=\"https:\/\/www.mediola.com\/eltako-mit-mediola-steuern\">https:\/\/www.mediola.com\/eltako-mit-mediola-steuern<\/a><\/p>\n\n<p class=\"has-medium-font-size\">Follow us on <a href=\"https:\/\/www.instagram.com\/eltako_official\/?hl=en\">Instagram<\/a> and <a href=\"https:\/\/www.facebook.com\/eltakoofficial\/\">Facebook<\/a> and don&#8217;t miss a post!<\/p>\n","protected":false},"excerpt":{"rendered":"<p>The cooperation between Eltako and mediola\u00ae combines the strengths of both companies and thus gets the best out of their respective expertise. This saves resources on both sides, resulting in the optimum product at the optimum price for our customers. Who are mediola\u00ae? mediola\u00ae manufactures IoT solutions and smart home controllers that enable customers to [&hellip;]<\/p>\n","protected":false},"author":31,"featured_media":23382,"parent":25133,"menu_order":5,"comment_status":"closed","ping_status":"closed","template":"templates\/custom_header.php","meta":{"_acf_changed":false,"footnotes":"","_links_to":"","_links_to_target":""},"class_list":["post-29188","page","type-page","status-publish","has-post-thumbnail","hentry"],"acf":[],"yoast_head":"<!-- This site is optimized with the Yoast SEO plugin v27.2 - https:\/\/yoast.com\/product\/yoast-seo-wordpress\/ -->\n<title>Mediola &#187; Eltako<\/title>\n<meta name=\"robots\" content=\"index, follow, max-snippet:-1, max-image-preview:large, max-video-preview:-1\" \/>\n<link rel=\"canonical\" href=\"https:\/\/www.eltako.com\/en\/company\/partner-allianzen\/mediola\/\" \/>\n<meta property=\"og:locale\" content=\"en_US\" \/>\n<meta property=\"og:type\" content=\"article\" \/>\n<meta property=\"og:title\" content=\"Mediola &#187; Eltako\" \/>\n<meta property=\"og:description\" content=\"The cooperation between Eltako and mediola\u00ae combines the strengths of both companies and thus gets the best out of their respective expertise. This saves resources on both sides, resulting in the optimum product at the optimum price for our customers. Who are mediola\u00ae? mediola\u00ae manufactures IoT solutions and smart home controllers that enable customers to [&hellip;]\" \/>\n<meta property=\"og:url\" content=\"https:\/\/www.eltako.com\/en\/company\/partner-allianzen\/mediola\/\" \/>\n<meta property=\"og:site_name\" content=\"Eltako\" \/>\n<meta property=\"article:modified_time\" content=\"2022-05-26T09:30:06+00:00\" \/>\n<meta property=\"og:image\" content=\"https:\/\/www.eltako.com\/wp-content\/uploads\/2021\/09\/mediola.jpg\" \/>\n\t<meta property=\"og:image:width\" content=\"1366\" \/>\n\t<meta property=\"og:image:height\" content=\"752\" \/>\n\t<meta property=\"og:image:type\" content=\"image\/jpeg\" \/>\n<meta name=\"twitter:card\" content=\"summary_large_image\" \/>\n<meta name=\"twitter:label1\" content=\"Est. reading time\" \/>\n\t<meta name=\"twitter:data1\" content=\"2 minutes\" \/>\n<script type=\"application\/ld+json\" class=\"yoast-schema-graph\">{\"@context\":\"https:\/\/schema.org\",\"@graph\":[{\"@type\":\"WebPage\",\"@id\":\"https:\/\/www.eltako.com\/en\/company\/partner-allianzen\/mediola\/\",\"url\":\"https:\/\/www.eltako.com\/en\/company\/partner-allianzen\/mediola\/\",\"name\":\"Mediola &#187; Eltako\",\"isPartOf\":{\"@id\":\"https:\/\/www.eltako.com\/en\/#website\"},\"primaryImageOfPage\":{\"@id\":\"https:\/\/www.eltako.com\/en\/company\/partner-allianzen\/mediola\/#primaryimage\"},\"image\":{\"@id\":\"https:\/\/www.eltako.com\/en\/company\/partner-allianzen\/mediola\/#primaryimage\"},\"thumbnailUrl\":\"https:\/\/www.eltako.com\/wp-content\/uploads\/2021\/09\/mediola.jpg\",\"datePublished\":\"2021-12-09T09:43:11+00:00\",\"dateModified\":\"2022-05-26T09:30:06+00:00\",\"breadcrumb\":{\"@id\":\"https:\/\/www.eltako.com\/en\/company\/partner-allianzen\/mediola\/#breadcrumb\"},\"inLanguage\":\"en-US\",\"potentialAction\":[{\"@type\":\"ReadAction\",\"target\":[\"https:\/\/www.eltako.com\/en\/company\/partner-allianzen\/mediola\/\"]}]},{\"@type\":\"ImageObject\",\"inLanguage\":\"en-US\",\"@id\":\"https:\/\/www.eltako.com\/en\/company\/partner-allianzen\/mediola\/#primaryimage\",\"url\":\"https:\/\/www.eltako.com\/wp-content\/uploads\/2021\/09\/mediola.jpg\",\"contentUrl\":\"https:\/\/www.eltako.com\/wp-content\/uploads\/2021\/09\/mediola.jpg\",\"width\":1366,\"height\":752},{\"@type\":\"BreadcrumbList\",\"@id\":\"https:\/\/www.eltako.com\/en\/company\/partner-allianzen\/mediola\/#breadcrumb\",\"itemListElement\":[{\"@type\":\"ListItem\",\"position\":1,\"name\":\"Home\",\"item\":\"https:\/\/www.eltako.com\/en\/\"},{\"@type\":\"ListItem\",\"position\":2,\"name\":\"Company\",\"item\":\"https:\/\/www.eltako.com\/en\/company\/\"},{\"@type\":\"ListItem\",\"position\":3,\"name\":\"Partners &amp; Alliances\",\"item\":\"https:\/\/www.eltako.com\/en\/company\/partner-allianzen\/\"},{\"@type\":\"ListItem\",\"position\":4,\"name\":\"Mediola\"}]},{\"@type\":\"WebSite\",\"@id\":\"https:\/\/www.eltako.com\/en\/#website\",\"url\":\"https:\/\/www.eltako.com\/en\/\",\"name\":\"Eltako\",\"description\":\"Schaltger\u00e4te, Netzteile, Stromz\u00e4hler, Dimmer, Geb\u00e4udeinstallation, Steuerungstechnik, Smart Home-L\u00f6sungen, Geb\u00e4udefunk, EnOcean-Technologie\",\"potentialAction\":[{\"@type\":\"SearchAction\",\"target\":{\"@type\":\"EntryPoint\",\"urlTemplate\":\"https:\/\/www.eltako.com\/en\/?s={search_term_string}\"},\"query-input\":{\"@type\":\"PropertyValueSpecification\",\"valueRequired\":true,\"valueName\":\"search_term_string\"}}],\"inLanguage\":\"en-US\"}]}<\/script>\n<!-- \/ Yoast SEO plugin. -->","yoast_head_json":{"title":"Mediola &#187; Eltako","robots":{"index":"index","follow":"follow","max-snippet":"max-snippet:-1","max-image-preview":"max-image-preview:large","max-video-preview":"max-video-preview:-1"},"canonical":"https:\/\/www.eltako.com\/en\/company\/partner-allianzen\/mediola\/","og_locale":"en_US","og_type":"article","og_title":"Mediola &#187; Eltako","og_description":"The cooperation between Eltako and mediola\u00ae combines the strengths of both companies and thus gets the best out of their respective expertise. This saves resources on both sides, resulting in the optimum product at the optimum price for our customers. Who are mediola\u00ae? mediola\u00ae manufactures IoT solutions and smart home controllers that enable customers to [&hellip;]","og_url":"https:\/\/www.eltako.com\/en\/company\/partner-allianzen\/mediola\/","og_site_name":"Eltako","article_modified_time":"2022-05-26T09:30:06+00:00","og_image":[{"width":1366,"height":752,"url":"https:\/\/www.eltako.com\/wp-content\/uploads\/2021\/09\/mediola.jpg","type":"image\/jpeg"}],"twitter_card":"summary_large_image","twitter_misc":{"Est. reading time":"2 minutes"},"schema":{"@context":"https:\/\/schema.org","@graph":[{"@type":"WebPage","@id":"https:\/\/www.eltako.com\/en\/company\/partner-allianzen\/mediola\/","url":"https:\/\/www.eltako.com\/en\/company\/partner-allianzen\/mediola\/","name":"Mediola &#187; Eltako","isPartOf":{"@id":"https:\/\/www.eltako.com\/en\/#website"},"primaryImageOfPage":{"@id":"https:\/\/www.eltako.com\/en\/company\/partner-allianzen\/mediola\/#primaryimage"},"image":{"@id":"https:\/\/www.eltako.com\/en\/company\/partner-allianzen\/mediola\/#primaryimage"},"thumbnailUrl":"https:\/\/www.eltako.com\/wp-content\/uploads\/2021\/09\/mediola.jpg","datePublished":"2021-12-09T09:43:11+00:00","dateModified":"2022-05-26T09:30:06+00:00","breadcrumb":{"@id":"https:\/\/www.eltako.com\/en\/company\/partner-allianzen\/mediola\/#breadcrumb"},"inLanguage":"en-US","potentialAction":[{"@type":"ReadAction","target":["https:\/\/www.eltako.com\/en\/company\/partner-allianzen\/mediola\/"]}]},{"@type":"ImageObject","inLanguage":"en-US","@id":"https:\/\/www.eltako.com\/en\/company\/partner-allianzen\/mediola\/#primaryimage","url":"https:\/\/www.eltako.com\/wp-content\/uploads\/2021\/09\/mediola.jpg","contentUrl":"https:\/\/www.eltako.com\/wp-content\/uploads\/2021\/09\/mediola.jpg","width":1366,"height":752},{"@type":"BreadcrumbList","@id":"https:\/\/www.eltako.com\/en\/company\/partner-allianzen\/mediola\/#breadcrumb","itemListElement":[{"@type":"ListItem","position":1,"name":"Home","item":"https:\/\/www.eltako.com\/en\/"},{"@type":"ListItem","position":2,"name":"Company","item":"https:\/\/www.eltako.com\/en\/company\/"},{"@type":"ListItem","position":3,"name":"Partners &amp; Alliances","item":"https:\/\/www.eltako.com\/en\/company\/partner-allianzen\/"},{"@type":"ListItem","position":4,"name":"Mediola"}]},{"@type":"WebSite","@id":"https:\/\/www.eltako.com\/en\/#website","url":"https:\/\/www.eltako.com\/en\/","name":"Eltako","description":"Schaltger\u00e4te, Netzteile, Stromz\u00e4hler, Dimmer, Geb\u00e4udeinstallation, Steuerungstechnik, Smart Home-L\u00f6sungen, Geb\u00e4udefunk, EnOcean-Technologie","potentialAction":[{"@type":"SearchAction","target":{"@type":"EntryPoint","urlTemplate":"https:\/\/www.eltako.com\/en\/?s={search_term_string}"},"query-input":{"@type":"PropertyValueSpecification","valueRequired":true,"valueName":"search_term_string"}}],"inLanguage":"en-US"}]}},"_links":{"self":[{"href":"https:\/\/www.eltako.com\/en\/wp-json\/wp\/v2\/pages\/29188","targetHints":{"allow":["GET"]}}],"collection":[{"href":"https:\/\/www.eltako.com\/en\/wp-json\/wp\/v2\/pages"}],"about":[{"href":"https:\/\/www.eltako.com\/en\/wp-json\/wp\/v2\/types\/page"}],"author":[{"embeddable":true,"href":"https:\/\/www.eltako.com\/en\/wp-json\/wp\/v2\/users\/31"}],"replies":[{"embeddable":true,"href":"https:\/\/www.eltako.com\/en\/wp-json\/wp\/v2\/comments?post=29188"}],"version-history":[{"count":0,"href":"https:\/\/www.eltako.com\/en\/wp-json\/wp\/v2\/pages\/29188\/revisions"}],"up":[{"embeddable":true,"href":"https:\/\/www.eltako.com\/en\/wp-json\/wp\/v2\/pages\/25133"}],"wp:featuredmedia":[{"embeddable":true,"href":"https:\/\/www.eltako.com\/en\/wp-json\/wp\/v2\/media\/23382"}],"wp:attachment":[{"href":"https:\/\/www.eltako.com\/en\/wp-json\/wp\/v2\/media?parent=29188"}],"curies":[{"name":"wp","href":"https:\/\/api.w.org\/{rel}","templated":true}]}}