{"id":29176,"date":"2021-12-09T10:41:25","date_gmt":"2021-12-09T09:41:25","guid":{"rendered":"https:\/\/betax923lb8kd7v0.eltako.de\/service\/partner-allianzen\/aruba\/"},"modified":"2022-04-13T15:12:05","modified_gmt":"2022-04-13T13:12:05","slug":"aruba","status":"publish","type":"page","link":"https:\/\/www.eltako.com\/en\/company\/partner-allianzen\/aruba\/","title":{"rendered":"Aruba"},"content":{"rendered":"\n<h2 class=\"wp-block-heading\" id=\"aruba-ist-nun-teil-der-enocean-alliance\"><strong>Aruba is now part of the EnOcean Alliance!<\/strong><\/h2>\n\n<div style=\"height:40px\" aria-hidden=\"true\" class=\"wp-block-spacer\"><\/div>\n\n<div class=\"wp-block-columns is-layout-flex wp-container-core-columns-is-layout-9d6595d7 wp-block-columns-is-layout-flex\">\n<div class=\"wp-block-column is-layout-flow wp-block-column-is-layout-flow\">\n<figure class=\"wp-block-image size-large is-style-default\"><img decoding=\"async\" width=\"1024\" height=\"1009\" src=\"https:\/\/betax923lb8kd7v0.eltako.de\/wp-content\/uploads\/2022\/02\/thumbnail-1024x1009.jpg\" alt=\"\" class=\"wp-image-33936\" srcset=\"https:\/\/www.eltako.com\/wp-content\/uploads\/2022\/02\/thumbnail-1024x1009.jpg 1024w, https:\/\/www.eltako.com\/wp-content\/uploads\/2022\/02\/thumbnail-300x295.jpg 300w, https:\/\/www.eltako.com\/wp-content\/uploads\/2022\/02\/thumbnail-768x756.jpg 768w, https:\/\/www.eltako.com\/wp-content\/uploads\/2022\/02\/thumbnail-600x591.jpg 600w, https:\/\/www.eltako.com\/wp-content\/uploads\/2022\/02\/thumbnail-100x100.jpg 100w, https:\/\/www.eltako.com\/wp-content\/uploads\/2022\/02\/thumbnail.jpg 1462w\" sizes=\"(max-width: 1024px) 100vw, 1024px\" \/><\/figure>\n<\/div>\n\n\n\n<div class=\"wp-block-column is-layout-flow wp-block-column-is-layout-flow\">\n<p class=\"has-medium-font-size\">The California-based company is a pioneer in IoT services and brings not only a large customer network but also unbeatable technology to the alliance. Together with EnOcean&#8217;s energy harvesting wireless solutions, customers are offered a system that not only makes their homes smarter today, but also ensures that they remain adaptable and improvable in the future. The IoT devices collect the data from the applications, creating a cloud-based digital twin. As a result, the devices learn the desired security requirements, the energy demand and the current status of the environment. The more data that can be collected, the smarter and more adaptable buildings will become.<\/p>\n\n\n\n<p class=\"has-medium-font-size\">The cooperation brings a great advantage for all members of the EnOcean Alliance and is another important step towards digitalization and smart living.<\/p>\n\n\n\n<p style=\"font-size:16px\">For more information, visit: <a href=\"https:\/\/www.enocean-alliance.org\/de\/aruba\/\">https:\/\/www.enocean-alliance.org\/de\/aruba\/<\/a><\/p>\n<\/div>\n<\/div>\n\n<p><\/p>\n\n<figure class=\"wp-block-image size-large\"><img decoding=\"async\" width=\"1024\" height=\"455\" src=\"https:\/\/betax923lb8kd7v0.eltako.de\/wp-content\/uploads\/2021\/09\/2-1024x455.jpg\" alt=\"\" class=\"wp-image-23453\" srcset=\"https:\/\/www.eltako.com\/wp-content\/uploads\/2021\/09\/2-1024x455.jpg 1024w, https:\/\/www.eltako.com\/wp-content\/uploads\/2021\/09\/2-300x133.jpg 300w, https:\/\/www.eltako.com\/wp-content\/uploads\/2021\/09\/2-768x341.jpg 768w, https:\/\/www.eltako.com\/wp-content\/uploads\/2021\/09\/2-1536x683.jpg 1536w, https:\/\/www.eltako.com\/wp-content\/uploads\/2021\/09\/2-600x267.jpg 600w, https:\/\/www.eltako.com\/wp-content\/uploads\/2021\/09\/2.jpg 1600w\" sizes=\"(max-width: 1024px) 100vw, 1024px\" \/><\/figure>\n","protected":false},"excerpt":{"rendered":"<p>Aruba is now part of the EnOcean Alliance! The California-based company is a pioneer in IoT services and brings not only a large customer network but also unbeatable technology to the alliance. Together with EnOcean&#8217;s energy harvesting wireless solutions, customers are offered a system that not only makes their homes smarter today, but also ensures [&hellip;]<\/p>\n","protected":false},"author":31,"featured_media":0,"parent":25133,"menu_order":0,"comment_status":"closed","ping_status":"closed","template":"templates\/custom_header.php","meta":{"_acf_changed":false,"footnotes":"","_links_to":"","_links_to_target":""},"class_list":["post-29176","page","type-page","status-publish","hentry"],"acf":[],"yoast_head":"<!-- This site is optimized with the Yoast SEO plugin v27.2 - https:\/\/yoast.com\/product\/yoast-seo-wordpress\/ -->\n<title>Aruba &#187; Eltako<\/title>\n<meta name=\"robots\" content=\"index, follow, max-snippet:-1, max-image-preview:large, max-video-preview:-1\" \/>\n<link rel=\"canonical\" href=\"https:\/\/www.eltako.com\/en\/company\/partner-allianzen\/aruba\/\" \/>\n<meta property=\"og:locale\" content=\"en_US\" \/>\n<meta property=\"og:type\" content=\"article\" \/>\n<meta property=\"og:title\" content=\"Aruba &#187; Eltako\" \/>\n<meta property=\"og:description\" content=\"Aruba is now part of the EnOcean Alliance! The California-based company is a pioneer in IoT services and brings not only a large customer network but also unbeatable technology to the alliance. Together with EnOcean&#8217;s energy harvesting wireless solutions, customers are offered a system that not only makes their homes smarter today, but also ensures [&hellip;]\" \/>\n<meta property=\"og:url\" content=\"https:\/\/www.eltako.com\/en\/company\/partner-allianzen\/aruba\/\" \/>\n<meta property=\"og:site_name\" content=\"Eltako\" \/>\n<meta property=\"article:modified_time\" content=\"2022-04-13T13:12:05+00:00\" \/>\n<meta property=\"og:image\" content=\"https:\/\/betax923lb8kd7v0.eltako.de\/wp-content\/uploads\/2022\/02\/thumbnail-1024x1009.jpg\" \/>\n<meta name=\"twitter:card\" content=\"summary_large_image\" \/>\n<meta name=\"twitter:label1\" content=\"Est. reading time\" \/>\n\t<meta name=\"twitter:data1\" content=\"1 minute\" \/>\n<script type=\"application\/ld+json\" class=\"yoast-schema-graph\">{\"@context\":\"https:\/\/schema.org\",\"@graph\":[{\"@type\":\"WebPage\",\"@id\":\"https:\/\/www.eltako.com\/en\/company\/partner-allianzen\/aruba\/\",\"url\":\"https:\/\/www.eltako.com\/en\/company\/partner-allianzen\/aruba\/\",\"name\":\"Aruba &#187; Eltako\",\"isPartOf\":{\"@id\":\"https:\/\/www.eltako.com\/en\/#website\"},\"primaryImageOfPage\":{\"@id\":\"https:\/\/www.eltako.com\/en\/company\/partner-allianzen\/aruba\/#primaryimage\"},\"image\":{\"@id\":\"https:\/\/www.eltako.com\/en\/company\/partner-allianzen\/aruba\/#primaryimage\"},\"thumbnailUrl\":\"https:\/\/betax923lb8kd7v0.eltako.de\/wp-content\/uploads\/2022\/02\/thumbnail-1024x1009.jpg\",\"datePublished\":\"2021-12-09T09:41:25+00:00\",\"dateModified\":\"2022-04-13T13:12:05+00:00\",\"breadcrumb\":{\"@id\":\"https:\/\/www.eltako.com\/en\/company\/partner-allianzen\/aruba\/#breadcrumb\"},\"inLanguage\":\"en-US\",\"potentialAction\":[{\"@type\":\"ReadAction\",\"target\":[\"https:\/\/www.eltako.com\/en\/company\/partner-allianzen\/aruba\/\"]}]},{\"@type\":\"ImageObject\",\"inLanguage\":\"en-US\",\"@id\":\"https:\/\/www.eltako.com\/en\/company\/partner-allianzen\/aruba\/#primaryimage\",\"url\":\"https:\/\/betax923lb8kd7v0.eltako.de\/wp-content\/uploads\/2022\/02\/thumbnail-1024x1009.jpg\",\"contentUrl\":\"https:\/\/betax923lb8kd7v0.eltako.de\/wp-content\/uploads\/2022\/02\/thumbnail-1024x1009.jpg\"},{\"@type\":\"BreadcrumbList\",\"@id\":\"https:\/\/www.eltako.com\/en\/company\/partner-allianzen\/aruba\/#breadcrumb\",\"itemListElement\":[{\"@type\":\"ListItem\",\"position\":1,\"name\":\"Home\",\"item\":\"https:\/\/www.eltako.com\/en\/\"},{\"@type\":\"ListItem\",\"position\":2,\"name\":\"Company\",\"item\":\"https:\/\/www.eltako.com\/en\/company\/\"},{\"@type\":\"ListItem\",\"position\":3,\"name\":\"Partners &amp; Alliances\",\"item\":\"https:\/\/www.eltako.com\/en\/company\/partner-allianzen\/\"},{\"@type\":\"ListItem\",\"position\":4,\"name\":\"Aruba\"}]},{\"@type\":\"WebSite\",\"@id\":\"https:\/\/www.eltako.com\/en\/#website\",\"url\":\"https:\/\/www.eltako.com\/en\/\",\"name\":\"Eltako\",\"description\":\"Schaltger\u00e4te, Netzteile, Stromz\u00e4hler, Dimmer, Geb\u00e4udeinstallation, Steuerungstechnik, Smart Home-L\u00f6sungen, Geb\u00e4udefunk, EnOcean-Technologie\",\"potentialAction\":[{\"@type\":\"SearchAction\",\"target\":{\"@type\":\"EntryPoint\",\"urlTemplate\":\"https:\/\/www.eltako.com\/en\/?s={search_term_string}\"},\"query-input\":{\"@type\":\"PropertyValueSpecification\",\"valueRequired\":true,\"valueName\":\"search_term_string\"}}],\"inLanguage\":\"en-US\"}]}<\/script>\n<!-- \/ Yoast SEO plugin. -->","yoast_head_json":{"title":"Aruba &#187; Eltako","robots":{"index":"index","follow":"follow","max-snippet":"max-snippet:-1","max-image-preview":"max-image-preview:large","max-video-preview":"max-video-preview:-1"},"canonical":"https:\/\/www.eltako.com\/en\/company\/partner-allianzen\/aruba\/","og_locale":"en_US","og_type":"article","og_title":"Aruba &#187; Eltako","og_description":"Aruba is now part of the EnOcean Alliance! The California-based company is a pioneer in IoT services and brings not only a large customer network but also unbeatable technology to the alliance. Together with EnOcean&#8217;s energy harvesting wireless solutions, customers are offered a system that not only makes their homes smarter today, but also ensures [&hellip;]","og_url":"https:\/\/www.eltako.com\/en\/company\/partner-allianzen\/aruba\/","og_site_name":"Eltako","article_modified_time":"2022-04-13T13:12:05+00:00","og_image":[{"url":"https:\/\/betax923lb8kd7v0.eltako.de\/wp-content\/uploads\/2022\/02\/thumbnail-1024x1009.jpg","type":"","width":"","height":""}],"twitter_card":"summary_large_image","twitter_misc":{"Est. reading time":"1 minute"},"schema":{"@context":"https:\/\/schema.org","@graph":[{"@type":"WebPage","@id":"https:\/\/www.eltako.com\/en\/company\/partner-allianzen\/aruba\/","url":"https:\/\/www.eltako.com\/en\/company\/partner-allianzen\/aruba\/","name":"Aruba &#187; Eltako","isPartOf":{"@id":"https:\/\/www.eltako.com\/en\/#website"},"primaryImageOfPage":{"@id":"https:\/\/www.eltako.com\/en\/company\/partner-allianzen\/aruba\/#primaryimage"},"image":{"@id":"https:\/\/www.eltako.com\/en\/company\/partner-allianzen\/aruba\/#primaryimage"},"thumbnailUrl":"https:\/\/betax923lb8kd7v0.eltako.de\/wp-content\/uploads\/2022\/02\/thumbnail-1024x1009.jpg","datePublished":"2021-12-09T09:41:25+00:00","dateModified":"2022-04-13T13:12:05+00:00","breadcrumb":{"@id":"https:\/\/www.eltako.com\/en\/company\/partner-allianzen\/aruba\/#breadcrumb"},"inLanguage":"en-US","potentialAction":[{"@type":"ReadAction","target":["https:\/\/www.eltako.com\/en\/company\/partner-allianzen\/aruba\/"]}]},{"@type":"ImageObject","inLanguage":"en-US","@id":"https:\/\/www.eltako.com\/en\/company\/partner-allianzen\/aruba\/#primaryimage","url":"https:\/\/betax923lb8kd7v0.eltako.de\/wp-content\/uploads\/2022\/02\/thumbnail-1024x1009.jpg","contentUrl":"https:\/\/betax923lb8kd7v0.eltako.de\/wp-content\/uploads\/2022\/02\/thumbnail-1024x1009.jpg"},{"@type":"BreadcrumbList","@id":"https:\/\/www.eltako.com\/en\/company\/partner-allianzen\/aruba\/#breadcrumb","itemListElement":[{"@type":"ListItem","position":1,"name":"Home","item":"https:\/\/www.eltako.com\/en\/"},{"@type":"ListItem","position":2,"name":"Company","item":"https:\/\/www.eltako.com\/en\/company\/"},{"@type":"ListItem","position":3,"name":"Partners &amp; Alliances","item":"https:\/\/www.eltako.com\/en\/company\/partner-allianzen\/"},{"@type":"ListItem","position":4,"name":"Aruba"}]},{"@type":"WebSite","@id":"https:\/\/www.eltako.com\/en\/#website","url":"https:\/\/www.eltako.com\/en\/","name":"Eltako","description":"Schaltger\u00e4te, Netzteile, Stromz\u00e4hler, Dimmer, Geb\u00e4udeinstallation, Steuerungstechnik, Smart Home-L\u00f6sungen, Geb\u00e4udefunk, EnOcean-Technologie","potentialAction":[{"@type":"SearchAction","target":{"@type":"EntryPoint","urlTemplate":"https:\/\/www.eltako.com\/en\/?s={search_term_string}"},"query-input":{"@type":"PropertyValueSpecification","valueRequired":true,"valueName":"search_term_string"}}],"inLanguage":"en-US"}]}},"_links":{"self":[{"href":"https:\/\/www.eltako.com\/en\/wp-json\/wp\/v2\/pages\/29176","targetHints":{"allow":["GET"]}}],"collection":[{"href":"https:\/\/www.eltako.com\/en\/wp-json\/wp\/v2\/pages"}],"about":[{"href":"https:\/\/www.eltako.com\/en\/wp-json\/wp\/v2\/types\/page"}],"author":[{"embeddable":true,"href":"https:\/\/www.eltako.com\/en\/wp-json\/wp\/v2\/users\/31"}],"replies":[{"embeddable":true,"href":"https:\/\/www.eltako.com\/en\/wp-json\/wp\/v2\/comments?post=29176"}],"version-history":[{"count":0,"href":"https:\/\/www.eltako.com\/en\/wp-json\/wp\/v2\/pages\/29176\/revisions"}],"up":[{"embeddable":true,"href":"https:\/\/www.eltako.com\/en\/wp-json\/wp\/v2\/pages\/25133"}],"wp:attachment":[{"href":"https:\/\/www.eltako.com\/en\/wp-json\/wp\/v2\/media?parent=29176"}],"curies":[{"name":"wp","href":"https:\/\/api.w.org\/{rel}","templated":true}]}}