{"id":25123,"date":"2021-11-04T16:13:56","date_gmt":"2021-11-04T15:13:56","guid":{"rendered":"https:\/\/betax923lb8kd7v0.eltako.de\/career\/"},"modified":"2025-03-20T11:56:55","modified_gmt":"2025-03-20T10:56:55","slug":"career","status":"publish","type":"page","link":"https:\/\/www.eltako.com\/en\/company\/career\/","title":{"rendered":"Career"},"content":{"rendered":"\n<h2 class=\"wp-block-heading\">ELTAKO as an employer &#8211; Your career with us!<\/h2>\n\n\n\n<div style=\"height:32px\" aria-hidden=\"true\" class=\"wp-block-spacer\"><\/div>\n\n\n\n<div class=\"wp-block-columns is-layout-flex wp-container-core-columns-is-layout-9d6595d7 wp-block-columns-is-layout-flex\">\n<div class=\"wp-block-column is-layout-flow wp-block-column-is-layout-flow\" style=\"flex-basis:25%\"><\/div>\n\n\n\n<div class=\"wp-block-column is-layout-flow wp-block-column-is-layout-flow\" style=\"flex-basis:50%\">\n<a href=\"https:\/\/jobs.eltako.com\/en\" target=\"_blank\" class=\"text-uppercase font-weight-bold btn text-white p-3 mt-1 mb-1 w-100\" style=\"background : #016db7; font-size:20px\" rel=\"noopener\">To the applicant platform<\/a>\n<\/div>\n\n\n\n<div class=\"wp-block-column is-layout-flow wp-block-column-is-layout-flow\" style=\"flex-basis:25%\"><\/div>\n<\/div>\n\n\n\n<h3 class=\"wp-block-heading\"><strong>About Us:<\/strong><\/h3>\n\n\n\n<p><\/p>\n\n\n\n<div style=\"height:20px\" aria-hidden=\"true\" class=\"wp-block-spacer\"><\/div>\n\n\n\n<h4 class=\"wp-block-heading\">We at <strong>ELTAKO<\/strong> have a common goal: to turn every home into a smart home. Our recipe for success? Clearly our more than 135 employees across Europe, who put their heart and soul into their work every day. With the innovative and creative ideas of our employees and more than 75 years of experience, we stand for the highest level of competence and quality when it comes to the development of innovative products for building installation and control technology.<\/h4>\n\n\n\n<div style=\"height:20px\" aria-hidden=\"true\" class=\"wp-block-spacer\"><\/div>\n\n\n\n<h3 class=\"wp-block-heading\"><strong>About you:<\/strong><\/h3>\n\n\n\n<div style=\"height:20px\" aria-hidden=\"true\" class=\"wp-block-spacer\"><\/div>\n\n\n\n<h4 class=\"wp-block-heading\">You are not afraid of new tasks, enjoy working in a team and are passionate about your work? Then we would be happy to welcome you with us in the future. <\/h4>\n\n\n\n<h4 class=\"wp-block-heading\">As a member of ELTAKO, you can expect exciting projects, warm-hearted people and endless opportunities.<\/h4>\n\n\n\n<h4 class=\"wp-block-heading\">In addition to our permanent employees, we also offer space for working students and also regularly offer internships. <\/h4>\n\n\n\n<h4 class=\"wp-block-heading\">Can&#8217;t we offer you the vacancy that appeals to you right now? Never mind, apply on your own initiative &#8211; we are always interested in good employees! <\/h4>\n\n\n\n<h5 class=\"wp-block-heading\"><\/h5>\n","protected":false},"excerpt":{"rendered":"<p>ELTAKO as an employer &#8211; Your career with us! To the applicant platform About Us: We at ELTAKO have a common goal: to turn every home into a smart home. Our recipe for success? Clearly our more than 135 employees across Europe, who put their heart and soul into their work every day. With the [&hellip;]<\/p>\n","protected":false},"author":31,"featured_media":25124,"parent":63680,"menu_order":6,"comment_status":"closed","ping_status":"closed","template":"","meta":{"_acf_changed":false,"footnotes":"","_links_to":"","_links_to_target":""},"class_list":["post-25123","page","type-page","status-publish","has-post-thumbnail","hentry"],"acf":[],"yoast_head":"<!-- This site is optimized with the Yoast SEO plugin v27.2 - https:\/\/yoast.com\/product\/yoast-seo-wordpress\/ -->\n<title>Career &#187; Eltako<\/title>\n<meta name=\"robots\" content=\"index, follow, max-snippet:-1, max-image-preview:large, max-video-preview:-1\" \/>\n<link rel=\"canonical\" href=\"https:\/\/www.eltako.com\/en\/company\/career\/\" \/>\n<meta property=\"og:locale\" content=\"en_US\" \/>\n<meta property=\"og:type\" content=\"article\" \/>\n<meta property=\"og:title\" content=\"Career &#187; Eltako\" \/>\n<meta property=\"og:description\" content=\"ELTAKO as an employer &#8211; Your career with us! To the applicant platform About Us: We at ELTAKO have a common goal: to turn every home into a smart home. Our recipe for success? Clearly our more than 135 employees across Europe, who put their heart and soul into their work every day. With the [&hellip;]\" \/>\n<meta property=\"og:url\" content=\"https:\/\/www.eltako.com\/en\/company\/career\/\" \/>\n<meta property=\"og:site_name\" content=\"Eltako\" \/>\n<meta property=\"article:modified_time\" content=\"2025-03-20T10:56:55+00:00\" \/>\n<meta property=\"og:image\" content=\"https:\/\/www.eltako.com\/wp-content\/uploads\/2020\/10\/Karriere-Website-NEU-scaled.jpg\" \/>\n\t<meta property=\"og:image:width\" content=\"1920\" \/>\n\t<meta property=\"og:image:height\" content=\"1280\" \/>\n\t<meta property=\"og:image:type\" content=\"image\/jpeg\" \/>\n<meta name=\"twitter:card\" content=\"summary_large_image\" \/>\n<meta name=\"twitter:label1\" content=\"Est. reading time\" \/>\n\t<meta name=\"twitter:data1\" content=\"2 minutes\" \/>\n<script type=\"application\/ld+json\" class=\"yoast-schema-graph\">{\"@context\":\"https:\/\/schema.org\",\"@graph\":[{\"@type\":\"WebPage\",\"@id\":\"https:\/\/www.eltako.com\/en\/company\/career\/\",\"url\":\"https:\/\/www.eltako.com\/en\/company\/career\/\",\"name\":\"Career &#187; Eltako\",\"isPartOf\":{\"@id\":\"https:\/\/www.eltako.com\/en\/#website\"},\"primaryImageOfPage\":{\"@id\":\"https:\/\/www.eltako.com\/en\/company\/career\/#primaryimage\"},\"image\":{\"@id\":\"https:\/\/www.eltako.com\/en\/company\/career\/#primaryimage\"},\"thumbnailUrl\":\"https:\/\/www.eltako.com\/wp-content\/uploads\/2020\/10\/Karriere-Website-NEU-scaled.jpg\",\"datePublished\":\"2021-11-04T15:13:56+00:00\",\"dateModified\":\"2025-03-20T10:56:55+00:00\",\"breadcrumb\":{\"@id\":\"https:\/\/www.eltako.com\/en\/company\/career\/#breadcrumb\"},\"inLanguage\":\"en-US\",\"potentialAction\":[{\"@type\":\"ReadAction\",\"target\":[\"https:\/\/www.eltako.com\/en\/company\/career\/\"]}]},{\"@type\":\"ImageObject\",\"inLanguage\":\"en-US\",\"@id\":\"https:\/\/www.eltako.com\/en\/company\/career\/#primaryimage\",\"url\":\"https:\/\/www.eltako.com\/wp-content\/uploads\/2020\/10\/Karriere-Website-NEU-scaled.jpg\",\"contentUrl\":\"https:\/\/www.eltako.com\/wp-content\/uploads\/2020\/10\/Karriere-Website-NEU-scaled.jpg\",\"width\":1920,\"height\":1280,\"caption\":\"Business people handshake, sitting at the table .\"},{\"@type\":\"BreadcrumbList\",\"@id\":\"https:\/\/www.eltako.com\/en\/company\/career\/#breadcrumb\",\"itemListElement\":[{\"@type\":\"ListItem\",\"position\":1,\"name\":\"Home\",\"item\":\"https:\/\/www.eltako.com\/en\/\"},{\"@type\":\"ListItem\",\"position\":2,\"name\":\"Company\",\"item\":\"https:\/\/www.eltako.com\/en\/company\/\"},{\"@type\":\"ListItem\",\"position\":3,\"name\":\"Career\"}]},{\"@type\":\"WebSite\",\"@id\":\"https:\/\/www.eltako.com\/en\/#website\",\"url\":\"https:\/\/www.eltako.com\/en\/\",\"name\":\"Eltako\",\"description\":\"Schaltger\u00e4te, Netzteile, Stromz\u00e4hler, Dimmer, Geb\u00e4udeinstallation, Steuerungstechnik, Smart Home-L\u00f6sungen, Geb\u00e4udefunk, EnOcean-Technologie\",\"potentialAction\":[{\"@type\":\"SearchAction\",\"target\":{\"@type\":\"EntryPoint\",\"urlTemplate\":\"https:\/\/www.eltako.com\/en\/?s={search_term_string}\"},\"query-input\":{\"@type\":\"PropertyValueSpecification\",\"valueRequired\":true,\"valueName\":\"search_term_string\"}}],\"inLanguage\":\"en-US\"}]}<\/script>\n<!-- \/ Yoast SEO plugin. -->","yoast_head_json":{"title":"Career &#187; Eltako","robots":{"index":"index","follow":"follow","max-snippet":"max-snippet:-1","max-image-preview":"max-image-preview:large","max-video-preview":"max-video-preview:-1"},"canonical":"https:\/\/www.eltako.com\/en\/company\/career\/","og_locale":"en_US","og_type":"article","og_title":"Career &#187; Eltako","og_description":"ELTAKO as an employer &#8211; Your career with us! To the applicant platform About Us: We at ELTAKO have a common goal: to turn every home into a smart home. Our recipe for success? Clearly our more than 135 employees across Europe, who put their heart and soul into their work every day. With the [&hellip;]","og_url":"https:\/\/www.eltako.com\/en\/company\/career\/","og_site_name":"Eltako","article_modified_time":"2025-03-20T10:56:55+00:00","og_image":[{"width":1920,"height":1280,"url":"https:\/\/www.eltako.com\/wp-content\/uploads\/2020\/10\/Karriere-Website-NEU-scaled.jpg","type":"image\/jpeg"}],"twitter_card":"summary_large_image","twitter_misc":{"Est. reading time":"2 minutes"},"schema":{"@context":"https:\/\/schema.org","@graph":[{"@type":"WebPage","@id":"https:\/\/www.eltako.com\/en\/company\/career\/","url":"https:\/\/www.eltako.com\/en\/company\/career\/","name":"Career &#187; Eltako","isPartOf":{"@id":"https:\/\/www.eltako.com\/en\/#website"},"primaryImageOfPage":{"@id":"https:\/\/www.eltako.com\/en\/company\/career\/#primaryimage"},"image":{"@id":"https:\/\/www.eltako.com\/en\/company\/career\/#primaryimage"},"thumbnailUrl":"https:\/\/www.eltako.com\/wp-content\/uploads\/2020\/10\/Karriere-Website-NEU-scaled.jpg","datePublished":"2021-11-04T15:13:56+00:00","dateModified":"2025-03-20T10:56:55+00:00","breadcrumb":{"@id":"https:\/\/www.eltako.com\/en\/company\/career\/#breadcrumb"},"inLanguage":"en-US","potentialAction":[{"@type":"ReadAction","target":["https:\/\/www.eltako.com\/en\/company\/career\/"]}]},{"@type":"ImageObject","inLanguage":"en-US","@id":"https:\/\/www.eltako.com\/en\/company\/career\/#primaryimage","url":"https:\/\/www.eltako.com\/wp-content\/uploads\/2020\/10\/Karriere-Website-NEU-scaled.jpg","contentUrl":"https:\/\/www.eltako.com\/wp-content\/uploads\/2020\/10\/Karriere-Website-NEU-scaled.jpg","width":1920,"height":1280,"caption":"Business people handshake, sitting at the table ."},{"@type":"BreadcrumbList","@id":"https:\/\/www.eltako.com\/en\/company\/career\/#breadcrumb","itemListElement":[{"@type":"ListItem","position":1,"name":"Home","item":"https:\/\/www.eltako.com\/en\/"},{"@type":"ListItem","position":2,"name":"Company","item":"https:\/\/www.eltako.com\/en\/company\/"},{"@type":"ListItem","position":3,"name":"Career"}]},{"@type":"WebSite","@id":"https:\/\/www.eltako.com\/en\/#website","url":"https:\/\/www.eltako.com\/en\/","name":"Eltako","description":"Schaltger\u00e4te, Netzteile, Stromz\u00e4hler, Dimmer, Geb\u00e4udeinstallation, Steuerungstechnik, Smart Home-L\u00f6sungen, Geb\u00e4udefunk, EnOcean-Technologie","potentialAction":[{"@type":"SearchAction","target":{"@type":"EntryPoint","urlTemplate":"https:\/\/www.eltako.com\/en\/?s={search_term_string}"},"query-input":{"@type":"PropertyValueSpecification","valueRequired":true,"valueName":"search_term_string"}}],"inLanguage":"en-US"}]}},"_links":{"self":[{"href":"https:\/\/www.eltako.com\/en\/wp-json\/wp\/v2\/pages\/25123","targetHints":{"allow":["GET"]}}],"collection":[{"href":"https:\/\/www.eltako.com\/en\/wp-json\/wp\/v2\/pages"}],"about":[{"href":"https:\/\/www.eltako.com\/en\/wp-json\/wp\/v2\/types\/page"}],"author":[{"embeddable":true,"href":"https:\/\/www.eltako.com\/en\/wp-json\/wp\/v2\/users\/31"}],"replies":[{"embeddable":true,"href":"https:\/\/www.eltako.com\/en\/wp-json\/wp\/v2\/comments?post=25123"}],"version-history":[{"count":4,"href":"https:\/\/www.eltako.com\/en\/wp-json\/wp\/v2\/pages\/25123\/revisions"}],"predecessor-version":[{"id":144501,"href":"https:\/\/www.eltako.com\/en\/wp-json\/wp\/v2\/pages\/25123\/revisions\/144501"}],"up":[{"embeddable":true,"href":"https:\/\/www.eltako.com\/en\/wp-json\/wp\/v2\/pages\/63680"}],"wp:featuredmedia":[{"embeddable":true,"href":"https:\/\/www.eltako.com\/en\/wp-json\/wp\/v2\/media\/25124"}],"wp:attachment":[{"href":"https:\/\/www.eltako.com\/en\/wp-json\/wp\/v2\/media?parent=25123"}],"curies":[{"name":"wp","href":"https:\/\/api.w.org\/{rel}","templated":true}]}}