{"id":25050,"date":"2021-10-29T13:55:36","date_gmt":"2021-10-29T11:55:36","guid":{"rendered":"https:\/\/betax923lb8kd7v0.eltako.de\/imprint\/"},"modified":"2025-10-16T16:14:25","modified_gmt":"2025-10-16T14:14:25","slug":"imprint","status":"publish","type":"page","link":"https:\/\/www.eltako.com\/en\/imprint\/","title":{"rendered":"Imprint"},"content":{"rendered":"\n<div class=\"wp-block-group\"><div class=\"wp-block-group__inner-container is-layout-flow wp-block-group-is-layout-flow\">\n<div class=\"wp-block-group\"><div class=\"wp-block-group__inner-container is-layout-flow wp-block-group-is-layout-flow\">\n<b>ELTAKO GmbH<\/b><br>\nHofener Stra\u00dfe 54 <br>\n70736 Fellbach<br>\nTel.: 0711 94350000<br>\nEmail: website@eltako.de<br><br>\nRegister court: Stuttgart<br>\nRegistration number: HRB261445<br>\nManaging Director: Ulrich Ziegler<br>\nSales tax identification number: DE147330893\n<\/div><\/div>\n\n\n\n<p><\/p>\n<\/div><\/div>\n\n\n\n<p><\/p>\n\n\n\n<p>ELTAKO GmbH is not responsible for any contents linked or referred to from these pages &#8211; unless ELTAKO GmbH has full knowledge of illegal contents and would be able to prevent the visitors of his site from viewing those pages. ELTAKO GmbH hereby expressly declares that at the time the links were created, no illegal content was discernible on the linked pages. ELTAKO GmbH has no influence on the current and future design, content or authorship of the linked pages.<\/p>\n\n\n\n<p>Therefore it dissociates itself hereby expressly from all contents of all linked sides, which were changed after the link setting.<\/p>\n\n\n\n<p>For illegal, incorrect or incomplete contents and especially for damages resulting from the use or disuse of such information, only the provider of the site referred to is liable, not the one who has linked to the respective publication.<\/p>\n\n\n\n<p><a href=\"https:\/\/www.take-e-way.de\/leistungen\/elektrogesetz-weee-elektrog\/berichts-informationspflichten\/\">Information duties according to \u00a718 Abs. 2 Electrical and Electronic Equipment Act<\/a><\/p>\n\n\n\n<p><\/p>\n\n\n\n<p>Battery law registration number: DE 36818306<\/p>\n\n\n\n<div class=\"wp-block-buttons is-layout-flex wp-block-buttons-is-layout-flex\">\n<div class=\"wp-block-button\"><a class=\"wp-block-button__link has-background wp-element-button\" href=\"\/wp-content\/uploads\/2022\/11\/catalog_warranty-regulations_gb.pdf\" style=\"border-radius:0px;background-color:#0063af\">Guarantee and warranty (PDF)<\/a><\/div>\n<\/div>\n\n\n\n<p><\/p>\n","protected":false},"excerpt":{"rendered":"<p>ELTAKO GmbH Hofener Stra\u00dfe 54 70736 Fellbach Tel.: 0711 94350000 Email: website@eltako.de Register court: Stuttgart Registration number: HRB261445 Managing Director: Ulrich Ziegler Sales tax identification number: DE147330893 ELTAKO GmbH is not responsible for any contents linked or referred to from these pages &#8211; unless ELTAKO GmbH has full knowledge of illegal contents and would be [&hellip;]<\/p>\n","protected":false},"author":31,"featured_media":0,"parent":0,"menu_order":0,"comment_status":"closed","ping_status":"closed","template":"","meta":{"_acf_changed":false,"footnotes":"","_links_to":"","_links_to_target":""},"class_list":["post-25050","page","type-page","status-publish","hentry"],"acf":[],"yoast_head":"<!-- This site is optimized with the Yoast SEO plugin v27.2 - https:\/\/yoast.com\/product\/yoast-seo-wordpress\/ -->\n<title>Imprint &#187; Eltako<\/title>\n<meta name=\"robots\" content=\"index, follow, max-snippet:-1, max-image-preview:large, max-video-preview:-1\" \/>\n<link rel=\"canonical\" href=\"https:\/\/www.eltako.com\/en\/imprint\/\" \/>\n<meta property=\"og:locale\" content=\"en_US\" \/>\n<meta property=\"og:type\" content=\"article\" \/>\n<meta property=\"og:title\" content=\"Imprint &#187; Eltako\" \/>\n<meta property=\"og:description\" content=\"ELTAKO GmbH Hofener Stra\u00dfe 54 70736 Fellbach Tel.: 0711 94350000 Email: website@eltako.de Register court: Stuttgart Registration number: HRB261445 Managing Director: Ulrich Ziegler Sales tax identification number: DE147330893 ELTAKO GmbH is not responsible for any contents linked or referred to from these pages &#8211; unless ELTAKO GmbH has full knowledge of illegal contents and would be [&hellip;]\" \/>\n<meta property=\"og:url\" content=\"https:\/\/www.eltako.com\/en\/imprint\/\" \/>\n<meta property=\"og:site_name\" content=\"Eltako\" \/>\n<meta property=\"article:modified_time\" content=\"2025-10-16T14:14:25+00:00\" \/>\n<meta name=\"twitter:card\" content=\"summary_large_image\" \/>\n<meta name=\"twitter:label1\" content=\"Est. reading time\" \/>\n\t<meta name=\"twitter:data1\" content=\"2 minutes\" \/>\n<script type=\"application\/ld+json\" class=\"yoast-schema-graph\">{\"@context\":\"https:\/\/schema.org\",\"@graph\":[{\"@type\":\"WebPage\",\"@id\":\"https:\/\/www.eltako.com\/en\/imprint\/\",\"url\":\"https:\/\/www.eltako.com\/en\/imprint\/\",\"name\":\"Imprint &#187; Eltako\",\"isPartOf\":{\"@id\":\"https:\/\/www.eltako.com\/en\/#website\"},\"datePublished\":\"2021-10-29T11:55:36+00:00\",\"dateModified\":\"2025-10-16T14:14:25+00:00\",\"breadcrumb\":{\"@id\":\"https:\/\/www.eltako.com\/en\/imprint\/#breadcrumb\"},\"inLanguage\":\"en-US\",\"potentialAction\":[{\"@type\":\"ReadAction\",\"target\":[\"https:\/\/www.eltako.com\/en\/imprint\/\"]}]},{\"@type\":\"BreadcrumbList\",\"@id\":\"https:\/\/www.eltako.com\/en\/imprint\/#breadcrumb\",\"itemListElement\":[{\"@type\":\"ListItem\",\"position\":1,\"name\":\"Home\",\"item\":\"https:\/\/www.eltako.com\/en\/\"},{\"@type\":\"ListItem\",\"position\":2,\"name\":\"Imprint\"}]},{\"@type\":\"WebSite\",\"@id\":\"https:\/\/www.eltako.com\/en\/#website\",\"url\":\"https:\/\/www.eltako.com\/en\/\",\"name\":\"Eltako\",\"description\":\"Schaltger\u00e4te, Netzteile, Stromz\u00e4hler, Dimmer, Geb\u00e4udeinstallation, Steuerungstechnik, Smart Home-L\u00f6sungen, Geb\u00e4udefunk, EnOcean-Technologie\",\"potentialAction\":[{\"@type\":\"SearchAction\",\"target\":{\"@type\":\"EntryPoint\",\"urlTemplate\":\"https:\/\/www.eltako.com\/en\/?s={search_term_string}\"},\"query-input\":{\"@type\":\"PropertyValueSpecification\",\"valueRequired\":true,\"valueName\":\"search_term_string\"}}],\"inLanguage\":\"en-US\"}]}<\/script>\n<!-- \/ Yoast SEO plugin. -->","yoast_head_json":{"title":"Imprint &#187; Eltako","robots":{"index":"index","follow":"follow","max-snippet":"max-snippet:-1","max-image-preview":"max-image-preview:large","max-video-preview":"max-video-preview:-1"},"canonical":"https:\/\/www.eltako.com\/en\/imprint\/","og_locale":"en_US","og_type":"article","og_title":"Imprint &#187; Eltako","og_description":"ELTAKO GmbH Hofener Stra\u00dfe 54 70736 Fellbach Tel.: 0711 94350000 Email: website@eltako.de Register court: Stuttgart Registration number: HRB261445 Managing Director: Ulrich Ziegler Sales tax identification number: DE147330893 ELTAKO GmbH is not responsible for any contents linked or referred to from these pages &#8211; unless ELTAKO GmbH has full knowledge of illegal contents and would be [&hellip;]","og_url":"https:\/\/www.eltako.com\/en\/imprint\/","og_site_name":"Eltako","article_modified_time":"2025-10-16T14:14:25+00:00","twitter_card":"summary_large_image","twitter_misc":{"Est. reading time":"2 minutes"},"schema":{"@context":"https:\/\/schema.org","@graph":[{"@type":"WebPage","@id":"https:\/\/www.eltako.com\/en\/imprint\/","url":"https:\/\/www.eltako.com\/en\/imprint\/","name":"Imprint &#187; Eltako","isPartOf":{"@id":"https:\/\/www.eltako.com\/en\/#website"},"datePublished":"2021-10-29T11:55:36+00:00","dateModified":"2025-10-16T14:14:25+00:00","breadcrumb":{"@id":"https:\/\/www.eltako.com\/en\/imprint\/#breadcrumb"},"inLanguage":"en-US","potentialAction":[{"@type":"ReadAction","target":["https:\/\/www.eltako.com\/en\/imprint\/"]}]},{"@type":"BreadcrumbList","@id":"https:\/\/www.eltako.com\/en\/imprint\/#breadcrumb","itemListElement":[{"@type":"ListItem","position":1,"name":"Home","item":"https:\/\/www.eltako.com\/en\/"},{"@type":"ListItem","position":2,"name":"Imprint"}]},{"@type":"WebSite","@id":"https:\/\/www.eltako.com\/en\/#website","url":"https:\/\/www.eltako.com\/en\/","name":"Eltako","description":"Schaltger\u00e4te, Netzteile, Stromz\u00e4hler, Dimmer, Geb\u00e4udeinstallation, Steuerungstechnik, Smart Home-L\u00f6sungen, Geb\u00e4udefunk, EnOcean-Technologie","potentialAction":[{"@type":"SearchAction","target":{"@type":"EntryPoint","urlTemplate":"https:\/\/www.eltako.com\/en\/?s={search_term_string}"},"query-input":{"@type":"PropertyValueSpecification","valueRequired":true,"valueName":"search_term_string"}}],"inLanguage":"en-US"}]}},"_links":{"self":[{"href":"https:\/\/www.eltako.com\/en\/wp-json\/wp\/v2\/pages\/25050","targetHints":{"allow":["GET"]}}],"collection":[{"href":"https:\/\/www.eltako.com\/en\/wp-json\/wp\/v2\/pages"}],"about":[{"href":"https:\/\/www.eltako.com\/en\/wp-json\/wp\/v2\/types\/page"}],"author":[{"embeddable":true,"href":"https:\/\/www.eltako.com\/en\/wp-json\/wp\/v2\/users\/31"}],"replies":[{"embeddable":true,"href":"https:\/\/www.eltako.com\/en\/wp-json\/wp\/v2\/comments?post=25050"}],"version-history":[{"count":3,"href":"https:\/\/www.eltako.com\/en\/wp-json\/wp\/v2\/pages\/25050\/revisions"}],"predecessor-version":[{"id":147465,"href":"https:\/\/www.eltako.com\/en\/wp-json\/wp\/v2\/pages\/25050\/revisions\/147465"}],"wp:attachment":[{"href":"https:\/\/www.eltako.com\/en\/wp-json\/wp\/v2\/media?parent=25050"}],"curies":[{"name":"wp","href":"https:\/\/api.w.org\/{rel}","templated":true}]}}