{"id":118271,"date":"2022-10-02T10:31:43","date_gmt":"2022-10-02T08:31:43","guid":{"rendered":"https:\/\/www.eltako.com\/?page_id=118271"},"modified":"2025-02-18T15:05:47","modified_gmt":"2025-02-18T14:05:47","slug":"series-62-ip","status":"publish","type":"page","link":"https:\/\/www.eltako.com\/en\/series-62-ip\/","title":{"rendered":"Series 62-IP"},"content":{"rendered":"\n<h2 class=\"wp-block-heading has-text-color has-large-font-size\" style=\"color:#0064af;text-transform:uppercase\"><strong>Made for every home.<\/strong>&nbsp;<\/h2>\n\n\n\n<p>The astronaut of our little social media story brought the Series 62-IP down to earth and presented it for the first time at the Light + Building in Frankfurt a. M., Germany. Visitors at the show were the first to test the products and their functions via Apple Home and the new Matter standard.<\/p>\n\n\n\n<div class=\"wp-block-columns are-vertically-aligned-center is-layout-flex wp-container-core-columns-is-layout-9d6595d7 wp-block-columns-is-layout-flex\">\n<div class=\"wp-block-column is-vertically-aligned-center is-layout-flow wp-block-column-is-layout-flow\">\n<h2 class=\"has-text-color has-large-font-size\" style=\"color:#0064af;text-transform:uppercase; line-height:42px;\">Act smart without much effort.<\/h2>\n\n\n\n<p>The brand new products work with Wi-Fi and are Apple Home certified.<\/p>\n\n\n\n<p>Apple Home benefits can be used ex-factory, allowing the products to be integrated into Apple&#8217;s smart home platform. This means they can also be operated directly via Apple&#8217;s Home app, found on every iPhone and iPad, through automations, scenes, and the popular Siri voice control.&nbsp;<\/p>\n\n\n\n<div style=\"height:20px\" aria-hidden=\"true\" class=\"wp-block-spacer\"><\/div>\n\n\n\n<div class=\"wp-block-columns is-layout-flex wp-container-core-columns-is-layout-9d6595d7 wp-block-columns-is-layout-flex\">\n<div class=\"wp-block-column is-layout-flow wp-block-column-is-layout-flow\">\n<a href=\"https:\/\/www.eltako.com\/en\/eltako-products\/categories\/39\/IP%20actuators%20for%20decentralised%20installation.%20Matter%20or%20Apple%20Home%20certified,%20REST-API?search=\" target=\"_blank\" class=\"btn font-weight-bold text-white mt-1 mb-1 p-3 w-100\" style=\"background : #016db7; font-size:20px\" rel=\"noopener\">PRODUCT OVERVIEW<\/a>\n<\/div>\n\n\n\n<div class=\"wp-block-column is-layout-flow wp-block-column-is-layout-flow\"><\/div>\n<\/div>\n\n\n\n<div style=\"height:20px\" aria-hidden=\"true\" class=\"wp-block-spacer\"><\/div>\n\n\n\n<figure class=\"wp-block-image size-large\"><img decoding=\"async\" src=\"https:\/\/www.eltako.com\/wp-content\/uploads\/2022\/09\/eltako_website_content_baureihe-62_logoreihe.jpg\" alt=\"\"\/><\/figure>\n<\/div>\n\n\n\n<div class=\"wp-block-column is-vertically-aligned-center is-layout-flow wp-block-column-is-layout-flow\">\n<figure class=\"wp-block-image size-full\"><img decoding=\"async\" width=\"1010\" height=\"1010\" src=\"https:\/\/www.eltako.com\/wp-content\/uploads\/2022\/09\/eltako_website_content_baureihe-62_06.jpg\" alt=\"\" class=\"wp-image-117523\" srcset=\"https:\/\/www.eltako.com\/wp-content\/uploads\/2022\/09\/eltako_website_content_baureihe-62_06.jpg 1010w, https:\/\/www.eltako.com\/wp-content\/uploads\/2022\/09\/eltako_website_content_baureihe-62_06-300x300.jpg 300w, https:\/\/www.eltako.com\/wp-content\/uploads\/2022\/09\/eltako_website_content_baureihe-62_06-150x150.jpg 150w, https:\/\/www.eltako.com\/wp-content\/uploads\/2022\/09\/eltako_website_content_baureihe-62_06-768x768.jpg 768w, https:\/\/www.eltako.com\/wp-content\/uploads\/2022\/09\/eltako_website_content_baureihe-62_06-600x600.jpg 600w, https:\/\/www.eltako.com\/wp-content\/uploads\/2022\/09\/eltako_website_content_baureihe-62_06-100x100.jpg 100w\" sizes=\"(max-width: 1010px) 100vw, 1010px\" \/><\/figure>\n<\/div>\n<\/div>\n\n\n\n<figure class=\"wp-block-image size-large\"><img decoding=\"async\" width=\"1024\" height=\"310\" src=\"https:\/\/www.eltako.com\/wp-content\/uploads\/2022\/09\/eltako_website_content_baureihe-62_schaubild_en_01-1024x310.jpg\" alt=\"\" class=\"wp-image-118439\" srcset=\"https:\/\/www.eltako.com\/wp-content\/uploads\/2022\/09\/eltako_website_content_baureihe-62_schaubild_en_01-1024x310.jpg 1024w, https:\/\/www.eltako.com\/wp-content\/uploads\/2022\/09\/eltako_website_content_baureihe-62_schaubild_en_01-300x91.jpg 300w, https:\/\/www.eltako.com\/wp-content\/uploads\/2022\/09\/eltako_website_content_baureihe-62_schaubild_en_01-768x233.jpg 768w, https:\/\/www.eltako.com\/wp-content\/uploads\/2022\/09\/eltako_website_content_baureihe-62_schaubild_en_01-1536x465.jpg 1536w, https:\/\/www.eltako.com\/wp-content\/uploads\/2022\/09\/eltako_website_content_baureihe-62_schaubild_en_01-2048x621.jpg 2048w, https:\/\/www.eltako.com\/wp-content\/uploads\/2022\/09\/eltako_website_content_baureihe-62_schaubild_en_01-600x182.jpg 600w\" sizes=\"(max-width: 1024px) 100vw, 1024px\" \/><\/figure>\n\n\n\n<div style=\"height:90px\" aria-hidden=\"true\" class=\"wp-block-spacer\"><\/div>\n\n\n\n<hr class=\"wp-block-separator has-text-color has-alpha-channel-opacity has-background is-style-wide\" style=\"background-color:#0064af;color:#0064af\"\/>\n\n\n\n<div style=\"height:90px\" aria-hidden=\"true\" class=\"wp-block-spacer\"><\/div>\n\n\n\n<div class=\"wp-block-columns is-layout-flex wp-container-core-columns-is-layout-9d6595d7 wp-block-columns-is-layout-flex\">\n<div class=\"wp-block-column is-layout-flow wp-block-column-is-layout-flow\">\n<figure class=\"wp-block-image size-full\"><img decoding=\"async\" width=\"1010\" height=\"1010\" src=\"https:\/\/www.eltako.com\/wp-content\/uploads\/2022\/09\/eltako_website_content_baureihe-62_01-1.jpg\" alt=\"\" class=\"wp-image-117616\" srcset=\"https:\/\/www.eltako.com\/wp-content\/uploads\/2022\/09\/eltako_website_content_baureihe-62_01-1.jpg 1010w, https:\/\/www.eltako.com\/wp-content\/uploads\/2022\/09\/eltako_website_content_baureihe-62_01-1-300x300.jpg 300w, https:\/\/www.eltako.com\/wp-content\/uploads\/2022\/09\/eltako_website_content_baureihe-62_01-1-150x150.jpg 150w, https:\/\/www.eltako.com\/wp-content\/uploads\/2022\/09\/eltako_website_content_baureihe-62_01-1-768x768.jpg 768w, https:\/\/www.eltako.com\/wp-content\/uploads\/2022\/09\/eltako_website_content_baureihe-62_01-1-600x600.jpg 600w, https:\/\/www.eltako.com\/wp-content\/uploads\/2022\/09\/eltako_website_content_baureihe-62_01-1-100x100.jpg 100w\" sizes=\"(max-width: 1010px) 100vw, 1010px\" \/><\/figure>\n<\/div>\n\n\n\n<div class=\"wp-block-column is-layout-flow wp-block-column-is-layout-flow\">\n<h2 class=\"has-text-color has-large-font-size\" style=\"color:#0064af;text-transform:uppercase; line-height:42px\">All you need for commissioning is a smartphone.<\/h2>\n\n\n\n<p>The Eltako Connect app is the little helper for adapting the functionality of a wide range of Eltako products to the respective needs. This is also the case with the 62-IP series.&nbsp;<\/p>\n\n\n\n<p>Through updates, the app adapts to technological changes and advances, making it future proof.&nbsp;&nbsp;&nbsp;&nbsp;<\/p>\n\n\n\n<div style=\"height:10px\" aria-hidden=\"true\" class=\"wp-block-spacer\"><\/div>\n\n\n\n<div class=\"wp-block-columns is-layout-flex wp-container-core-columns-is-layout-9d6595d7 wp-block-columns-is-layout-flex\">\n<div class=\"wp-block-column is-layout-flow wp-block-column-is-layout-flow\" style=\"flex-basis:66.66%\"><div class=\"wp-block-image\">\n<figure class=\"aligncenter size-full\"><img decoding=\"async\" width=\"415\" height=\"74\" src=\"https:\/\/www.eltako.com\/wp-content\/uploads\/2022\/09\/eltako_website_content_baureihe-62_12.jpg\" alt=\"\" class=\"wp-image-117630\" srcset=\"https:\/\/www.eltako.com\/wp-content\/uploads\/2022\/09\/eltako_website_content_baureihe-62_12.jpg 415w, https:\/\/www.eltako.com\/wp-content\/uploads\/2022\/09\/eltako_website_content_baureihe-62_12-300x53.jpg 300w\" sizes=\"(max-width: 415px) 100vw, 415px\" \/><\/figure>\n<\/div><\/div>\n\n\n\n<div class=\"wp-block-column is-layout-flow wp-block-column-is-layout-flow\" style=\"flex-basis:33.33%\"><\/div>\n<\/div>\n\n\n\n<div class=\"wp-block-columns are-vertically-aligned-center is-layout-flex wp-container-core-columns-is-layout-9d6595d7 wp-block-columns-is-layout-flex\">\n<div class=\"wp-block-column is-vertically-aligned-center is-layout-flow wp-block-column-is-layout-flow\">\n<figure class=\"wp-block-image size-full\"><a href=\"https:\/\/apps.apple.com\/de\/app\/eltako-connect\/id1622689879\"><img decoding=\"async\" width=\"300\" height=\"90\" src=\"https:\/\/www.eltako.com\/wp-content\/uploads\/2022\/09\/apple-store_2022.png\" alt=\"\" class=\"wp-image-88692\"\/><\/a><\/figure>\n<\/div>\n\n\n\n<div class=\"wp-block-column is-vertically-aligned-center is-layout-flow wp-block-column-is-layout-flow\">\n<figure class=\"wp-block-image size-full\"><a href=\"https:\/\/play.google.com\/store\/apps\/details?id=com.eltako.connect\"><img decoding=\"async\" width=\"300\" height=\"90\" src=\"https:\/\/www.eltako.com\/wp-content\/uploads\/2022\/09\/googe-play-store_2022.png\" alt=\"\" class=\"wp-image-88701\"\/><\/a><\/figure>\n<\/div>\n<\/div>\n\n\n\n<p><\/p>\n<\/div>\n<\/div>\n","protected":false},"excerpt":{"rendered":"<p>Made for every home.&nbsp; The astronaut of our little social media story brought the Series 62-IP down to earth and presented it for the first time at the Light + Building in Frankfurt a. M., Germany. Visitors at the show were the first to test the products and their functions via Apple Home and the [&hellip;]<\/p>\n","protected":false},"author":39,"featured_media":117574,"parent":0,"menu_order":0,"comment_status":"closed","ping_status":"closed","template":"templates\/padding_header.php","meta":{"_acf_changed":false,"footnotes":"","_links_to":"","_links_to_target":""},"class_list":["post-118271","page","type-page","status-publish","has-post-thumbnail","hentry"],"acf":[],"yoast_head":"<!-- This site is optimized with the Yoast SEO plugin v27.2 - https:\/\/yoast.com\/product\/yoast-seo-wordpress\/ -->\n<title>Series 62-IP &#187; Eltako<\/title>\n<meta name=\"robots\" content=\"index, follow, max-snippet:-1, max-image-preview:large, max-video-preview:-1\" \/>\n<link rel=\"canonical\" href=\"https:\/\/www.eltako.com\/en\/series-62-ip\/\" \/>\n<meta property=\"og:locale\" content=\"en_US\" \/>\n<meta property=\"og:type\" content=\"article\" \/>\n<meta property=\"og:title\" content=\"Series 62-IP &#187; Eltako\" \/>\n<meta property=\"og:description\" content=\"Made for every home.&nbsp; The astronaut of our little social media story brought the Series 62-IP down to earth and presented it for the first time at the Light + Building in Frankfurt a. M., Germany. Visitors at the show were the first to test the products and their functions via Apple Home and the [&hellip;]\" \/>\n<meta property=\"og:url\" content=\"https:\/\/www.eltako.com\/en\/series-62-ip\/\" \/>\n<meta property=\"og:site_name\" content=\"Eltako\" \/>\n<meta property=\"article:modified_time\" content=\"2025-02-18T14:05:47+00:00\" \/>\n<meta property=\"og:image\" content=\"https:\/\/www.eltako.com\/wp-content\/uploads\/2022\/09\/eltako_website_header_1920x700_baureihe62.jpg\" \/>\n\t<meta property=\"og:image:width\" content=\"1920\" \/>\n\t<meta property=\"og:image:height\" content=\"700\" \/>\n\t<meta property=\"og:image:type\" content=\"image\/jpeg\" \/>\n<meta name=\"twitter:card\" content=\"summary_large_image\" \/>\n<meta name=\"twitter:label1\" content=\"Est. reading time\" \/>\n\t<meta name=\"twitter:data1\" content=\"3 minutes\" \/>\n<script type=\"application\/ld+json\" class=\"yoast-schema-graph\">{\"@context\":\"https:\/\/schema.org\",\"@graph\":[{\"@type\":\"WebPage\",\"@id\":\"https:\/\/www.eltako.com\/en\/series-62-ip\/\",\"url\":\"https:\/\/www.eltako.com\/en\/series-62-ip\/\",\"name\":\"Series 62-IP &#187; Eltako\",\"isPartOf\":{\"@id\":\"https:\/\/www.eltako.com\/en\/#website\"},\"primaryImageOfPage\":{\"@id\":\"https:\/\/www.eltako.com\/en\/series-62-ip\/#primaryimage\"},\"image\":{\"@id\":\"https:\/\/www.eltako.com\/en\/series-62-ip\/#primaryimage\"},\"thumbnailUrl\":\"https:\/\/www.eltako.com\/wp-content\/uploads\/2022\/09\/eltako_website_header_1920x700_baureihe62.jpg\",\"datePublished\":\"2022-10-02T08:31:43+00:00\",\"dateModified\":\"2025-02-18T14:05:47+00:00\",\"breadcrumb\":{\"@id\":\"https:\/\/www.eltako.com\/en\/series-62-ip\/#breadcrumb\"},\"inLanguage\":\"en-US\",\"potentialAction\":[{\"@type\":\"ReadAction\",\"target\":[\"https:\/\/www.eltako.com\/en\/series-62-ip\/\"]}]},{\"@type\":\"ImageObject\",\"inLanguage\":\"en-US\",\"@id\":\"https:\/\/www.eltako.com\/en\/series-62-ip\/#primaryimage\",\"url\":\"https:\/\/www.eltako.com\/wp-content\/uploads\/2022\/09\/eltako_website_header_1920x700_baureihe62.jpg\",\"contentUrl\":\"https:\/\/www.eltako.com\/wp-content\/uploads\/2022\/09\/eltako_website_header_1920x700_baureihe62.jpg\",\"width\":1920,\"height\":700},{\"@type\":\"BreadcrumbList\",\"@id\":\"https:\/\/www.eltako.com\/en\/series-62-ip\/#breadcrumb\",\"itemListElement\":[{\"@type\":\"ListItem\",\"position\":1,\"name\":\"Home\",\"item\":\"https:\/\/www.eltako.com\/en\/\"},{\"@type\":\"ListItem\",\"position\":2,\"name\":\"Series 62-IP\"}]},{\"@type\":\"WebSite\",\"@id\":\"https:\/\/www.eltako.com\/en\/#website\",\"url\":\"https:\/\/www.eltako.com\/en\/\",\"name\":\"Eltako\",\"description\":\"Schaltger\u00e4te, Netzteile, Stromz\u00e4hler, Dimmer, Geb\u00e4udeinstallation, Steuerungstechnik, Smart Home-L\u00f6sungen, Geb\u00e4udefunk, EnOcean-Technologie\",\"potentialAction\":[{\"@type\":\"SearchAction\",\"target\":{\"@type\":\"EntryPoint\",\"urlTemplate\":\"https:\/\/www.eltako.com\/en\/?s={search_term_string}\"},\"query-input\":{\"@type\":\"PropertyValueSpecification\",\"valueRequired\":true,\"valueName\":\"search_term_string\"}}],\"inLanguage\":\"en-US\"}]}<\/script>\n<!-- \/ Yoast SEO plugin. -->","yoast_head_json":{"title":"Series 62-IP &#187; Eltako","robots":{"index":"index","follow":"follow","max-snippet":"max-snippet:-1","max-image-preview":"max-image-preview:large","max-video-preview":"max-video-preview:-1"},"canonical":"https:\/\/www.eltako.com\/en\/series-62-ip\/","og_locale":"en_US","og_type":"article","og_title":"Series 62-IP &#187; Eltako","og_description":"Made for every home.&nbsp; The astronaut of our little social media story brought the Series 62-IP down to earth and presented it for the first time at the Light + Building in Frankfurt a. M., Germany. Visitors at the show were the first to test the products and their functions via Apple Home and the [&hellip;]","og_url":"https:\/\/www.eltako.com\/en\/series-62-ip\/","og_site_name":"Eltako","article_modified_time":"2025-02-18T14:05:47+00:00","og_image":[{"width":1920,"height":700,"url":"https:\/\/www.eltako.com\/wp-content\/uploads\/2022\/09\/eltako_website_header_1920x700_baureihe62.jpg","type":"image\/jpeg"}],"twitter_card":"summary_large_image","twitter_misc":{"Est. reading time":"3 minutes"},"schema":{"@context":"https:\/\/schema.org","@graph":[{"@type":"WebPage","@id":"https:\/\/www.eltako.com\/en\/series-62-ip\/","url":"https:\/\/www.eltako.com\/en\/series-62-ip\/","name":"Series 62-IP &#187; Eltako","isPartOf":{"@id":"https:\/\/www.eltako.com\/en\/#website"},"primaryImageOfPage":{"@id":"https:\/\/www.eltako.com\/en\/series-62-ip\/#primaryimage"},"image":{"@id":"https:\/\/www.eltako.com\/en\/series-62-ip\/#primaryimage"},"thumbnailUrl":"https:\/\/www.eltako.com\/wp-content\/uploads\/2022\/09\/eltako_website_header_1920x700_baureihe62.jpg","datePublished":"2022-10-02T08:31:43+00:00","dateModified":"2025-02-18T14:05:47+00:00","breadcrumb":{"@id":"https:\/\/www.eltako.com\/en\/series-62-ip\/#breadcrumb"},"inLanguage":"en-US","potentialAction":[{"@type":"ReadAction","target":["https:\/\/www.eltako.com\/en\/series-62-ip\/"]}]},{"@type":"ImageObject","inLanguage":"en-US","@id":"https:\/\/www.eltako.com\/en\/series-62-ip\/#primaryimage","url":"https:\/\/www.eltako.com\/wp-content\/uploads\/2022\/09\/eltako_website_header_1920x700_baureihe62.jpg","contentUrl":"https:\/\/www.eltako.com\/wp-content\/uploads\/2022\/09\/eltako_website_header_1920x700_baureihe62.jpg","width":1920,"height":700},{"@type":"BreadcrumbList","@id":"https:\/\/www.eltako.com\/en\/series-62-ip\/#breadcrumb","itemListElement":[{"@type":"ListItem","position":1,"name":"Home","item":"https:\/\/www.eltako.com\/en\/"},{"@type":"ListItem","position":2,"name":"Series 62-IP"}]},{"@type":"WebSite","@id":"https:\/\/www.eltako.com\/en\/#website","url":"https:\/\/www.eltako.com\/en\/","name":"Eltako","description":"Schaltger\u00e4te, Netzteile, Stromz\u00e4hler, Dimmer, Geb\u00e4udeinstallation, Steuerungstechnik, Smart Home-L\u00f6sungen, Geb\u00e4udefunk, EnOcean-Technologie","potentialAction":[{"@type":"SearchAction","target":{"@type":"EntryPoint","urlTemplate":"https:\/\/www.eltako.com\/en\/?s={search_term_string}"},"query-input":{"@type":"PropertyValueSpecification","valueRequired":true,"valueName":"search_term_string"}}],"inLanguage":"en-US"}]}},"_links":{"self":[{"href":"https:\/\/www.eltako.com\/en\/wp-json\/wp\/v2\/pages\/118271","targetHints":{"allow":["GET"]}}],"collection":[{"href":"https:\/\/www.eltako.com\/en\/wp-json\/wp\/v2\/pages"}],"about":[{"href":"https:\/\/www.eltako.com\/en\/wp-json\/wp\/v2\/types\/page"}],"author":[{"embeddable":true,"href":"https:\/\/www.eltako.com\/en\/wp-json\/wp\/v2\/users\/39"}],"replies":[{"embeddable":true,"href":"https:\/\/www.eltako.com\/en\/wp-json\/wp\/v2\/comments?post=118271"}],"version-history":[{"count":17,"href":"https:\/\/www.eltako.com\/en\/wp-json\/wp\/v2\/pages\/118271\/revisions"}],"predecessor-version":[{"id":144200,"href":"https:\/\/www.eltako.com\/en\/wp-json\/wp\/v2\/pages\/118271\/revisions\/144200"}],"wp:featuredmedia":[{"embeddable":true,"href":"https:\/\/www.eltako.com\/en\/wp-json\/wp\/v2\/media\/117574"}],"wp:attachment":[{"href":"https:\/\/www.eltako.com\/en\/wp-json\/wp\/v2\/media?parent=118271"}],"curies":[{"name":"wp","href":"https:\/\/api.w.org\/{rel}","templated":true}]}}