{"id":77863,"date":"2022-07-20T08:36:48","date_gmt":"2022-07-20T06:36:48","guid":{"rendered":"https:\/\/www.eltako.de\/?page_id=77863"},"modified":"2024-01-09T13:27:29","modified_gmt":"2024-01-09T12:27:29","slug":"nachhaltigkeit","status":"publish","type":"page","link":"https:\/\/www.eltako.com\/de\/unternehmen\/nachhaltigkeit\/","title":{"rendered":"Nachhaltigkeit"},"content":{"rendered":"\n<p class=\"has-text-align-left has-text-color\" style=\"color:#0064af\">Die Definition f\u00fcr nachhaltige Entwicklung besagt, dass die Bed\u00fcrfnisse der Gegenwart so befriedigt werden m\u00fcssen, dass die M\u00f6glichkeiten zuk\u00fcnftiger Generationen nicht eingeschr\u00e4nkt werden.&nbsp;&nbsp;&nbsp;<\/p>\n\n\n\n<p class=\"has-text-align-left has-text-color\" style=\"color:#0064af\">Wir m\u00f6chten mit unseren Innovationen genau nach diesem Vorsatz arbeiten: Wir entwickeln fortschrittliche Technologien, welche das Leben unserer Kunden jetzt und in der Zukunft verbessern, und verlieren dabei das Ziel, immer nachhaltiger und umweltschonender zu werden, nicht aus den Augen.&nbsp;&nbsp;&nbsp;<\/p>\n\n\n\n<div style=\"height:70px\" aria-hidden=\"true\" class=\"wp-block-spacer\"><\/div>\n\n\n\n<div id=\"\" class=\"wp-block-gosign-gosign-background-contianer gosign-color-section btn-full align-true def-verticalAlignBottom default-padding no-margin custom-width no-min-height lightColorLayout no-top-border no-bottom-border colorSectionFe background-scroll background-repeat overlay-false defined-width\"><div class=\"outer-container background-scroll\" style=\"padding-top:100px;padding-bottom:70px;padding-left:10px;padding-right:10px;background-repeat:repeat;background-color:#0064af\"><div class=\"inner-container\"><div class=\"contentBlock\" style=\"max-width:1110px\">\n<div class=\"wp-block-columns is-layout-flex wp-container-core-columns-is-layout-9d6595d7 wp-block-columns-is-layout-flex\">\n<div class=\"wp-block-column is-layout-flow wp-block-column-is-layout-flow\">\n<div class=\"wp-block-media-text alignwide is-stacked-on-mobile is-vertically-aligned-center\" style=\"grid-template-columns:35% auto\"><figure class=\"wp-block-media-text__media\"><img decoding=\"async\" width=\"600\" height=\"600\" src=\"https:\/\/www.eltako.de\/wp-content\/uploads\/2022\/06\/eltako_website_content_600x600_nachhaltigkeit_01.jpg\" alt=\"\" class=\"wp-image-77875 size-full\" srcset=\"https:\/\/www.eltako.com\/wp-content\/uploads\/2022\/06\/eltako_website_content_600x600_nachhaltigkeit_01.jpg 600w, https:\/\/www.eltako.com\/wp-content\/uploads\/2022\/06\/eltako_website_content_600x600_nachhaltigkeit_01-300x300.jpg 300w, https:\/\/www.eltako.com\/wp-content\/uploads\/2022\/06\/eltako_website_content_600x600_nachhaltigkeit_01-150x150.jpg 150w, https:\/\/www.eltako.com\/wp-content\/uploads\/2022\/06\/eltako_website_content_600x600_nachhaltigkeit_01-100x100.jpg 100w\" sizes=\"(max-width: 600px) 100vw, 600px\" \/><\/figure><div class=\"wp-block-media-text__content\">\n<h2 class=\"wp-block-heading has-large-font-size\" style=\"text-transform:uppercase\"><strong>EnOcean-Technologie<\/strong><\/h2>\n\n\n\n<p>Unsere Funksensoren mit EnOcean-Technologie sammeln und speichern kinetische, thermische und Solarenergie aus der Umwelt. Dieses sogenannte \u201eEnergy Harvesting\u201c stellt genau die Energie zur Verf\u00fcgung, die ben\u00f6tigt wird, um ein Funktelegramm zu versenden. So kann auf jegliche Art der Stromzufuhr verzichtet werden.&nbsp;&nbsp;&nbsp;<\/p>\n\n\n\n<p>Viele unserer Au\u00dfensensoren arbeiten beispielsweise haupts\u00e4chlich \u00fcber Solarenergie. Platziert man sie an einem ausreichend hellen Ort, sind sie direkt einsatzbereit. Das spart Ressourcen und Energie und macht die Sensoren wartungsfrei.&nbsp;&nbsp;&nbsp;<\/p>\n\n\n\n<p>Mehr \u00fcber unsere Zusammenarbeit mit EnOcean erfahrt ihr <a href=\"https:\/\/www.eltako.de\/unternehmen\/partner-und-allianzen\/enocean\/\">hier<\/a>.<\/p>\n<\/div><\/div>\n<\/div>\n<\/div>\n<\/div><\/div><\/div><\/div>\n\n\n\n<div id=\"\" class=\"wp-block-gosign-gosign-background-contianer gosign-color-section btn-full align-true def-verticalAlignBottom default-padding no-margin custom-width no-min-height lightColorLayout no-top-border no-bottom-border colorSectionFe background-scroll background-repeat overlay-false defined-width\"><div class=\"outer-container background-scroll\" style=\"padding-top:100px;padding-bottom:70px;padding-left:10px;padding-right:10px;background-repeat:repeat;background-color:#ffffff\"><div class=\"inner-container\"><div class=\"contentBlock\" style=\"max-width:1110px\">\n<div class=\"wp-block-columns is-layout-flex wp-container-core-columns-is-layout-9d6595d7 wp-block-columns-is-layout-flex\">\n<div class=\"wp-block-column is-layout-flow wp-block-column-is-layout-flow\">\n<div class=\"wp-block-media-text alignwide has-media-on-the-right is-stacked-on-mobile is-vertically-aligned-center\" style=\"grid-template-columns:auto 35%\"><div class=\"wp-block-media-text__content\">\n<h2 class=\"wp-block-heading has-text-color has-large-font-size\" style=\"color:#0064af;text-transform:uppercase\"><strong>Umweltfreundlicher Bestellvorgang, Versand und Service<\/strong><\/h2>\n\n\n\n<p class=\"has-text-color\" style=\"color:#0064af\">Unsere Kunden-Kommunikationen und -Bestellungen laufen haupts\u00e4chlich digital ab. Der WhatsApp-, Telefon- und Mail-Service greift Kunden unter die Arme und spart gleichzeitig Ressourcen.&nbsp;&nbsp;<\/p>\n\n\n\n<p class=\"has-text-color\" style=\"color:#0064af\">Unsere Verpackungs- und Versandmaterialien bestehen aus Papier, Pappe oder kompostierbarem Kunststoff.&nbsp;<\/p>\n<\/div><figure class=\"wp-block-media-text__media\"><img decoding=\"async\" width=\"600\" height=\"600\" src=\"https:\/\/www.eltako.de\/wp-content\/uploads\/2022\/06\/eltako_website_content_600x600_nachhaltigkeit_02.jpg\" alt=\"\" class=\"wp-image-78744 size-full\" srcset=\"https:\/\/www.eltako.com\/wp-content\/uploads\/2022\/06\/eltako_website_content_600x600_nachhaltigkeit_02.jpg 600w, https:\/\/www.eltako.com\/wp-content\/uploads\/2022\/06\/eltako_website_content_600x600_nachhaltigkeit_02-300x300.jpg 300w, https:\/\/www.eltako.com\/wp-content\/uploads\/2022\/06\/eltako_website_content_600x600_nachhaltigkeit_02-150x150.jpg 150w, https:\/\/www.eltako.com\/wp-content\/uploads\/2022\/06\/eltako_website_content_600x600_nachhaltigkeit_02-100x100.jpg 100w\" sizes=\"(max-width: 600px) 100vw, 600px\" \/><\/figure><\/div>\n<\/div>\n<\/div>\n<\/div><\/div><\/div><\/div>\n\n\n\n<div id=\"\" class=\"wp-block-gosign-gosign-background-contianer gosign-color-section btn-full align-true def-verticalAlignBottom default-padding no-margin custom-width no-min-height lightColorLayout no-top-border no-bottom-border colorSectionFe background-scroll background-repeat overlay-false defined-width\"><div class=\"outer-container background-scroll\" style=\"padding-top:100px;padding-bottom:70px;padding-left:10px;padding-right:10px;background-repeat:repeat;background-color:#0064af\"><div class=\"inner-container\"><div class=\"contentBlock\" style=\"max-width:1110px\">\n<div class=\"wp-block-columns is-layout-flex wp-container-core-columns-is-layout-9d6595d7 wp-block-columns-is-layout-flex\">\n<div class=\"wp-block-column is-layout-flow wp-block-column-is-layout-flow\">\n<div class=\"wp-block-media-text alignwide is-stacked-on-mobile is-vertically-aligned-center\" style=\"grid-template-columns:35% auto\"><figure class=\"wp-block-media-text__media\"><img decoding=\"async\" width=\"600\" height=\"600\" src=\"https:\/\/www.eltako.de\/wp-content\/uploads\/2022\/06\/eltako_website_content_600x600_nachhaltigkeit_03.jpg\" alt=\"\" class=\"wp-image-78753 size-full\" srcset=\"https:\/\/www.eltako.com\/wp-content\/uploads\/2022\/06\/eltako_website_content_600x600_nachhaltigkeit_03.jpg 600w, https:\/\/www.eltako.com\/wp-content\/uploads\/2022\/06\/eltako_website_content_600x600_nachhaltigkeit_03-300x300.jpg 300w, https:\/\/www.eltako.com\/wp-content\/uploads\/2022\/06\/eltako_website_content_600x600_nachhaltigkeit_03-150x150.jpg 150w, https:\/\/www.eltako.com\/wp-content\/uploads\/2022\/06\/eltako_website_content_600x600_nachhaltigkeit_03-100x100.jpg 100w\" sizes=\"(max-width: 600px) 100vw, 600px\" \/><\/figure><div class=\"wp-block-media-text__content\">\n<h2 class=\"wp-block-heading has-large-font-size\" style=\"text-transform:uppercase\"><strong>Kein Standby-Verlust durch bistabile Relais<\/strong><\/h2>\n\n\n\n<p>Durch die Verwendung von bistabilen Relais liegt der Standby-Verlust bei diesen Produkten bei null. Dieser tritt normalerweise auf, wenn ein Relais angezogen ist. Mithilfe einer speziellen Technologie werden unsere mechanisch verriegelt und sparen dadurch diese Energie ein.&nbsp;<\/p>\n<\/div><\/div>\n<\/div>\n<\/div>\n<\/div><\/div><\/div><\/div>\n\n\n\n<div id=\"\" class=\"wp-block-gosign-gosign-background-contianer gosign-color-section btn-full align-true def-verticalAlignBottom default-padding no-margin custom-width no-min-height lightColorLayout no-top-border no-bottom-border colorSectionFe background-scroll background-repeat overlay-false defined-width\"><div class=\"outer-container background-scroll\" style=\"padding-top:100px;padding-bottom:10px;padding-left:10px;padding-right:10px;background-repeat:repeat;background-color:#ffffff\"><div class=\"inner-container\"><div class=\"contentBlock\" style=\"max-width:1110px\">\n<div class=\"wp-block-columns is-layout-flex wp-container-core-columns-is-layout-9d6595d7 wp-block-columns-is-layout-flex\">\n<div class=\"wp-block-column is-layout-flow wp-block-column-is-layout-flow\">\n<div class=\"wp-block-media-text alignwide has-media-on-the-right is-stacked-on-mobile is-vertically-aligned-center\" style=\"grid-template-columns:auto 35%\"><div class=\"wp-block-media-text__content\">\n<h2 class=\"wp-block-heading has-text-color has-large-font-size\" style=\"color:#0064af;text-transform:uppercase\"><strong>E-Mobilit\u00e4t<\/strong><\/h2>\n\n\n\n<p class=\"has-text-color\" style=\"color:#0064af\">Vor \u00fcber 10 Jahren waren wir Teil eines baden-w\u00fcrttembergischen Forschungsprojekts, welches die Alltagstauglichkeit von E-Autos \u00fcberpr\u00fcft hat. Zu dieser Zeit fanden die ersten Autos dieser Art ihren Einsatz in unserem Unternehmen. Mittlerweile wurden viele unserer Mitarbeiter mit elektrisch angetriebenen Fahrzeugen ausgestattet, welche durch die firmeneigenen Lades\u00e4ulen auf unserem Betriebsgel\u00e4nde \u201eaufgetankt\u201c werden k\u00f6nnen.&nbsp;&nbsp;&nbsp;<\/p>\n\n\n\n<p class=\"has-text-color\" style=\"color:#0064af\">Wir sind der \u00dcberzeugung, dass die E-Mobilit\u00e4t einen gro\u00dfen Teil zu einer klimafreundlichen Zukunft beitragen kann und planen deshalb unsere E-Flotte immer weiter auszubauen.&nbsp;<\/p>\n\n\n\n<p class=\"has-text-color\" style=\"color:#0064af\">Ein weiteres umweltfreundliches Angebot f\u00fcr unsere Mitarbeiter entstand durch die Zusammenarbeit mit dem Unternehmen \u201cBusinessBikes\u201d. ELTAKO unterst\u00fctzt alle Angestellten beim Leasing eines Fahrrads, egal ob klassisch oder als modernes E-Bike. Dadurch kommen sie nicht nur schneller von A nach B, k\u00f6nnen mehr Zeit an der frischen Luft genie\u00dfen und trotz des Arbeitsalltags immer in Bewegung bleiben, sondern auch etwas f\u00fcr den Umweltschutz tun!\u00a0<\/p>\n<\/div><figure class=\"wp-block-media-text__media\"><img decoding=\"async\" width=\"600\" height=\"600\" src=\"https:\/\/www.eltako.de\/wp-content\/uploads\/2022\/06\/eltako_website_content_600x600_nachhaltigkeit_04.jpg\" alt=\"\" class=\"wp-image-78762 size-full\" srcset=\"https:\/\/www.eltako.com\/wp-content\/uploads\/2022\/06\/eltako_website_content_600x600_nachhaltigkeit_04.jpg 600w, https:\/\/www.eltako.com\/wp-content\/uploads\/2022\/06\/eltako_website_content_600x600_nachhaltigkeit_04-300x300.jpg 300w, https:\/\/www.eltako.com\/wp-content\/uploads\/2022\/06\/eltako_website_content_600x600_nachhaltigkeit_04-150x150.jpg 150w, https:\/\/www.eltako.com\/wp-content\/uploads\/2022\/06\/eltako_website_content_600x600_nachhaltigkeit_04-100x100.jpg 100w\" sizes=\"(max-width: 600px) 100vw, 600px\" \/><\/figure><\/div>\n<\/div>\n<\/div>\n<\/div><\/div><\/div><\/div>\n\n\n\n<p><\/p>\n","protected":false},"excerpt":{"rendered":"<p>Die Definition f\u00fcr nachhaltige Entwicklung besagt, dass die Bed\u00fcrfnisse der Gegenwart so befriedigt werden m\u00fcssen, dass die M\u00f6glichkeiten zuk\u00fcnftiger Generationen nicht eingeschr\u00e4nkt werden.&nbsp;&nbsp;&nbsp; Wir m\u00f6chten mit unseren Innovationen genau nach diesem Vorsatz arbeiten: Wir entwickeln fortschrittliche Technologien, welche das Leben unserer Kunden jetzt und in der Zukunft verbessern, und verlieren dabei das Ziel, immer nachhaltiger [&hellip;]<\/p>\n","protected":false},"author":39,"featured_media":78772,"parent":63608,"menu_order":2,"comment_status":"closed","ping_status":"closed","template":"templates\/custom_header.php","meta":{"_acf_changed":false,"footnotes":"","_links_to":"","_links_to_target":""},"class_list":["post-77863","page","type-page","status-publish","has-post-thumbnail","hentry"],"acf":[],"yoast_head":"<!-- This site is optimized with the Yoast SEO plugin v27.2 - https:\/\/yoast.com\/product\/yoast-seo-wordpress\/ -->\n<title>Nachhaltigkeit &#187; Eltako<\/title>\n<meta name=\"robots\" content=\"index, follow, max-snippet:-1, max-image-preview:large, max-video-preview:-1\" \/>\n<link rel=\"canonical\" href=\"https:\/\/www.eltako.com\/de\/unternehmen\/nachhaltigkeit\/\" \/>\n<meta property=\"og:locale\" content=\"de_DE\" \/>\n<meta property=\"og:type\" content=\"article\" \/>\n<meta property=\"og:title\" content=\"Nachhaltigkeit &#187; Eltako\" \/>\n<meta property=\"og:description\" content=\"Die Definition f\u00fcr nachhaltige Entwicklung besagt, dass die Bed\u00fcrfnisse der Gegenwart so befriedigt werden m\u00fcssen, dass die M\u00f6glichkeiten zuk\u00fcnftiger Generationen nicht eingeschr\u00e4nkt werden.&nbsp;&nbsp;&nbsp; Wir m\u00f6chten mit unseren Innovationen genau nach diesem Vorsatz arbeiten: Wir entwickeln fortschrittliche Technologien, welche das Leben unserer Kunden jetzt und in der Zukunft verbessern, und verlieren dabei das Ziel, immer nachhaltiger [&hellip;]\" \/>\n<meta property=\"og:url\" content=\"https:\/\/www.eltako.com\/de\/unternehmen\/nachhaltigkeit\/\" \/>\n<meta property=\"og:site_name\" content=\"Eltako\" \/>\n<meta property=\"article:modified_time\" content=\"2024-01-09T12:27:29+00:00\" \/>\n<meta property=\"og:image\" content=\"https:\/\/www.eltako.com\/wp-content\/uploads\/2022\/06\/eltako_website_header_1920x700_nachhaltigkeit_01.jpg\" \/>\n\t<meta property=\"og:image:width\" content=\"1920\" \/>\n\t<meta property=\"og:image:height\" content=\"700\" \/>\n\t<meta property=\"og:image:type\" content=\"image\/jpeg\" \/>\n<meta name=\"twitter:card\" content=\"summary_large_image\" \/>\n<meta name=\"twitter:label1\" content=\"Gesch\u00e4tzte Lesezeit\" \/>\n\t<meta name=\"twitter:data1\" content=\"3\u00a0Minuten\" \/>\n<script type=\"application\/ld+json\" class=\"yoast-schema-graph\">{\"@context\":\"https:\/\/schema.org\",\"@graph\":[{\"@type\":\"WebPage\",\"@id\":\"https:\/\/www.eltako.com\/de\/unternehmen\/nachhaltigkeit\/\",\"url\":\"https:\/\/www.eltako.com\/de\/unternehmen\/nachhaltigkeit\/\",\"name\":\"Nachhaltigkeit &#187; Eltako\",\"isPartOf\":{\"@id\":\"https:\/\/www.eltako.com\/en\/#website\"},\"primaryImageOfPage\":{\"@id\":\"https:\/\/www.eltako.com\/de\/unternehmen\/nachhaltigkeit\/#primaryimage\"},\"image\":{\"@id\":\"https:\/\/www.eltako.com\/de\/unternehmen\/nachhaltigkeit\/#primaryimage\"},\"thumbnailUrl\":\"https:\/\/www.eltako.com\/wp-content\/uploads\/2022\/06\/eltako_website_header_1920x700_nachhaltigkeit_01.jpg\",\"datePublished\":\"2022-07-20T06:36:48+00:00\",\"dateModified\":\"2024-01-09T12:27:29+00:00\",\"breadcrumb\":{\"@id\":\"https:\/\/www.eltako.com\/de\/unternehmen\/nachhaltigkeit\/#breadcrumb\"},\"inLanguage\":\"de\",\"potentialAction\":[{\"@type\":\"ReadAction\",\"target\":[\"https:\/\/www.eltako.com\/de\/unternehmen\/nachhaltigkeit\/\"]}]},{\"@type\":\"ImageObject\",\"inLanguage\":\"de\",\"@id\":\"https:\/\/www.eltako.com\/de\/unternehmen\/nachhaltigkeit\/#primaryimage\",\"url\":\"https:\/\/www.eltako.com\/wp-content\/uploads\/2022\/06\/eltako_website_header_1920x700_nachhaltigkeit_01.jpg\",\"contentUrl\":\"https:\/\/www.eltako.com\/wp-content\/uploads\/2022\/06\/eltako_website_header_1920x700_nachhaltigkeit_01.jpg\",\"width\":1920,\"height\":700},{\"@type\":\"BreadcrumbList\",\"@id\":\"https:\/\/www.eltako.com\/de\/unternehmen\/nachhaltigkeit\/#breadcrumb\",\"itemListElement\":[{\"@type\":\"ListItem\",\"position\":1,\"name\":\"Home\",\"item\":\"https:\/\/www.eltako.com\/de\/\"},{\"@type\":\"ListItem\",\"position\":2,\"name\":\"Unternehmen\",\"item\":\"https:\/\/www.eltako.com\/de\/unternehmen\/\"},{\"@type\":\"ListItem\",\"position\":3,\"name\":\"Nachhaltigkeit\"}]},{\"@type\":\"WebSite\",\"@id\":\"https:\/\/www.eltako.com\/en\/#website\",\"url\":\"https:\/\/www.eltako.com\/en\/\",\"name\":\"Eltako\",\"description\":\"Schaltger\u00e4te, Netzteile, Stromz\u00e4hler, Dimmer, Geb\u00e4udeinstallation, Steuerungstechnik, Smart Home-L\u00f6sungen, Geb\u00e4udefunk, EnOcean-Technologie\",\"potentialAction\":[{\"@type\":\"SearchAction\",\"target\":{\"@type\":\"EntryPoint\",\"urlTemplate\":\"https:\/\/www.eltako.com\/en\/?s={search_term_string}\"},\"query-input\":{\"@type\":\"PropertyValueSpecification\",\"valueRequired\":true,\"valueName\":\"search_term_string\"}}],\"inLanguage\":\"de\"}]}<\/script>\n<!-- \/ Yoast SEO plugin. -->","yoast_head_json":{"title":"Nachhaltigkeit &#187; Eltako","robots":{"index":"index","follow":"follow","max-snippet":"max-snippet:-1","max-image-preview":"max-image-preview:large","max-video-preview":"max-video-preview:-1"},"canonical":"https:\/\/www.eltako.com\/de\/unternehmen\/nachhaltigkeit\/","og_locale":"de_DE","og_type":"article","og_title":"Nachhaltigkeit &#187; Eltako","og_description":"Die Definition f\u00fcr nachhaltige Entwicklung besagt, dass die Bed\u00fcrfnisse der Gegenwart so befriedigt werden m\u00fcssen, dass die M\u00f6glichkeiten zuk\u00fcnftiger Generationen nicht eingeschr\u00e4nkt werden.&nbsp;&nbsp;&nbsp; Wir m\u00f6chten mit unseren Innovationen genau nach diesem Vorsatz arbeiten: Wir entwickeln fortschrittliche Technologien, welche das Leben unserer Kunden jetzt und in der Zukunft verbessern, und verlieren dabei das Ziel, immer nachhaltiger [&hellip;]","og_url":"https:\/\/www.eltako.com\/de\/unternehmen\/nachhaltigkeit\/","og_site_name":"Eltako","article_modified_time":"2024-01-09T12:27:29+00:00","og_image":[{"width":1920,"height":700,"url":"https:\/\/www.eltako.com\/wp-content\/uploads\/2022\/06\/eltako_website_header_1920x700_nachhaltigkeit_01.jpg","type":"image\/jpeg"}],"twitter_card":"summary_large_image","twitter_misc":{"Gesch\u00e4tzte Lesezeit":"3\u00a0Minuten"},"schema":{"@context":"https:\/\/schema.org","@graph":[{"@type":"WebPage","@id":"https:\/\/www.eltako.com\/de\/unternehmen\/nachhaltigkeit\/","url":"https:\/\/www.eltako.com\/de\/unternehmen\/nachhaltigkeit\/","name":"Nachhaltigkeit &#187; Eltako","isPartOf":{"@id":"https:\/\/www.eltako.com\/en\/#website"},"primaryImageOfPage":{"@id":"https:\/\/www.eltako.com\/de\/unternehmen\/nachhaltigkeit\/#primaryimage"},"image":{"@id":"https:\/\/www.eltako.com\/de\/unternehmen\/nachhaltigkeit\/#primaryimage"},"thumbnailUrl":"https:\/\/www.eltako.com\/wp-content\/uploads\/2022\/06\/eltako_website_header_1920x700_nachhaltigkeit_01.jpg","datePublished":"2022-07-20T06:36:48+00:00","dateModified":"2024-01-09T12:27:29+00:00","breadcrumb":{"@id":"https:\/\/www.eltako.com\/de\/unternehmen\/nachhaltigkeit\/#breadcrumb"},"inLanguage":"de","potentialAction":[{"@type":"ReadAction","target":["https:\/\/www.eltako.com\/de\/unternehmen\/nachhaltigkeit\/"]}]},{"@type":"ImageObject","inLanguage":"de","@id":"https:\/\/www.eltako.com\/de\/unternehmen\/nachhaltigkeit\/#primaryimage","url":"https:\/\/www.eltako.com\/wp-content\/uploads\/2022\/06\/eltako_website_header_1920x700_nachhaltigkeit_01.jpg","contentUrl":"https:\/\/www.eltako.com\/wp-content\/uploads\/2022\/06\/eltako_website_header_1920x700_nachhaltigkeit_01.jpg","width":1920,"height":700},{"@type":"BreadcrumbList","@id":"https:\/\/www.eltako.com\/de\/unternehmen\/nachhaltigkeit\/#breadcrumb","itemListElement":[{"@type":"ListItem","position":1,"name":"Home","item":"https:\/\/www.eltako.com\/de\/"},{"@type":"ListItem","position":2,"name":"Unternehmen","item":"https:\/\/www.eltako.com\/de\/unternehmen\/"},{"@type":"ListItem","position":3,"name":"Nachhaltigkeit"}]},{"@type":"WebSite","@id":"https:\/\/www.eltako.com\/en\/#website","url":"https:\/\/www.eltako.com\/en\/","name":"Eltako","description":"Schaltger\u00e4te, Netzteile, Stromz\u00e4hler, Dimmer, Geb\u00e4udeinstallation, Steuerungstechnik, Smart Home-L\u00f6sungen, Geb\u00e4udefunk, EnOcean-Technologie","potentialAction":[{"@type":"SearchAction","target":{"@type":"EntryPoint","urlTemplate":"https:\/\/www.eltako.com\/en\/?s={search_term_string}"},"query-input":{"@type":"PropertyValueSpecification","valueRequired":true,"valueName":"search_term_string"}}],"inLanguage":"de"}]}},"_links":{"self":[{"href":"https:\/\/www.eltako.com\/de\/wp-json\/wp\/v2\/pages\/77863","targetHints":{"allow":["GET"]}}],"collection":[{"href":"https:\/\/www.eltako.com\/de\/wp-json\/wp\/v2\/pages"}],"about":[{"href":"https:\/\/www.eltako.com\/de\/wp-json\/wp\/v2\/types\/page"}],"author":[{"embeddable":true,"href":"https:\/\/www.eltako.com\/de\/wp-json\/wp\/v2\/users\/39"}],"replies":[{"embeddable":true,"href":"https:\/\/www.eltako.com\/de\/wp-json\/wp\/v2\/comments?post=77863"}],"version-history":[{"count":4,"href":"https:\/\/www.eltako.com\/de\/wp-json\/wp\/v2\/pages\/77863\/revisions"}],"predecessor-version":[{"id":135556,"href":"https:\/\/www.eltako.com\/de\/wp-json\/wp\/v2\/pages\/77863\/revisions\/135556"}],"up":[{"embeddable":true,"href":"https:\/\/www.eltako.com\/de\/wp-json\/wp\/v2\/pages\/63608"}],"wp:featuredmedia":[{"embeddable":true,"href":"https:\/\/www.eltako.com\/de\/wp-json\/wp\/v2\/media\/78772"}],"wp:attachment":[{"href":"https:\/\/www.eltako.com\/de\/wp-json\/wp\/v2\/media?parent=77863"}],"curies":[{"name":"wp","href":"https:\/\/api.w.org\/{rel}","templated":true}]}}