{"id":62989,"date":"2022-03-15T15:46:24","date_gmt":"2022-03-15T14:46:24","guid":{"rendered":"https:\/\/betax923lb8kd7v0.eltako.de\/?page_id=62989"},"modified":"2022-06-01T08:03:42","modified_gmt":"2022-06-01T06:03:42","slug":"handball","status":"publish","type":"page","link":"https:\/\/www.eltako.com\/de\/unternehmen\/sponsoring\/handball\/","title":{"rendered":"HANDBALL"},"content":{"rendered":"\n<div style=\"height:60px\" aria-hidden=\"true\" class=\"wp-block-spacer\"><\/div>\n\n\n\n<div class=\"wp-block-columns is-layout-flex wp-container-core-columns-is-layout-9d6595d7 wp-block-columns-is-layout-flex\">\n<div class=\"wp-block-column is-layout-flow wp-block-column-is-layout-flow\" style=\"flex-basis:66.66%\">\n<p>Handballfans aufgepasst! Wir m\u00f6chten euch ein Nachwuchsteam aus unserer Region vorstellen, welches ebenfalls Teil des Eltako Sponsoring ist.<\/p>\n<\/div>\n\n\n\n<div class=\"wp-block-column is-layout-flow wp-block-column-is-layout-flow\" style=\"flex-basis:33.33%\">\n<figure class=\"wp-block-image size-full .logo-img {max-width: auto;\"><img decoding=\"async\" width=\"600\" height=\"134\" src=\"https:\/\/www.eltako.de\/wp-content\/uploads\/2022\/05\/tvp-logo_testpng.png\" alt=\"\" class=\"wp-image-77007\" srcset=\"https:\/\/www.eltako.com\/wp-content\/uploads\/2022\/05\/tvp-logo_testpng.png 600w, https:\/\/www.eltako.com\/wp-content\/uploads\/2022\/05\/tvp-logo_testpng-300x67.png 300w\" sizes=\"(max-width: 600px) 100vw, 600px\" \/><\/figure>\n<\/div>\n<\/div>\n\n\n\n<div class=\"wp-block-media-text alignwide has-media-on-the-right is-stacked-on-mobile is-vertically-aligned-center has-background\" style=\"background-color:#e9e9e9;grid-template-columns:auto 40%\"><figure class=\"wp-block-media-text__media\"><img decoding=\"async\" width=\"600\" height=\"600\" src=\"https:\/\/www.eltako.de\/wp-content\/uploads\/2022\/05\/eltako_website_content_600x600_handball_team.jpg\" alt=\"\" class=\"wp-image-76943 size-medium\" srcset=\"https:\/\/www.eltako.com\/wp-content\/uploads\/2022\/05\/eltako_website_content_600x600_handball_team.jpg 600w, https:\/\/www.eltako.com\/wp-content\/uploads\/2022\/05\/eltako_website_content_600x600_handball_team-300x300.jpg 300w, https:\/\/www.eltako.com\/wp-content\/uploads\/2022\/05\/eltako_website_content_600x600_handball_team-150x150.jpg 150w, https:\/\/www.eltako.com\/wp-content\/uploads\/2022\/05\/eltako_website_content_600x600_handball_team-100x100.jpg 100w\" sizes=\"(max-width: 600px) 100vw, 600px\" \/><\/figure><div class=\"wp-block-media-text__content\">\n<div class=\"wp-block-group\" style=\"padding-top:2em;padding-right:2em;padding-bottom:2em;padding-left:2em\"><div class=\"wp-block-group__inner-container is-layout-flow wp-block-group-is-layout-flow\">\n<p style=\"font-size:36px;line-height:1.2\"><strong>TEAM<\/strong><\/p>\n\n\n\n<p class=\"has-extra-small-font-size\">Die motivierten Spielerinnen der weiblichen D-Jugend spielen f\u00fcr den Plochinger VTP und sind bereit nach den coronabedingten Saisonausf\u00e4llen wieder voll anzugreifen.<strong>&nbsp;<\/strong><\/p>\n<\/div><\/div>\n<\/div><\/div>\n\n\n\n<div style=\"height:30px\" aria-hidden=\"true\" class=\"wp-block-spacer\"><\/div>\n\n\n\n<div class=\"wp-block-media-text alignwide has-media-on-the-right is-stacked-on-mobile is-vertically-aligned-center has-background\" style=\"background-color:#e9e9e9;grid-template-columns:auto 40%\"><figure class=\"wp-block-media-text__media\"><img decoding=\"async\" width=\"600\" height=\"600\" src=\"https:\/\/www.eltako.de\/wp-content\/uploads\/2022\/05\/eltako_website_content_600x600_handball_verein.jpg\" alt=\"\" class=\"wp-image-76951 size-full\" srcset=\"https:\/\/www.eltako.com\/wp-content\/uploads\/2022\/05\/eltako_website_content_600x600_handball_verein.jpg 600w, https:\/\/www.eltako.com\/wp-content\/uploads\/2022\/05\/eltako_website_content_600x600_handball_verein-300x300.jpg 300w, https:\/\/www.eltako.com\/wp-content\/uploads\/2022\/05\/eltako_website_content_600x600_handball_verein-150x150.jpg 150w, https:\/\/www.eltako.com\/wp-content\/uploads\/2022\/05\/eltako_website_content_600x600_handball_verein-100x100.jpg 100w\" sizes=\"(max-width: 600px) 100vw, 600px\" \/><\/figure><div class=\"wp-block-media-text__content\">\n<div class=\"wp-block-group\" style=\"padding-top:2em;padding-right:2em;padding-bottom:2em;padding-left:2em\"><div class=\"wp-block-group__inner-container is-layout-flow wp-block-group-is-layout-flow\">\n<p style=\"font-size:36px;line-height:1.2\"><strong>VEREIN<\/strong><\/p>\n\n\n\n<p class=\"has-extra-small-font-size\">Der Verein besteht aus mehreren Mannschaften und betreut unter anderem ein M\u00e4nner-Team, welches in der 3. Liga spielt. Die erste Frauenmannschaft besteht aus einem Mix aus Nachwuchsspielerinnen und Aktiven, welche gerade dabei sind, sich als neues Team im deutschen Handball zu etablieren. Die D-Jugend Spielerinnen arbeiten hart, um sp\u00e4ter auch Teil dieser Mannschaft zu sein.<\/p>\n<\/div><\/div>\n<\/div><\/div>\n\n\n\n<div style=\"height:30px\" aria-hidden=\"true\" class=\"wp-block-spacer\"><\/div>\n\n\n\n<div class=\"wp-block-media-text alignwide has-media-on-the-right is-stacked-on-mobile is-vertically-aligned-center has-background\" style=\"background-color:#e9e9e9;grid-template-columns:auto 40%\"><figure class=\"wp-block-media-text__media\"><img decoding=\"async\" width=\"600\" height=\"600\" src=\"https:\/\/www.eltako.de\/wp-content\/uploads\/2022\/05\/eltako_website_content_600x600_handball_neuigkeiten.jpg\" alt=\"\" class=\"wp-image-76959 size-full\" srcset=\"https:\/\/www.eltako.com\/wp-content\/uploads\/2022\/05\/eltako_website_content_600x600_handball_neuigkeiten.jpg 600w, https:\/\/www.eltako.com\/wp-content\/uploads\/2022\/05\/eltako_website_content_600x600_handball_neuigkeiten-300x300.jpg 300w, https:\/\/www.eltako.com\/wp-content\/uploads\/2022\/05\/eltako_website_content_600x600_handball_neuigkeiten-150x150.jpg 150w, https:\/\/www.eltako.com\/wp-content\/uploads\/2022\/05\/eltako_website_content_600x600_handball_neuigkeiten-100x100.jpg 100w\" sizes=\"(max-width: 600px) 100vw, 600px\" \/><\/figure><div class=\"wp-block-media-text__content\">\n<div class=\"wp-block-group\" style=\"padding-top:2em;padding-right:2em;padding-bottom:2em;padding-left:2em\"><div class=\"wp-block-group__inner-container is-layout-flow wp-block-group-is-layout-flow\">\n<p style=\"font-size:36px;line-height:1.2\"><strong>NEUIGKEITEN<\/strong><\/p>\n\n\n\n<p class=\"has-extra-small-font-size\">Ende April feierte das Team den Abschluss einer erfolgreichen Saison. Wir sind gespannt, was diese Saison mit sich bringen wird. Unsere Spielerinnen bereiten sich aktuell auf ihren offiziellen Startschuss im September vor.&nbsp;<\/p>\n<\/div><\/div>\n<\/div><\/div>\n\n\n\n<div style=\"height:30px\" aria-hidden=\"true\" class=\"wp-block-spacer\"><\/div>\n","protected":false},"excerpt":{"rendered":"<p>Handballfans aufgepasst! Wir m\u00f6chten euch ein Nachwuchsteam aus unserer Region vorstellen, welches ebenfalls Teil des Eltako Sponsoring ist.<\/p>\n","protected":false},"author":31,"featured_media":76968,"parent":62431,"menu_order":0,"comment_status":"closed","ping_status":"closed","template":"templates\/custom_header.php","meta":{"_acf_changed":false,"footnotes":"","_links_to":"","_links_to_target":""},"class_list":["post-62989","page","type-page","status-publish","has-post-thumbnail","hentry"],"acf":[],"yoast_head":"<!-- This site is optimized with the Yoast SEO plugin v27.2 - https:\/\/yoast.com\/product\/yoast-seo-wordpress\/ -->\n<title>HANDBALL &#187; Eltako<\/title>\n<meta name=\"robots\" content=\"index, follow, max-snippet:-1, max-image-preview:large, max-video-preview:-1\" \/>\n<link rel=\"canonical\" href=\"https:\/\/www.eltako.com\/de\/unternehmen\/sponsoring\/handball\/\" \/>\n<meta property=\"og:locale\" content=\"de_DE\" \/>\n<meta property=\"og:type\" content=\"article\" \/>\n<meta property=\"og:title\" content=\"HANDBALL &#187; Eltako\" \/>\n<meta property=\"og:description\" content=\"Handballfans aufgepasst! Wir m\u00f6chten euch ein Nachwuchsteam aus unserer Region vorstellen, welches ebenfalls Teil des Eltako Sponsoring ist.\" \/>\n<meta property=\"og:url\" content=\"https:\/\/www.eltako.com\/de\/unternehmen\/sponsoring\/handball\/\" \/>\n<meta property=\"og:site_name\" content=\"Eltako\" \/>\n<meta property=\"article:modified_time\" content=\"2022-06-01T06:03:42+00:00\" \/>\n<meta property=\"og:image\" content=\"https:\/\/www.eltako.com\/wp-content\/uploads\/2022\/05\/eltako_website_header_1920x700_handball.jpg\" \/>\n\t<meta property=\"og:image:width\" content=\"1920\" \/>\n\t<meta property=\"og:image:height\" content=\"700\" \/>\n\t<meta property=\"og:image:type\" content=\"image\/jpeg\" \/>\n<meta name=\"twitter:card\" content=\"summary_large_image\" \/>\n<meta name=\"twitter:label1\" content=\"Gesch\u00e4tzte Lesezeit\" \/>\n\t<meta name=\"twitter:data1\" content=\"2\u00a0Minuten\" \/>\n<script type=\"application\/ld+json\" class=\"yoast-schema-graph\">{\"@context\":\"https:\/\/schema.org\",\"@graph\":[{\"@type\":\"WebPage\",\"@id\":\"https:\/\/www.eltako.com\/de\/unternehmen\/sponsoring\/handball\/\",\"url\":\"https:\/\/www.eltako.com\/de\/unternehmen\/sponsoring\/handball\/\",\"name\":\"HANDBALL &#187; Eltako\",\"isPartOf\":{\"@id\":\"https:\/\/www.eltako.com\/en\/#website\"},\"primaryImageOfPage\":{\"@id\":\"https:\/\/www.eltako.com\/de\/unternehmen\/sponsoring\/handball\/#primaryimage\"},\"image\":{\"@id\":\"https:\/\/www.eltako.com\/de\/unternehmen\/sponsoring\/handball\/#primaryimage\"},\"thumbnailUrl\":\"https:\/\/www.eltako.com\/wp-content\/uploads\/2022\/05\/eltako_website_header_1920x700_handball.jpg\",\"datePublished\":\"2022-03-15T14:46:24+00:00\",\"dateModified\":\"2022-06-01T06:03:42+00:00\",\"breadcrumb\":{\"@id\":\"https:\/\/www.eltako.com\/de\/unternehmen\/sponsoring\/handball\/#breadcrumb\"},\"inLanguage\":\"de\",\"potentialAction\":[{\"@type\":\"ReadAction\",\"target\":[\"https:\/\/www.eltako.com\/de\/unternehmen\/sponsoring\/handball\/\"]}]},{\"@type\":\"ImageObject\",\"inLanguage\":\"de\",\"@id\":\"https:\/\/www.eltako.com\/de\/unternehmen\/sponsoring\/handball\/#primaryimage\",\"url\":\"https:\/\/www.eltako.com\/wp-content\/uploads\/2022\/05\/eltako_website_header_1920x700_handball.jpg\",\"contentUrl\":\"https:\/\/www.eltako.com\/wp-content\/uploads\/2022\/05\/eltako_website_header_1920x700_handball.jpg\",\"width\":1920,\"height\":700},{\"@type\":\"BreadcrumbList\",\"@id\":\"https:\/\/www.eltako.com\/de\/unternehmen\/sponsoring\/handball\/#breadcrumb\",\"itemListElement\":[{\"@type\":\"ListItem\",\"position\":1,\"name\":\"Home\",\"item\":\"https:\/\/www.eltako.com\/de\/\"},{\"@type\":\"ListItem\",\"position\":2,\"name\":\"Unternehmen\",\"item\":\"https:\/\/www.eltako.com\/de\/unternehmen\/\"},{\"@type\":\"ListItem\",\"position\":3,\"name\":\"Sponsoring\",\"item\":\"https:\/\/www.eltako.com\/de\/unternehmen\/sponsoring\/\"},{\"@type\":\"ListItem\",\"position\":4,\"name\":\"HANDBALL\"}]},{\"@type\":\"WebSite\",\"@id\":\"https:\/\/www.eltako.com\/en\/#website\",\"url\":\"https:\/\/www.eltako.com\/en\/\",\"name\":\"Eltako\",\"description\":\"Schaltger\u00e4te, Netzteile, Stromz\u00e4hler, Dimmer, Geb\u00e4udeinstallation, Steuerungstechnik, Smart Home-L\u00f6sungen, Geb\u00e4udefunk, EnOcean-Technologie\",\"potentialAction\":[{\"@type\":\"SearchAction\",\"target\":{\"@type\":\"EntryPoint\",\"urlTemplate\":\"https:\/\/www.eltako.com\/en\/?s={search_term_string}\"},\"query-input\":{\"@type\":\"PropertyValueSpecification\",\"valueRequired\":true,\"valueName\":\"search_term_string\"}}],\"inLanguage\":\"de\"}]}<\/script>\n<!-- \/ Yoast SEO plugin. -->","yoast_head_json":{"title":"HANDBALL &#187; Eltako","robots":{"index":"index","follow":"follow","max-snippet":"max-snippet:-1","max-image-preview":"max-image-preview:large","max-video-preview":"max-video-preview:-1"},"canonical":"https:\/\/www.eltako.com\/de\/unternehmen\/sponsoring\/handball\/","og_locale":"de_DE","og_type":"article","og_title":"HANDBALL &#187; Eltako","og_description":"Handballfans aufgepasst! Wir m\u00f6chten euch ein Nachwuchsteam aus unserer Region vorstellen, welches ebenfalls Teil des Eltako Sponsoring ist.","og_url":"https:\/\/www.eltako.com\/de\/unternehmen\/sponsoring\/handball\/","og_site_name":"Eltako","article_modified_time":"2022-06-01T06:03:42+00:00","og_image":[{"width":1920,"height":700,"url":"https:\/\/www.eltako.com\/wp-content\/uploads\/2022\/05\/eltako_website_header_1920x700_handball.jpg","type":"image\/jpeg"}],"twitter_card":"summary_large_image","twitter_misc":{"Gesch\u00e4tzte Lesezeit":"2\u00a0Minuten"},"schema":{"@context":"https:\/\/schema.org","@graph":[{"@type":"WebPage","@id":"https:\/\/www.eltako.com\/de\/unternehmen\/sponsoring\/handball\/","url":"https:\/\/www.eltako.com\/de\/unternehmen\/sponsoring\/handball\/","name":"HANDBALL &#187; Eltako","isPartOf":{"@id":"https:\/\/www.eltako.com\/en\/#website"},"primaryImageOfPage":{"@id":"https:\/\/www.eltako.com\/de\/unternehmen\/sponsoring\/handball\/#primaryimage"},"image":{"@id":"https:\/\/www.eltako.com\/de\/unternehmen\/sponsoring\/handball\/#primaryimage"},"thumbnailUrl":"https:\/\/www.eltako.com\/wp-content\/uploads\/2022\/05\/eltako_website_header_1920x700_handball.jpg","datePublished":"2022-03-15T14:46:24+00:00","dateModified":"2022-06-01T06:03:42+00:00","breadcrumb":{"@id":"https:\/\/www.eltako.com\/de\/unternehmen\/sponsoring\/handball\/#breadcrumb"},"inLanguage":"de","potentialAction":[{"@type":"ReadAction","target":["https:\/\/www.eltako.com\/de\/unternehmen\/sponsoring\/handball\/"]}]},{"@type":"ImageObject","inLanguage":"de","@id":"https:\/\/www.eltako.com\/de\/unternehmen\/sponsoring\/handball\/#primaryimage","url":"https:\/\/www.eltako.com\/wp-content\/uploads\/2022\/05\/eltako_website_header_1920x700_handball.jpg","contentUrl":"https:\/\/www.eltako.com\/wp-content\/uploads\/2022\/05\/eltako_website_header_1920x700_handball.jpg","width":1920,"height":700},{"@type":"BreadcrumbList","@id":"https:\/\/www.eltako.com\/de\/unternehmen\/sponsoring\/handball\/#breadcrumb","itemListElement":[{"@type":"ListItem","position":1,"name":"Home","item":"https:\/\/www.eltako.com\/de\/"},{"@type":"ListItem","position":2,"name":"Unternehmen","item":"https:\/\/www.eltako.com\/de\/unternehmen\/"},{"@type":"ListItem","position":3,"name":"Sponsoring","item":"https:\/\/www.eltako.com\/de\/unternehmen\/sponsoring\/"},{"@type":"ListItem","position":4,"name":"HANDBALL"}]},{"@type":"WebSite","@id":"https:\/\/www.eltako.com\/en\/#website","url":"https:\/\/www.eltako.com\/en\/","name":"Eltako","description":"Schaltger\u00e4te, Netzteile, Stromz\u00e4hler, Dimmer, Geb\u00e4udeinstallation, Steuerungstechnik, Smart Home-L\u00f6sungen, Geb\u00e4udefunk, EnOcean-Technologie","potentialAction":[{"@type":"SearchAction","target":{"@type":"EntryPoint","urlTemplate":"https:\/\/www.eltako.com\/en\/?s={search_term_string}"},"query-input":{"@type":"PropertyValueSpecification","valueRequired":true,"valueName":"search_term_string"}}],"inLanguage":"de"}]}},"_links":{"self":[{"href":"https:\/\/www.eltako.com\/de\/wp-json\/wp\/v2\/pages\/62989","targetHints":{"allow":["GET"]}}],"collection":[{"href":"https:\/\/www.eltako.com\/de\/wp-json\/wp\/v2\/pages"}],"about":[{"href":"https:\/\/www.eltako.com\/de\/wp-json\/wp\/v2\/types\/page"}],"author":[{"embeddable":true,"href":"https:\/\/www.eltako.com\/de\/wp-json\/wp\/v2\/users\/31"}],"replies":[{"embeddable":true,"href":"https:\/\/www.eltako.com\/de\/wp-json\/wp\/v2\/comments?post=62989"}],"version-history":[{"count":0,"href":"https:\/\/www.eltako.com\/de\/wp-json\/wp\/v2\/pages\/62989\/revisions"}],"up":[{"embeddable":true,"href":"https:\/\/www.eltako.com\/de\/wp-json\/wp\/v2\/pages\/62431"}],"wp:featuredmedia":[{"embeddable":true,"href":"https:\/\/www.eltako.com\/de\/wp-json\/wp\/v2\/media\/76968"}],"wp:attachment":[{"href":"https:\/\/www.eltako.com\/de\/wp-json\/wp\/v2\/media?parent=62989"}],"curies":[{"name":"wp","href":"https:\/\/api.w.org\/{rel}","templated":true}]}}