{"id":53,"date":"2020-06-30T14:06:52","date_gmt":"2020-06-30T12:06:52","guid":{"rendered":"https:\/\/www.eltako.de\/__dev\/?page_id=53"},"modified":"2026-04-01T11:22:53","modified_gmt":"2026-04-01T09:22:53","slug":"kontakte","status":"publish","type":"page","link":"https:\/\/www.eltako.com\/de\/unternehmen\/kontakte\/","title":{"rendered":"Kontakt"},"content":{"rendered":"\n<p>Fusce congue augue elementum, mollis sapien quis, posuere ex. Vestibulum tincidunt pulvinar efficitur. Mauris lobortis felis in tellus ultrices varius. Phasellus vitae eros finibus felis venenatis pulvinar sed ac ante.<\/p>\n","protected":false},"excerpt":{"rendered":"<p>Fusce congue augue elementum, mollis sapien quis, posuere ex. Vestibulum tincidunt pulvinar efficitur. Mauris lobortis felis in tellus ultrices varius. Phasellus vitae eros finibus felis venenatis pulvinar sed ac ante.<\/p>\n","protected":false},"author":31,"featured_media":117168,"parent":63608,"menu_order":4,"comment_status":"closed","ping_status":"closed","template":"templates\/kontakte.php","meta":{"_acf_changed":false,"footnotes":"","_links_to":"","_links_to_target":""},"class_list":["post-53","page","type-page","status-publish","has-post-thumbnail","hentry"],"acf":[],"yoast_head":"<!-- This site is optimized with the Yoast SEO plugin v27.2 - https:\/\/yoast.com\/product\/yoast-seo-wordpress\/ -->\n<title>Kontakt &#187; Eltako<\/title>\n<meta name=\"robots\" content=\"index, follow, max-snippet:-1, max-image-preview:large, max-video-preview:-1\" \/>\n<link rel=\"canonical\" href=\"https:\/\/www.eltako.com\/de\/unternehmen\/kontakte\/\" \/>\n<meta property=\"og:locale\" content=\"de_DE\" \/>\n<meta property=\"og:type\" content=\"article\" \/>\n<meta property=\"og:title\" content=\"Kontakt &#187; Eltako\" \/>\n<meta property=\"og:description\" content=\"Fusce congue augue elementum, mollis sapien quis, posuere ex. Vestibulum tincidunt pulvinar efficitur. Mauris lobortis felis in tellus ultrices varius. Phasellus vitae eros finibus felis venenatis pulvinar sed ac ante.\" \/>\n<meta property=\"og:url\" content=\"https:\/\/www.eltako.com\/de\/unternehmen\/kontakte\/\" \/>\n<meta property=\"og:site_name\" content=\"Eltako\" \/>\n<meta property=\"article:modified_time\" content=\"2026-04-01T09:22:53+00:00\" \/>\n<meta property=\"og:image\" content=\"https:\/\/www.eltako.com\/wp-content\/uploads\/2022\/09\/eltako_website_header_1920x700_kontakt.jpg\" \/>\n\t<meta property=\"og:image:width\" content=\"1920\" \/>\n\t<meta property=\"og:image:height\" content=\"700\" \/>\n\t<meta property=\"og:image:type\" content=\"image\/jpeg\" \/>\n<meta name=\"twitter:card\" content=\"summary_large_image\" \/>\n<meta name=\"twitter:label1\" content=\"Gesch\u00e4tzte Lesezeit\" \/>\n\t<meta name=\"twitter:data1\" content=\"5\u00a0Minuten\" \/>\n<script type=\"application\/ld+json\" class=\"yoast-schema-graph\">{\"@context\":\"https:\/\/schema.org\",\"@graph\":[{\"@type\":\"WebPage\",\"@id\":\"https:\/\/www.eltako.com\/de\/unternehmen\/kontakte\/\",\"url\":\"https:\/\/www.eltako.com\/de\/unternehmen\/kontakte\/\",\"name\":\"Kontakt &#187; Eltako\",\"isPartOf\":{\"@id\":\"https:\/\/www.eltako.com\/en\/#website\"},\"primaryImageOfPage\":{\"@id\":\"https:\/\/www.eltako.com\/de\/unternehmen\/kontakte\/#primaryimage\"},\"image\":{\"@id\":\"https:\/\/www.eltako.com\/de\/unternehmen\/kontakte\/#primaryimage\"},\"thumbnailUrl\":\"https:\/\/www.eltako.com\/wp-content\/uploads\/2022\/09\/eltako_website_header_1920x700_kontakt.jpg\",\"datePublished\":\"2020-06-30T12:06:52+00:00\",\"dateModified\":\"2026-04-01T09:22:53+00:00\",\"breadcrumb\":{\"@id\":\"https:\/\/www.eltako.com\/de\/unternehmen\/kontakte\/#breadcrumb\"},\"inLanguage\":\"de\",\"potentialAction\":[{\"@type\":\"ReadAction\",\"target\":[\"https:\/\/www.eltako.com\/de\/unternehmen\/kontakte\/\"]}]},{\"@type\":\"ImageObject\",\"inLanguage\":\"de\",\"@id\":\"https:\/\/www.eltako.com\/de\/unternehmen\/kontakte\/#primaryimage\",\"url\":\"https:\/\/www.eltako.com\/wp-content\/uploads\/2022\/09\/eltako_website_header_1920x700_kontakt.jpg\",\"contentUrl\":\"https:\/\/www.eltako.com\/wp-content\/uploads\/2022\/09\/eltako_website_header_1920x700_kontakt.jpg\",\"width\":1920,\"height\":700},{\"@type\":\"BreadcrumbList\",\"@id\":\"https:\/\/www.eltako.com\/de\/unternehmen\/kontakte\/#breadcrumb\",\"itemListElement\":[{\"@type\":\"ListItem\",\"position\":1,\"name\":\"Home\",\"item\":\"https:\/\/www.eltako.com\/de\/\"},{\"@type\":\"ListItem\",\"position\":2,\"name\":\"Unternehmen\",\"item\":\"https:\/\/www.eltako.com\/de\/unternehmen\/\"},{\"@type\":\"ListItem\",\"position\":3,\"name\":\"Kontakt\"}]},{\"@type\":\"WebSite\",\"@id\":\"https:\/\/www.eltako.com\/en\/#website\",\"url\":\"https:\/\/www.eltako.com\/en\/\",\"name\":\"Eltako\",\"description\":\"Schaltger\u00e4te, Netzteile, Stromz\u00e4hler, Dimmer, Geb\u00e4udeinstallation, Steuerungstechnik, Smart Home-L\u00f6sungen, Geb\u00e4udefunk, EnOcean-Technologie\",\"potentialAction\":[{\"@type\":\"SearchAction\",\"target\":{\"@type\":\"EntryPoint\",\"urlTemplate\":\"https:\/\/www.eltako.com\/en\/?s={search_term_string}\"},\"query-input\":{\"@type\":\"PropertyValueSpecification\",\"valueRequired\":true,\"valueName\":\"search_term_string\"}}],\"inLanguage\":\"de\"}]}<\/script>\n<!-- \/ Yoast SEO plugin. -->","yoast_head_json":{"title":"Kontakt &#187; Eltako","robots":{"index":"index","follow":"follow","max-snippet":"max-snippet:-1","max-image-preview":"max-image-preview:large","max-video-preview":"max-video-preview:-1"},"canonical":"https:\/\/www.eltako.com\/de\/unternehmen\/kontakte\/","og_locale":"de_DE","og_type":"article","og_title":"Kontakt &#187; Eltako","og_description":"Fusce congue augue elementum, mollis sapien quis, posuere ex. Vestibulum tincidunt pulvinar efficitur. Mauris lobortis felis in tellus ultrices varius. Phasellus vitae eros finibus felis venenatis pulvinar sed ac ante.","og_url":"https:\/\/www.eltako.com\/de\/unternehmen\/kontakte\/","og_site_name":"Eltako","article_modified_time":"2026-04-01T09:22:53+00:00","og_image":[{"width":1920,"height":700,"url":"https:\/\/www.eltako.com\/wp-content\/uploads\/2022\/09\/eltako_website_header_1920x700_kontakt.jpg","type":"image\/jpeg"}],"twitter_card":"summary_large_image","twitter_misc":{"Gesch\u00e4tzte Lesezeit":"5\u00a0Minuten"},"schema":{"@context":"https:\/\/schema.org","@graph":[{"@type":"WebPage","@id":"https:\/\/www.eltako.com\/de\/unternehmen\/kontakte\/","url":"https:\/\/www.eltako.com\/de\/unternehmen\/kontakte\/","name":"Kontakt &#187; Eltako","isPartOf":{"@id":"https:\/\/www.eltako.com\/en\/#website"},"primaryImageOfPage":{"@id":"https:\/\/www.eltako.com\/de\/unternehmen\/kontakte\/#primaryimage"},"image":{"@id":"https:\/\/www.eltako.com\/de\/unternehmen\/kontakte\/#primaryimage"},"thumbnailUrl":"https:\/\/www.eltako.com\/wp-content\/uploads\/2022\/09\/eltako_website_header_1920x700_kontakt.jpg","datePublished":"2020-06-30T12:06:52+00:00","dateModified":"2026-04-01T09:22:53+00:00","breadcrumb":{"@id":"https:\/\/www.eltako.com\/de\/unternehmen\/kontakte\/#breadcrumb"},"inLanguage":"de","potentialAction":[{"@type":"ReadAction","target":["https:\/\/www.eltako.com\/de\/unternehmen\/kontakte\/"]}]},{"@type":"ImageObject","inLanguage":"de","@id":"https:\/\/www.eltako.com\/de\/unternehmen\/kontakte\/#primaryimage","url":"https:\/\/www.eltako.com\/wp-content\/uploads\/2022\/09\/eltako_website_header_1920x700_kontakt.jpg","contentUrl":"https:\/\/www.eltako.com\/wp-content\/uploads\/2022\/09\/eltako_website_header_1920x700_kontakt.jpg","width":1920,"height":700},{"@type":"BreadcrumbList","@id":"https:\/\/www.eltako.com\/de\/unternehmen\/kontakte\/#breadcrumb","itemListElement":[{"@type":"ListItem","position":1,"name":"Home","item":"https:\/\/www.eltako.com\/de\/"},{"@type":"ListItem","position":2,"name":"Unternehmen","item":"https:\/\/www.eltako.com\/de\/unternehmen\/"},{"@type":"ListItem","position":3,"name":"Kontakt"}]},{"@type":"WebSite","@id":"https:\/\/www.eltako.com\/en\/#website","url":"https:\/\/www.eltako.com\/en\/","name":"Eltako","description":"Schaltger\u00e4te, Netzteile, Stromz\u00e4hler, Dimmer, Geb\u00e4udeinstallation, Steuerungstechnik, Smart Home-L\u00f6sungen, Geb\u00e4udefunk, EnOcean-Technologie","potentialAction":[{"@type":"SearchAction","target":{"@type":"EntryPoint","urlTemplate":"https:\/\/www.eltako.com\/en\/?s={search_term_string}"},"query-input":{"@type":"PropertyValueSpecification","valueRequired":true,"valueName":"search_term_string"}}],"inLanguage":"de"}]}},"_links":{"self":[{"href":"https:\/\/www.eltako.com\/de\/wp-json\/wp\/v2\/pages\/53","targetHints":{"allow":["GET"]}}],"collection":[{"href":"https:\/\/www.eltako.com\/de\/wp-json\/wp\/v2\/pages"}],"about":[{"href":"https:\/\/www.eltako.com\/de\/wp-json\/wp\/v2\/types\/page"}],"author":[{"embeddable":true,"href":"https:\/\/www.eltako.com\/de\/wp-json\/wp\/v2\/users\/31"}],"replies":[{"embeddable":true,"href":"https:\/\/www.eltako.com\/de\/wp-json\/wp\/v2\/comments?post=53"}],"version-history":[{"count":28,"href":"https:\/\/www.eltako.com\/de\/wp-json\/wp\/v2\/pages\/53\/revisions"}],"predecessor-version":[{"id":148909,"href":"https:\/\/www.eltako.com\/de\/wp-json\/wp\/v2\/pages\/53\/revisions\/148909"}],"up":[{"embeddable":true,"href":"https:\/\/www.eltako.com\/de\/wp-json\/wp\/v2\/pages\/63608"}],"wp:featuredmedia":[{"embeddable":true,"href":"https:\/\/www.eltako.com\/de\/wp-json\/wp\/v2\/media\/117168"}],"wp:attachment":[{"href":"https:\/\/www.eltako.com\/de\/wp-json\/wp\/v2\/media?parent=53"}],"curies":[{"name":"wp","href":"https:\/\/api.w.org\/{rel}","templated":true}]}}