{"id":23448,"date":"2021-09-22T08:18:11","date_gmt":"2021-09-22T06:18:11","guid":{"rendered":"https:\/\/betax923lb8kd7v0.eltako.de\/?page_id=23448"},"modified":"2022-02-17T22:40:14","modified_gmt":"2022-02-17T21:40:14","slug":"aruba","status":"publish","type":"page","link":"https:\/\/www.eltako.com\/de\/unternehmen\/partner-und-allianzen\/aruba\/","title":{"rendered":"Aruba"},"content":{"rendered":"\n<h2 class=\"wp-block-heading\" id=\"aruba-ist-nun-teil-der-enocean-alliance\"><strong>Aruba ist nun Teil der EnOcean Alliance!<\/strong><\/h2>\n\n\n\n<div style=\"height:40px\" aria-hidden=\"true\" class=\"wp-block-spacer\"><\/div>\n\n\n\n<div class=\"wp-block-columns is-layout-flex wp-container-core-columns-is-layout-9d6595d7 wp-block-columns-is-layout-flex\">\n<div class=\"wp-block-column is-layout-flow wp-block-column-is-layout-flow\">\n<figure class=\"wp-block-image size-large is-style-default\"><img decoding=\"async\" width=\"1024\" height=\"1009\" src=\"https:\/\/betax923lb8kd7v0.eltako.de\/wp-content\/uploads\/2022\/02\/thumbnail-1024x1009.jpg\" alt=\"\" class=\"wp-image-33936\" srcset=\"https:\/\/www.eltako.com\/wp-content\/uploads\/2022\/02\/thumbnail-1024x1009.jpg 1024w, https:\/\/www.eltako.com\/wp-content\/uploads\/2022\/02\/thumbnail-300x295.jpg 300w, https:\/\/www.eltako.com\/wp-content\/uploads\/2022\/02\/thumbnail-768x756.jpg 768w, https:\/\/www.eltako.com\/wp-content\/uploads\/2022\/02\/thumbnail-600x591.jpg 600w, https:\/\/www.eltako.com\/wp-content\/uploads\/2022\/02\/thumbnail-100x100.jpg 100w, https:\/\/www.eltako.com\/wp-content\/uploads\/2022\/02\/thumbnail.jpg 1462w\" sizes=\"(max-width: 1024px) 100vw, 1024px\" \/><\/figure>\n<\/div>\n\n\n\n<div class=\"wp-block-column is-layout-flow wp-block-column-is-layout-flow\">\n<p class=\"has-medium-font-size\">Das kalifornische Unternehmen ist ein Vorreiter f\u00fcr IoT-Dienste und bringt nicht nur ein gro\u00dfes Kundennetzwerk, sondern auch eine unschlagbare Technologie mit in die Allianz. Gemeinsam mit den Energy Harvesting-Funkl\u00f6sungen von EnOcean wird dem Kunden ein System angeboten, welches sein Zuhause nicht nur heute intelligenter macht, sondern auch daf\u00fcr sorgt, dass es in der Zukunft anpassungs- und verbesserungsf\u00e4hig bleibt. Die IoT-Devices sammeln die Daten der Anwendungen und kreieren damit einen cloud-basierten, digitalen Zwilling. Dadurch lernen die Ger\u00e4te die gew\u00fcnschten Anforderungen an Sicherheit, den Energiebedarf und den aktuellen Status der Umgebung. Je mehr Daten gesammelt werden k\u00f6nnen, desto intelligenter und anpassungsf\u00e4higer werden die Geb\u00e4ude.<\/p>\n\n\n\n<p class=\"has-medium-font-size\">Die Zusammenarbeit bringt einen gro\u00dfen Vorteil f\u00fcr alle Mitglieder der EnOcean Alliance und ist ein weiterer, wichtiger Schritt in Richtung Digitalisierung und Smart Living.<\/p>\n\n\n\n<p style=\"font-size:16px\">Weitere Informationen findet man unter: <a href=\"https:\/\/www.enocean-alliance.org\/de\/aruba\/\">https:\/\/www.enocean-alliance.org\/de\/aruba\/<\/a><\/p>\n<\/div>\n<\/div>\n\n\n\n<p><\/p>\n\n\n\n<figure class=\"wp-block-image size-large\"><img decoding=\"async\" width=\"1024\" height=\"455\" src=\"https:\/\/betax923lb8kd7v0.eltako.de\/wp-content\/uploads\/2021\/09\/2-1024x455.jpg\" alt=\"\" class=\"wp-image-23453\" srcset=\"https:\/\/www.eltako.com\/wp-content\/uploads\/2021\/09\/2-1024x455.jpg 1024w, https:\/\/www.eltako.com\/wp-content\/uploads\/2021\/09\/2-300x133.jpg 300w, https:\/\/www.eltako.com\/wp-content\/uploads\/2021\/09\/2-768x341.jpg 768w, https:\/\/www.eltako.com\/wp-content\/uploads\/2021\/09\/2-1536x683.jpg 1536w, https:\/\/www.eltako.com\/wp-content\/uploads\/2021\/09\/2-600x267.jpg 600w, https:\/\/www.eltako.com\/wp-content\/uploads\/2021\/09\/2.jpg 1600w\" sizes=\"(max-width: 1024px) 100vw, 1024px\" \/><\/figure>\n","protected":false},"excerpt":{"rendered":"<p>Aruba ist nun Teil der EnOcean Alliance! Das kalifornische Unternehmen ist ein Vorreiter f\u00fcr IoT-Dienste und bringt nicht nur ein gro\u00dfes Kundennetzwerk, sondern auch eine unschlagbare Technologie mit in die Allianz. Gemeinsam mit den Energy Harvesting-Funkl\u00f6sungen von EnOcean wird dem Kunden ein System angeboten, welches sein Zuhause nicht nur heute intelligenter macht, sondern auch daf\u00fcr [&hellip;]<\/p>\n","protected":false},"author":31,"featured_media":0,"parent":19067,"menu_order":0,"comment_status":"closed","ping_status":"closed","template":"templates\/custom_header.php","meta":{"_acf_changed":false,"footnotes":"","_links_to":"","_links_to_target":""},"class_list":["post-23448","page","type-page","status-publish","hentry"],"acf":[],"yoast_head":"<!-- This site is optimized with the Yoast SEO plugin v27.2 - https:\/\/yoast.com\/product\/yoast-seo-wordpress\/ -->\n<title>Aruba &#187; Eltako<\/title>\n<meta name=\"robots\" content=\"index, follow, max-snippet:-1, max-image-preview:large, max-video-preview:-1\" \/>\n<link rel=\"canonical\" href=\"https:\/\/www.eltako.com\/de\/unternehmen\/partner-und-allianzen\/aruba\/\" \/>\n<meta property=\"og:locale\" content=\"de_DE\" \/>\n<meta property=\"og:type\" content=\"article\" \/>\n<meta property=\"og:title\" content=\"Aruba &#187; Eltako\" \/>\n<meta property=\"og:description\" content=\"Aruba ist nun Teil der EnOcean Alliance! Das kalifornische Unternehmen ist ein Vorreiter f\u00fcr IoT-Dienste und bringt nicht nur ein gro\u00dfes Kundennetzwerk, sondern auch eine unschlagbare Technologie mit in die Allianz. Gemeinsam mit den Energy Harvesting-Funkl\u00f6sungen von EnOcean wird dem Kunden ein System angeboten, welches sein Zuhause nicht nur heute intelligenter macht, sondern auch daf\u00fcr [&hellip;]\" \/>\n<meta property=\"og:url\" content=\"https:\/\/www.eltako.com\/de\/unternehmen\/partner-und-allianzen\/aruba\/\" \/>\n<meta property=\"og:site_name\" content=\"Eltako\" \/>\n<meta property=\"article:modified_time\" content=\"2022-02-17T21:40:14+00:00\" \/>\n<meta property=\"og:image\" content=\"https:\/\/betax923lb8kd7v0.eltako.de\/wp-content\/uploads\/2022\/02\/thumbnail-1024x1009.jpg\" \/>\n<meta name=\"twitter:card\" content=\"summary_large_image\" \/>\n<meta name=\"twitter:label1\" content=\"Gesch\u00e4tzte Lesezeit\" \/>\n\t<meta name=\"twitter:data1\" content=\"2\u00a0Minuten\" \/>\n<script type=\"application\/ld+json\" class=\"yoast-schema-graph\">{\"@context\":\"https:\/\/schema.org\",\"@graph\":[{\"@type\":\"WebPage\",\"@id\":\"https:\/\/www.eltako.com\/de\/unternehmen\/partner-und-allianzen\/aruba\/\",\"url\":\"https:\/\/www.eltako.com\/de\/unternehmen\/partner-und-allianzen\/aruba\/\",\"name\":\"Aruba &#187; Eltako\",\"isPartOf\":{\"@id\":\"https:\/\/www.eltako.com\/en\/#website\"},\"primaryImageOfPage\":{\"@id\":\"https:\/\/www.eltako.com\/de\/unternehmen\/partner-und-allianzen\/aruba\/#primaryimage\"},\"image\":{\"@id\":\"https:\/\/www.eltako.com\/de\/unternehmen\/partner-und-allianzen\/aruba\/#primaryimage\"},\"thumbnailUrl\":\"https:\/\/betax923lb8kd7v0.eltako.de\/wp-content\/uploads\/2022\/02\/thumbnail-1024x1009.jpg\",\"datePublished\":\"2021-09-22T06:18:11+00:00\",\"dateModified\":\"2022-02-17T21:40:14+00:00\",\"breadcrumb\":{\"@id\":\"https:\/\/www.eltako.com\/de\/unternehmen\/partner-und-allianzen\/aruba\/#breadcrumb\"},\"inLanguage\":\"de\",\"potentialAction\":[{\"@type\":\"ReadAction\",\"target\":[\"https:\/\/www.eltako.com\/de\/unternehmen\/partner-und-allianzen\/aruba\/\"]}]},{\"@type\":\"ImageObject\",\"inLanguage\":\"de\",\"@id\":\"https:\/\/www.eltako.com\/de\/unternehmen\/partner-und-allianzen\/aruba\/#primaryimage\",\"url\":\"https:\/\/betax923lb8kd7v0.eltako.de\/wp-content\/uploads\/2022\/02\/thumbnail-1024x1009.jpg\",\"contentUrl\":\"https:\/\/betax923lb8kd7v0.eltako.de\/wp-content\/uploads\/2022\/02\/thumbnail-1024x1009.jpg\"},{\"@type\":\"BreadcrumbList\",\"@id\":\"https:\/\/www.eltako.com\/de\/unternehmen\/partner-und-allianzen\/aruba\/#breadcrumb\",\"itemListElement\":[{\"@type\":\"ListItem\",\"position\":1,\"name\":\"Home\",\"item\":\"https:\/\/www.eltako.com\/de\/\"},{\"@type\":\"ListItem\",\"position\":2,\"name\":\"Unternehmen\",\"item\":\"https:\/\/www.eltako.com\/de\/unternehmen\/\"},{\"@type\":\"ListItem\",\"position\":3,\"name\":\"Partner &#038; Allianzen\",\"item\":\"https:\/\/www.eltako.com\/de\/unternehmen\/partner-und-allianzen\/\"},{\"@type\":\"ListItem\",\"position\":4,\"name\":\"Aruba\"}]},{\"@type\":\"WebSite\",\"@id\":\"https:\/\/www.eltako.com\/en\/#website\",\"url\":\"https:\/\/www.eltako.com\/en\/\",\"name\":\"Eltako\",\"description\":\"Schaltger\u00e4te, Netzteile, Stromz\u00e4hler, Dimmer, Geb\u00e4udeinstallation, Steuerungstechnik, Smart Home-L\u00f6sungen, Geb\u00e4udefunk, EnOcean-Technologie\",\"potentialAction\":[{\"@type\":\"SearchAction\",\"target\":{\"@type\":\"EntryPoint\",\"urlTemplate\":\"https:\/\/www.eltako.com\/en\/?s={search_term_string}\"},\"query-input\":{\"@type\":\"PropertyValueSpecification\",\"valueRequired\":true,\"valueName\":\"search_term_string\"}}],\"inLanguage\":\"de\"}]}<\/script>\n<!-- \/ Yoast SEO plugin. -->","yoast_head_json":{"title":"Aruba &#187; Eltako","robots":{"index":"index","follow":"follow","max-snippet":"max-snippet:-1","max-image-preview":"max-image-preview:large","max-video-preview":"max-video-preview:-1"},"canonical":"https:\/\/www.eltako.com\/de\/unternehmen\/partner-und-allianzen\/aruba\/","og_locale":"de_DE","og_type":"article","og_title":"Aruba &#187; Eltako","og_description":"Aruba ist nun Teil der EnOcean Alliance! Das kalifornische Unternehmen ist ein Vorreiter f\u00fcr IoT-Dienste und bringt nicht nur ein gro\u00dfes Kundennetzwerk, sondern auch eine unschlagbare Technologie mit in die Allianz. Gemeinsam mit den Energy Harvesting-Funkl\u00f6sungen von EnOcean wird dem Kunden ein System angeboten, welches sein Zuhause nicht nur heute intelligenter macht, sondern auch daf\u00fcr [&hellip;]","og_url":"https:\/\/www.eltako.com\/de\/unternehmen\/partner-und-allianzen\/aruba\/","og_site_name":"Eltako","article_modified_time":"2022-02-17T21:40:14+00:00","og_image":[{"url":"https:\/\/betax923lb8kd7v0.eltako.de\/wp-content\/uploads\/2022\/02\/thumbnail-1024x1009.jpg","type":"","width":"","height":""}],"twitter_card":"summary_large_image","twitter_misc":{"Gesch\u00e4tzte Lesezeit":"2\u00a0Minuten"},"schema":{"@context":"https:\/\/schema.org","@graph":[{"@type":"WebPage","@id":"https:\/\/www.eltako.com\/de\/unternehmen\/partner-und-allianzen\/aruba\/","url":"https:\/\/www.eltako.com\/de\/unternehmen\/partner-und-allianzen\/aruba\/","name":"Aruba &#187; Eltako","isPartOf":{"@id":"https:\/\/www.eltako.com\/en\/#website"},"primaryImageOfPage":{"@id":"https:\/\/www.eltako.com\/de\/unternehmen\/partner-und-allianzen\/aruba\/#primaryimage"},"image":{"@id":"https:\/\/www.eltako.com\/de\/unternehmen\/partner-und-allianzen\/aruba\/#primaryimage"},"thumbnailUrl":"https:\/\/betax923lb8kd7v0.eltako.de\/wp-content\/uploads\/2022\/02\/thumbnail-1024x1009.jpg","datePublished":"2021-09-22T06:18:11+00:00","dateModified":"2022-02-17T21:40:14+00:00","breadcrumb":{"@id":"https:\/\/www.eltako.com\/de\/unternehmen\/partner-und-allianzen\/aruba\/#breadcrumb"},"inLanguage":"de","potentialAction":[{"@type":"ReadAction","target":["https:\/\/www.eltako.com\/de\/unternehmen\/partner-und-allianzen\/aruba\/"]}]},{"@type":"ImageObject","inLanguage":"de","@id":"https:\/\/www.eltako.com\/de\/unternehmen\/partner-und-allianzen\/aruba\/#primaryimage","url":"https:\/\/betax923lb8kd7v0.eltako.de\/wp-content\/uploads\/2022\/02\/thumbnail-1024x1009.jpg","contentUrl":"https:\/\/betax923lb8kd7v0.eltako.de\/wp-content\/uploads\/2022\/02\/thumbnail-1024x1009.jpg"},{"@type":"BreadcrumbList","@id":"https:\/\/www.eltako.com\/de\/unternehmen\/partner-und-allianzen\/aruba\/#breadcrumb","itemListElement":[{"@type":"ListItem","position":1,"name":"Home","item":"https:\/\/www.eltako.com\/de\/"},{"@type":"ListItem","position":2,"name":"Unternehmen","item":"https:\/\/www.eltako.com\/de\/unternehmen\/"},{"@type":"ListItem","position":3,"name":"Partner &#038; Allianzen","item":"https:\/\/www.eltako.com\/de\/unternehmen\/partner-und-allianzen\/"},{"@type":"ListItem","position":4,"name":"Aruba"}]},{"@type":"WebSite","@id":"https:\/\/www.eltako.com\/en\/#website","url":"https:\/\/www.eltako.com\/en\/","name":"Eltako","description":"Schaltger\u00e4te, Netzteile, Stromz\u00e4hler, Dimmer, Geb\u00e4udeinstallation, Steuerungstechnik, Smart Home-L\u00f6sungen, Geb\u00e4udefunk, EnOcean-Technologie","potentialAction":[{"@type":"SearchAction","target":{"@type":"EntryPoint","urlTemplate":"https:\/\/www.eltako.com\/en\/?s={search_term_string}"},"query-input":{"@type":"PropertyValueSpecification","valueRequired":true,"valueName":"search_term_string"}}],"inLanguage":"de"}]}},"_links":{"self":[{"href":"https:\/\/www.eltako.com\/de\/wp-json\/wp\/v2\/pages\/23448","targetHints":{"allow":["GET"]}}],"collection":[{"href":"https:\/\/www.eltako.com\/de\/wp-json\/wp\/v2\/pages"}],"about":[{"href":"https:\/\/www.eltako.com\/de\/wp-json\/wp\/v2\/types\/page"}],"author":[{"embeddable":true,"href":"https:\/\/www.eltako.com\/de\/wp-json\/wp\/v2\/users\/31"}],"replies":[{"embeddable":true,"href":"https:\/\/www.eltako.com\/de\/wp-json\/wp\/v2\/comments?post=23448"}],"version-history":[{"count":0,"href":"https:\/\/www.eltako.com\/de\/wp-json\/wp\/v2\/pages\/23448\/revisions"}],"up":[{"embeddable":true,"href":"https:\/\/www.eltako.com\/de\/wp-json\/wp\/v2\/pages\/19067"}],"wp:attachment":[{"href":"https:\/\/www.eltako.com\/de\/wp-json\/wp\/v2\/media?parent=23448"}],"curies":[{"name":"wp","href":"https:\/\/api.w.org\/{rel}","templated":true}]}}