{"id":22719,"date":"2021-08-03T08:51:37","date_gmt":"2021-08-03T06:51:37","guid":{"rendered":"https:\/\/betax923lb8kd7v0.eltako.de\/?page_id=22719"},"modified":"2025-03-07T07:55:03","modified_gmt":"2025-03-07T06:55:03","slug":"minisafe2-und-gfa5","status":"publish","type":"page","link":"https:\/\/www.eltako.com\/de\/minisafe2-und-gfa5\/","title":{"rendered":"MiniSafe2 und GFA5"},"content":{"rendered":"\n<div style=\"height:100px\" aria-hidden=\"true\" class=\"wp-block-spacer\"><\/div>\n\n\n\n<div class=\"wp-block-columns is-layout-flex wp-container-core-columns-is-layout-9d6595d7 wp-block-columns-is-layout-flex\">\n<div class=\"wp-block-column is-layout-flow wp-block-column-is-layout-flow\"><div class=\"wp-block-image\">\n<figure class=\"aligncenter size-large is-resized\"><img decoding=\"async\" width=\"824\" height=\"1024\" src=\"https:\/\/betax923lb8kd7v0.eltako.de\/wp-content\/uploads\/2021\/08\/phones-824x1024.png\" alt=\"\" class=\"wp-image-22747\" style=\"width:494px;height:615px\" srcset=\"https:\/\/www.eltako.com\/wp-content\/uploads\/2021\/08\/phones-824x1024.png 824w, https:\/\/www.eltako.com\/wp-content\/uploads\/2021\/08\/phones-241x300.png 241w, https:\/\/www.eltako.com\/wp-content\/uploads\/2021\/08\/phones-768x954.png 768w, https:\/\/www.eltako.com\/wp-content\/uploads\/2021\/08\/phones-600x746.png 600w, https:\/\/www.eltako.com\/wp-content\/uploads\/2021\/08\/phones.png 1236w\" sizes=\"(max-width: 824px) 100vw, 824px\" \/><\/figure>\n<\/div><\/div>\n\n\n\n<div class=\"wp-block-column bg-primary text-white pl-4 pr-4 is-layout-flow wp-block-column-is-layout-flow\">\n<div style=\"height:38px\" aria-hidden=\"true\" class=\"wp-block-spacer\"><\/div>\n\n\n\n<h2 class=\"wp-block-heading\" style=\"font-size:40px\"><strong>Die neue GFA5-App trifft auf den MiniSafe2<\/strong>&nbsp;<\/h2>\n\n\n\n<div style=\"height:20px\" aria-hidden=\"true\" class=\"wp-block-spacer\"><\/div>\n\n\n\n<p class=\"has-medium-font-size\">Der MiniSafe2&nbsp;ist da und mit ihm die neue GFA5-App.&nbsp;Dieser Smart&nbsp;Home-Controller ist der optimale Einstieg in die Welt der intelligenten Geb\u00e4udesteuerung.&nbsp;Er bietet eine&nbsp;intuitive&nbsp;Bedienung, modernes Design und umfangreiche Kompatibilit\u00e4t. Die neue App dient zum Steuern und Verwalten der verbundenen Professional&nbsp;Smart&nbsp;Home-Produkte. Erh\u00e4ltlich ist sie f\u00fcr iOS- und Android-Ger\u00e4te und erlaubt auch die Sprachsteuerung durch Google und Amazon.&nbsp;Durch die benutzerfreundliche Bedienoberfl\u00e4che findet man sich schnell zurecht und kann ganz einfach pers\u00f6nliche Einstellungen und Szenen hinterlegen, abrufen und jederzeit \u00e4ndern.&nbsp;&nbsp;<\/p>\n\n\n\n<div style=\"height:20px\" aria-hidden=\"true\" class=\"wp-block-spacer\"><\/div>\n\n\n\n<div class=\"wp-block-buttons is-layout-flex wp-block-buttons-is-layout-flex\"><\/div>\n\n\n\n\n\n<div style=\"height:30px\" aria-hidden=\"true\" class=\"wp-block-spacer\"><\/div>\n\n\n\n<div class=\"wp-block-columns is-layout-flex wp-container-core-columns-is-layout-9d6595d7 wp-block-columns-is-layout-flex\">\n<div class=\"wp-block-column is-layout-flow wp-block-column-is-layout-flow\">\n<figure class=\"wp-block-image size-full is-resized\"><a href=\"https:\/\/apps.apple.com\/de\/app\/eltako-gfa5\/id1555852467\"><img decoding=\"async\" width=\"600\" height=\"180\" src=\"http:\/\/betax923lb8kd7v0.eltako.de\/wp-content\/uploads\/2021\/08\/app.png\" alt=\"\" class=\"wp-image-22783\" style=\"width:150px;height:45px\" srcset=\"https:\/\/www.eltako.com\/wp-content\/uploads\/2021\/08\/app.png 600w, https:\/\/www.eltako.com\/wp-content\/uploads\/2021\/08\/app-300x90.png 300w\" sizes=\"(max-width: 600px) 100vw, 600px\" \/><\/a><\/figure>\n<\/div>\n\n\n\n<div class=\"wp-block-column is-layout-flow wp-block-column-is-layout-flow\">\n<figure class=\"wp-block-image size-full is-resized\"><a href=\"https:\/\/play.google.com\/store\/apps\/details?id=com.eltako.gfa5&amp;hl=de&amp;gl=US\"><img decoding=\"async\" width=\"600\" height=\"180\" src=\"http:\/\/betax923lb8kd7v0.eltako.de\/wp-content\/uploads\/2021\/08\/google.png\" alt=\"\" class=\"wp-image-22791\" style=\"width:150px;height:45px\" srcset=\"https:\/\/www.eltako.com\/wp-content\/uploads\/2021\/08\/google.png 600w, https:\/\/www.eltako.com\/wp-content\/uploads\/2021\/08\/google-300x90.png 300w\" sizes=\"(max-width: 600px) 100vw, 600px\" \/><\/a><\/figure>\n<\/div>\n<\/div>\n\n\n\n<div class=\"wp-block-buttons is-layout-flex wp-block-buttons-is-layout-flex\"><\/div>\n<\/div>\n<\/div>\n\n\n\n<div style=\"height:40px\" aria-hidden=\"true\" class=\"wp-block-spacer\"><\/div>\n\n\n\n<div class=\"wp-block-columns is-layout-flex wp-container-core-columns-is-layout-9d6595d7 wp-block-columns-is-layout-flex\">\n<div class=\"wp-block-column is-layout-flow wp-block-column-is-layout-flow\">\n<a href=\"https:\/\/www.eltako.com\/de\/firmwareupdate-controller\/\" class=\"text-uppercase font-weight-bold btn text-white p-3 mt-1 mb-1 w-100\" style=\"background : #016db7; font-size:20px\">Firmware-Update<\/a>\n<\/div>\n\n\n\n<div class=\"wp-block-column is-layout-flow wp-block-column-is-layout-flow\">\n<a href=\"https:\/\/docs.eltako.de\/\" class=\"btn font-weight-bold text-white mt-1 mb-1 p-3 w-100\" style=\"background : #016db7; font-size:20px\">ONLINEHILFE<\/a>\n<\/div>\n\n\n\n<div class=\"wp-block-column is-layout-flow wp-block-column-is-layout-flow\">\n<a href=\"https:\/\/www.eltako.com\/fileadmin\/downloads\/de\/Prospekte\/Prospekt_minisafe_2024.pdf\" class=\"text-uppercase font-weight-bold btn text-white mt-1 mb-1 p-3 w-100\" style=\"background : #016db7; font-size:20px\">Prospekt<\/a>\n<\/div>\n<\/div>\n\n\n\n<div class=\"wp-block-columns is-layout-flex wp-container-core-columns-is-layout-9d6595d7 wp-block-columns-is-layout-flex\">\n<div class=\"wp-block-column is-layout-flow wp-block-column-is-layout-flow\">\n<a href=\"https:\/\/www.eltako.com\/de\/catalog\/products\/266\/minisafe2\/\" class=\"btn font-weight-bold text-white mt-1 mb-1 p-3 w-100 text-uppercase\" style=\"background : #016db7; font-size:20px\">zum MiniSafe2<\/a>\n<\/div>\n\n\n\n<div class=\"wp-block-column is-layout-flow wp-block-column-is-layout-flow\">\n<a href=\"https:\/\/www.eltako.com\/de\/catalog\/products\/267\/minisafe2-reg\/\" class=\"btn font-weight-bold text-white mt-1 mb-1 p-3 w-100 text-uppercase\" style=\"background : #016db7; font-size:20px\">zum MiniSafe2-REG<\/a>\n<\/div>\n\n\n\n<div class=\"wp-block-column is-layout-flow wp-block-column-is-layout-flow\"><\/div>\n<\/div>\n\n\n\n<div style=\"height:50px\" aria-hidden=\"true\" class=\"wp-block-spacer\"><\/div>\n\n\n\n<figure class=\"wp-block-image size-large is-resized\"><img decoding=\"async\" width=\"1024\" height=\"455\" src=\"https:\/\/betax923lb8kd7v0.eltako.de\/wp-content\/uploads\/2021\/08\/ms2hero-1024x455.jpg\" alt=\"\" class=\"wp-image-22818\" style=\"width:1024px;height:455px\" srcset=\"https:\/\/www.eltako.com\/wp-content\/uploads\/2021\/08\/ms2hero-1024x455.jpg 1024w, https:\/\/www.eltako.com\/wp-content\/uploads\/2021\/08\/ms2hero-300x133.jpg 300w, https:\/\/www.eltako.com\/wp-content\/uploads\/2021\/08\/ms2hero-768x341.jpg 768w, https:\/\/www.eltako.com\/wp-content\/uploads\/2021\/08\/ms2hero-1536x683.jpg 1536w, https:\/\/www.eltako.com\/wp-content\/uploads\/2021\/08\/ms2hero-600x267.jpg 600w, https:\/\/www.eltako.com\/wp-content\/uploads\/2021\/08\/ms2hero.jpg 1920w\" sizes=\"(max-width: 1024px) 100vw, 1024px\" \/><\/figure>\n\n\n\n<div style=\"height:60px\" aria-hidden=\"true\" class=\"wp-block-spacer\"><\/div>\n\n\n\n<div class=\"wp-block-columns is-layout-flex wp-container-core-columns-is-layout-9d6595d7 wp-block-columns-is-layout-flex\">\n<div class=\"wp-block-column is-layout-flow wp-block-column-is-layout-flow\">\n <div class=\"brlbs-cmpnt-container brlbs-cmpnt-content-blocker brlbs-cmpnt-with-individual-styles\" data-borlabs-cookie-content-blocker-id=\"youtube-content-blocker\" data-borlabs-cookie-content=\"PGlmcmFtZSBzcmM9Imh0dHBzOi8vd3d3LnlvdXR1YmUtbm9jb29raWUuY29tL2VtYmVkL1c5MlhQQl90dHowIiB3aWR0aD0iMTAwJSIgaGVpZ2h0PSIzMTUiIGZyYW1lYm9yZGVyPSIwIj48L2lmcmFtZT4=\"><div class=\"brlbs-cmpnt-cb-preset-c brlbs-cmpnt-cb-youtube\"> <div class=\"brlbs-cmpnt-cb-thumbnail\" style=\"background-image: url('https:\/\/www.eltako.com\/wp-content\/uploads\/borlabs-cookie\/1\/yt_W92XPB_ttz0_hqdefault.jpg')\"><\/div> <div class=\"brlbs-cmpnt-cb-main\"> <div class=\"brlbs-cmpnt-cb-play-button\"><\/div> <div class=\"brlbs-cmpnt-cb-content\"> <p class=\"brlbs-cmpnt-cb-description\">Sie sehen gerade einen Platzhalterinhalt von <strong>YouTube<\/strong>. Um auf den eigentlichen Inhalt zuzugreifen, klicken Sie auf die Schaltfl\u00e4che unten. Bitte beachten Sie, dass dabei Daten an Drittanbieter weitergegeben werden.<\/p> <a class=\"brlbs-cmpnt-cb-provider-toggle\" href=\"#\" data-borlabs-cookie-show-provider-information role=\"button\">Mehr Informationen<\/a> <\/div> <div class=\"brlbs-cmpnt-cb-buttons\"> <a class=\"brlbs-cmpnt-cb-btn\" href=\"#\" data-borlabs-cookie-unblock role=\"button\">Inhalt entsperren<\/a> <a class=\"brlbs-cmpnt-cb-btn\" href=\"#\" data-borlabs-cookie-accept-service role=\"button\" style=\"display: inherit\">Erforderlichen Service akzeptieren und Inhalte entsperren<\/a> <\/div> <\/div> <\/div><\/div>\n<\/div>\n\n\n\n<div class=\"wp-block-column is-layout-flow wp-block-column-is-layout-flow\">\n <div class=\"brlbs-cmpnt-container brlbs-cmpnt-content-blocker brlbs-cmpnt-with-individual-styles\" data-borlabs-cookie-content-blocker-id=\"youtube-content-blocker\" data-borlabs-cookie-content=\"PGlmcmFtZSBzcmM9Imh0dHBzOi8vd3d3LnlvdXR1YmUtbm9jb29raWUuY29tL2VtYmVkL0hkTGZSWkNMeEYwIiB0aXRsZT0iWW91VHViZSB2aWRlbyBwbGF5ZXIiIGFsbG93PSJhY2NlbGVyb21ldGVyOyAgY2xpcGJvYXJkLXdyaXRlOyBlbmNyeXB0ZWQtbWVkaWE7IGd5cm9zY29wZTsgcGljdHVyZS1pbi1waWN0dXJlIiBhbGxvd2Z1bGxzY3JlZW49IiIgd2lkdGg9IjEwMCUiIGhlaWdodD0iMzE1IiBmcmFtZWJvcmRlcj0iMCI+PC9pZnJhbWU+\"><div class=\"brlbs-cmpnt-cb-preset-c brlbs-cmpnt-cb-youtube\"> <div class=\"brlbs-cmpnt-cb-thumbnail\" style=\"background-image: url('https:\/\/www.eltako.com\/wp-content\/uploads\/borlabs-cookie\/1\/yt_HdLfRZCLxF0_hqdefault.jpg')\"><\/div> <div class=\"brlbs-cmpnt-cb-main\"> <div class=\"brlbs-cmpnt-cb-play-button\"><\/div> <div class=\"brlbs-cmpnt-cb-content\"> <p class=\"brlbs-cmpnt-cb-description\">Sie sehen gerade einen Platzhalterinhalt von <strong>YouTube<\/strong>. Um auf den eigentlichen Inhalt zuzugreifen, klicken Sie auf die Schaltfl\u00e4che unten. Bitte beachten Sie, dass dabei Daten an Drittanbieter weitergegeben werden.<\/p> <a class=\"brlbs-cmpnt-cb-provider-toggle\" href=\"#\" data-borlabs-cookie-show-provider-information role=\"button\">Mehr Informationen<\/a> <\/div> <div class=\"brlbs-cmpnt-cb-buttons\"> <a class=\"brlbs-cmpnt-cb-btn\" href=\"#\" data-borlabs-cookie-unblock role=\"button\">Inhalt entsperren<\/a> <a class=\"brlbs-cmpnt-cb-btn\" href=\"#\" data-borlabs-cookie-accept-service role=\"button\" style=\"display: inherit\">Erforderlichen Service akzeptieren und Inhalte entsperren<\/a> <\/div> <\/div> <\/div><\/div>\n<\/div>\n<\/div>\n","protected":false},"excerpt":{"rendered":"<p>Die neue GFA5-App trifft auf den MiniSafe2&nbsp; Der MiniSafe2&nbsp;ist da und mit ihm die neue GFA5-App.&nbsp;Dieser Smart&nbsp;Home-Controller ist der optimale Einstieg in die Welt der intelligenten Geb\u00e4udesteuerung.&nbsp;Er bietet eine&nbsp;intuitive&nbsp;Bedienung, modernes Design und umfangreiche Kompatibilit\u00e4t. Die neue App dient zum Steuern und Verwalten der verbundenen Professional&nbsp;Smart&nbsp;Home-Produkte. Erh\u00e4ltlich ist sie f\u00fcr iOS- und Android-Ger\u00e4te und erlaubt auch [&hellip;]<\/p>\n","protected":false},"author":31,"featured_media":23504,"parent":0,"menu_order":0,"comment_status":"closed","ping_status":"closed","template":"templates\/padding_header.php","meta":{"_acf_changed":false,"footnotes":"","_links_to":"","_links_to_target":""},"class_list":["post-22719","page","type-page","status-publish","has-post-thumbnail","hentry"],"acf":[],"yoast_head":"<!-- This site is optimized with the Yoast SEO plugin v27.2 - https:\/\/yoast.com\/product\/yoast-seo-wordpress\/ -->\n<title>MiniSafe2 und GFA5 &#187; Eltako<\/title>\n<meta name=\"robots\" content=\"index, follow, max-snippet:-1, max-image-preview:large, max-video-preview:-1\" \/>\n<link rel=\"canonical\" href=\"https:\/\/www.eltako.com\/de\/minisafe2-und-gfa5\/\" \/>\n<meta property=\"og:locale\" content=\"de_DE\" \/>\n<meta property=\"og:type\" content=\"article\" \/>\n<meta property=\"og:title\" content=\"MiniSafe2 und GFA5 &#187; Eltako\" \/>\n<meta property=\"og:description\" content=\"Die neue GFA5-App trifft auf den MiniSafe2&nbsp; Der MiniSafe2&nbsp;ist da und mit ihm die neue GFA5-App.&nbsp;Dieser Smart&nbsp;Home-Controller ist der optimale Einstieg in die Welt der intelligenten Geb\u00e4udesteuerung.&nbsp;Er bietet eine&nbsp;intuitive&nbsp;Bedienung, modernes Design und umfangreiche Kompatibilit\u00e4t. Die neue App dient zum Steuern und Verwalten der verbundenen Professional&nbsp;Smart&nbsp;Home-Produkte. Erh\u00e4ltlich ist sie f\u00fcr iOS- und Android-Ger\u00e4te und erlaubt auch [&hellip;]\" \/>\n<meta property=\"og:url\" content=\"https:\/\/www.eltako.com\/de\/minisafe2-und-gfa5\/\" \/>\n<meta property=\"og:site_name\" content=\"Eltako\" \/>\n<meta property=\"article:modified_time\" content=\"2025-03-07T06:55:03+00:00\" \/>\n<meta property=\"og:image\" content=\"https:\/\/www.eltako.com\/wp-content\/uploads\/2021\/09\/gfa5.jpg\" \/>\n\t<meta property=\"og:image:width\" content=\"1920\" \/>\n\t<meta property=\"og:image:height\" content=\"699\" \/>\n\t<meta property=\"og:image:type\" content=\"image\/jpeg\" \/>\n<meta name=\"twitter:card\" content=\"summary_large_image\" \/>\n<meta name=\"twitter:label1\" content=\"Gesch\u00e4tzte Lesezeit\" \/>\n\t<meta name=\"twitter:data1\" content=\"2\u00a0Minuten\" \/>\n<script type=\"application\/ld+json\" class=\"yoast-schema-graph\">{\"@context\":\"https:\/\/schema.org\",\"@graph\":[{\"@type\":\"WebPage\",\"@id\":\"https:\/\/www.eltako.com\/de\/minisafe2-und-gfa5\/\",\"url\":\"https:\/\/www.eltako.com\/de\/minisafe2-und-gfa5\/\",\"name\":\"MiniSafe2 und GFA5 &#187; Eltako\",\"isPartOf\":{\"@id\":\"https:\/\/www.eltako.com\/en\/#website\"},\"primaryImageOfPage\":{\"@id\":\"https:\/\/www.eltako.com\/de\/minisafe2-und-gfa5\/#primaryimage\"},\"image\":{\"@id\":\"https:\/\/www.eltako.com\/de\/minisafe2-und-gfa5\/#primaryimage\"},\"thumbnailUrl\":\"https:\/\/www.eltako.com\/wp-content\/uploads\/2021\/09\/gfa5.jpg\",\"datePublished\":\"2021-08-03T06:51:37+00:00\",\"dateModified\":\"2025-03-07T06:55:03+00:00\",\"breadcrumb\":{\"@id\":\"https:\/\/www.eltako.com\/de\/minisafe2-und-gfa5\/#breadcrumb\"},\"inLanguage\":\"de\",\"potentialAction\":[{\"@type\":\"ReadAction\",\"target\":[\"https:\/\/www.eltako.com\/de\/minisafe2-und-gfa5\/\"]}]},{\"@type\":\"ImageObject\",\"inLanguage\":\"de\",\"@id\":\"https:\/\/www.eltako.com\/de\/minisafe2-und-gfa5\/#primaryimage\",\"url\":\"https:\/\/www.eltako.com\/wp-content\/uploads\/2021\/09\/gfa5.jpg\",\"contentUrl\":\"https:\/\/www.eltako.com\/wp-content\/uploads\/2021\/09\/gfa5.jpg\",\"width\":1920,\"height\":699},{\"@type\":\"BreadcrumbList\",\"@id\":\"https:\/\/www.eltako.com\/de\/minisafe2-und-gfa5\/#breadcrumb\",\"itemListElement\":[{\"@type\":\"ListItem\",\"position\":1,\"name\":\"Home\",\"item\":\"https:\/\/www.eltako.com\/de\/\"},{\"@type\":\"ListItem\",\"position\":2,\"name\":\"MiniSafe2 und GFA5\"}]},{\"@type\":\"WebSite\",\"@id\":\"https:\/\/www.eltako.com\/en\/#website\",\"url\":\"https:\/\/www.eltako.com\/en\/\",\"name\":\"Eltako\",\"description\":\"Schaltger\u00e4te, Netzteile, Stromz\u00e4hler, Dimmer, Geb\u00e4udeinstallation, Steuerungstechnik, Smart Home-L\u00f6sungen, Geb\u00e4udefunk, EnOcean-Technologie\",\"potentialAction\":[{\"@type\":\"SearchAction\",\"target\":{\"@type\":\"EntryPoint\",\"urlTemplate\":\"https:\/\/www.eltako.com\/en\/?s={search_term_string}\"},\"query-input\":{\"@type\":\"PropertyValueSpecification\",\"valueRequired\":true,\"valueName\":\"search_term_string\"}}],\"inLanguage\":\"de\"}]}<\/script>\n<!-- \/ Yoast SEO plugin. -->","yoast_head_json":{"title":"MiniSafe2 und GFA5 &#187; Eltako","robots":{"index":"index","follow":"follow","max-snippet":"max-snippet:-1","max-image-preview":"max-image-preview:large","max-video-preview":"max-video-preview:-1"},"canonical":"https:\/\/www.eltako.com\/de\/minisafe2-und-gfa5\/","og_locale":"de_DE","og_type":"article","og_title":"MiniSafe2 und GFA5 &#187; Eltako","og_description":"Die neue GFA5-App trifft auf den MiniSafe2&nbsp; Der MiniSafe2&nbsp;ist da und mit ihm die neue GFA5-App.&nbsp;Dieser Smart&nbsp;Home-Controller ist der optimale Einstieg in die Welt der intelligenten Geb\u00e4udesteuerung.&nbsp;Er bietet eine&nbsp;intuitive&nbsp;Bedienung, modernes Design und umfangreiche Kompatibilit\u00e4t. Die neue App dient zum Steuern und Verwalten der verbundenen Professional&nbsp;Smart&nbsp;Home-Produkte. Erh\u00e4ltlich ist sie f\u00fcr iOS- und Android-Ger\u00e4te und erlaubt auch [&hellip;]","og_url":"https:\/\/www.eltako.com\/de\/minisafe2-und-gfa5\/","og_site_name":"Eltako","article_modified_time":"2025-03-07T06:55:03+00:00","og_image":[{"width":1920,"height":699,"url":"https:\/\/www.eltako.com\/wp-content\/uploads\/2021\/09\/gfa5.jpg","type":"image\/jpeg"}],"twitter_card":"summary_large_image","twitter_misc":{"Gesch\u00e4tzte Lesezeit":"2\u00a0Minuten"},"schema":{"@context":"https:\/\/schema.org","@graph":[{"@type":"WebPage","@id":"https:\/\/www.eltako.com\/de\/minisafe2-und-gfa5\/","url":"https:\/\/www.eltako.com\/de\/minisafe2-und-gfa5\/","name":"MiniSafe2 und GFA5 &#187; Eltako","isPartOf":{"@id":"https:\/\/www.eltako.com\/en\/#website"},"primaryImageOfPage":{"@id":"https:\/\/www.eltako.com\/de\/minisafe2-und-gfa5\/#primaryimage"},"image":{"@id":"https:\/\/www.eltako.com\/de\/minisafe2-und-gfa5\/#primaryimage"},"thumbnailUrl":"https:\/\/www.eltako.com\/wp-content\/uploads\/2021\/09\/gfa5.jpg","datePublished":"2021-08-03T06:51:37+00:00","dateModified":"2025-03-07T06:55:03+00:00","breadcrumb":{"@id":"https:\/\/www.eltako.com\/de\/minisafe2-und-gfa5\/#breadcrumb"},"inLanguage":"de","potentialAction":[{"@type":"ReadAction","target":["https:\/\/www.eltako.com\/de\/minisafe2-und-gfa5\/"]}]},{"@type":"ImageObject","inLanguage":"de","@id":"https:\/\/www.eltako.com\/de\/minisafe2-und-gfa5\/#primaryimage","url":"https:\/\/www.eltako.com\/wp-content\/uploads\/2021\/09\/gfa5.jpg","contentUrl":"https:\/\/www.eltako.com\/wp-content\/uploads\/2021\/09\/gfa5.jpg","width":1920,"height":699},{"@type":"BreadcrumbList","@id":"https:\/\/www.eltako.com\/de\/minisafe2-und-gfa5\/#breadcrumb","itemListElement":[{"@type":"ListItem","position":1,"name":"Home","item":"https:\/\/www.eltako.com\/de\/"},{"@type":"ListItem","position":2,"name":"MiniSafe2 und GFA5"}]},{"@type":"WebSite","@id":"https:\/\/www.eltako.com\/en\/#website","url":"https:\/\/www.eltako.com\/en\/","name":"Eltako","description":"Schaltger\u00e4te, Netzteile, Stromz\u00e4hler, Dimmer, Geb\u00e4udeinstallation, Steuerungstechnik, Smart Home-L\u00f6sungen, Geb\u00e4udefunk, EnOcean-Technologie","potentialAction":[{"@type":"SearchAction","target":{"@type":"EntryPoint","urlTemplate":"https:\/\/www.eltako.com\/en\/?s={search_term_string}"},"query-input":{"@type":"PropertyValueSpecification","valueRequired":true,"valueName":"search_term_string"}}],"inLanguage":"de"}]}},"_links":{"self":[{"href":"https:\/\/www.eltako.com\/de\/wp-json\/wp\/v2\/pages\/22719","targetHints":{"allow":["GET"]}}],"collection":[{"href":"https:\/\/www.eltako.com\/de\/wp-json\/wp\/v2\/pages"}],"about":[{"href":"https:\/\/www.eltako.com\/de\/wp-json\/wp\/v2\/types\/page"}],"author":[{"embeddable":true,"href":"https:\/\/www.eltako.com\/de\/wp-json\/wp\/v2\/users\/31"}],"replies":[{"embeddable":true,"href":"https:\/\/www.eltako.com\/de\/wp-json\/wp\/v2\/comments?post=22719"}],"version-history":[{"count":12,"href":"https:\/\/www.eltako.com\/de\/wp-json\/wp\/v2\/pages\/22719\/revisions"}],"predecessor-version":[{"id":144369,"href":"https:\/\/www.eltako.com\/de\/wp-json\/wp\/v2\/pages\/22719\/revisions\/144369"}],"wp:featuredmedia":[{"embeddable":true,"href":"https:\/\/www.eltako.com\/de\/wp-json\/wp\/v2\/media\/23504"}],"wp:attachment":[{"href":"https:\/\/www.eltako.com\/de\/wp-json\/wp\/v2\/media?parent=22719"}],"curies":[{"name":"wp","href":"https:\/\/api.w.org\/{rel}","templated":true}]}}