{"id":14780,"date":"2020-10-07T08:48:14","date_gmt":"2020-10-07T06:48:14","guid":{"rendered":"https:\/\/www.eltako.de\/__dev\/?page_id=14780"},"modified":"2022-06-13T10:25:11","modified_gmt":"2022-06-13T08:25:11","slug":"schaltgeraete-und-netzteile","status":"publish","type":"page","link":"https:\/\/www.eltako.com\/de\/service\/downloads-zone\/schaltgeraete-und-netzteile\/","title":{"rendered":"Schaltger\u00e4te und Netzteile"},"content":{"rendered":"<div id=\"footable_parent_77973\"\n         class=\" footable_parent ninja_table_wrapper loading_ninja_table wp_table_data_press_parent bootstrap4 \">\n                <table data-ninja_table_instance=\"ninja_table_instance_0\" data-footable_id=\"77973\" data-filter-delay=\"1000\" aria-label=\"switchgear_and_power_supplies_de_opt-csv-imported-from-table-press\"            id=\"footable_77973\"\n           data-unique_identifier=\"ninja_table_unique_id_385297782_77973\"\n           class=\" foo-table ninja_footable foo_table_77973 ninja_table_unique_id_385297782_77973 table  nt_type_ajax_table table-striped table-bordered vertical_centered  footable-paging-right ninja_table_pro\">\n                <colgroup>\n                            <col class=\"ninja_column_0 \">\n                            <col class=\"ninja_column_1 \">\n                            <col class=\"ninja_column_2 \">\n                    <\/colgroup>\n            <\/table>\n    \n    \n    \n<\/div>\n\n","protected":false},"excerpt":{"rendered":"","protected":false},"author":31,"featured_media":0,"parent":358,"menu_order":0,"comment_status":"closed","ping_status":"closed","template":"","meta":{"_acf_changed":false,"footnotes":"","_links_to":"","_links_to_target":""},"class_list":["post-14780","page","type-page","status-publish","hentry"],"acf":[],"yoast_head":"<!-- This site is optimized with the Yoast SEO plugin v27.2 - https:\/\/yoast.com\/product\/yoast-seo-wordpress\/ -->\n<title>Schaltger\u00e4te und Netzteile &#187; Eltako<\/title>\n<meta name=\"robots\" content=\"index, follow, max-snippet:-1, max-image-preview:large, max-video-preview:-1\" \/>\n<link rel=\"canonical\" href=\"https:\/\/www.eltako.com\/de\/service\/downloads-zone\/schaltgeraete-und-netzteile\/\" \/>\n<meta property=\"og:locale\" content=\"de_DE\" \/>\n<meta property=\"og:type\" content=\"article\" \/>\n<meta property=\"og:title\" content=\"Schaltger\u00e4te und Netzteile &#187; Eltako\" \/>\n<meta property=\"og:url\" content=\"https:\/\/www.eltako.com\/de\/service\/downloads-zone\/schaltgeraete-und-netzteile\/\" \/>\n<meta property=\"og:site_name\" content=\"Eltako\" \/>\n<meta property=\"article:modified_time\" content=\"2022-06-13T08:25:11+00:00\" \/>\n<meta name=\"twitter:card\" content=\"summary_large_image\" \/>\n<meta name=\"twitter:label1\" content=\"Gesch\u00e4tzte Lesezeit\" \/>\n\t<meta name=\"twitter:data1\" content=\"1\u00a0Minute\" \/>\n<script type=\"application\/ld+json\" class=\"yoast-schema-graph\">{\"@context\":\"https:\/\/schema.org\",\"@graph\":[{\"@type\":\"WebPage\",\"@id\":\"https:\/\/www.eltako.com\/de\/service\/downloads-zone\/schaltgeraete-und-netzteile\/\",\"url\":\"https:\/\/www.eltako.com\/de\/service\/downloads-zone\/schaltgeraete-und-netzteile\/\",\"name\":\"Schaltger\u00e4te und Netzteile &#187; Eltako\",\"isPartOf\":{\"@id\":\"https:\/\/www.eltako.com\/en\/#website\"},\"datePublished\":\"2020-10-07T06:48:14+00:00\",\"dateModified\":\"2022-06-13T08:25:11+00:00\",\"breadcrumb\":{\"@id\":\"https:\/\/www.eltako.com\/de\/service\/downloads-zone\/schaltgeraete-und-netzteile\/#breadcrumb\"},\"inLanguage\":\"de\",\"potentialAction\":[{\"@type\":\"ReadAction\",\"target\":[\"https:\/\/www.eltako.com\/de\/service\/downloads-zone\/schaltgeraete-und-netzteile\/\"]}]},{\"@type\":\"BreadcrumbList\",\"@id\":\"https:\/\/www.eltako.com\/de\/service\/downloads-zone\/schaltgeraete-und-netzteile\/#breadcrumb\",\"itemListElement\":[{\"@type\":\"ListItem\",\"position\":1,\"name\":\"Home\",\"item\":\"https:\/\/www.eltako.com\/de\/\"},{\"@type\":\"ListItem\",\"position\":2,\"name\":\"Service\",\"item\":\"https:\/\/www.eltako.com\/de\/service\/\"},{\"@type\":\"ListItem\",\"position\":3,\"name\":\"Downloads\",\"item\":\"https:\/\/www.eltako.com\/de\/service\/downloads-zone\/\"},{\"@type\":\"ListItem\",\"position\":4,\"name\":\"Schaltger\u00e4te und Netzteile\"}]},{\"@type\":\"WebSite\",\"@id\":\"https:\/\/www.eltako.com\/en\/#website\",\"url\":\"https:\/\/www.eltako.com\/en\/\",\"name\":\"Eltako\",\"description\":\"Schaltger\u00e4te, Netzteile, Stromz\u00e4hler, Dimmer, Geb\u00e4udeinstallation, Steuerungstechnik, Smart Home-L\u00f6sungen, Geb\u00e4udefunk, EnOcean-Technologie\",\"potentialAction\":[{\"@type\":\"SearchAction\",\"target\":{\"@type\":\"EntryPoint\",\"urlTemplate\":\"https:\/\/www.eltako.com\/en\/?s={search_term_string}\"},\"query-input\":{\"@type\":\"PropertyValueSpecification\",\"valueRequired\":true,\"valueName\":\"search_term_string\"}}],\"inLanguage\":\"de\"}]}<\/script>\n<!-- \/ Yoast SEO plugin. -->","yoast_head_json":{"title":"Schaltger\u00e4te und Netzteile &#187; Eltako","robots":{"index":"index","follow":"follow","max-snippet":"max-snippet:-1","max-image-preview":"max-image-preview:large","max-video-preview":"max-video-preview:-1"},"canonical":"https:\/\/www.eltako.com\/de\/service\/downloads-zone\/schaltgeraete-und-netzteile\/","og_locale":"de_DE","og_type":"article","og_title":"Schaltger\u00e4te und Netzteile &#187; Eltako","og_url":"https:\/\/www.eltako.com\/de\/service\/downloads-zone\/schaltgeraete-und-netzteile\/","og_site_name":"Eltako","article_modified_time":"2022-06-13T08:25:11+00:00","twitter_card":"summary_large_image","twitter_misc":{"Gesch\u00e4tzte Lesezeit":"1\u00a0Minute"},"schema":{"@context":"https:\/\/schema.org","@graph":[{"@type":"WebPage","@id":"https:\/\/www.eltako.com\/de\/service\/downloads-zone\/schaltgeraete-und-netzteile\/","url":"https:\/\/www.eltako.com\/de\/service\/downloads-zone\/schaltgeraete-und-netzteile\/","name":"Schaltger\u00e4te und Netzteile &#187; Eltako","isPartOf":{"@id":"https:\/\/www.eltako.com\/en\/#website"},"datePublished":"2020-10-07T06:48:14+00:00","dateModified":"2022-06-13T08:25:11+00:00","breadcrumb":{"@id":"https:\/\/www.eltako.com\/de\/service\/downloads-zone\/schaltgeraete-und-netzteile\/#breadcrumb"},"inLanguage":"de","potentialAction":[{"@type":"ReadAction","target":["https:\/\/www.eltako.com\/de\/service\/downloads-zone\/schaltgeraete-und-netzteile\/"]}]},{"@type":"BreadcrumbList","@id":"https:\/\/www.eltako.com\/de\/service\/downloads-zone\/schaltgeraete-und-netzteile\/#breadcrumb","itemListElement":[{"@type":"ListItem","position":1,"name":"Home","item":"https:\/\/www.eltako.com\/de\/"},{"@type":"ListItem","position":2,"name":"Service","item":"https:\/\/www.eltako.com\/de\/service\/"},{"@type":"ListItem","position":3,"name":"Downloads","item":"https:\/\/www.eltako.com\/de\/service\/downloads-zone\/"},{"@type":"ListItem","position":4,"name":"Schaltger\u00e4te und Netzteile"}]},{"@type":"WebSite","@id":"https:\/\/www.eltako.com\/en\/#website","url":"https:\/\/www.eltako.com\/en\/","name":"Eltako","description":"Schaltger\u00e4te, Netzteile, Stromz\u00e4hler, Dimmer, Geb\u00e4udeinstallation, Steuerungstechnik, Smart Home-L\u00f6sungen, Geb\u00e4udefunk, EnOcean-Technologie","potentialAction":[{"@type":"SearchAction","target":{"@type":"EntryPoint","urlTemplate":"https:\/\/www.eltako.com\/en\/?s={search_term_string}"},"query-input":{"@type":"PropertyValueSpecification","valueRequired":true,"valueName":"search_term_string"}}],"inLanguage":"de"}]}},"_links":{"self":[{"href":"https:\/\/www.eltako.com\/de\/wp-json\/wp\/v2\/pages\/14780","targetHints":{"allow":["GET"]}}],"collection":[{"href":"https:\/\/www.eltako.com\/de\/wp-json\/wp\/v2\/pages"}],"about":[{"href":"https:\/\/www.eltako.com\/de\/wp-json\/wp\/v2\/types\/page"}],"author":[{"embeddable":true,"href":"https:\/\/www.eltako.com\/de\/wp-json\/wp\/v2\/users\/31"}],"replies":[{"embeddable":true,"href":"https:\/\/www.eltako.com\/de\/wp-json\/wp\/v2\/comments?post=14780"}],"version-history":[{"count":0,"href":"https:\/\/www.eltako.com\/de\/wp-json\/wp\/v2\/pages\/14780\/revisions"}],"up":[{"embeddable":true,"href":"https:\/\/www.eltako.com\/de\/wp-json\/wp\/v2\/pages\/358"}],"wp:attachment":[{"href":"https:\/\/www.eltako.com\/de\/wp-json\/wp\/v2\/media?parent=14780"}],"curies":[{"name":"wp","href":"https:\/\/api.w.org\/{rel}","templated":true}]}}