{"id":133872,"date":"2023-10-04T10:14:55","date_gmt":"2023-10-04T08:14:55","guid":{"rendered":"https:\/\/www.eltako.com\/?page_id=133872"},"modified":"2023-11-10T13:32:39","modified_gmt":"2023-11-10T12:32:39","slug":"fks-sv-und-wibutler-pro","status":"publish","type":"page","link":"https:\/\/www.eltako.com\/de\/fks-sv-und-wibutler-pro\/","title":{"rendered":"FKS-SV und wibutler pro"},"content":{"rendered":"\n\n\n<div style=\"height:70px\" aria-hidden=\"true\" class=\"wp-block-spacer\"><\/div>\n\n\n\n<h3 class=\"wp-block-heading has-text-color\" style=\"color:#0064af\"><strong>WEITERE INFORMATIONEN<\/strong><\/h3>\n\n\n\n<div style=\"height:50px\" aria-hidden=\"true\" class=\"wp-block-spacer\"><\/div>\n\n\n\n<div class=\"wp-block-columns is-layout-flex wp-container-core-columns-is-layout-9d6595d7 wp-block-columns-is-layout-flex\">\n<div class=\"wp-block-column is-layout-flow wp-block-column-is-layout-flow\">\n<figure class=\"wp-block-embed is-type-video is-provider-youtube wp-block-embed-youtube wp-embed-aspect-16-9 wp-has-aspect-ratio\"><div class=\"wp-block-embed__wrapper\">\n <div class=\"brlbs-cmpnt-container brlbs-cmpnt-content-blocker brlbs-cmpnt-with-individual-styles\" data-borlabs-cookie-content-blocker-id=\"youtube-content-blocker\" data-borlabs-cookie-content=\"PGlmcmFtZSB0aXRsZT0iU28gbGVybnN0IGR1IGRlbiBGS1MtU1YgaW4gZGVuIHdpYnV0bGVyIGVpbiIgd2lkdGg9IjUwMCIgaGVpZ2h0PSIyODEiIHNyYz0iaHR0cHM6Ly93d3cueW91dHViZS1ub2Nvb2tpZS5jb20vZW1iZWQvME94ZHQ1cFdiVHc\/ZmVhdHVyZT1vZW1iZWQiIGZyYW1lYm9yZGVyPSIwIiBhbGxvdz0iYWNjZWxlcm9tZXRlcjsgYXV0b3BsYXk7IGNsaXBib2FyZC13cml0ZTsgZW5jcnlwdGVkLW1lZGlhOyBneXJvc2NvcGU7IHBpY3R1cmUtaW4tcGljdHVyZTsgd2ViLXNoYXJlIiByZWZlcnJlcnBvbGljeT0ic3RyaWN0LW9yaWdpbi13aGVuLWNyb3NzLW9yaWdpbiIgYWxsb3dmdWxsc2NyZWVuPjwvaWZyYW1lPg==\"><div class=\"brlbs-cmpnt-cb-preset-c brlbs-cmpnt-cb-youtube\"> <div class=\"brlbs-cmpnt-cb-thumbnail\" style=\"background-image: url('https:\/\/www.eltako.com\/wp-content\/uploads\/borlabs-cookie\/1\/yt_0Oxdt5pWbTw_hqdefault.jpg')\"><\/div> <div class=\"brlbs-cmpnt-cb-main\"> <div class=\"brlbs-cmpnt-cb-play-button\"><\/div> <div class=\"brlbs-cmpnt-cb-content\"> <p class=\"brlbs-cmpnt-cb-description\">Sie sehen gerade einen Platzhalterinhalt von <strong>YouTube<\/strong>. Um auf den eigentlichen Inhalt zuzugreifen, klicken Sie auf die Schaltfl\u00e4che unten. Bitte beachten Sie, dass dabei Daten an Drittanbieter weitergegeben werden.<\/p> <a class=\"brlbs-cmpnt-cb-provider-toggle\" href=\"#\" data-borlabs-cookie-show-provider-information role=\"button\">Mehr Informationen<\/a> <\/div> <div class=\"brlbs-cmpnt-cb-buttons\"> <a class=\"brlbs-cmpnt-cb-btn\" href=\"#\" data-borlabs-cookie-unblock role=\"button\">Inhalt entsperren<\/a> <a class=\"brlbs-cmpnt-cb-btn\" href=\"#\" data-borlabs-cookie-accept-service role=\"button\" style=\"display: inherit\">Erforderlichen Service akzeptieren und Inhalte entsperren<\/a> <\/div> <\/div> <\/div><\/div>\n<\/div><\/figure>\n<\/div>\n\n\n\n<div class=\"wp-block-column has-text-align-center is-layout-flow wp-block-column-is-layout-flow\">\n<figure class=\"wp-block-image size-large is-resized\"><img decoding=\"async\" width=\"1024\" height=\"690\" src=\"https:\/\/www.eltako.com\/wp-content\/uploads\/2023\/11\/eltako-website_flyer-fks-sv-1024x690.png\" alt=\"\" class=\"wp-image-134550\" style=\"aspect-ratio:1.4840579710144928;width:416px;height:auto\" srcset=\"https:\/\/www.eltako.com\/wp-content\/uploads\/2023\/11\/eltako-website_flyer-fks-sv-1024x690.png 1024w, https:\/\/www.eltako.com\/wp-content\/uploads\/2023\/11\/eltako-website_flyer-fks-sv-300x202.png 300w, https:\/\/www.eltako.com\/wp-content\/uploads\/2023\/11\/eltako-website_flyer-fks-sv-768x517.png 768w, https:\/\/www.eltako.com\/wp-content\/uploads\/2023\/11\/eltako-website_flyer-fks-sv-1536x1035.png 1536w, https:\/\/www.eltako.com\/wp-content\/uploads\/2023\/11\/eltako-website_flyer-fks-sv-2048x1380.png 2048w, https:\/\/www.eltako.com\/wp-content\/uploads\/2023\/11\/eltako-website_flyer-fks-sv-600x404.png 600w\" sizes=\"(max-width: 1024px) 100vw, 1024px\" \/><\/figure>\n\n\n\n<a href=\"https:\/\/www.eltako.com\/fileadmin\/downloads\/de\/_flyer\/Flyer_FKS-sv_dt.pdf\" class=\"text-uppercase font-weight-bold btn text-white p-3 mt-1 mb-1\" style=\"background : #016db7; font-size:20px\" rel=\"noopener\">DOWNLOAD<\/a>\n<\/div>\n<\/div>\n\n\n\n<div style=\"height:70px\" aria-hidden=\"true\" class=\"wp-block-spacer\"><\/div>\n\n\n\n<h3 class=\"wp-block-heading has-text-color\" style=\"color:#0064af\"><strong>Kontakt<\/strong><\/h3>\n\n\n\n<p style=\"font-size:16px\">Daniel&nbsp;B\u00f6th<br>Key Account Manager&nbsp;<br>&nbsp;<a href=\"tel:+491733180391\">+49 (0)173 318 0391<\/a><br><a href=\"mailto:boeth@eltako.de\">boeth@eltako.de<\/a><\/p>\n","protected":false},"excerpt":{"rendered":"<p>WEITERE INFORMATIONEN DOWNLOAD Kontakt Daniel&nbsp;B\u00f6thKey Account Manager&nbsp;&nbsp;+49 (0)173 318 0391boeth@eltako.de<\/p>\n","protected":false},"author":39,"featured_media":0,"parent":0,"menu_order":0,"comment_status":"closed","ping_status":"closed","template":"","meta":{"_acf_changed":false,"footnotes":"","_links_to":"","_links_to_target":""},"class_list":["post-133872","page","type-page","status-publish","hentry"],"acf":[],"yoast_head":"<!-- This site is optimized with the Yoast SEO plugin v27.2 - https:\/\/yoast.com\/product\/yoast-seo-wordpress\/ -->\n<title>FKS-SV und wibutler pro &#187; Eltako<\/title>\n<meta name=\"robots\" content=\"index, follow, max-snippet:-1, max-image-preview:large, max-video-preview:-1\" \/>\n<link rel=\"canonical\" href=\"https:\/\/www.eltako.com\/de\/fks-sv-und-wibutler-pro\/\" \/>\n<meta property=\"og:locale\" content=\"de_DE\" \/>\n<meta property=\"og:type\" content=\"article\" \/>\n<meta property=\"og:title\" content=\"FKS-SV und wibutler pro &#187; Eltako\" \/>\n<meta property=\"og:description\" content=\"WEITERE INFORMATIONEN DOWNLOAD Kontakt Daniel&nbsp;B\u00f6thKey Account Manager&nbsp;&nbsp;+49 (0)173 318 0391boeth@eltako.de\" \/>\n<meta property=\"og:url\" content=\"https:\/\/www.eltako.com\/de\/fks-sv-und-wibutler-pro\/\" \/>\n<meta property=\"og:site_name\" content=\"Eltako\" \/>\n<meta property=\"article:modified_time\" content=\"2023-11-10T12:32:39+00:00\" \/>\n<meta property=\"og:image\" content=\"https:\/\/www.eltako.com\/wp-content\/uploads\/2023\/11\/eltako-website_flyer-fks-sv-1024x690.png\" \/>\n<meta name=\"twitter:card\" content=\"summary_large_image\" \/>\n<meta name=\"twitter:label1\" content=\"Gesch\u00e4tzte Lesezeit\" \/>\n\t<meta name=\"twitter:data1\" content=\"1\u00a0Minute\" \/>\n<script type=\"application\/ld+json\" class=\"yoast-schema-graph\">{\"@context\":\"https:\/\/schema.org\",\"@graph\":[{\"@type\":\"WebPage\",\"@id\":\"https:\/\/www.eltako.com\/de\/fks-sv-und-wibutler-pro\/\",\"url\":\"https:\/\/www.eltako.com\/de\/fks-sv-und-wibutler-pro\/\",\"name\":\"FKS-SV und wibutler pro &#187; Eltako\",\"isPartOf\":{\"@id\":\"https:\/\/www.eltako.com\/en\/#website\"},\"primaryImageOfPage\":{\"@id\":\"https:\/\/www.eltako.com\/de\/fks-sv-und-wibutler-pro\/#primaryimage\"},\"image\":{\"@id\":\"https:\/\/www.eltako.com\/de\/fks-sv-und-wibutler-pro\/#primaryimage\"},\"thumbnailUrl\":\"https:\/\/www.eltako.com\/wp-content\/uploads\/2023\/11\/eltako-website_flyer-fks-sv-1024x690.png\",\"datePublished\":\"2023-10-04T08:14:55+00:00\",\"dateModified\":\"2023-11-10T12:32:39+00:00\",\"breadcrumb\":{\"@id\":\"https:\/\/www.eltako.com\/de\/fks-sv-und-wibutler-pro\/#breadcrumb\"},\"inLanguage\":\"de\",\"potentialAction\":[{\"@type\":\"ReadAction\",\"target\":[\"https:\/\/www.eltako.com\/de\/fks-sv-und-wibutler-pro\/\"]}]},{\"@type\":\"ImageObject\",\"inLanguage\":\"de\",\"@id\":\"https:\/\/www.eltako.com\/de\/fks-sv-und-wibutler-pro\/#primaryimage\",\"url\":\"https:\/\/www.eltako.com\/wp-content\/uploads\/2023\/11\/eltako-website_flyer-fks-sv-1024x690.png\",\"contentUrl\":\"https:\/\/www.eltako.com\/wp-content\/uploads\/2023\/11\/eltako-website_flyer-fks-sv-1024x690.png\"},{\"@type\":\"BreadcrumbList\",\"@id\":\"https:\/\/www.eltako.com\/de\/fks-sv-und-wibutler-pro\/#breadcrumb\",\"itemListElement\":[{\"@type\":\"ListItem\",\"position\":1,\"name\":\"Home\",\"item\":\"https:\/\/www.eltako.com\/de\/\"},{\"@type\":\"ListItem\",\"position\":2,\"name\":\"FKS-SV und wibutler pro\"}]},{\"@type\":\"WebSite\",\"@id\":\"https:\/\/www.eltako.com\/en\/#website\",\"url\":\"https:\/\/www.eltako.com\/en\/\",\"name\":\"Eltako\",\"description\":\"Schaltger\u00e4te, Netzteile, Stromz\u00e4hler, Dimmer, Geb\u00e4udeinstallation, Steuerungstechnik, Smart Home-L\u00f6sungen, Geb\u00e4udefunk, EnOcean-Technologie\",\"potentialAction\":[{\"@type\":\"SearchAction\",\"target\":{\"@type\":\"EntryPoint\",\"urlTemplate\":\"https:\/\/www.eltako.com\/en\/?s={search_term_string}\"},\"query-input\":{\"@type\":\"PropertyValueSpecification\",\"valueRequired\":true,\"valueName\":\"search_term_string\"}}],\"inLanguage\":\"de\"}]}<\/script>\n<!-- \/ Yoast SEO plugin. -->","yoast_head_json":{"title":"FKS-SV und wibutler pro &#187; Eltako","robots":{"index":"index","follow":"follow","max-snippet":"max-snippet:-1","max-image-preview":"max-image-preview:large","max-video-preview":"max-video-preview:-1"},"canonical":"https:\/\/www.eltako.com\/de\/fks-sv-und-wibutler-pro\/","og_locale":"de_DE","og_type":"article","og_title":"FKS-SV und wibutler pro &#187; Eltako","og_description":"WEITERE INFORMATIONEN DOWNLOAD Kontakt Daniel&nbsp;B\u00f6thKey Account Manager&nbsp;&nbsp;+49 (0)173 318 0391boeth@eltako.de","og_url":"https:\/\/www.eltako.com\/de\/fks-sv-und-wibutler-pro\/","og_site_name":"Eltako","article_modified_time":"2023-11-10T12:32:39+00:00","og_image":[{"url":"https:\/\/www.eltako.com\/wp-content\/uploads\/2023\/11\/eltako-website_flyer-fks-sv-1024x690.png","type":"","width":"","height":""}],"twitter_card":"summary_large_image","twitter_misc":{"Gesch\u00e4tzte Lesezeit":"1\u00a0Minute"},"schema":{"@context":"https:\/\/schema.org","@graph":[{"@type":"WebPage","@id":"https:\/\/www.eltako.com\/de\/fks-sv-und-wibutler-pro\/","url":"https:\/\/www.eltako.com\/de\/fks-sv-und-wibutler-pro\/","name":"FKS-SV und wibutler pro &#187; Eltako","isPartOf":{"@id":"https:\/\/www.eltako.com\/en\/#website"},"primaryImageOfPage":{"@id":"https:\/\/www.eltako.com\/de\/fks-sv-und-wibutler-pro\/#primaryimage"},"image":{"@id":"https:\/\/www.eltako.com\/de\/fks-sv-und-wibutler-pro\/#primaryimage"},"thumbnailUrl":"https:\/\/www.eltako.com\/wp-content\/uploads\/2023\/11\/eltako-website_flyer-fks-sv-1024x690.png","datePublished":"2023-10-04T08:14:55+00:00","dateModified":"2023-11-10T12:32:39+00:00","breadcrumb":{"@id":"https:\/\/www.eltako.com\/de\/fks-sv-und-wibutler-pro\/#breadcrumb"},"inLanguage":"de","potentialAction":[{"@type":"ReadAction","target":["https:\/\/www.eltako.com\/de\/fks-sv-und-wibutler-pro\/"]}]},{"@type":"ImageObject","inLanguage":"de","@id":"https:\/\/www.eltako.com\/de\/fks-sv-und-wibutler-pro\/#primaryimage","url":"https:\/\/www.eltako.com\/wp-content\/uploads\/2023\/11\/eltako-website_flyer-fks-sv-1024x690.png","contentUrl":"https:\/\/www.eltako.com\/wp-content\/uploads\/2023\/11\/eltako-website_flyer-fks-sv-1024x690.png"},{"@type":"BreadcrumbList","@id":"https:\/\/www.eltako.com\/de\/fks-sv-und-wibutler-pro\/#breadcrumb","itemListElement":[{"@type":"ListItem","position":1,"name":"Home","item":"https:\/\/www.eltako.com\/de\/"},{"@type":"ListItem","position":2,"name":"FKS-SV und wibutler pro"}]},{"@type":"WebSite","@id":"https:\/\/www.eltako.com\/en\/#website","url":"https:\/\/www.eltako.com\/en\/","name":"Eltako","description":"Schaltger\u00e4te, Netzteile, Stromz\u00e4hler, Dimmer, Geb\u00e4udeinstallation, Steuerungstechnik, Smart Home-L\u00f6sungen, Geb\u00e4udefunk, EnOcean-Technologie","potentialAction":[{"@type":"SearchAction","target":{"@type":"EntryPoint","urlTemplate":"https:\/\/www.eltako.com\/en\/?s={search_term_string}"},"query-input":{"@type":"PropertyValueSpecification","valueRequired":true,"valueName":"search_term_string"}}],"inLanguage":"de"}]}},"_links":{"self":[{"href":"https:\/\/www.eltako.com\/de\/wp-json\/wp\/v2\/pages\/133872","targetHints":{"allow":["GET"]}}],"collection":[{"href":"https:\/\/www.eltako.com\/de\/wp-json\/wp\/v2\/pages"}],"about":[{"href":"https:\/\/www.eltako.com\/de\/wp-json\/wp\/v2\/types\/page"}],"author":[{"embeddable":true,"href":"https:\/\/www.eltako.com\/de\/wp-json\/wp\/v2\/users\/39"}],"replies":[{"embeddable":true,"href":"https:\/\/www.eltako.com\/de\/wp-json\/wp\/v2\/comments?post=133872"}],"version-history":[{"count":4,"href":"https:\/\/www.eltako.com\/de\/wp-json\/wp\/v2\/pages\/133872\/revisions"}],"predecessor-version":[{"id":134625,"href":"https:\/\/www.eltako.com\/de\/wp-json\/wp\/v2\/pages\/133872\/revisions\/134625"}],"wp:attachment":[{"href":"https:\/\/www.eltako.com\/de\/wp-json\/wp\/v2\/media?parent=133872"}],"curies":[{"name":"wp","href":"https:\/\/api.w.org\/{rel}","templated":true}]}}