{"id":122267,"date":"2022-11-21T10:27:18","date_gmt":"2022-11-21T09:27:18","guid":{"rendered":"https:\/\/www.eltako.com\/?page_id=122267"},"modified":"2023-12-14T08:56:33","modified_gmt":"2023-12-14T07:56:33","slug":"datenschutz-gewinnspiel","status":"publish","type":"page","link":"https:\/\/www.eltako.com\/de\/datenschutz-gewinnspiel\/","title":{"rendered":"Datenschutzinformation f\u00fcr unser Gewinnspiel"},"content":{"rendered":"\n<h3 class=\"wp-block-heading\"><strong><strong>nach Art. 13 der Datenschutz-Grundverordnung DSGVO<\/strong><\/strong><\/h3>\n\n\n\n<div style=\"height:30px\" aria-hidden=\"true\" class=\"wp-block-spacer\"><\/div>\n\n\n\n<p>Datenschutz ist uns ein wichtiges Anliegen und daher auch Bestandteil unseres Code of Conduct. Nachfolgend informieren wir Sie, wie wir Ihre Daten verarbeiten und welche Rechte Ihnen zustehen.<\/p>\n\n\n\n<div style=\"height:30px\" aria-hidden=\"true\" class=\"wp-block-spacer\"><\/div>\n\n\n\n<h3 class=\"wp-block-heading\"><strong><strong>1. Wer ist f\u00fcr die Datenverarbeitung verantwortlich und an wen k\u00f6nnen Sie sich wenden?<\/strong><\/strong><\/h3>\n\n\n\n<p>Eltako GmbH<br>Hofener Stra\u00dfe 54<br>70736 Fellbach<br>Gesch\u00e4ftsf\u00fchrung: Horst Ulrich Ziegler, Ulrich Ziegler<br>E-Mail:&nbsp;<a href=\"mailto:info@eltako.de\">info@eltako.de<\/a><\/p>\n\n\n\n<div style=\"height:30px\" aria-hidden=\"true\" class=\"wp-block-spacer\"><\/div>\n\n\n\n<h3 class=\"wp-block-heading\"><strong><strong>2. Kontaktdaten des Datenschutzbeauftragten<\/strong><\/strong><\/h3>\n\n\n\n<p>Stefan Knecht<br>Tel.: 07021 487628<br>E-Mail:&nbsp;<a href=\"mailto:datenschutz@eltako.de\">datenschutz@eltako.de<\/a><\/p>\n\n\n\n<div style=\"height:30px\" aria-hidden=\"true\" class=\"wp-block-spacer\"><\/div>\n\n\n\n<h3 class=\"wp-block-heading\"><strong><strong>3. Verarbeitungszwecke und Rechtsgrundlage&nbsp;<\/strong><\/strong><\/h3>\n\n\n\n<p>Ihre personenbezogenen Daten werden nach den Bestimmungen der Datenschutz-Grundverordnung (DSGVO) und anderen relevanten Datenschutzvorschriften verarbeitet. Unseren Teilnahmebedingungen f\u00fcr das Gewinnspiel k\u00f6nnen Sie weitere Details und Erg\u00e4nzungen zu den Verarbeitungsvorg\u00e4ngen entnehmen.<\/p>\n\n\n\n<p><strong><strong>Erf\u00fcllung von vertraglichen Pflichten (Art. 6 Abs. 1 lit. b)&nbsp;<\/strong><\/strong><\/p>\n\n\n\n<p>Wir verarbeiten Ihre personenbezogenen Daten auf Grundlage unserer Teilnahmebedingungen mit Ihnen. Die Daten werden zu folgenden Zwecken verarbeitet:<\/p>\n\n\n\n<ul class=\"wp-block-list\">\n<li>Abwicklung des Gewinnspiels<\/li>\n\n\n\n<li>\u00dcbersendung der Gewinne<\/li>\n<\/ul>\n\n\n\n<p><strong><strong>&nbsp;Berechtigtes Interesse von uns oder Dritten (Art. 6 Abs. 1 Buchst. f DSGVO)<\/strong><\/strong><\/p>\n\n\n\n<p>Wir dokumentieren den Anmeldeprozess um nachweisen zu k\u00f6nnen, dass Sie damit in die Teilnahmebedingungen eingewilligt haben f\u00fcr die Verteidigung oder Geltendmachung von Rechtsanspr\u00fcchen.<\/p>\n\n\n\n<div style=\"height:30px\" aria-hidden=\"true\" class=\"wp-block-spacer\"><\/div>\n\n\n\n<h3 class=\"wp-block-heading\"><strong><strong>4. Wer erh\u00e4lt Ihre Daten?&nbsp;<\/strong><\/strong><\/h3>\n\n\n\n<p>Wir geben Ihre personenbezogenen Daten innerhalb unseres Unternehmens an die Bereiche weiter, die diese Daten zur Erf\u00fcllung der vertraglichen und Pflichten ben\u00f6tigen. Die Daten werden au\u00dferdem in unserem CMS-System Salesforce gespeichert. Dar\u00fcber hinaus k\u00f6nnen folgende Stellen Ihre Daten erhalten:<\/p>\n\n\n\n<ul class=\"wp-block-list\">\n<li>von uns eingesetzte Auftragsverarbeiter (Art. 28 DSGVO), Social-Media-Plattformen mit denen wir gemeinsam verantwortlich sind, unserem CMS-System Salesforce, Dienstleister f\u00fcr unterst\u00fctzende T\u00e4tigkeiten und weitere Verantwortliche im Sinne der DSGVO, insbesondere in den Bereichen Postdienstleistungen, IT-Dienstleistungen, externe Rechenzentren, Unterst\u00fctzung\/Wartung von IT-Anwendungen.<\/li>\n<\/ul>\n\n\n\n<div style=\"height:30px\" aria-hidden=\"true\" class=\"wp-block-spacer\"><\/div>\n\n\n\n<h3 class=\"wp-block-heading\"><strong>5. Wie lange speichern wir Ihre Daten?\u00a0<\/strong><\/h3>\n\n\n\n<p>Die Daten werden in unserem CMS-System gespeichert, bis Sie von ihrem Widerruf Gebrauch machen. Richten Sie diesen bitte per E-Mail an\u00a0<a href=\"mailto:info@eltako.de\">info@eltako.de<\/a>\u00a0oder melden Sie sich direkt \u00fcber den Abmelde-Link im Newsletter ab.\u00a0<\/p>\n\n\n\n<div style=\"height:30px\" aria-hidden=\"true\" class=\"wp-block-spacer\"><\/div>\n\n\n\n<h3 class=\"wp-block-heading\"><strong><strong>6. Ihre Datenschutzrechte\u00a0<\/strong><\/strong><\/h3>\n\n\n\n<p>Sie haben das Recht auf Auskunft nach Art. 15 DSGVO, das Recht auf Berichtigung nach Art. 16 DSGVO, das Recht auf L\u00f6schung nach Art. 17 DSGVO, das Recht auf Einschr\u00e4nkung der Verarbeitung nach Art. 18 DSGVO sowie das Recht auf Daten\u00fcbertragbarkeit aus Art. 20 DSGVO. Grunds\u00e4tzlich besteht nach Artikel 21 DSGVO das Widerspruchsrecht gegen die Verarbeitung von personenbezogenen Daten durch uns, sofern die Verarbeitung auf einem berechtigten Interesse (Art. 6 Abs. 1 f DSGVO) erfolgt. Dieses Widerspruchsrecht gilt allerdings nur bei Vorliegen ganz besonderer Umst\u00e4nde Ihrer pers\u00f6nlichen Situation, wobei Rechte unseres Hauses Ihrem Widerspruchsrecht ggf. entgegenstehen k\u00f6nnen. Widerspruch k\u00f6nnen Sie auch jederzeit einlegen gegen die Verarbeitung Ihrer personenbezogenen Daten zum Zwecke der Direktwerbung.&nbsp;<\/p>\n\n\n\n<p>Falls Sie eines dieser Rechte geltend machen wollen, wenden Sie sich bitte an unseren Datenschutz-Verantwortlichen unter&nbsp;<a href=\"mailto:datenschutz@eltako.de\"><strong>datenschutz@eltako.de<\/strong><\/a><\/p>\n\n\n\n<p>Ihnen steht ein Beschwerderecht bei der Datenschutzaufsichtsbeh\u00f6rde zu (Art. 77 DSGVO). Die f\u00fcr uns zust\u00e4ndige Aufsichtsbeh\u00f6rde ist:<\/p>\n\n\n\n<p>Der Landesbeauftragte f\u00fcr den Datenschutz und die Informationsfreiheit<br>Lautenschlagerstra\u00dfe 20<br>70173 Stuttgart<\/p>\n\n\n\n<div style=\"height:30px\" aria-hidden=\"true\" class=\"wp-block-spacer\"><\/div>\n\n\n\n<h3 class=\"wp-block-heading\"><strong><strong><strong>7. Umfang Ihrer Pflichten, uns Ihre Daten bereitzustellen\u00a0<\/strong><\/strong><\/strong><\/h3>\n\n\n\n<p>Sie brauchen nur diejenigen Daten bereitstellen, die f\u00fcr die Abwicklung des Gewinnspiels notwendig sind.<\/p>\n\n\n\n<div style=\"height:30px\" aria-hidden=\"true\" class=\"wp-block-spacer\"><\/div>\n\n\n\n<p>Stand: 05. Dezember 2023<\/p>\n","protected":false},"excerpt":{"rendered":"<p>nach Art. 13 der Datenschutz-Grundverordnung DSGVO Datenschutz ist uns ein wichtiges Anliegen und daher auch Bestandteil unseres Code of Conduct. Nachfolgend informieren wir Sie, wie wir Ihre Daten verarbeiten und welche Rechte Ihnen zustehen. 1. Wer ist f\u00fcr die Datenverarbeitung verantwortlich und an wen k\u00f6nnen Sie sich wenden? Eltako GmbHHofener Stra\u00dfe 5470736 FellbachGesch\u00e4ftsf\u00fchrung: Horst Ulrich [&hellip;]<\/p>\n","protected":false},"author":39,"featured_media":0,"parent":0,"menu_order":0,"comment_status":"closed","ping_status":"closed","template":"","meta":{"_acf_changed":false,"footnotes":"","_links_to":"","_links_to_target":""},"class_list":["post-122267","page","type-page","status-publish","hentry"],"acf":[],"yoast_head":"<!-- This site is optimized with the Yoast SEO plugin v27.2 - https:\/\/yoast.com\/product\/yoast-seo-wordpress\/ -->\n<title>Datenschutzinformation f\u00fcr unser Gewinnspiel &#187; Eltako<\/title>\n<meta name=\"robots\" content=\"index, follow, max-snippet:-1, max-image-preview:large, max-video-preview:-1\" \/>\n<link rel=\"canonical\" href=\"https:\/\/www.eltako.com\/de\/datenschutz-gewinnspiel\/\" \/>\n<meta property=\"og:locale\" content=\"de_DE\" \/>\n<meta property=\"og:type\" content=\"article\" \/>\n<meta property=\"og:title\" content=\"Datenschutzinformation f\u00fcr unser Gewinnspiel &#187; Eltako\" \/>\n<meta property=\"og:description\" content=\"nach Art. 13 der Datenschutz-Grundverordnung DSGVO Datenschutz ist uns ein wichtiges Anliegen und daher auch Bestandteil unseres Code of Conduct. Nachfolgend informieren wir Sie, wie wir Ihre Daten verarbeiten und welche Rechte Ihnen zustehen. 1. Wer ist f\u00fcr die Datenverarbeitung verantwortlich und an wen k\u00f6nnen Sie sich wenden? Eltako GmbHHofener Stra\u00dfe 5470736 FellbachGesch\u00e4ftsf\u00fchrung: Horst Ulrich [&hellip;]\" \/>\n<meta property=\"og:url\" content=\"https:\/\/www.eltako.com\/de\/datenschutz-gewinnspiel\/\" \/>\n<meta property=\"og:site_name\" content=\"Eltako\" \/>\n<meta property=\"article:modified_time\" content=\"2023-12-14T07:56:33+00:00\" \/>\n<meta name=\"twitter:card\" content=\"summary_large_image\" \/>\n<meta name=\"twitter:label1\" content=\"Gesch\u00e4tzte Lesezeit\" \/>\n\t<meta name=\"twitter:data1\" content=\"3\u00a0Minuten\" \/>\n<script type=\"application\/ld+json\" class=\"yoast-schema-graph\">{\"@context\":\"https:\/\/schema.org\",\"@graph\":[{\"@type\":\"WebPage\",\"@id\":\"https:\/\/www.eltako.com\/de\/datenschutz-gewinnspiel\/\",\"url\":\"https:\/\/www.eltako.com\/de\/datenschutz-gewinnspiel\/\",\"name\":\"Datenschutzinformation f\u00fcr unser Gewinnspiel &#187; Eltako\",\"isPartOf\":{\"@id\":\"https:\/\/www.eltako.com\/en\/#website\"},\"datePublished\":\"2022-11-21T09:27:18+00:00\",\"dateModified\":\"2023-12-14T07:56:33+00:00\",\"breadcrumb\":{\"@id\":\"https:\/\/www.eltako.com\/de\/datenschutz-gewinnspiel\/#breadcrumb\"},\"inLanguage\":\"de\",\"potentialAction\":[{\"@type\":\"ReadAction\",\"target\":[\"https:\/\/www.eltako.com\/de\/datenschutz-gewinnspiel\/\"]}]},{\"@type\":\"BreadcrumbList\",\"@id\":\"https:\/\/www.eltako.com\/de\/datenschutz-gewinnspiel\/#breadcrumb\",\"itemListElement\":[{\"@type\":\"ListItem\",\"position\":1,\"name\":\"Home\",\"item\":\"https:\/\/www.eltako.com\/de\/\"},{\"@type\":\"ListItem\",\"position\":2,\"name\":\"Datenschutzinformation f\u00fcr unser Gewinnspiel\"}]},{\"@type\":\"WebSite\",\"@id\":\"https:\/\/www.eltako.com\/en\/#website\",\"url\":\"https:\/\/www.eltako.com\/en\/\",\"name\":\"Eltako\",\"description\":\"Schaltger\u00e4te, Netzteile, Stromz\u00e4hler, Dimmer, Geb\u00e4udeinstallation, Steuerungstechnik, Smart Home-L\u00f6sungen, Geb\u00e4udefunk, EnOcean-Technologie\",\"potentialAction\":[{\"@type\":\"SearchAction\",\"target\":{\"@type\":\"EntryPoint\",\"urlTemplate\":\"https:\/\/www.eltako.com\/en\/?s={search_term_string}\"},\"query-input\":{\"@type\":\"PropertyValueSpecification\",\"valueRequired\":true,\"valueName\":\"search_term_string\"}}],\"inLanguage\":\"de\"}]}<\/script>\n<!-- \/ Yoast SEO plugin. -->","yoast_head_json":{"title":"Datenschutzinformation f\u00fcr unser Gewinnspiel &#187; Eltako","robots":{"index":"index","follow":"follow","max-snippet":"max-snippet:-1","max-image-preview":"max-image-preview:large","max-video-preview":"max-video-preview:-1"},"canonical":"https:\/\/www.eltako.com\/de\/datenschutz-gewinnspiel\/","og_locale":"de_DE","og_type":"article","og_title":"Datenschutzinformation f\u00fcr unser Gewinnspiel &#187; Eltako","og_description":"nach Art. 13 der Datenschutz-Grundverordnung DSGVO Datenschutz ist uns ein wichtiges Anliegen und daher auch Bestandteil unseres Code of Conduct. Nachfolgend informieren wir Sie, wie wir Ihre Daten verarbeiten und welche Rechte Ihnen zustehen. 1. Wer ist f\u00fcr die Datenverarbeitung verantwortlich und an wen k\u00f6nnen Sie sich wenden? Eltako GmbHHofener Stra\u00dfe 5470736 FellbachGesch\u00e4ftsf\u00fchrung: Horst Ulrich [&hellip;]","og_url":"https:\/\/www.eltako.com\/de\/datenschutz-gewinnspiel\/","og_site_name":"Eltako","article_modified_time":"2023-12-14T07:56:33+00:00","twitter_card":"summary_large_image","twitter_misc":{"Gesch\u00e4tzte Lesezeit":"3\u00a0Minuten"},"schema":{"@context":"https:\/\/schema.org","@graph":[{"@type":"WebPage","@id":"https:\/\/www.eltako.com\/de\/datenschutz-gewinnspiel\/","url":"https:\/\/www.eltako.com\/de\/datenschutz-gewinnspiel\/","name":"Datenschutzinformation f\u00fcr unser Gewinnspiel &#187; Eltako","isPartOf":{"@id":"https:\/\/www.eltako.com\/en\/#website"},"datePublished":"2022-11-21T09:27:18+00:00","dateModified":"2023-12-14T07:56:33+00:00","breadcrumb":{"@id":"https:\/\/www.eltako.com\/de\/datenschutz-gewinnspiel\/#breadcrumb"},"inLanguage":"de","potentialAction":[{"@type":"ReadAction","target":["https:\/\/www.eltako.com\/de\/datenschutz-gewinnspiel\/"]}]},{"@type":"BreadcrumbList","@id":"https:\/\/www.eltako.com\/de\/datenschutz-gewinnspiel\/#breadcrumb","itemListElement":[{"@type":"ListItem","position":1,"name":"Home","item":"https:\/\/www.eltako.com\/de\/"},{"@type":"ListItem","position":2,"name":"Datenschutzinformation f\u00fcr unser Gewinnspiel"}]},{"@type":"WebSite","@id":"https:\/\/www.eltako.com\/en\/#website","url":"https:\/\/www.eltako.com\/en\/","name":"Eltako","description":"Schaltger\u00e4te, Netzteile, Stromz\u00e4hler, Dimmer, Geb\u00e4udeinstallation, Steuerungstechnik, Smart Home-L\u00f6sungen, Geb\u00e4udefunk, EnOcean-Technologie","potentialAction":[{"@type":"SearchAction","target":{"@type":"EntryPoint","urlTemplate":"https:\/\/www.eltako.com\/en\/?s={search_term_string}"},"query-input":{"@type":"PropertyValueSpecification","valueRequired":true,"valueName":"search_term_string"}}],"inLanguage":"de"}]}},"_links":{"self":[{"href":"https:\/\/www.eltako.com\/de\/wp-json\/wp\/v2\/pages\/122267","targetHints":{"allow":["GET"]}}],"collection":[{"href":"https:\/\/www.eltako.com\/de\/wp-json\/wp\/v2\/pages"}],"about":[{"href":"https:\/\/www.eltako.com\/de\/wp-json\/wp\/v2\/types\/page"}],"author":[{"embeddable":true,"href":"https:\/\/www.eltako.com\/de\/wp-json\/wp\/v2\/users\/39"}],"replies":[{"embeddable":true,"href":"https:\/\/www.eltako.com\/de\/wp-json\/wp\/v2\/comments?post=122267"}],"version-history":[{"count":5,"href":"https:\/\/www.eltako.com\/de\/wp-json\/wp\/v2\/pages\/122267\/revisions"}],"predecessor-version":[{"id":134992,"href":"https:\/\/www.eltako.com\/de\/wp-json\/wp\/v2\/pages\/122267\/revisions\/134992"}],"wp:attachment":[{"href":"https:\/\/www.eltako.com\/de\/wp-json\/wp\/v2\/media?parent=122267"}],"curies":[{"name":"wp","href":"https:\/\/api.w.org\/{rel}","templated":true}]}}