{"id":121756,"date":"2022-11-21T11:08:30","date_gmt":"2022-11-21T10:08:30","guid":{"rendered":"https:\/\/www.eltako.com\/?page_id=121756"},"modified":"2025-11-04T13:37:33","modified_gmt":"2025-11-04T12:37:33","slug":"datenschutzerklaerung-social-media","status":"publish","type":"page","link":"https:\/\/www.eltako.com\/de\/datenschutzerklaerung-social-media\/","title":{"rendered":"Datenschutzerkl\u00e4rung Social Media"},"content":{"rendered":"\n<h2 class=\"wp-block-heading\"><strong>Anbieter, Datenschutzinformation, rechtliche Hinweise sowie Netiquette f\u00fcr die von uns angebotenen und betriebenen Social-Media-Plattformen<\/strong><\/h2>\n\n\n\n<div style=\"height:30px\" aria-hidden=\"true\" class=\"wp-block-spacer\"><\/div>\n\n\n\n<h3 class=\"wp-block-heading\"><strong>Anbieter<\/strong><\/h3>\n\n\n\n<p>ELTAKO GmbH<br>Hofener Stra\u00dfe 54\u00a0<br>70736 Fellbach<br>Tel.: 0711 94350000<br>E-Mail: info@eltako.de<br><br>Registergericht: Stuttgart<br>Registernummer: HRB261445<br>Gesch\u00e4ftsf\u00fchrer: Ulrich Ziegler<br>Umsatzsteuer-Identifikationsnummer: DE147330893<\/p>\n\n\n\n<div style=\"height:30px\" aria-hidden=\"true\" class=\"wp-block-spacer\"><\/div>\n\n\n\n<h3 class=\"wp-block-heading\"><strong>Datenschutzhinweise f\u00fcr die Nutzung unserer Social-Media-Kan\u00e4le<\/strong><\/h3>\n\n\n\n<p>Unsere Social-Media-Kan\u00e4le werden von uns selbst (Anbieter) betrieben.<\/p>\n\n\n\n<p><strong>Datenschutzbeauftragter<\/strong><strong><br><\/strong>Knecht Datenschutz<br>Stefan Knecht<br>Telefon: +49 (0)7021 487628<br><a href=\"mailto:datenschutz@eltako.de\">datenschutz@eltako.de<\/a><\/p>\n\n\n\n<p><strong>Allgemeines<\/strong><\/p>\n\n\n\n<p>Um Interessierte Bewerber*innen oder Interessenten*innen zu erreichen und aktuellen Content und Informationen \u00fcber uns zu liefern, bieten wir diese auf Plattformen Dritter, au\u00dferhalb der von uns selbst betriebenen Webseite, an.<\/p>\n\n\n\n<p>Die aktuelle Rechtsprechung l\u00e4sst vermuten, dass wir in diesem Fall zu Teilen f\u00fcr die dort stattfindende Verarbeitung Ihrer personenbezogenen Daten mitverantwortlich sind. Aus diesem Grund informieren wir Sie \u00fcber diese Verarbeitung auf den Plattformen auf denen wir pr\u00e4sent sind und soweit wir dar\u00fcber Kenntnis haben. Die Eltako GmbH hat auf die Verarbeitungen die durch die Plattformen stattfinden keinen Einfluss. Unser Zugriff auf personenbezogene Daten beschr\u00e4nkt sich auf jene welche Sie selbst, mittels der Plattform, \u00f6ffentlich machen. Wir verarbeiten diese ggf. zu anderen Zwecken. Hinweise dazu entnehmen Sie bitte unseren weiteren Datenschutzinformationen, insbesondere f\u00fcr Interessenten*innen und Bewerber*innen.<\/p>\n\n\n\n<p><strong>Welche Kategorien personenbezogener Daten werden verarbeitet und zu welchen Zwecken&nbsp;<\/strong><\/p>\n\n\n\n<p>Sobald Sie einen Auftritt von uns auf einer Plattform besuchen, setzt der Plattformbetreiber in der Regel Cookies. Cookies sind Datenpakete mit Informationen welche von Ihrem Browser gesammelt, und f\u00fcr einen definierten Zeitraum auf Ihrem Rechner gespeichert, werden. Uns ist es wichtig das Sie wissen, dass die Betreiber von Drittplattformen mithilfe von Cookies personenbezogene Daten der Nutzer*innen zur Auswertung des Nutzerverhaltens erheben. Das kann f\u00fcr statistische Zwecke sein oder evtl. auch Profiling. Insbesondere findet diese Verarbeitung statt, wenn Sie auf diesen Drittplattformen registriert sind. Konkretere Informationen zu den Zwecken finden Sie in den jeweiligen Datenschutzinformationen der Plattformen.<\/p>\n\n\n\n<p>Die Eltako GmbH erh\u00e4lt von den Betreibern der Drittplattformen Auswertungen zur Nutzung unseres Auftritts in aggregierter oder pseudonymer Form. Nur vollst\u00e4ndig anonymisierte Daten unterliegen nicht der DSGVO da eine Re-Identifizierung Ihrer Person unter Betrachtung des Aufwands und gesetzlicher Erlaubnis nicht m\u00f6glich ist. Wir verwenden diese statistischen Daten um unsere Angebote und Reichweite besser auf unsere Besucher und Interessenten zuzuschneiden.<br>Eine derartige Verarbeitung pseudonymer oder aggregierter Daten ist das mildeste Mittel welches Ihren Interessen oder Grundrechten und Grundfreiheiten, die den Schutz personenbezogener Daten erfordern, \u00fcberwiegt. Die Rechtsgrundlage dieser Verarbeitung beruht auf Artikel 6 Abs. 1 lit. f DSGVO.<\/p>\n\n\n\n<p>Die Plattformbetreiber stellen uns folgende&nbsp;Datenkategorien&nbsp;zur Auswertung der Aktivit\u00e4ten des Auftritts zur Verf\u00fcgung, sofern Sie entsprechende Angaben gemacht haben oder der Betreiber diese erhebt:<\/p>\n\n\n\n<ul class=\"wp-block-list\">\n<li>Altersspanne<\/li>\n\n\n\n<li>Geschlecht<\/li>\n\n\n\n<li>Wohnort (Stadt und Land)<\/li>\n\n\n\n<li>Ger\u00e4te<\/li>\n\n\n\n<li>Sprache<\/li>\n\n\n\n<li>Demographische Daten (T\u00e4tigkeitsbereich, Firmengr\u00f6\u00dfe, Branche, Ort, Karrierestufe)<\/li>\n\n\n\n<li>mobiler oder station\u00e4rer Seitenaufruf (YouTube zus\u00e4tzlich einzelne Ger\u00e4tetypen)<\/li>\n\n\n\n<li>Interaktionen im Kontext mit Posts (z.B. Reaktionen, Kommentare, Shares, Klicks, Views, Videonutzungsdauer)<\/li>\n\n\n\n<li>Uhrzeit der Nutzung\u00a0<\/li>\n<\/ul>\n\n\n\n<p>Wie bereits erw\u00e4hnt haben wir keine genaue Kenntnis dar\u00fcber, welche Daten die Plattformbetreiber bei Ihnen zu welchen Zwecken sammeln. Bitte haben Sie Verst\u00e4ndnis, dass wir nur im Rahmen der von uns verarbeiteten personenbezogenen Daten informieren k\u00f6nnen.<\/p>\n\n\n\n<p><strong>Speicherdauer und Verpflichtung uns personenbezogene Daten zu \u00fcberlassen<\/strong><\/p>\n\n\n\n<p>Ihre personenbezogenen Daten k\u00f6nnen auf unseren Systemen gespeichert werden, wenn und solange sie f\u00fcr die Zwecke der Erhebung erforderlich sind oder gesetzliche Aufbewahrungspflichten bestehen.<\/p>\n\n\n\n<p>Sie sind nicht vertraglich oder gesetzlich verpflichtet uns Ihre personenbezogenen Daten zu \u00fcberlassen.<\/p>\n\n\n\n<p><strong>Datenexport in ein unsicheres Drittland<\/strong><\/p>\n\n\n\n<p>Uns ist es wichtig das Sie wissen, dass die Plattformbetreiber in vielen F\u00e4llen amerikanische Firmen sind. Ihre personenbezogenen Daten k\u00f6nnen daher au\u00dferhalb des EWR in einem unsicheren Drittland verarbeitet werden (kein Angemessenheitsbeschluss der EU). Es obliegt den exportierenden Plattformbetreibern ob f\u00fcr Ihre Datenschutzrechte und Freiheiten geeignete Garantien vorliegen. Daraus kann f\u00fcr Sie ein gewisser Kontrollverlust entstehen. Zum Beispiel k\u00f6nnen amerikanische Geheimdienste Ihre Daten einsehen oder Ihnen stehen dort keine oder erschwerte Rechte oder Rechtsbehelfe bzgl. Ihrer personenbezogenen Daten zu.<\/p>\n\n\n\n<p><strong>Plattformbetreiber<\/strong><strong><br><\/strong>Informationen \u00fcber die Datenverarbeitung der Plattformen finden Sie in den jeweiligen Datenschutzerkl\u00e4rungen. Beachten Sie bitte bzgl. Ihrer personenbezogenen Daten auch die Nutzungsbedingungen der Plattformbetreiber.<strong><\/strong><\/p>\n\n\n\n<p><strong>LinkedIn<br>LinkedIn Ireland Unlimited Company<br><\/strong>Wilton Place, Dublin 2, Irland<br><a href=\"https:\/\/www.linkedin.com\/legal\/privacy-policy?trk=d_org_guest_company_overview_footer-privacy-policy\">Datenschutz bei LinkedIn<\/a><br><a href=\"https:\/\/legal.linkedin.com\/pages-joint-controller-addendum\">Vereinbarung zur gemeinsamen Verarbeitung<\/a><strong><\/strong><\/p>\n\n\n\n<p><strong>Twitter International Company<\/strong><br>One Cumberland Place<br>Fenian Street<br>Dublin 2<br>D02 AX07<br>Ireland<br><a href=\"https:\/\/twitter.com\/de\/privacy\">Datenschutz bei Twitter<\/a><\/p>\n\n\n\n<p><strong>XING<br><\/strong>New Work SE<br>Am Strandkai 1<br>20457 Hamburg<br>Deutschland<br><a href=\"https:\/\/privacy.xing.com\/\">Datenschutz bei XING<\/a><strong><\/strong><\/p>\n\n\n\n<p><strong>YouTube<\/strong><br>YouTube LLC<br>901 Cherry Ave.<br>San Bruno, CA 94066, USA<br><a href=\"https:\/\/policies.google.com\/privacy\">Datenschutz bei YouTube<\/a><\/p>\n\n\n\n<p><strong>Meta Platforms Ireland Limited<\/strong><br>4 Grand Canal Square<br>Dublin 2, Irland<br><a href=\"https:\/\/www.facebook.com\/privacy\/policy\/?entry_point=data_policy_redirect&amp;entry=0\">Datenschutz bei Facebook<\/a><br><a href=\"https:\/\/privacycenter.instagram.com\/policy\">Datenschutz bei Instagram<\/a><\/p>\n\n\n\n<p><strong>Ihre Datenschutzrechte<\/strong><\/p>\n\n\n\n<p>Sie haben das Recht auf Auskunft nach Art. 15 DSGVO, das Recht auf Berichtigung nach Art. 16 DSGVO, das Recht auf L\u00f6schung nach Art. 17 DSGVO, das Recht auf Einschr\u00e4nkung der Verarbeitung nach Art. 18 DSGVO sowie das Recht auf Daten\u00fcbertragbarkeit aus Art. 20 DSGVO. Grunds\u00e4tzlich besteht nach Artikel 21 DSGVO das Widerspruchsrecht gegen die Verarbeitung von personenbezogenen Daten durch uns, sofern die Verarbeitung auf einem berechtigten Interesse (Art. 6 Abs. 1 f DSGVO) erfolgt. Dieses Widerspruchsrecht gilt allerdings nur bei Vorliegen ganz besonderer Umst\u00e4nde Ihrer pers\u00f6nlichen Situation, wobei Rechte unseres Hauses Ihrem Widerspruchsrecht ggf. entgegenstehen k\u00f6nnen. Widerspruch k\u00f6nnen Sie auch jederzeit einlegen gegen die Verarbeitung Ihrer personenbezogenen Daten zum Zwecke der Direktwerbung oder Profiling.<\/p>\n\n\n\n<p>Zur Aus\u00fcbung dieser Rechte im Hinblick auf die Datenverarbeitung durch die Plattformen wenden Sie sich bitte m\u00f6glichst direkt an die bekannt gegebenen Kontaktm\u00f6glichkeiten.&nbsp;<br>In anderen F\u00e4llen oder sonst bei Bedarf senden Sie uns bitte eine E-Mail an&nbsp;<a href=\"mailto:datenschutz@eltako.de\">datenschutz@eltako.de<\/a><\/p>\n\n\n\n<p>Ihnen steht ein Beschwerderecht bei der Datenschutzaufsichtsbeh\u00f6rde zu (Art. 77 DSGVO). Die f\u00fcr uns zust\u00e4ndige Aufsichtsbeh\u00f6rde ist:&nbsp;<br>Der Landesbeauftragte f\u00fcr den Datenschutz und die Informationsfreiheit<br>Lautenschlagerstra\u00dfe 20<br>70173 Stuttgart<\/p>\n\n\n\n<div style=\"height:30px\" aria-hidden=\"true\" class=\"wp-block-spacer\"><\/div>\n\n\n\n<h3 class=\"wp-block-heading\"><strong>Rechtliche Hinweise<\/strong><\/h3>\n\n\n\n<p><strong>Urheberrecht&nbsp;<\/strong><\/p>\n\n\n\n<p>Die von uns oder von uns beauftragten Dritten erstellten Inhalte\/Werke unterliegen dem deutschen Urheberrecht. Jede Art der Verwertung au\u00dferhalb der Grenzen des Urheberrechtes bed\u00fcrfen der schriftlichen Zustimmung des Autors bzw. Erstellers. Downloads und Kopien sind nur f\u00fcr den privaten, nicht kommerziellen Gebrauch gestattet. Inhalte Dritter werden als solche gekennzeichnet. Sollten Sie auf eine Urheberrechtsverletzung aufmerksam werden, bitten wir Sie herzlich um einen Hinweis. Inhalte welche eine Rechtsverletzung darstellen werden wir umgehend entfernen.<\/p>\n\n\n\n<p><strong>Lizenzrechte<\/strong><\/p>\n\n\n\n<p>Unser geistiges Eigentum (Patente, Handelsmarken und Urheberrechte) m\u00fcssen wir sch\u00fctzen und gew\u00e4hren an dieser Stelle keine Lizenzrechte.<\/p>\n\n\n\n<p><strong>Haftung&nbsp;<\/strong><\/p>\n\n\n\n<p>Ggf. finden Sie auf unseren Social-Media-Auftritten auch Links zu anderen Webseiten im \u201eWild-Wild-Web\u201c bzw. Internet. Wir haben keinen Einfluss auf deren Gestaltung und Inhalt. Daher k\u00f6nnen wir keine Gew\u00e4hr f\u00fcr die Aktualit\u00e4t, Korrektheit, Vollst\u00e4ndigkeit oder Qualit\u00e4t \u00fcbernehmen und distanzieren uns davon.<br><br><strong>Vorgehende Dokumente<\/strong><\/p>\n\n\n\n<p>Nutzungsbedingungen (z.B. AGBs, terms of use oder terms of service) f\u00fcr unsere anderen digitalen Angeboten haben Vorrang vor diesen rechtlichen Hinweisen.<\/p>\n\n\n\n<div style=\"height:30px\" aria-hidden=\"true\" class=\"wp-block-spacer\"><\/div>\n\n\n\n<h3 class=\"wp-block-heading\"><strong>Netiquette<\/strong><\/h3>\n\n\n\n<p>Wir bitten um einen freundlichen und respektvollen Umgangston. Jeder hat das Recht auf eine freie Meinung \u2013 im Rahmen des gesetzlich Erlaubten.<\/p>\n\n\n\n<p>Bei uns sind nicht erw\u00fcnscht:<\/p>\n\n\n\n<ul class=\"wp-block-list\">\n<li>Beleidigungen, Drohungen sowie Verunglimpfungen<\/li>\n\n\n\n<li>Gewaltaufrufe<\/li>\n\n\n\n<li>Radikales Gedankengut, Rassismus, Hasspropaganda<\/li>\n\n\n\n<li>Pornografie und Obsz\u00f6nit\u00e4ten<\/li>\n\n\n\n<li>Rechtsverletzungen Dritter<\/li>\n\n\n\n<li>Spendenaufrufe oder Aufrufe zu Kampagnen\/Kundgebungen<\/li>\n\n\n\n<li>Wahlwerbung bzw. Parteienwerbung<\/li>\n\n\n\n<li>Kommentare oder Links ohne Bezug zum jeweiligen Post<\/li>\n\n\n\n<li>Missbrauch f\u00fcr werbliche Zwecke<\/li>\n\n\n\n<li>Ver\u00f6ffentlichungen aus Foren-\/Blogbeitr\u00e4gen, private Korrespondenz oder private Daten (z.B. Anschrift, E-Mail-Adresse oder Telefonnummer)<\/li>\n<\/ul>\n\n\n\n<p>Wir behalten uns das Recht vor, Kommentare zu l\u00f6schen und ggf. \u201eWiederholungst\u00e4ter\u201c zu sperren. Jeder Nutzer ist f\u00fcr die selbst publizierten Beitr\u00e4ge verantwortlich. Wir \u00fcbernehmen daf\u00fcr keine Haftung.<br>Denkt immer daran, das Internet vergisst nichts und Ihr seid aller Wahrscheinlichkeit nicht anonym unterwegs.<br>Wir w\u00fcnschen euch viel Vergn\u00fcgen mit unseren Social-Media-Angeboten!<br><br>Stand: November 2022<\/p>\n","protected":false},"excerpt":{"rendered":"<p>Anbieter, Datenschutzinformation, rechtliche Hinweise sowie Netiquette f\u00fcr die von uns angebotenen und betriebenen Social-Media-Plattformen Anbieter ELTAKO GmbHHofener Stra\u00dfe 54\u00a070736 FellbachTel.: 0711 94350000E-Mail: info@eltako.de Registergericht: StuttgartRegisternummer: HRB261445Gesch\u00e4ftsf\u00fchrer: Ulrich ZieglerUmsatzsteuer-Identifikationsnummer: DE147330893 Datenschutzhinweise f\u00fcr die Nutzung unserer Social-Media-Kan\u00e4le Unsere Social-Media-Kan\u00e4le werden von uns selbst (Anbieter) betrieben. DatenschutzbeauftragterKnecht DatenschutzStefan KnechtTelefon: +49 (0)7021 487628datenschutz@eltako.de Allgemeines Um Interessierte Bewerber*innen oder Interessenten*innen [&hellip;]<\/p>\n","protected":false},"author":39,"featured_media":0,"parent":0,"menu_order":0,"comment_status":"closed","ping_status":"closed","template":"","meta":{"_acf_changed":false,"footnotes":"","_links_to":"","_links_to_target":""},"class_list":["post-121756","page","type-page","status-publish","hentry"],"acf":[],"yoast_head":"<!-- This site is optimized with the Yoast SEO plugin v27.2 - https:\/\/yoast.com\/product\/yoast-seo-wordpress\/ -->\n<title>Datenschutzerkl\u00e4rung Social Media &#187; Eltako<\/title>\n<meta name=\"robots\" content=\"index, follow, max-snippet:-1, max-image-preview:large, max-video-preview:-1\" \/>\n<link rel=\"canonical\" href=\"https:\/\/www.eltako.com\/de\/datenschutzerklaerung-social-media\/\" \/>\n<meta property=\"og:locale\" content=\"de_DE\" \/>\n<meta property=\"og:type\" content=\"article\" \/>\n<meta property=\"og:title\" content=\"Datenschutzerkl\u00e4rung Social Media &#187; Eltako\" \/>\n<meta property=\"og:description\" content=\"Anbieter, Datenschutzinformation, rechtliche Hinweise sowie Netiquette f\u00fcr die von uns angebotenen und betriebenen Social-Media-Plattformen Anbieter ELTAKO GmbHHofener Stra\u00dfe 54\u00a070736 FellbachTel.: 0711 94350000E-Mail: info@eltako.de Registergericht: StuttgartRegisternummer: HRB261445Gesch\u00e4ftsf\u00fchrer: Ulrich ZieglerUmsatzsteuer-Identifikationsnummer: DE147330893 Datenschutzhinweise f\u00fcr die Nutzung unserer Social-Media-Kan\u00e4le Unsere Social-Media-Kan\u00e4le werden von uns selbst (Anbieter) betrieben. DatenschutzbeauftragterKnecht DatenschutzStefan KnechtTelefon: +49 (0)7021 487628datenschutz@eltako.de Allgemeines Um Interessierte Bewerber*innen oder Interessenten*innen [&hellip;]\" \/>\n<meta property=\"og:url\" content=\"https:\/\/www.eltako.com\/de\/datenschutzerklaerung-social-media\/\" \/>\n<meta property=\"og:site_name\" content=\"Eltako\" \/>\n<meta property=\"article:modified_time\" content=\"2025-11-04T12:37:33+00:00\" \/>\n<meta name=\"twitter:card\" content=\"summary_large_image\" \/>\n<meta name=\"twitter:label1\" content=\"Gesch\u00e4tzte Lesezeit\" \/>\n\t<meta name=\"twitter:data1\" content=\"7\u00a0Minuten\" \/>\n<script type=\"application\/ld+json\" class=\"yoast-schema-graph\">{\"@context\":\"https:\/\/schema.org\",\"@graph\":[{\"@type\":\"WebPage\",\"@id\":\"https:\/\/www.eltako.com\/de\/datenschutzerklaerung-social-media\/\",\"url\":\"https:\/\/www.eltako.com\/de\/datenschutzerklaerung-social-media\/\",\"name\":\"Datenschutzerkl\u00e4rung Social Media &#187; Eltako\",\"isPartOf\":{\"@id\":\"https:\/\/www.eltako.com\/en\/#website\"},\"datePublished\":\"2022-11-21T10:08:30+00:00\",\"dateModified\":\"2025-11-04T12:37:33+00:00\",\"breadcrumb\":{\"@id\":\"https:\/\/www.eltako.com\/de\/datenschutzerklaerung-social-media\/#breadcrumb\"},\"inLanguage\":\"de\",\"potentialAction\":[{\"@type\":\"ReadAction\",\"target\":[\"https:\/\/www.eltako.com\/de\/datenschutzerklaerung-social-media\/\"]}]},{\"@type\":\"BreadcrumbList\",\"@id\":\"https:\/\/www.eltako.com\/de\/datenschutzerklaerung-social-media\/#breadcrumb\",\"itemListElement\":[{\"@type\":\"ListItem\",\"position\":1,\"name\":\"Home\",\"item\":\"https:\/\/www.eltako.com\/de\/\"},{\"@type\":\"ListItem\",\"position\":2,\"name\":\"Datenschutzerkl\u00e4rung Social Media\"}]},{\"@type\":\"WebSite\",\"@id\":\"https:\/\/www.eltako.com\/en\/#website\",\"url\":\"https:\/\/www.eltako.com\/en\/\",\"name\":\"Eltako\",\"description\":\"Schaltger\u00e4te, Netzteile, Stromz\u00e4hler, Dimmer, Geb\u00e4udeinstallation, Steuerungstechnik, Smart Home-L\u00f6sungen, Geb\u00e4udefunk, EnOcean-Technologie\",\"potentialAction\":[{\"@type\":\"SearchAction\",\"target\":{\"@type\":\"EntryPoint\",\"urlTemplate\":\"https:\/\/www.eltako.com\/en\/?s={search_term_string}\"},\"query-input\":{\"@type\":\"PropertyValueSpecification\",\"valueRequired\":true,\"valueName\":\"search_term_string\"}}],\"inLanguage\":\"de\"}]}<\/script>\n<!-- \/ Yoast SEO plugin. -->","yoast_head_json":{"title":"Datenschutzerkl\u00e4rung Social Media &#187; Eltako","robots":{"index":"index","follow":"follow","max-snippet":"max-snippet:-1","max-image-preview":"max-image-preview:large","max-video-preview":"max-video-preview:-1"},"canonical":"https:\/\/www.eltako.com\/de\/datenschutzerklaerung-social-media\/","og_locale":"de_DE","og_type":"article","og_title":"Datenschutzerkl\u00e4rung Social Media &#187; Eltako","og_description":"Anbieter, Datenschutzinformation, rechtliche Hinweise sowie Netiquette f\u00fcr die von uns angebotenen und betriebenen Social-Media-Plattformen Anbieter ELTAKO GmbHHofener Stra\u00dfe 54\u00a070736 FellbachTel.: 0711 94350000E-Mail: info@eltako.de Registergericht: StuttgartRegisternummer: HRB261445Gesch\u00e4ftsf\u00fchrer: Ulrich ZieglerUmsatzsteuer-Identifikationsnummer: DE147330893 Datenschutzhinweise f\u00fcr die Nutzung unserer Social-Media-Kan\u00e4le Unsere Social-Media-Kan\u00e4le werden von uns selbst (Anbieter) betrieben. DatenschutzbeauftragterKnecht DatenschutzStefan KnechtTelefon: +49 (0)7021 487628datenschutz@eltako.de Allgemeines Um Interessierte Bewerber*innen oder Interessenten*innen [&hellip;]","og_url":"https:\/\/www.eltako.com\/de\/datenschutzerklaerung-social-media\/","og_site_name":"Eltako","article_modified_time":"2025-11-04T12:37:33+00:00","twitter_card":"summary_large_image","twitter_misc":{"Gesch\u00e4tzte Lesezeit":"7\u00a0Minuten"},"schema":{"@context":"https:\/\/schema.org","@graph":[{"@type":"WebPage","@id":"https:\/\/www.eltako.com\/de\/datenschutzerklaerung-social-media\/","url":"https:\/\/www.eltako.com\/de\/datenschutzerklaerung-social-media\/","name":"Datenschutzerkl\u00e4rung Social Media &#187; Eltako","isPartOf":{"@id":"https:\/\/www.eltako.com\/en\/#website"},"datePublished":"2022-11-21T10:08:30+00:00","dateModified":"2025-11-04T12:37:33+00:00","breadcrumb":{"@id":"https:\/\/www.eltako.com\/de\/datenschutzerklaerung-social-media\/#breadcrumb"},"inLanguage":"de","potentialAction":[{"@type":"ReadAction","target":["https:\/\/www.eltako.com\/de\/datenschutzerklaerung-social-media\/"]}]},{"@type":"BreadcrumbList","@id":"https:\/\/www.eltako.com\/de\/datenschutzerklaerung-social-media\/#breadcrumb","itemListElement":[{"@type":"ListItem","position":1,"name":"Home","item":"https:\/\/www.eltako.com\/de\/"},{"@type":"ListItem","position":2,"name":"Datenschutzerkl\u00e4rung Social Media"}]},{"@type":"WebSite","@id":"https:\/\/www.eltako.com\/en\/#website","url":"https:\/\/www.eltako.com\/en\/","name":"Eltako","description":"Schaltger\u00e4te, Netzteile, Stromz\u00e4hler, Dimmer, Geb\u00e4udeinstallation, Steuerungstechnik, Smart Home-L\u00f6sungen, Geb\u00e4udefunk, EnOcean-Technologie","potentialAction":[{"@type":"SearchAction","target":{"@type":"EntryPoint","urlTemplate":"https:\/\/www.eltako.com\/en\/?s={search_term_string}"},"query-input":{"@type":"PropertyValueSpecification","valueRequired":true,"valueName":"search_term_string"}}],"inLanguage":"de"}]}},"_links":{"self":[{"href":"https:\/\/www.eltako.com\/de\/wp-json\/wp\/v2\/pages\/121756","targetHints":{"allow":["GET"]}}],"collection":[{"href":"https:\/\/www.eltako.com\/de\/wp-json\/wp\/v2\/pages"}],"about":[{"href":"https:\/\/www.eltako.com\/de\/wp-json\/wp\/v2\/types\/page"}],"author":[{"embeddable":true,"href":"https:\/\/www.eltako.com\/de\/wp-json\/wp\/v2\/users\/39"}],"replies":[{"embeddable":true,"href":"https:\/\/www.eltako.com\/de\/wp-json\/wp\/v2\/comments?post=121756"}],"version-history":[{"count":7,"href":"https:\/\/www.eltako.com\/de\/wp-json\/wp\/v2\/pages\/121756\/revisions"}],"predecessor-version":[{"id":147743,"href":"https:\/\/www.eltako.com\/de\/wp-json\/wp\/v2\/pages\/121756\/revisions\/147743"}],"wp:attachment":[{"href":"https:\/\/www.eltako.com\/de\/wp-json\/wp\/v2\/media?parent=121756"}],"curies":[{"name":"wp","href":"https:\/\/api.w.org\/{rel}","templated":true}]}}