{"id":12071,"date":"2020-09-28T11:27:36","date_gmt":"2020-09-28T09:27:36","guid":{"rendered":"https:\/\/www.eltako.de\/__dev\/?page_id=12071"},"modified":"2025-10-16T16:14:01","modified_gmt":"2025-10-16T14:14:01","slug":"impressum","status":"publish","type":"page","link":"https:\/\/www.eltako.com\/de\/impressum\/","title":{"rendered":"Impressum"},"content":{"rendered":"\n<div class=\"wp-block-group\"><div class=\"wp-block-group__inner-container is-layout-flow wp-block-group-is-layout-flow\">\n<div class=\"wp-block-group\"><div class=\"wp-block-group__inner-container is-layout-flow wp-block-group-is-layout-flow\">\n<b>ELTAKO GmbH<\/b><br>\nHofener Stra\u00dfe 54 <br>\n70736 Fellbach<br>\nTel.: 0711 94350000<br>\nE-Mail: website@eltako.de<br><br>\nRegistergericht: Stuttgart<br>\nRegisternummer: HRB261445<br>\nGesch\u00e4ftsf\u00fchrer: Ulrich Ziegler<br>\nUmsatzsteuer-Identifikationsnummer: DE147330893\n<\/div><\/div>\n\n\n\n<p><\/p>\n<\/div><\/div>\n\n\n\n<p><\/p>\n\n\n\n<p>Bei direkten oder indirekten Verweisen auf fremde Webseiten (Hyperlinks), die au\u00dferhalb des Verantwortungsbereiches der ELTAKO GmbH liegen, w\u00fcrde eine Haftungsverpflichtung ausschlie\u00dflich in dem Fall in Kraft treten, in dem die ELTAKO GmbH von den Inhalten Kenntnis hat und es ihr technisch m\u00f6glich und zumutbar w\u00e4re, die Nutzung im Falle rechtswidriger Inhalte zu verhindern. Die ELTAKO GmbH erkl\u00e4rt hiermit ausdr\u00fccklich, dass zum Zeitpunkt der Linksetzung keine illegalen Inhalte auf den zu verlinkenden Seiten erkennbar waren. Auf die aktuelle und zuk\u00fcnftige Gestaltung, die Inhalte oder die Urheberschaft der gelinkten \/verkn\u00fcpften Seiten hat die ELTAKO GmbH keinerlei Einfluss.<\/p>\n\n\n\n<p>Deshalb distanziert sie sich hiermit ausdr\u00fccklich von allen Inhalten aller gelinkten \/ verkn\u00fcpften Seiten, die nach der Linksetzung ver\u00e4ndert wurden.<\/p>\n\n\n\n<p>F\u00fcr illegale, fehlerhafte oder unvollst\u00e4ndige Inhalte und insbesondere Sch\u00e4den, die aus der Nutzung oder Nichtnutzung solcherart dargebotener Informationen entstehen, haftet allein der Anbieter der Seite, auf welche verwiesen wurde, nicht derjenige, der \u00fcber Links auf die jeweilige Ver\u00f6ffentlichung lediglich verweist.<\/p>\n\n\n\n<p><a href=\"https:\/\/www.take-e-way.de\/leistungen\/elektrogesetz-weee-elektrog\/berichts-informationspflichten\/\">Informationspflichten gem\u00e4\u00df \u00a718 Abs. 2 Elektro- und Elektronikger\u00e4tegesetz<\/a><\/p>\n\n\n\n<p><\/p>\n\n\n\n<p>Batteriegesetz-Registrierungsnummer: DE 36818306<\/p>\n\n\n\n<div class=\"wp-block-buttons is-layout-flex wp-block-buttons-is-layout-flex\">\n<div class=\"wp-block-button\"><a class=\"wp-block-button__link has-background wp-element-button\" href=\"\/wp-content\/uploads\/2022\/03\/Eltako_Gesamtkatalog_2022_dt_Kap_S-4.pdf\" style=\"border-radius:0px;background-color:#0063af\">Garantie- und Gew\u00e4hrleistung (PDF)<\/a><\/div>\n<\/div>\n\n\n\n<p><\/p>\n","protected":false},"excerpt":{"rendered":"<p>ELTAKO GmbH Hofener Stra\u00dfe 54 70736 Fellbach Tel.: 0711 94350000 E-Mail: website@eltako.de Registergericht: Stuttgart Registernummer: HRB261445 Gesch\u00e4ftsf\u00fchrer: Ulrich Ziegler Umsatzsteuer-Identifikationsnummer: DE147330893 Bei direkten oder indirekten Verweisen auf fremde Webseiten (Hyperlinks), die au\u00dferhalb des Verantwortungsbereiches der ELTAKO GmbH liegen, w\u00fcrde eine Haftungsverpflichtung ausschlie\u00dflich in dem Fall in Kraft treten, in dem die ELTAKO GmbH von den [&hellip;]<\/p>\n","protected":false},"author":31,"featured_media":0,"parent":0,"menu_order":0,"comment_status":"closed","ping_status":"closed","template":"","meta":{"_acf_changed":false,"footnotes":"","_links_to":"","_links_to_target":""},"class_list":["post-12071","page","type-page","status-publish","hentry"],"acf":[],"yoast_head":"<!-- This site is optimized with the Yoast SEO plugin v27.2 - https:\/\/yoast.com\/product\/yoast-seo-wordpress\/ -->\n<title>Impressum &#187; Eltako<\/title>\n<meta name=\"robots\" content=\"index, follow, max-snippet:-1, max-image-preview:large, max-video-preview:-1\" \/>\n<link rel=\"canonical\" href=\"https:\/\/www.eltako.com\/de\/impressum\/\" \/>\n<meta property=\"og:locale\" content=\"de_DE\" \/>\n<meta property=\"og:type\" content=\"article\" \/>\n<meta property=\"og:title\" content=\"Impressum &#187; Eltako\" \/>\n<meta property=\"og:description\" content=\"ELTAKO GmbH Hofener Stra\u00dfe 54 70736 Fellbach Tel.: 0711 94350000 E-Mail: website@eltako.de Registergericht: Stuttgart Registernummer: HRB261445 Gesch\u00e4ftsf\u00fchrer: Ulrich Ziegler Umsatzsteuer-Identifikationsnummer: DE147330893 Bei direkten oder indirekten Verweisen auf fremde Webseiten (Hyperlinks), die au\u00dferhalb des Verantwortungsbereiches der ELTAKO GmbH liegen, w\u00fcrde eine Haftungsverpflichtung ausschlie\u00dflich in dem Fall in Kraft treten, in dem die ELTAKO GmbH von den [&hellip;]\" \/>\n<meta property=\"og:url\" content=\"https:\/\/www.eltako.com\/de\/impressum\/\" \/>\n<meta property=\"og:site_name\" content=\"Eltako\" \/>\n<meta property=\"article:modified_time\" content=\"2025-10-16T14:14:01+00:00\" \/>\n<meta name=\"twitter:card\" content=\"summary_large_image\" \/>\n<meta name=\"twitter:label1\" content=\"Gesch\u00e4tzte Lesezeit\" \/>\n\t<meta name=\"twitter:data1\" content=\"2\u00a0Minuten\" \/>\n<script type=\"application\/ld+json\" class=\"yoast-schema-graph\">{\"@context\":\"https:\/\/schema.org\",\"@graph\":[{\"@type\":\"WebPage\",\"@id\":\"https:\/\/www.eltako.com\/de\/impressum\/\",\"url\":\"https:\/\/www.eltako.com\/de\/impressum\/\",\"name\":\"Impressum &#187; Eltako\",\"isPartOf\":{\"@id\":\"https:\/\/www.eltako.com\/en\/#website\"},\"datePublished\":\"2020-09-28T09:27:36+00:00\",\"dateModified\":\"2025-10-16T14:14:01+00:00\",\"breadcrumb\":{\"@id\":\"https:\/\/www.eltako.com\/de\/impressum\/#breadcrumb\"},\"inLanguage\":\"de\",\"potentialAction\":[{\"@type\":\"ReadAction\",\"target\":[\"https:\/\/www.eltako.com\/de\/impressum\/\"]}]},{\"@type\":\"BreadcrumbList\",\"@id\":\"https:\/\/www.eltako.com\/de\/impressum\/#breadcrumb\",\"itemListElement\":[{\"@type\":\"ListItem\",\"position\":1,\"name\":\"Home\",\"item\":\"https:\/\/www.eltako.com\/de\/\"},{\"@type\":\"ListItem\",\"position\":2,\"name\":\"Impressum\"}]},{\"@type\":\"WebSite\",\"@id\":\"https:\/\/www.eltako.com\/en\/#website\",\"url\":\"https:\/\/www.eltako.com\/en\/\",\"name\":\"Eltako\",\"description\":\"Schaltger\u00e4te, Netzteile, Stromz\u00e4hler, Dimmer, Geb\u00e4udeinstallation, Steuerungstechnik, Smart Home-L\u00f6sungen, Geb\u00e4udefunk, EnOcean-Technologie\",\"potentialAction\":[{\"@type\":\"SearchAction\",\"target\":{\"@type\":\"EntryPoint\",\"urlTemplate\":\"https:\/\/www.eltako.com\/en\/?s={search_term_string}\"},\"query-input\":{\"@type\":\"PropertyValueSpecification\",\"valueRequired\":true,\"valueName\":\"search_term_string\"}}],\"inLanguage\":\"de\"}]}<\/script>\n<!-- \/ Yoast SEO plugin. -->","yoast_head_json":{"title":"Impressum &#187; Eltako","robots":{"index":"index","follow":"follow","max-snippet":"max-snippet:-1","max-image-preview":"max-image-preview:large","max-video-preview":"max-video-preview:-1"},"canonical":"https:\/\/www.eltako.com\/de\/impressum\/","og_locale":"de_DE","og_type":"article","og_title":"Impressum &#187; Eltako","og_description":"ELTAKO GmbH Hofener Stra\u00dfe 54 70736 Fellbach Tel.: 0711 94350000 E-Mail: website@eltako.de Registergericht: Stuttgart Registernummer: HRB261445 Gesch\u00e4ftsf\u00fchrer: Ulrich Ziegler Umsatzsteuer-Identifikationsnummer: DE147330893 Bei direkten oder indirekten Verweisen auf fremde Webseiten (Hyperlinks), die au\u00dferhalb des Verantwortungsbereiches der ELTAKO GmbH liegen, w\u00fcrde eine Haftungsverpflichtung ausschlie\u00dflich in dem Fall in Kraft treten, in dem die ELTAKO GmbH von den [&hellip;]","og_url":"https:\/\/www.eltako.com\/de\/impressum\/","og_site_name":"Eltako","article_modified_time":"2025-10-16T14:14:01+00:00","twitter_card":"summary_large_image","twitter_misc":{"Gesch\u00e4tzte Lesezeit":"2\u00a0Minuten"},"schema":{"@context":"https:\/\/schema.org","@graph":[{"@type":"WebPage","@id":"https:\/\/www.eltako.com\/de\/impressum\/","url":"https:\/\/www.eltako.com\/de\/impressum\/","name":"Impressum &#187; Eltako","isPartOf":{"@id":"https:\/\/www.eltako.com\/en\/#website"},"datePublished":"2020-09-28T09:27:36+00:00","dateModified":"2025-10-16T14:14:01+00:00","breadcrumb":{"@id":"https:\/\/www.eltako.com\/de\/impressum\/#breadcrumb"},"inLanguage":"de","potentialAction":[{"@type":"ReadAction","target":["https:\/\/www.eltako.com\/de\/impressum\/"]}]},{"@type":"BreadcrumbList","@id":"https:\/\/www.eltako.com\/de\/impressum\/#breadcrumb","itemListElement":[{"@type":"ListItem","position":1,"name":"Home","item":"https:\/\/www.eltako.com\/de\/"},{"@type":"ListItem","position":2,"name":"Impressum"}]},{"@type":"WebSite","@id":"https:\/\/www.eltako.com\/en\/#website","url":"https:\/\/www.eltako.com\/en\/","name":"Eltako","description":"Schaltger\u00e4te, Netzteile, Stromz\u00e4hler, Dimmer, Geb\u00e4udeinstallation, Steuerungstechnik, Smart Home-L\u00f6sungen, Geb\u00e4udefunk, EnOcean-Technologie","potentialAction":[{"@type":"SearchAction","target":{"@type":"EntryPoint","urlTemplate":"https:\/\/www.eltako.com\/en\/?s={search_term_string}"},"query-input":{"@type":"PropertyValueSpecification","valueRequired":true,"valueName":"search_term_string"}}],"inLanguage":"de"}]}},"_links":{"self":[{"href":"https:\/\/www.eltako.com\/de\/wp-json\/wp\/v2\/pages\/12071","targetHints":{"allow":["GET"]}}],"collection":[{"href":"https:\/\/www.eltako.com\/de\/wp-json\/wp\/v2\/pages"}],"about":[{"href":"https:\/\/www.eltako.com\/de\/wp-json\/wp\/v2\/types\/page"}],"author":[{"embeddable":true,"href":"https:\/\/www.eltako.com\/de\/wp-json\/wp\/v2\/users\/31"}],"replies":[{"embeddable":true,"href":"https:\/\/www.eltako.com\/de\/wp-json\/wp\/v2\/comments?post=12071"}],"version-history":[{"count":2,"href":"https:\/\/www.eltako.com\/de\/wp-json\/wp\/v2\/pages\/12071\/revisions"}],"predecessor-version":[{"id":147462,"href":"https:\/\/www.eltako.com\/de\/wp-json\/wp\/v2\/pages\/12071\/revisions\/147462"}],"wp:attachment":[{"href":"https:\/\/www.eltako.com\/de\/wp-json\/wp\/v2\/media?parent=12071"}],"curies":[{"name":"wp","href":"https:\/\/api.w.org\/{rel}","templated":true}]}}