{"id":117495,"date":"2022-10-02T10:31:43","date_gmt":"2022-10-02T08:31:43","guid":{"rendered":"https:\/\/www.eltako.com\/?page_id=117495"},"modified":"2025-09-04T15:06:27","modified_gmt":"2025-09-04T13:06:27","slug":"baureihe-62-ip","status":"publish","type":"page","link":"https:\/\/www.eltako.com\/de\/baureihe-62-ip\/","title":{"rendered":"Baureihe 62-IP"},"content":{"rendered":"\n<h2 class=\"wp-block-heading has-text-color has-large-font-size\" style=\"color:#0064af;text-transform:uppercase\"><strong>Gemacht f\u00fcr jedes Zuhause.<\/strong>&nbsp;<\/h2>\n\n\n\n<p>Der Astronaut unserer kleinen Social Media-Geschichte hat die Baureihe 62-IP auf die Erde gebracht und erstmals auf der Light + Building in Frankfurt a. M. vorgestellt. Besucher der Messe konnten als Erste die Produkte und ihre Funktionen \u00fcber Apple Home und den neuen Standard Matter testen.&nbsp;<\/p>\n\n\n\n<div class=\"wp-block-columns are-vertically-aligned-center is-layout-flex wp-container-core-columns-is-layout-9d6595d7 wp-block-columns-is-layout-flex\">\n<div class=\"wp-block-column is-vertically-aligned-center is-layout-flow wp-block-column-is-layout-flow\">\n<h2 class=\"has-text-color has-large-font-size\" style=\"color:#0064af;text-transform:uppercase; line-height:42px;\">Einfach smart machen ohne viel Aufwand.<\/h2>\n\n\n\n<p>Die brandneuen Produkte arbeiten mit Wi-Fi und sind Apple Home zertifiziert.<\/p>\n\n\n\n<p>Die Vorteile von Apple Home k\u00f6nnen ab Werk genutzt werden und erlauben ein Einbinden der Produkte in die Smart Home-Plattform von Apple. Damit sind sie auch direkt \u00fcber die auf jedem iPhone und iPad befindliche Home-App von Apple durch Automationen, Szenen und der beliebten Siri-Sprachsteuerung bedienbar.\u202f&nbsp;<\/p>\n\n\n\n<div style=\"height:20px\" aria-hidden=\"true\" class=\"wp-block-spacer\"><\/div>\n\n\n\n<div class=\"wp-block-columns is-layout-flex wp-container-core-columns-is-layout-9d6595d7 wp-block-columns-is-layout-flex\">\n<div class=\"wp-block-column is-layout-flow wp-block-column-is-layout-flow\">\n<a href=\"https:\/\/www.eltako.com\/de\/catalog\/chapters\/39\/ip-aktoren-zur-dezentralen-installation-matter-oder-apple-home-zertifizierung-sowie-rest-api\/?search=\" target=\"_blank\" class=\"btn font-weight-bold text-white mt-1 mb-1 p-3 w-100\" style=\"background : #016db7; font-size:20px\" rel=\"noopener\">PRODUKT\u00dcBERSICHT<\/a>\n<\/div>\n\n\n\n<div class=\"wp-block-column is-layout-flow wp-block-column-is-layout-flow\"><\/div>\n<\/div>\n\n\n\n<div style=\"height:20px\" aria-hidden=\"true\" class=\"wp-block-spacer\"><\/div>\n\n\n\n<figure class=\"wp-block-image size-large is-resized\"><img decoding=\"async\" width=\"1024\" height=\"125\" src=\"https:\/\/www.eltako.com\/wp-content\/uploads\/2022\/09\/eltako_website_content_baureihe-62_logoreihe-1024x125.jpg\" alt=\"\" class=\"wp-image-117989\" style=\"width:250px\" srcset=\"https:\/\/www.eltako.com\/wp-content\/uploads\/2022\/09\/eltako_website_content_baureihe-62_logoreihe-1024x125.jpg 1024w, https:\/\/www.eltako.com\/wp-content\/uploads\/2022\/09\/eltako_website_content_baureihe-62_logoreihe-300x37.jpg 300w, https:\/\/www.eltako.com\/wp-content\/uploads\/2022\/09\/eltako_website_content_baureihe-62_logoreihe-768x94.jpg 768w, https:\/\/www.eltako.com\/wp-content\/uploads\/2022\/09\/eltako_website_content_baureihe-62_logoreihe-1536x188.jpg 1536w, https:\/\/www.eltako.com\/wp-content\/uploads\/2022\/09\/eltako_website_content_baureihe-62_logoreihe.jpg 2048w\" sizes=\"(max-width: 1024px) 100vw, 1024px\" \/><\/figure>\n<\/div>\n\n\n\n<div class=\"wp-block-column is-vertically-aligned-center is-layout-flow wp-block-column-is-layout-flow\">\n<figure class=\"wp-block-image size-full\"><img decoding=\"async\" width=\"1010\" height=\"1010\" src=\"https:\/\/www.eltako.com\/wp-content\/uploads\/2022\/09\/eltako_website_content_baureihe-62_06.jpg\" alt=\"\" class=\"wp-image-117520\" srcset=\"https:\/\/www.eltako.com\/wp-content\/uploads\/2022\/09\/eltako_website_content_baureihe-62_06.jpg 1010w, https:\/\/www.eltako.com\/wp-content\/uploads\/2022\/09\/eltako_website_content_baureihe-62_06-300x300.jpg 300w, https:\/\/www.eltako.com\/wp-content\/uploads\/2022\/09\/eltako_website_content_baureihe-62_06-150x150.jpg 150w, https:\/\/www.eltako.com\/wp-content\/uploads\/2022\/09\/eltako_website_content_baureihe-62_06-768x768.jpg 768w, https:\/\/www.eltako.com\/wp-content\/uploads\/2022\/09\/eltako_website_content_baureihe-62_06-600x600.jpg 600w, https:\/\/www.eltako.com\/wp-content\/uploads\/2022\/09\/eltako_website_content_baureihe-62_06-100x100.jpg 100w\" sizes=\"(max-width: 1010px) 100vw, 1010px\" \/><\/figure>\n<\/div>\n<\/div>\n\n\n\n<figure class=\"wp-block-image size-large\"><img decoding=\"async\" width=\"1024\" height=\"310\" src=\"https:\/\/www.eltako.com\/wp-content\/uploads\/2022\/09\/eltako_website_content_baureihe-62_16-1024x310.jpg\" alt=\"\" class=\"wp-image-118049\" srcset=\"https:\/\/www.eltako.com\/wp-content\/uploads\/2022\/09\/eltako_website_content_baureihe-62_16-1024x310.jpg 1024w, https:\/\/www.eltako.com\/wp-content\/uploads\/2022\/09\/eltako_website_content_baureihe-62_16-300x91.jpg 300w, https:\/\/www.eltako.com\/wp-content\/uploads\/2022\/09\/eltako_website_content_baureihe-62_16-768x233.jpg 768w, https:\/\/www.eltako.com\/wp-content\/uploads\/2022\/09\/eltako_website_content_baureihe-62_16-1536x465.jpg 1536w, https:\/\/www.eltako.com\/wp-content\/uploads\/2022\/09\/eltako_website_content_baureihe-62_16-2048x621.jpg 2048w, https:\/\/www.eltako.com\/wp-content\/uploads\/2022\/09\/eltako_website_content_baureihe-62_16-600x182.jpg 600w\" sizes=\"(max-width: 1024px) 100vw, 1024px\" \/><\/figure>\n\n\n\n<div style=\"height:90px\" aria-hidden=\"true\" class=\"wp-block-spacer\"><\/div>\n\n\n\n<hr class=\"wp-block-separator has-text-color has-alpha-channel-opacity has-background is-style-wide\" style=\"background-color:#0064af;color:#0064af\"\/>\n\n\n\n<div style=\"height:90px\" aria-hidden=\"true\" class=\"wp-block-spacer\"><\/div>\n\n\n\n<div class=\"wp-block-columns is-layout-flex wp-container-core-columns-is-layout-9d6595d7 wp-block-columns-is-layout-flex\">\n<div class=\"wp-block-column is-layout-flow wp-block-column-is-layout-flow\">\n<figure class=\"wp-block-image size-full\"><img decoding=\"async\" width=\"1010\" height=\"1010\" src=\"https:\/\/www.eltako.com\/wp-content\/uploads\/2022\/09\/eltako_website_content_baureihe-62_01-1.jpg\" alt=\"\" class=\"wp-image-117613\" srcset=\"https:\/\/www.eltako.com\/wp-content\/uploads\/2022\/09\/eltako_website_content_baureihe-62_01-1.jpg 1010w, https:\/\/www.eltako.com\/wp-content\/uploads\/2022\/09\/eltako_website_content_baureihe-62_01-1-300x300.jpg 300w, https:\/\/www.eltako.com\/wp-content\/uploads\/2022\/09\/eltako_website_content_baureihe-62_01-1-150x150.jpg 150w, https:\/\/www.eltako.com\/wp-content\/uploads\/2022\/09\/eltako_website_content_baureihe-62_01-1-768x768.jpg 768w, https:\/\/www.eltako.com\/wp-content\/uploads\/2022\/09\/eltako_website_content_baureihe-62_01-1-600x600.jpg 600w, https:\/\/www.eltako.com\/wp-content\/uploads\/2022\/09\/eltako_website_content_baureihe-62_01-1-100x100.jpg 100w\" sizes=\"(max-width: 1010px) 100vw, 1010px\" \/><\/figure>\n<\/div>\n\n\n\n<div class=\"wp-block-column is-layout-flow wp-block-column-is-layout-flow\">\n<h2 class=\"has-text-color has-large-font-size\" style=\"color:#0064af;text-transform:uppercase; line-height:42px\">Alles was man zur Inbetriebnahme braucht ist ein Smartphone. <\/h2>\n\n\n\n<p>Die Eltako Connect-App ist der kleine Helfer, um die Funktionalit\u00e4t verschiedenster Eltako- Produkte auf die jeweiligen Bed\u00fcrfnisse anzupassen. So auch bei der Baureihe 62-IP.&nbsp;<\/p>\n\n\n\n<p>Durch Updates passt sich die App den technologischen Ver\u00e4nderungen und Fortschritten an und ist dadurch zukunftsf\u00e4hig.&nbsp;&nbsp;&nbsp;<\/p>\n\n\n\n<div style=\"height:10px\" aria-hidden=\"true\" class=\"wp-block-spacer\"><\/div>\n\n\n\n<div class=\"wp-block-columns is-layout-flex wp-container-core-columns-is-layout-9d6595d7 wp-block-columns-is-layout-flex\">\n<div class=\"wp-block-column is-layout-flow wp-block-column-is-layout-flow\" style=\"flex-basis:66.66%\"><div class=\"wp-block-image\">\n<figure class=\"aligncenter size-full\"><img decoding=\"async\" src=\"https:\/\/www.eltako.com\/wp-content\/uploads\/2022\/10\/eltako-connect-app_02.svg\" alt=\"\" class=\"wp-image-120140\"\/><\/figure>\n<\/div><\/div>\n\n\n\n<div class=\"wp-block-column is-layout-flow wp-block-column-is-layout-flow\" style=\"flex-basis:33.33%\"><\/div>\n<\/div>\n\n\n\n<div class=\"wp-block-columns are-vertically-aligned-center is-layout-flex wp-container-core-columns-is-layout-9d6595d7 wp-block-columns-is-layout-flex\">\n<div class=\"wp-block-column is-vertically-aligned-center is-layout-flow wp-block-column-is-layout-flow\">\n<figure class=\"wp-block-image size-full app-store-badge\"><a href=\"https:\/\/apps.apple.com\/de\/app\/eltako-connect\/id1622689879\"><img decoding=\"async\" src=\"https:\/\/www.eltako.com\/wp-content\/uploads\/2022\/10\/apple-store-badge_02.svg\" alt=\"\" class=\"wp-image-120151\"\/><\/a><\/figure>\n<\/div>\n\n\n\n<div class=\"wp-block-column is-vertically-aligned-center is-layout-flow wp-block-column-is-layout-flow\">\n<figure class=\"wp-block-image size-full app-store-badge\"><a href=\"https:\/\/play.google.com\/store\/apps\/details?id=com.eltako.connect\"><img decoding=\"async\" src=\"https:\/\/www.eltako.com\/wp-content\/uploads\/2022\/10\/google-play-store_badge_02.svg\" alt=\"\" class=\"wp-image-120161\"\/><\/a><\/figure>\n<\/div>\n<\/div>\n\n\n\n<p><\/p>\n<\/div>\n<\/div>\n","protected":false},"excerpt":{"rendered":"<p>Gemacht f\u00fcr jedes Zuhause.&nbsp; Der Astronaut unserer kleinen Social Media-Geschichte hat die Baureihe 62-IP auf die Erde gebracht und erstmals auf der Light + Building in Frankfurt a. M. vorgestellt. Besucher der Messe konnten als Erste die Produkte und ihre Funktionen \u00fcber Apple Home und den neuen Standard Matter testen.&nbsp; Einfach smart machen ohne viel [&hellip;]<\/p>\n","protected":false},"author":39,"featured_media":117571,"parent":0,"menu_order":0,"comment_status":"closed","ping_status":"closed","template":"templates\/padding_header.php","meta":{"_acf_changed":false,"footnotes":"","_links_to":"","_links_to_target":""},"class_list":["post-117495","page","type-page","status-publish","has-post-thumbnail","hentry"],"acf":[],"yoast_head":"<!-- This site is optimized with the Yoast SEO plugin v27.2 - https:\/\/yoast.com\/product\/yoast-seo-wordpress\/ -->\n<title>Baureihe 62-IP &#187; Eltako<\/title>\n<meta name=\"robots\" content=\"index, follow, max-snippet:-1, max-image-preview:large, max-video-preview:-1\" \/>\n<link rel=\"canonical\" href=\"https:\/\/www.eltako.com\/de\/baureihe-62-ip\/\" \/>\n<meta property=\"og:locale\" content=\"de_DE\" \/>\n<meta property=\"og:type\" content=\"article\" \/>\n<meta property=\"og:title\" content=\"Baureihe 62-IP &#187; Eltako\" \/>\n<meta property=\"og:description\" content=\"Gemacht f\u00fcr jedes Zuhause.&nbsp; Der Astronaut unserer kleinen Social Media-Geschichte hat die Baureihe 62-IP auf die Erde gebracht und erstmals auf der Light + Building in Frankfurt a. M. vorgestellt. Besucher der Messe konnten als Erste die Produkte und ihre Funktionen \u00fcber Apple Home und den neuen Standard Matter testen.&nbsp; Einfach smart machen ohne viel [&hellip;]\" \/>\n<meta property=\"og:url\" content=\"https:\/\/www.eltako.com\/de\/baureihe-62-ip\/\" \/>\n<meta property=\"og:site_name\" content=\"Eltako\" \/>\n<meta property=\"article:modified_time\" content=\"2025-09-04T13:06:27+00:00\" \/>\n<meta property=\"og:image\" content=\"https:\/\/www.eltako.com\/wp-content\/uploads\/2022\/09\/eltako_website_header_1920x700_baureihe62.jpg\" \/>\n\t<meta property=\"og:image:width\" content=\"1920\" \/>\n\t<meta property=\"og:image:height\" content=\"700\" \/>\n\t<meta property=\"og:image:type\" content=\"image\/jpeg\" \/>\n<meta name=\"twitter:card\" content=\"summary_large_image\" \/>\n<meta name=\"twitter:label1\" content=\"Gesch\u00e4tzte Lesezeit\" \/>\n\t<meta name=\"twitter:data1\" content=\"3\u00a0Minuten\" \/>\n<script type=\"application\/ld+json\" class=\"yoast-schema-graph\">{\"@context\":\"https:\/\/schema.org\",\"@graph\":[{\"@type\":\"WebPage\",\"@id\":\"https:\/\/www.eltako.com\/de\/baureihe-62-ip\/\",\"url\":\"https:\/\/www.eltako.com\/de\/baureihe-62-ip\/\",\"name\":\"Baureihe 62-IP &#187; Eltako\",\"isPartOf\":{\"@id\":\"https:\/\/www.eltako.com\/en\/#website\"},\"primaryImageOfPage\":{\"@id\":\"https:\/\/www.eltako.com\/de\/baureihe-62-ip\/#primaryimage\"},\"image\":{\"@id\":\"https:\/\/www.eltako.com\/de\/baureihe-62-ip\/#primaryimage\"},\"thumbnailUrl\":\"https:\/\/www.eltako.com\/wp-content\/uploads\/2022\/09\/eltako_website_header_1920x700_baureihe62.jpg\",\"datePublished\":\"2022-10-02T08:31:43+00:00\",\"dateModified\":\"2025-09-04T13:06:27+00:00\",\"breadcrumb\":{\"@id\":\"https:\/\/www.eltako.com\/de\/baureihe-62-ip\/#breadcrumb\"},\"inLanguage\":\"de\",\"potentialAction\":[{\"@type\":\"ReadAction\",\"target\":[\"https:\/\/www.eltako.com\/de\/baureihe-62-ip\/\"]}]},{\"@type\":\"ImageObject\",\"inLanguage\":\"de\",\"@id\":\"https:\/\/www.eltako.com\/de\/baureihe-62-ip\/#primaryimage\",\"url\":\"https:\/\/www.eltako.com\/wp-content\/uploads\/2022\/09\/eltako_website_header_1920x700_baureihe62.jpg\",\"contentUrl\":\"https:\/\/www.eltako.com\/wp-content\/uploads\/2022\/09\/eltako_website_header_1920x700_baureihe62.jpg\",\"width\":1920,\"height\":700},{\"@type\":\"BreadcrumbList\",\"@id\":\"https:\/\/www.eltako.com\/de\/baureihe-62-ip\/#breadcrumb\",\"itemListElement\":[{\"@type\":\"ListItem\",\"position\":1,\"name\":\"Home\",\"item\":\"https:\/\/www.eltako.com\/de\/\"},{\"@type\":\"ListItem\",\"position\":2,\"name\":\"Baureihe 62-IP\"}]},{\"@type\":\"WebSite\",\"@id\":\"https:\/\/www.eltako.com\/en\/#website\",\"url\":\"https:\/\/www.eltako.com\/en\/\",\"name\":\"Eltako\",\"description\":\"Schaltger\u00e4te, Netzteile, Stromz\u00e4hler, Dimmer, Geb\u00e4udeinstallation, Steuerungstechnik, Smart Home-L\u00f6sungen, Geb\u00e4udefunk, EnOcean-Technologie\",\"potentialAction\":[{\"@type\":\"SearchAction\",\"target\":{\"@type\":\"EntryPoint\",\"urlTemplate\":\"https:\/\/www.eltako.com\/en\/?s={search_term_string}\"},\"query-input\":{\"@type\":\"PropertyValueSpecification\",\"valueRequired\":true,\"valueName\":\"search_term_string\"}}],\"inLanguage\":\"de\"}]}<\/script>\n<!-- \/ Yoast SEO plugin. -->","yoast_head_json":{"title":"Baureihe 62-IP &#187; Eltako","robots":{"index":"index","follow":"follow","max-snippet":"max-snippet:-1","max-image-preview":"max-image-preview:large","max-video-preview":"max-video-preview:-1"},"canonical":"https:\/\/www.eltako.com\/de\/baureihe-62-ip\/","og_locale":"de_DE","og_type":"article","og_title":"Baureihe 62-IP &#187; Eltako","og_description":"Gemacht f\u00fcr jedes Zuhause.&nbsp; Der Astronaut unserer kleinen Social Media-Geschichte hat die Baureihe 62-IP auf die Erde gebracht und erstmals auf der Light + Building in Frankfurt a. M. vorgestellt. Besucher der Messe konnten als Erste die Produkte und ihre Funktionen \u00fcber Apple Home und den neuen Standard Matter testen.&nbsp; Einfach smart machen ohne viel [&hellip;]","og_url":"https:\/\/www.eltako.com\/de\/baureihe-62-ip\/","og_site_name":"Eltako","article_modified_time":"2025-09-04T13:06:27+00:00","og_image":[{"width":1920,"height":700,"url":"https:\/\/www.eltako.com\/wp-content\/uploads\/2022\/09\/eltako_website_header_1920x700_baureihe62.jpg","type":"image\/jpeg"}],"twitter_card":"summary_large_image","twitter_misc":{"Gesch\u00e4tzte Lesezeit":"3\u00a0Minuten"},"schema":{"@context":"https:\/\/schema.org","@graph":[{"@type":"WebPage","@id":"https:\/\/www.eltako.com\/de\/baureihe-62-ip\/","url":"https:\/\/www.eltako.com\/de\/baureihe-62-ip\/","name":"Baureihe 62-IP &#187; Eltako","isPartOf":{"@id":"https:\/\/www.eltako.com\/en\/#website"},"primaryImageOfPage":{"@id":"https:\/\/www.eltako.com\/de\/baureihe-62-ip\/#primaryimage"},"image":{"@id":"https:\/\/www.eltako.com\/de\/baureihe-62-ip\/#primaryimage"},"thumbnailUrl":"https:\/\/www.eltako.com\/wp-content\/uploads\/2022\/09\/eltako_website_header_1920x700_baureihe62.jpg","datePublished":"2022-10-02T08:31:43+00:00","dateModified":"2025-09-04T13:06:27+00:00","breadcrumb":{"@id":"https:\/\/www.eltako.com\/de\/baureihe-62-ip\/#breadcrumb"},"inLanguage":"de","potentialAction":[{"@type":"ReadAction","target":["https:\/\/www.eltako.com\/de\/baureihe-62-ip\/"]}]},{"@type":"ImageObject","inLanguage":"de","@id":"https:\/\/www.eltako.com\/de\/baureihe-62-ip\/#primaryimage","url":"https:\/\/www.eltako.com\/wp-content\/uploads\/2022\/09\/eltako_website_header_1920x700_baureihe62.jpg","contentUrl":"https:\/\/www.eltako.com\/wp-content\/uploads\/2022\/09\/eltako_website_header_1920x700_baureihe62.jpg","width":1920,"height":700},{"@type":"BreadcrumbList","@id":"https:\/\/www.eltako.com\/de\/baureihe-62-ip\/#breadcrumb","itemListElement":[{"@type":"ListItem","position":1,"name":"Home","item":"https:\/\/www.eltako.com\/de\/"},{"@type":"ListItem","position":2,"name":"Baureihe 62-IP"}]},{"@type":"WebSite","@id":"https:\/\/www.eltako.com\/en\/#website","url":"https:\/\/www.eltako.com\/en\/","name":"Eltako","description":"Schaltger\u00e4te, Netzteile, Stromz\u00e4hler, Dimmer, Geb\u00e4udeinstallation, Steuerungstechnik, Smart Home-L\u00f6sungen, Geb\u00e4udefunk, EnOcean-Technologie","potentialAction":[{"@type":"SearchAction","target":{"@type":"EntryPoint","urlTemplate":"https:\/\/www.eltako.com\/en\/?s={search_term_string}"},"query-input":{"@type":"PropertyValueSpecification","valueRequired":true,"valueName":"search_term_string"}}],"inLanguage":"de"}]}},"_links":{"self":[{"href":"https:\/\/www.eltako.com\/de\/wp-json\/wp\/v2\/pages\/117495","targetHints":{"allow":["GET"]}}],"collection":[{"href":"https:\/\/www.eltako.com\/de\/wp-json\/wp\/v2\/pages"}],"about":[{"href":"https:\/\/www.eltako.com\/de\/wp-json\/wp\/v2\/types\/page"}],"author":[{"embeddable":true,"href":"https:\/\/www.eltako.com\/de\/wp-json\/wp\/v2\/users\/39"}],"replies":[{"embeddable":true,"href":"https:\/\/www.eltako.com\/de\/wp-json\/wp\/v2\/comments?post=117495"}],"version-history":[{"count":50,"href":"https:\/\/www.eltako.com\/de\/wp-json\/wp\/v2\/pages\/117495\/revisions"}],"predecessor-version":[{"id":146382,"href":"https:\/\/www.eltako.com\/de\/wp-json\/wp\/v2\/pages\/117495\/revisions\/146382"}],"wp:featuredmedia":[{"embeddable":true,"href":"https:\/\/www.eltako.com\/de\/wp-json\/wp\/v2\/media\/117571"}],"wp:attachment":[{"href":"https:\/\/www.eltako.com\/de\/wp-json\/wp\/v2\/media?parent=117495"}],"curies":[{"name":"wp","href":"https:\/\/api.w.org\/{rel}","templated":true}]}}