{"id":88880,"date":"2022-09-02T12:07:00","date_gmt":"2022-09-02T10:07:00","guid":{"rendered":"https:\/\/www.eltako.com\/controller-firmware-update\/"},"modified":"2025-02-05T08:56:41","modified_gmt":"2025-02-05T07:56:41","slug":"controller-firmware-update","status":"publish","type":"page","link":"https:\/\/www.eltako.com\/be\/controller-firmware-update\/","title":{"rendered":"Controller-Firmware-Update"},"content":{"rendered":"\n<h3 class=\"wp-block-heading\">Update van de firmware <\/h3>\n\n\n\n<p><\/p>\n\n\n\n<p class=\"has-normal-font-size\">Gelieve u ervan te verzekeren, dat u uw controller altijd met de recentste versie van de firmware laat opereren, om een naadloos samenspel met uw GFA5-app te garanderen. Volg aub de onderstaande stappen voor de update : <\/p>\n\n\n\n<h3 class=\"wp-block-heading\">Update van de firmware met de GFA5-app<\/h3>\n\n\n\n<p><\/p>\n\n\n\n<p class=\"has-normal-font-size\">In de GFA5-app kan u de update van de firmware voor de controller direct in de app starten. Als er een nieuwe firmware beschikbaar is, verschijnt er in de app een hint pop-up. Alternatief kan u ook nazien onder : Einstellungen \u2192 Controller, of er een update van de firmware beschikbaar is en de update vanop die plaats direct starten. <\/p>\n\n\n\n<p class=\"has-normal-font-size\"><strong>Opmerking<\/strong>: voor de update heeft men een internetverbinding nodig. <\/p>\n\n\n\n<p class=\"has-normal-font-size\">Per uitzonderding, wanneer de firmware niet via de GFA5-app gestart kan worden, bestaat de mogelijkheid, de firmware met de ConfigTool NEO te installeren. <\/p>\n\n\n\n<p><strong>Download Controller-Firmware<\/strong><\/p>\n\n\n\n<p><a href=\"https:\/\/eltakocloud-download.s3.eu-central-1.amazonaws.com\/fw\/mediola\/C2\/c2eltako_latest.hex\" target=\"_blank\" rel=\"noreferrer noopener\">Download versie 1.25.6<\/a> (externer Link)<\/p>\n\n\n\n<p><a href=\"https:\/\/docs.eltako.de\/docs\/changelog_minisafe2\/\" target=\"_blank\" rel=\"noreferrer noopener\">Changelog MiniSafe2<\/a><\/p>\n\n\n\n<p><a href=\"https:\/\/docs.eltako.de\/docs\/changelog_gfa5\/\" target=\"_blank\" rel=\"noreferrer noopener\">Changelog GFA5<\/a><\/p>\n\n\n\n<p><\/p>\n\n\n\n<h3 class=\"wp-block-heading\">Firmware-update met de ConfigTool NEO <\/h3>\n\n\n\n<p><\/p>\n\n\n\n<p class=\"has-normal-font-size\"><strong>Stel: <\/strong><\/p>\n\n\n\n<ol class=\"wp-block-list\">\n<li>De ConfigTool NEO is ge\u00efnstalleerd <\/li>\n<\/ol>\n\n\n\n<ol start=\"2\" class=\"wp-block-list\">\n<li>PC en controller bevinden zich in hetzelfde netwerk. <\/li>\n<\/ol>\n\n\n\n<p>Na de start van de Config Tool NEO wordt de controller direct op de startpagina aangetoond. <\/p>\n\n\n\n<ol class=\"wp-block-list\">\n<li>Klik de controller aan, om toegang te krijgen tot de instellingen <\/li>\n<\/ol>\n\n\n\n<ol start=\"2\" class=\"wp-block-list\">\n<li>Tab \u2018Allgemein\u201d : verwijzingen naar nieuwe versies van de firmware worden hier aangetoond <\/li>\n<\/ol>\n\n\n\n<ol start=\"3\" class=\"wp-block-list\">\n<li>\u2018Formulare freischalten\u2019 aanklikken <\/li>\n<\/ol>\n\n\n\n<ol start=\"4\" class=\"wp-block-list\">\n<li>Firmware op de controller afspelen <\/li>\n<\/ol>\n\n\n\n<p><strong>Download ConfigTool NEO<\/strong> <\/p>\n\n\n\n<p><a href=\"https:\/\/s3-eu-west-1.amazonaws.com\/mediola-download\/configtool_neo\/ConfigTool+NEO.exe\" target=\"_blank\" rel=\"noreferrer noopener\">Download Windows-versie<\/a> (externe link) <\/p>\n\n\n\n<p><a href=\"https:\/\/s3-eu-west-1.amazonaws.com\/mediola-download\/configtool_neo\/ConfigTool+NEO.dmg\" target=\"_blank\" rel=\"noreferrer noopener\">Download macOS-versie<\/a> (externe link)<\/p>\n\n\n\n<p><a href=\"https:\/\/s3-eu-west-1.amazonaws.com\/mediola-download\/configtool_neo\/1.9.0\/ConfigTool+NEO.tar.gz\" target=\"_blank\" rel=\"noreferrer noopener\">Download Linux-versie<\/a> (externe link)<\/p>\n\n\n\n<p><\/p>\n\n\n\n<p><\/p>\n","protected":false},"excerpt":{"rendered":"<p>Update van de firmware Gelieve u ervan te verzekeren, dat u uw controller altijd met de recentste versie van de firmware laat opereren, om een naadloos samenspel met uw GFA5-app te garanderen. Volg aub de onderstaande stappen voor de update : Update van de firmware met de GFA5-app In de GFA5-app kan u de update [&hellip;]<\/p>\n","protected":false},"author":31,"featured_media":88882,"parent":0,"menu_order":0,"comment_status":"closed","ping_status":"closed","template":"templates\/custom_header.php","meta":{"_acf_changed":false,"footnotes":"","_links_to":"","_links_to_target":""},"class_list":["post-88880","page","type-page","status-publish","has-post-thumbnail","hentry"],"acf":[],"yoast_head":"<!-- This site is optimized with the Yoast SEO plugin v27.2 - https:\/\/yoast.com\/product\/yoast-seo-wordpress\/ -->\n<title>Controller-Firmware-Update &#187; Eltako<\/title>\n<meta name=\"robots\" content=\"index, follow, max-snippet:-1, max-image-preview:large, max-video-preview:-1\" \/>\n<link rel=\"canonical\" href=\"https:\/\/www.eltako.com\/be\/controller-firmware-update\/\" \/>\n<meta property=\"og:locale\" content=\"nl_BE\" \/>\n<meta property=\"og:type\" content=\"article\" \/>\n<meta property=\"og:title\" content=\"Controller-Firmware-Update &#187; Eltako\" \/>\n<meta property=\"og:description\" content=\"Update van de firmware Gelieve u ervan te verzekeren, dat u uw controller altijd met de recentste versie van de firmware laat opereren, om een naadloos samenspel met uw GFA5-app te garanderen. Volg aub de onderstaande stappen voor de update : Update van de firmware met de GFA5-app In de GFA5-app kan u de update [&hellip;]\" \/>\n<meta property=\"og:url\" content=\"https:\/\/www.eltako.com\/be\/controller-firmware-update\/\" \/>\n<meta property=\"og:site_name\" content=\"Eltako\" \/>\n<meta property=\"article:modified_time\" content=\"2025-02-05T07:56:41+00:00\" \/>\n<meta property=\"og:image\" content=\"https:\/\/www.eltako.com\/wp-content\/uploads\/2021\/05\/Layout-Firmware-Update-Neu.jpg\" \/>\n\t<meta property=\"og:image:width\" content=\"1920\" \/>\n\t<meta property=\"og:image:height\" content=\"1080\" \/>\n\t<meta property=\"og:image:type\" content=\"image\/jpeg\" \/>\n<meta name=\"twitter:card\" content=\"summary_large_image\" \/>\n<meta name=\"twitter:label1\" content=\"Geschatte leestijd\" \/>\n\t<meta name=\"twitter:data1\" content=\"2 minuten\" \/>\n<script type=\"application\/ld+json\" class=\"yoast-schema-graph\">{\"@context\":\"https:\/\/schema.org\",\"@graph\":[{\"@type\":\"WebPage\",\"@id\":\"https:\/\/www.eltako.com\/be\/controller-firmware-update\/\",\"url\":\"https:\/\/www.eltako.com\/be\/controller-firmware-update\/\",\"name\":\"Controller-Firmware-Update &#187; Eltako\",\"isPartOf\":{\"@id\":\"https:\/\/www.eltako.com\/en\/#website\"},\"primaryImageOfPage\":{\"@id\":\"https:\/\/www.eltako.com\/be\/controller-firmware-update\/#primaryimage\"},\"image\":{\"@id\":\"https:\/\/www.eltako.com\/be\/controller-firmware-update\/#primaryimage\"},\"thumbnailUrl\":\"https:\/\/www.eltako.com\/wp-content\/uploads\/2021\/05\/Layout-Firmware-Update-Neu.jpg\",\"datePublished\":\"2022-09-02T10:07:00+00:00\",\"dateModified\":\"2025-02-05T07:56:41+00:00\",\"breadcrumb\":{\"@id\":\"https:\/\/www.eltako.com\/be\/controller-firmware-update\/#breadcrumb\"},\"inLanguage\":\"nl-BE\",\"potentialAction\":[{\"@type\":\"ReadAction\",\"target\":[\"https:\/\/www.eltako.com\/be\/controller-firmware-update\/\"]}]},{\"@type\":\"ImageObject\",\"inLanguage\":\"nl-BE\",\"@id\":\"https:\/\/www.eltako.com\/be\/controller-firmware-update\/#primaryimage\",\"url\":\"https:\/\/www.eltako.com\/wp-content\/uploads\/2021\/05\/Layout-Firmware-Update-Neu.jpg\",\"contentUrl\":\"https:\/\/www.eltako.com\/wp-content\/uploads\/2021\/05\/Layout-Firmware-Update-Neu.jpg\",\"width\":1920,\"height\":1080},{\"@type\":\"BreadcrumbList\",\"@id\":\"https:\/\/www.eltako.com\/be\/controller-firmware-update\/#breadcrumb\",\"itemListElement\":[{\"@type\":\"ListItem\",\"position\":1,\"name\":\"Home\",\"item\":\"https:\/\/www.eltako.com\/be\/\"},{\"@type\":\"ListItem\",\"position\":2,\"name\":\"Controller-Firmware-Update\"}]},{\"@type\":\"WebSite\",\"@id\":\"https:\/\/www.eltako.com\/en\/#website\",\"url\":\"https:\/\/www.eltako.com\/en\/\",\"name\":\"Eltako\",\"description\":\"Schaltger\u00e4te, Netzteile, Stromz\u00e4hler, Dimmer, Geb\u00e4udeinstallation, Steuerungstechnik, Smart Home-L\u00f6sungen, Geb\u00e4udefunk, EnOcean-Technologie\",\"potentialAction\":[{\"@type\":\"SearchAction\",\"target\":{\"@type\":\"EntryPoint\",\"urlTemplate\":\"https:\/\/www.eltako.com\/en\/?s={search_term_string}\"},\"query-input\":{\"@type\":\"PropertyValueSpecification\",\"valueRequired\":true,\"valueName\":\"search_term_string\"}}],\"inLanguage\":\"nl-BE\"}]}<\/script>\n<!-- \/ Yoast SEO plugin. -->","yoast_head_json":{"title":"Controller-Firmware-Update &#187; Eltako","robots":{"index":"index","follow":"follow","max-snippet":"max-snippet:-1","max-image-preview":"max-image-preview:large","max-video-preview":"max-video-preview:-1"},"canonical":"https:\/\/www.eltako.com\/be\/controller-firmware-update\/","og_locale":"nl_BE","og_type":"article","og_title":"Controller-Firmware-Update &#187; Eltako","og_description":"Update van de firmware Gelieve u ervan te verzekeren, dat u uw controller altijd met de recentste versie van de firmware laat opereren, om een naadloos samenspel met uw GFA5-app te garanderen. Volg aub de onderstaande stappen voor de update : Update van de firmware met de GFA5-app In de GFA5-app kan u de update [&hellip;]","og_url":"https:\/\/www.eltako.com\/be\/controller-firmware-update\/","og_site_name":"Eltako","article_modified_time":"2025-02-05T07:56:41+00:00","og_image":[{"width":1920,"height":1080,"url":"https:\/\/www.eltako.com\/wp-content\/uploads\/2021\/05\/Layout-Firmware-Update-Neu.jpg","type":"image\/jpeg"}],"twitter_card":"summary_large_image","twitter_misc":{"Geschatte leestijd":"2 minuten"},"schema":{"@context":"https:\/\/schema.org","@graph":[{"@type":"WebPage","@id":"https:\/\/www.eltako.com\/be\/controller-firmware-update\/","url":"https:\/\/www.eltako.com\/be\/controller-firmware-update\/","name":"Controller-Firmware-Update &#187; Eltako","isPartOf":{"@id":"https:\/\/www.eltako.com\/en\/#website"},"primaryImageOfPage":{"@id":"https:\/\/www.eltako.com\/be\/controller-firmware-update\/#primaryimage"},"image":{"@id":"https:\/\/www.eltako.com\/be\/controller-firmware-update\/#primaryimage"},"thumbnailUrl":"https:\/\/www.eltako.com\/wp-content\/uploads\/2021\/05\/Layout-Firmware-Update-Neu.jpg","datePublished":"2022-09-02T10:07:00+00:00","dateModified":"2025-02-05T07:56:41+00:00","breadcrumb":{"@id":"https:\/\/www.eltako.com\/be\/controller-firmware-update\/#breadcrumb"},"inLanguage":"nl-BE","potentialAction":[{"@type":"ReadAction","target":["https:\/\/www.eltako.com\/be\/controller-firmware-update\/"]}]},{"@type":"ImageObject","inLanguage":"nl-BE","@id":"https:\/\/www.eltako.com\/be\/controller-firmware-update\/#primaryimage","url":"https:\/\/www.eltako.com\/wp-content\/uploads\/2021\/05\/Layout-Firmware-Update-Neu.jpg","contentUrl":"https:\/\/www.eltako.com\/wp-content\/uploads\/2021\/05\/Layout-Firmware-Update-Neu.jpg","width":1920,"height":1080},{"@type":"BreadcrumbList","@id":"https:\/\/www.eltako.com\/be\/controller-firmware-update\/#breadcrumb","itemListElement":[{"@type":"ListItem","position":1,"name":"Home","item":"https:\/\/www.eltako.com\/be\/"},{"@type":"ListItem","position":2,"name":"Controller-Firmware-Update"}]},{"@type":"WebSite","@id":"https:\/\/www.eltako.com\/en\/#website","url":"https:\/\/www.eltako.com\/en\/","name":"Eltako","description":"Schaltger\u00e4te, Netzteile, Stromz\u00e4hler, Dimmer, Geb\u00e4udeinstallation, Steuerungstechnik, Smart Home-L\u00f6sungen, Geb\u00e4udefunk, EnOcean-Technologie","potentialAction":[{"@type":"SearchAction","target":{"@type":"EntryPoint","urlTemplate":"https:\/\/www.eltako.com\/en\/?s={search_term_string}"},"query-input":{"@type":"PropertyValueSpecification","valueRequired":true,"valueName":"search_term_string"}}],"inLanguage":"nl-BE"}]}},"_links":{"self":[{"href":"https:\/\/www.eltako.com\/be\/wp-json\/wp\/v2\/pages\/88880","targetHints":{"allow":["GET"]}}],"collection":[{"href":"https:\/\/www.eltako.com\/be\/wp-json\/wp\/v2\/pages"}],"about":[{"href":"https:\/\/www.eltako.com\/be\/wp-json\/wp\/v2\/types\/page"}],"author":[{"embeddable":true,"href":"https:\/\/www.eltako.com\/be\/wp-json\/wp\/v2\/users\/31"}],"replies":[{"embeddable":true,"href":"https:\/\/www.eltako.com\/be\/wp-json\/wp\/v2\/comments?post=88880"}],"version-history":[{"count":8,"href":"https:\/\/www.eltako.com\/be\/wp-json\/wp\/v2\/pages\/88880\/revisions"}],"predecessor-version":[{"id":144031,"href":"https:\/\/www.eltako.com\/be\/wp-json\/wp\/v2\/pages\/88880\/revisions\/144031"}],"wp:featuredmedia":[{"embeddable":true,"href":"https:\/\/www.eltako.com\/be\/wp-json\/wp\/v2\/media\/88882"}],"wp:attachment":[{"href":"https:\/\/www.eltako.com\/be\/wp-json\/wp\/v2\/media?parent=88880"}],"curies":[{"name":"wp","href":"https:\/\/api.w.org\/{rel}","templated":true}]}}