{"id":88875,"date":"2022-09-02T11:52:44","date_gmt":"2022-09-02T09:52:44","guid":{"rendered":"https:\/\/www.eltako.com\/dali\/"},"modified":"2024-11-28T11:37:01","modified_gmt":"2024-11-28T10:37:01","slug":"dali","status":"publish","type":"page","link":"https:\/\/www.eltako.com\/be\/onderneming\/partners-en-allianties\/dali\/","title":{"rendered":"Dali"},"content":{"rendered":"\n<h2 class=\"wp-block-heading\" id=\"wir-sind-dali-anbieter\"><strong>FLEXIBEL LICHTMANAGEMENT MET DALI- VOLLEDIG GE\u00cfNTEGREERD IN HET ELTAKO UNIVERSUM<\/strong><span style=\"font-family: -webkit-standard; font-size: medium; font-weight: 400; white-space: normal;\"><\/span><\/h2>\n\n\n\n<div style=\"height:50px\" aria-hidden=\"true\" class=\"wp-block-spacer\"><\/div>\n\n\n\n<figure class=\"wp-block-image size-large\"><img decoding=\"async\" width=\"1024\" height=\"560\" src=\"https:\/\/www.eltako.com\/wp-content\/uploads\/2024\/10\/eltako-website_dali2-schaubild_facelift-neu_vl-2-1024x560.png\" alt=\"\" class=\"wp-image-142574\" style=\"aspect-ratio:1;object-fit:contain\" srcset=\"https:\/\/www.eltako.com\/wp-content\/uploads\/2024\/10\/eltako-website_dali2-schaubild_facelift-neu_vl-2-1024x560.png 1024w, https:\/\/www.eltako.com\/wp-content\/uploads\/2024\/10\/eltako-website_dali2-schaubild_facelift-neu_vl-2-300x164.png 300w, https:\/\/www.eltako.com\/wp-content\/uploads\/2024\/10\/eltako-website_dali2-schaubild_facelift-neu_vl-2-768x420.png 768w, https:\/\/www.eltako.com\/wp-content\/uploads\/2024\/10\/eltako-website_dali2-schaubild_facelift-neu_vl-2-1536x840.png 1536w, https:\/\/www.eltako.com\/wp-content\/uploads\/2024\/10\/eltako-website_dali2-schaubild_facelift-neu_vl-2-600x328.png 600w, https:\/\/www.eltako.com\/wp-content\/uploads\/2024\/10\/eltako-website_dali2-schaubild_facelift-neu_vl-2.png 2048w\" sizes=\"(max-width: 1024px) 100vw, 1024px\" \/><\/figure>\n\n\n\n<div style=\"height:50px\" aria-hidden=\"true\" class=\"wp-block-spacer\"><\/div>\n\n\n\n<p class=\"has-medium-font-size\">DALI is een fabrikant-onafhankelijk verlichtingsinstallatiesysteem, dat ontworpen is voor een zo eenvoudig mogelijke installatie, sturing en communicatie van enkele lampen en lichtgroepen. Het kan tot 64 adressen, 16 groepen en 16 scenario\u2019s beheren en is daardoor geschikt voor de uitrusting van de verlichting van een bescheiden woning tot een bedrijfspand. Met deze eigenschappen cre\u00ebert DALI een basis voor een intelligent en flexibel lichtmanagement.<\/p>\n\n\n\n<p class=\"has-medium-font-size\">De nieuwe DALI-2-compatibele producten zijn nu ook multimaster compatibel! Dat betekent dat meerdere sensoren, zoals bewegings- en helderheidssensoren of DALI-drukknopkoppelaars, op een DALI-lijn gebruikt kunnen worden. Een ander voordeel is de directe verbinding met onze reeks 14, evenals de verwerking van DALI-2-statusmeldingen, wat intelligente automatisatie en integratie met EnOcean-systemen mogelijk maakt.<\/p>\n\n\n\n<div class=\"wp-block-columns is-layout-flex wp-container-core-columns-is-layout-9d6595d7 wp-block-columns-is-layout-flex\">\n<div class=\"wp-block-column is-layout-flow wp-block-column-is-layout-flow\">\n<a href=\"https:\/\/www.eltako.com\/be\/catalog\/chapters\/38\/das-eltako-dali-programm\/?search=\"_blank\" class=\"text-uppercase font-weight-bold btn text-white p-3 mt-1 mb-1 w-100\" style=\"background : #016db7; font-size:20px\" rel=\"noopener\">NAAR ONS DALI-PROGRAMMA<\/a>\n<\/div>\n\n\n\n<div class=\"wp-block-column is-layout-flow wp-block-column-is-layout-flow\"><\/div>\n\n\n\n<div class=\"wp-block-column is-layout-flow wp-block-column-is-layout-flow\"><\/div>\n<\/div>\n\n\n\n<div style=\"height:50px\" aria-hidden=\"true\" class=\"wp-block-spacer\"><\/div>\n\n\n\n<figure class=\"wp-block-image size-large\"><img decoding=\"async\" width=\"1024\" height=\"341\" src=\"https:\/\/www.eltako.com\/wp-content\/uploads\/2022\/11\/Eltako_Website_Content-Bilder-Aktuelles_Dali-Programm_vl-1024x341.jpg\" alt=\"\" class=\"wp-image-121313\" srcset=\"https:\/\/www.eltako.com\/wp-content\/uploads\/2022\/11\/Eltako_Website_Content-Bilder-Aktuelles_Dali-Programm_vl-1024x341.jpg 1024w, https:\/\/www.eltako.com\/wp-content\/uploads\/2022\/11\/Eltako_Website_Content-Bilder-Aktuelles_Dali-Programm_vl-300x100.jpg 300w, https:\/\/www.eltako.com\/wp-content\/uploads\/2022\/11\/Eltako_Website_Content-Bilder-Aktuelles_Dali-Programm_vl-768x256.jpg 768w, https:\/\/www.eltako.com\/wp-content\/uploads\/2022\/11\/Eltako_Website_Content-Bilder-Aktuelles_Dali-Programm_vl-1536x512.jpg 1536w, https:\/\/www.eltako.com\/wp-content\/uploads\/2022\/11\/Eltako_Website_Content-Bilder-Aktuelles_Dali-Programm_vl-600x200.jpg 600w, https:\/\/www.eltako.com\/wp-content\/uploads\/2022\/11\/Eltako_Website_Content-Bilder-Aktuelles_Dali-Programm_vl.jpg 1920w\" sizes=\"(max-width: 1024px) 100vw, 1024px\" \/><\/figure>\n\n\n\n<div style=\"height:50px\" aria-hidden=\"true\" class=\"wp-block-spacer\"><\/div>\n\n\n\n<p class=\"has-medium-font-size\">Bestaande DALI-installaties kunnen uitgebreid worden met onze EnOcean-DALI-Gateway om draadloze sensoren en actoren te integreren.<\/p>\n\n\n\n<p class=\"has-medium-font-size\">Voordelen van DALI:<\/p>\n\n\n\n<ul class=\"wp-block-list\">\n<li class=\"has-medium-font-size\">Aansluiting van alle DALI-deelnemers beveiligd tegen polariteitsomkering<\/li>\n<\/ul>\n\n\n\n<ul class=\"wp-block-list\">\n<li class=\"has-medium-font-size\">Eenvoudig bedrading, samen met de 230V-netvoeding in een gemeenschappelijke 5-adrige mantelleiding<\/li>\n<\/ul>\n\n\n\n<ul class=\"wp-block-list\">\n<li class=\"has-medium-font-size\">In de DALI-besturingstoestellen kunnen lichtscenario\u2019s opgeslagen en opgeroepen worden <\/li>\n<\/ul>\n\n\n\n<ul class=\"wp-block-list\">\n<li class=\"has-medium-font-size\">Snelle terugmelding en lokalisatie van defecte lampen<\/li>\n<\/ul>\n\n\n\n<ul class=\"wp-block-list\">\n<li class=\"has-medium-font-size\">In geval van verandering van gebruik kunnen de lampen gemakkelijk gehergroepeerd worden, zonder herbedrading of wijziging aan de installatie <\/li>\n<\/ul>\n\n\n\n<div style=\"height:50px\" aria-hidden=\"true\" class=\"wp-block-spacer\"><\/div>\n\n\n\n<figure class=\"wp-block-image size-full\"><img decoding=\"async\" width=\"1024\" height=\"683\" src=\"https:\/\/www.eltako.com\/wp-content\/uploads\/2024\/11\/DALI_Programm_Bild_02_vl-1.jpg\" alt=\"\" class=\"wp-image-142989\" srcset=\"https:\/\/www.eltako.com\/wp-content\/uploads\/2024\/11\/DALI_Programm_Bild_02_vl-1.jpg 1024w, https:\/\/www.eltako.com\/wp-content\/uploads\/2024\/11\/DALI_Programm_Bild_02_vl-1-300x200.jpg 300w, https:\/\/www.eltako.com\/wp-content\/uploads\/2024\/11\/DALI_Programm_Bild_02_vl-1-768x512.jpg 768w, https:\/\/www.eltako.com\/wp-content\/uploads\/2024\/11\/DALI_Programm_Bild_02_vl-1-600x400.jpg 600w\" sizes=\"(max-width: 1024px) 100vw, 1024px\" \/><\/figure>\n","protected":false},"excerpt":{"rendered":"<p>FLEXIBEL LICHTMANAGEMENT MET DALI- VOLLEDIG GE\u00cfNTEGREERD IN HET ELTAKO UNIVERSUM DALI is een fabrikant-onafhankelijk verlichtingsinstallatiesysteem, dat ontworpen is voor een zo eenvoudig mogelijke installatie, sturing en communicatie van enkele lampen en lichtgroepen. Het kan tot 64 adressen, 16 groepen en 16 scenario\u2019s beheren en is daardoor geschikt voor de uitrusting van de verlichting van een [&hellip;]<\/p>\n","protected":false},"author":31,"featured_media":88876,"parent":88931,"menu_order":0,"comment_status":"closed","ping_status":"closed","template":"templates\/custom_header.php","meta":{"_acf_changed":false,"footnotes":"","_links_to":"","_links_to_target":""},"class_list":["post-88875","page","type-page","status-publish","has-post-thumbnail","hentry"],"acf":[],"yoast_head":"<!-- This site is optimized with the Yoast SEO plugin v27.2 - https:\/\/yoast.com\/product\/yoast-seo-wordpress\/ -->\n<title>Dali &#187; Eltako<\/title>\n<meta name=\"robots\" content=\"index, follow, max-snippet:-1, max-image-preview:large, max-video-preview:-1\" \/>\n<link rel=\"canonical\" href=\"https:\/\/www.eltako.com\/be\/onderneming\/partners-en-allianties\/dali\/\" \/>\n<meta property=\"og:locale\" content=\"nl_BE\" \/>\n<meta property=\"og:type\" content=\"article\" \/>\n<meta property=\"og:title\" content=\"Dali &#187; Eltako\" \/>\n<meta property=\"og:description\" content=\"FLEXIBEL LICHTMANAGEMENT MET DALI- VOLLEDIG GE\u00cfNTEGREERD IN HET ELTAKO UNIVERSUM DALI is een fabrikant-onafhankelijk verlichtingsinstallatiesysteem, dat ontworpen is voor een zo eenvoudig mogelijke installatie, sturing en communicatie van enkele lampen en lichtgroepen. Het kan tot 64 adressen, 16 groepen en 16 scenario\u2019s beheren en is daardoor geschikt voor de uitrusting van de verlichting van een [&hellip;]\" \/>\n<meta property=\"og:url\" content=\"https:\/\/www.eltako.com\/be\/onderneming\/partners-en-allianties\/dali\/\" \/>\n<meta property=\"og:site_name\" content=\"Eltako\" \/>\n<meta property=\"article:modified_time\" content=\"2024-11-28T10:37:01+00:00\" \/>\n<meta property=\"og:image\" content=\"https:\/\/www.eltako.com\/wp-content\/uploads\/2021\/09\/Bild-1-1-e1626779207216.jpg\" \/>\n\t<meta property=\"og:image:width\" content=\"1920\" \/>\n\t<meta property=\"og:image:height\" content=\"931\" \/>\n\t<meta property=\"og:image:type\" content=\"image\/jpeg\" \/>\n<meta name=\"twitter:card\" content=\"summary_large_image\" \/>\n<meta name=\"twitter:label1\" content=\"Geschatte leestijd\" \/>\n\t<meta name=\"twitter:data1\" content=\"2 minuten\" \/>\n<script type=\"application\/ld+json\" class=\"yoast-schema-graph\">{\"@context\":\"https:\/\/schema.org\",\"@graph\":[{\"@type\":\"WebPage\",\"@id\":\"https:\/\/www.eltako.com\/be\/onderneming\/partners-en-allianties\/dali\/\",\"url\":\"https:\/\/www.eltako.com\/be\/onderneming\/partners-en-allianties\/dali\/\",\"name\":\"Dali &#187; Eltako\",\"isPartOf\":{\"@id\":\"https:\/\/www.eltako.com\/en\/#website\"},\"primaryImageOfPage\":{\"@id\":\"https:\/\/www.eltako.com\/be\/onderneming\/partners-en-allianties\/dali\/#primaryimage\"},\"image\":{\"@id\":\"https:\/\/www.eltako.com\/be\/onderneming\/partners-en-allianties\/dali\/#primaryimage\"},\"thumbnailUrl\":\"https:\/\/www.eltako.com\/wp-content\/uploads\/2021\/09\/Bild-1-1-e1626779207216.jpg\",\"datePublished\":\"2022-09-02T09:52:44+00:00\",\"dateModified\":\"2024-11-28T10:37:01+00:00\",\"breadcrumb\":{\"@id\":\"https:\/\/www.eltako.com\/be\/onderneming\/partners-en-allianties\/dali\/#breadcrumb\"},\"inLanguage\":\"nl-BE\",\"potentialAction\":[{\"@type\":\"ReadAction\",\"target\":[\"https:\/\/www.eltako.com\/be\/onderneming\/partners-en-allianties\/dali\/\"]}]},{\"@type\":\"ImageObject\",\"inLanguage\":\"nl-BE\",\"@id\":\"https:\/\/www.eltako.com\/be\/onderneming\/partners-en-allianties\/dali\/#primaryimage\",\"url\":\"https:\/\/www.eltako.com\/wp-content\/uploads\/2021\/09\/Bild-1-1-e1626779207216.jpg\",\"contentUrl\":\"https:\/\/www.eltako.com\/wp-content\/uploads\/2021\/09\/Bild-1-1-e1626779207216.jpg\",\"width\":1920,\"height\":931},{\"@type\":\"BreadcrumbList\",\"@id\":\"https:\/\/www.eltako.com\/be\/onderneming\/partners-en-allianties\/dali\/#breadcrumb\",\"itemListElement\":[{\"@type\":\"ListItem\",\"position\":1,\"name\":\"Home\",\"item\":\"https:\/\/www.eltako.com\/be\/\"},{\"@type\":\"ListItem\",\"position\":2,\"name\":\"Onderneming\",\"item\":\"https:\/\/www.eltako.com\/be\/onderneming\/\"},{\"@type\":\"ListItem\",\"position\":3,\"name\":\"Partners en allianties\",\"item\":\"https:\/\/www.eltako.com\/be\/onderneming\/partners-en-allianties\/\"},{\"@type\":\"ListItem\",\"position\":4,\"name\":\"Dali\"}]},{\"@type\":\"WebSite\",\"@id\":\"https:\/\/www.eltako.com\/en\/#website\",\"url\":\"https:\/\/www.eltako.com\/en\/\",\"name\":\"Eltako\",\"description\":\"Schaltger\u00e4te, Netzteile, Stromz\u00e4hler, Dimmer, Geb\u00e4udeinstallation, Steuerungstechnik, Smart Home-L\u00f6sungen, Geb\u00e4udefunk, EnOcean-Technologie\",\"potentialAction\":[{\"@type\":\"SearchAction\",\"target\":{\"@type\":\"EntryPoint\",\"urlTemplate\":\"https:\/\/www.eltako.com\/en\/?s={search_term_string}\"},\"query-input\":{\"@type\":\"PropertyValueSpecification\",\"valueRequired\":true,\"valueName\":\"search_term_string\"}}],\"inLanguage\":\"nl-BE\"}]}<\/script>\n<!-- \/ Yoast SEO plugin. -->","yoast_head_json":{"title":"Dali &#187; Eltako","robots":{"index":"index","follow":"follow","max-snippet":"max-snippet:-1","max-image-preview":"max-image-preview:large","max-video-preview":"max-video-preview:-1"},"canonical":"https:\/\/www.eltako.com\/be\/onderneming\/partners-en-allianties\/dali\/","og_locale":"nl_BE","og_type":"article","og_title":"Dali &#187; Eltako","og_description":"FLEXIBEL LICHTMANAGEMENT MET DALI- VOLLEDIG GE\u00cfNTEGREERD IN HET ELTAKO UNIVERSUM DALI is een fabrikant-onafhankelijk verlichtingsinstallatiesysteem, dat ontworpen is voor een zo eenvoudig mogelijke installatie, sturing en communicatie van enkele lampen en lichtgroepen. Het kan tot 64 adressen, 16 groepen en 16 scenario\u2019s beheren en is daardoor geschikt voor de uitrusting van de verlichting van een [&hellip;]","og_url":"https:\/\/www.eltako.com\/be\/onderneming\/partners-en-allianties\/dali\/","og_site_name":"Eltako","article_modified_time":"2024-11-28T10:37:01+00:00","og_image":[{"width":1920,"height":931,"url":"https:\/\/www.eltako.com\/wp-content\/uploads\/2021\/09\/Bild-1-1-e1626779207216.jpg","type":"image\/jpeg"}],"twitter_card":"summary_large_image","twitter_misc":{"Geschatte leestijd":"2 minuten"},"schema":{"@context":"https:\/\/schema.org","@graph":[{"@type":"WebPage","@id":"https:\/\/www.eltako.com\/be\/onderneming\/partners-en-allianties\/dali\/","url":"https:\/\/www.eltako.com\/be\/onderneming\/partners-en-allianties\/dali\/","name":"Dali &#187; Eltako","isPartOf":{"@id":"https:\/\/www.eltako.com\/en\/#website"},"primaryImageOfPage":{"@id":"https:\/\/www.eltako.com\/be\/onderneming\/partners-en-allianties\/dali\/#primaryimage"},"image":{"@id":"https:\/\/www.eltako.com\/be\/onderneming\/partners-en-allianties\/dali\/#primaryimage"},"thumbnailUrl":"https:\/\/www.eltako.com\/wp-content\/uploads\/2021\/09\/Bild-1-1-e1626779207216.jpg","datePublished":"2022-09-02T09:52:44+00:00","dateModified":"2024-11-28T10:37:01+00:00","breadcrumb":{"@id":"https:\/\/www.eltako.com\/be\/onderneming\/partners-en-allianties\/dali\/#breadcrumb"},"inLanguage":"nl-BE","potentialAction":[{"@type":"ReadAction","target":["https:\/\/www.eltako.com\/be\/onderneming\/partners-en-allianties\/dali\/"]}]},{"@type":"ImageObject","inLanguage":"nl-BE","@id":"https:\/\/www.eltako.com\/be\/onderneming\/partners-en-allianties\/dali\/#primaryimage","url":"https:\/\/www.eltako.com\/wp-content\/uploads\/2021\/09\/Bild-1-1-e1626779207216.jpg","contentUrl":"https:\/\/www.eltako.com\/wp-content\/uploads\/2021\/09\/Bild-1-1-e1626779207216.jpg","width":1920,"height":931},{"@type":"BreadcrumbList","@id":"https:\/\/www.eltako.com\/be\/onderneming\/partners-en-allianties\/dali\/#breadcrumb","itemListElement":[{"@type":"ListItem","position":1,"name":"Home","item":"https:\/\/www.eltako.com\/be\/"},{"@type":"ListItem","position":2,"name":"Onderneming","item":"https:\/\/www.eltako.com\/be\/onderneming\/"},{"@type":"ListItem","position":3,"name":"Partners en allianties","item":"https:\/\/www.eltako.com\/be\/onderneming\/partners-en-allianties\/"},{"@type":"ListItem","position":4,"name":"Dali"}]},{"@type":"WebSite","@id":"https:\/\/www.eltako.com\/en\/#website","url":"https:\/\/www.eltako.com\/en\/","name":"Eltako","description":"Schaltger\u00e4te, Netzteile, Stromz\u00e4hler, Dimmer, Geb\u00e4udeinstallation, Steuerungstechnik, Smart Home-L\u00f6sungen, Geb\u00e4udefunk, EnOcean-Technologie","potentialAction":[{"@type":"SearchAction","target":{"@type":"EntryPoint","urlTemplate":"https:\/\/www.eltako.com\/en\/?s={search_term_string}"},"query-input":{"@type":"PropertyValueSpecification","valueRequired":true,"valueName":"search_term_string"}}],"inLanguage":"nl-BE"}]}},"_links":{"self":[{"href":"https:\/\/www.eltako.com\/be\/wp-json\/wp\/v2\/pages\/88875","targetHints":{"allow":["GET"]}}],"collection":[{"href":"https:\/\/www.eltako.com\/be\/wp-json\/wp\/v2\/pages"}],"about":[{"href":"https:\/\/www.eltako.com\/be\/wp-json\/wp\/v2\/types\/page"}],"author":[{"embeddable":true,"href":"https:\/\/www.eltako.com\/be\/wp-json\/wp\/v2\/users\/31"}],"replies":[{"embeddable":true,"href":"https:\/\/www.eltako.com\/be\/wp-json\/wp\/v2\/comments?post=88875"}],"version-history":[{"count":8,"href":"https:\/\/www.eltako.com\/be\/wp-json\/wp\/v2\/pages\/88875\/revisions"}],"predecessor-version":[{"id":142999,"href":"https:\/\/www.eltako.com\/be\/wp-json\/wp\/v2\/pages\/88875\/revisions\/142999"}],"up":[{"embeddable":true,"href":"https:\/\/www.eltako.com\/be\/wp-json\/wp\/v2\/pages\/88931"}],"wp:featuredmedia":[{"embeddable":true,"href":"https:\/\/www.eltako.com\/be\/wp-json\/wp\/v2\/media\/88876"}],"wp:attachment":[{"href":"https:\/\/www.eltako.com\/be\/wp-json\/wp\/v2\/media?parent=88875"}],"curies":[{"name":"wp","href":"https:\/\/api.w.org\/{rel}","templated":true}]}}