{"id":88866,"date":"2022-09-02T11:44:14","date_gmt":"2022-09-02T09:44:14","guid":{"rendered":"https:\/\/www.eltako.com\/enocean\/"},"modified":"2022-11-23T12:44:01","modified_gmt":"2022-11-23T11:44:01","slug":"enocean","status":"publish","type":"page","link":"https:\/\/www.eltako.com\/be\/onderneming\/partners-en-allianties\/enocean\/","title":{"rendered":"EnOcean"},"content":{"rendered":"\n<div style=\"height:50px\" aria-hidden=\"true\" class=\"wp-block-spacer\"><\/div>\n\n\n\n<h2 class=\"has-text-color wp-block-heading\" id=\"enocean\" style=\"color:#016db7\">EnOcean<\/h2>\n\n\n\n<div style=\"height:50px\" aria-hidden=\"true\" class=\"wp-block-spacer\"><\/div>\n\n\n\n<p class=\"has-medium-font-size\">In het jaar 2008 zijn wij lid geworden van de EnOcean Alliance en werken wij sindsdien heel nauw samen met de gelijknamige firma. Momenteel zijn wij \u00e9\u00e9n van weinige promotoren en zijn wij intussen uitgegroeid tot de omvangrijkste aanbieder van toestellen die functioneren volgens de draadloze EnOcean technologie. <\/p>\n\n\n\n<p class=\"has-medium-font-size\">De EnOcean GmbH, gevestigd in Oberhaching bij M\u00fcnchen, staat voor de verregaande batterijloze draadloze standaard en betekent een belangrijke pijler in de bevoorradingsketen van de Professional Smart Home-producten. <\/p>\n\n\n\n<p class=\"has-medium-font-size\">In de EnOcean Alliance hebben meer dan 400 ondernemingen uit diverse sectoren elkaar gevonden, die op basis van deze gemeenschappelijke standaard producten en oplossingen op de markt brengen en zodoende intussen wereldwijd meer dan 1 miljoen gebouwen daarmee uitgerust hebben. <\/p>\n\n\n\n<p class=\"has-medium-font-size\">Als jarenlange partner hebben wij reeds veel projecten gezamenlijk doorgevoerd. E\u00e9n van de grootste vond plaats in 2015 in het Mandarin Oriental Hotel in Macau. Dit luxehotel biedt door de intelligente elektro-installatie van Eltako en EnOcean comfort en energie-effici\u00ebntie op alle domeinen. Ingebouwde sensoren blinken uit met hun draadloze, batterijloze en onderhoudsvrije werking en moderne design. Praktische scenario\u2019s kunnen al naar gelang de wens van de bezoeker met \u00e9\u00e9n klik opgevraagd worden. De ingegraveerde pictogrammen spreken daarbij voor zich en vergemakkelijken de bediening. <\/p>\n\n\n\n<p class=\"has-medium-font-size\">Andere projecten, informatie en meer details over de firma EnOcean vindt u <strong><a href=\"https:\/\/www.enocean.com\/de\/\">hier<\/a><\/strong>. <\/p>\n\n\n\n<p><\/p>\n\n\n\n<div style=\"height:50px\" aria-hidden=\"true\" class=\"wp-block-spacer\"><\/div>\n\n\n\n<figure class=\"wp-block-image size-large\"><img decoding=\"async\" width=\"1024\" height=\"249\" src=\"https:\/\/betax923lb8kd7v0.eltako.de\/wp-content\/uploads\/2022\/02\/banner-2-1024x249.jpeg\" alt=\"\" class=\"wp-image-33516\" srcset=\"https:\/\/www.eltako.com\/wp-content\/uploads\/2022\/02\/banner-2-1024x249.jpeg 1024w, https:\/\/www.eltako.com\/wp-content\/uploads\/2022\/02\/banner-2-300x73.jpeg 300w, https:\/\/www.eltako.com\/wp-content\/uploads\/2022\/02\/banner-2-768x187.jpeg 768w, https:\/\/www.eltako.com\/wp-content\/uploads\/2022\/02\/banner-2-600x146.jpeg 600w, https:\/\/www.eltako.com\/wp-content\/uploads\/2022\/02\/banner-2.jpeg 1374w\" sizes=\"(max-width: 1024px) 100vw, 1024px\" \/><\/figure>\n\n\n\n<div style=\"height:80px\" aria-hidden=\"true\" class=\"wp-block-spacer\"><\/div>\n\n\n\n<div class=\"wp-block-columns is-layout-flex wp-container-core-columns-is-layout-9d6595d7 wp-block-columns-is-layout-flex\">\n<div class=\"wp-block-column is-layout-flow wp-block-column-is-layout-flow\">\n<p><\/p>\n\n\n\n<div style=\"height:100px\" aria-hidden=\"true\" class=\"wp-block-spacer\"><\/div>\n\n\n\n<h2 class=\"has-text-color wp-block-heading\" id=\"lorem-ipsum\" style=\"color:#016db7\"><strong>Energy Harvesting:<\/strong><\/h2>\n\n\n\n<div style=\"height:16px\" aria-hidden=\"true\" class=\"wp-block-spacer\"><\/div>\n\n\n\n<p class=\"has-medium-font-size\">De EnOcean-technologie, gebaseerd op de zogenaamde \u2018energy harvesting\u2019, haalt de energie die nodig is voor het opwekken van het signaal uit zijn omgeving. Hiervoor verzamelen de sensoren kinetische, thermische en zonne-energie en slaan die op. Een druk op de toets, het temperatuurverschil tussen een radiator en de omgevingslucht, of zonnecellen kunnen zo voor het aanleveren van kostbare energie aangewend worden. Door deze zeer kleine energie-omzetters en de effici\u00ebnte wireless techniek kan men volledig afstappen van een aansluiting met batterijen en kabels. Aan de gebruiker wordt hierdoor een intelligente en vooral milieuvriendelijke technologie voor het priv\u00e9gebruik aangeboden die bovendien voor een laag stroomverbruik zorgt. <\/p>\n\n\n\n<div style=\"height:56px\" aria-hidden=\"true\" class=\"wp-block-spacer\"><\/div>\n<\/div>\n\n\n\n<div class=\"wp-block-column is-layout-flow wp-block-column-is-layout-flow\">\n<figure class=\"wp-block-image size-full\"><img decoding=\"async\" width=\"800\" height=\"1000\" src=\"https:\/\/www.eltako.com\/wp-content\/uploads\/2022\/02\/banner.jpg\" alt=\"\" class=\"wp-image-88870\" srcset=\"https:\/\/www.eltako.com\/wp-content\/uploads\/2022\/02\/banner.jpg 800w, https:\/\/www.eltako.com\/wp-content\/uploads\/2022\/02\/banner-240x300.jpg 240w, https:\/\/www.eltako.com\/wp-content\/uploads\/2022\/02\/banner-768x960.jpg 768w, https:\/\/www.eltako.com\/wp-content\/uploads\/2022\/02\/banner-600x750.jpg 600w\" sizes=\"(max-width: 800px) 100vw, 800px\" \/><\/figure>\n<\/div>\n<\/div>\n\n\n\n<div style=\"height:50px\" aria-hidden=\"true\" class=\"wp-block-spacer\"><\/div>\n\n\n\n<figure class=\"wp-block-image size-large\"><img decoding=\"async\" src=\"https:\/\/www.eltako.de\/wp-content\/uploads\/2021\/07\/Fill.m.1-1024x249.jpg\" alt=\"\" class=\"wp-image-35569\"\/><\/figure>\n\n\n\n<p><\/p>\n\n\n\n<div style=\"height:50px\" aria-hidden=\"true\" class=\"wp-block-spacer\"><\/div>\n\n\n\n<h2 class=\"has-text-color wp-block-heading\" id=\"lorem-ipsum\" style=\"color:#016db7\"><strong><strong>Onze Professional Smart Home-producten met de wireless standaard van EnOcean zijn de allrounders voor ontelbare intelligente oplossingen. <\/strong> <\/strong> <\/h2>\n\n\n\n<div style=\"height:50px\" aria-hidden=\"true\" class=\"wp-block-spacer\"><\/div>\n\n\n\n<p class=\"has-medium-font-size\">Door de enorme flexibiliteit kunnen deze componenten centraal, decentraal of gecombineerd aangestuurd worden. <br>Optioneel kan ook een Smart-Home Controller voor de sturing ingezet worden, wat de mogelijkheden van het systeem uitbreidt. <\/p>\n\n\n\n<p class=\"has-medium-font-size\">Om reden daarvan is de EnOcean draadloze standaard bij veel verschillende fabrikanten ge\u00efntegreerd, wat hand in hand gaat met een grote compatibiliteit. <br>In een Smart Home-Centrale kunnen zo producten van diverse sectoren en merken in \u00e9\u00e9n intelligent systeem met elkaar samenwerken. <\/p>\n\n\n\n<div style=\"height:50px\" aria-hidden=\"true\" class=\"wp-block-spacer\"><\/div>\n\n\n\n<div class=\"wp-block-columns is-layout-flex wp-container-core-columns-is-layout-9d6595d7 wp-block-columns-is-layout-flex\">\n<div class=\"wp-block-column p-3 has-background is-layout-flow wp-block-column-is-layout-flow\" style=\"background-color:#016db7\">\n<h2 class=\"has-white-color has-text-color wp-block-heading\" id=\"lorem-ipsum-1\"><\/h2>\n\n\n\n<p class=\"has-white-color has-text-color has-medium-font-size\">Indien u meer wenst te weten over de werking van de EnOcean Alliance en onze samenwerking als partner, dan komt u <a href=\"https:\/\/www.enocean-alliance.org\"><strong>hier<\/strong><\/a>direct op de website van de Alliance terecht. <\/p>\n<\/div>\n\n\n\n<div class=\"wp-block-column p-3 has-background is-layout-flow wp-block-column-is-layout-flow\" style=\"background-color:#016db7\">\n<h2 class=\"has-white-color has-text-color wp-block-heading\" id=\"lorem-ipsum-2\"><\/h2>\n\n\n\n<p class=\"has-white-color has-text-color has-medium-font-size\">Op ons YouTube kanaal tonen wij intelligente toepassingen, waarbij wij veel met de EnOcean draadloze sensoren werken. Indien u een diepgaandere inkijk in de sturing en integratie van deze duurzame producten wenst, dan komt u <strong><a href=\"https:\/\/www.youtube.com\/c\/EltakoOfficial\/videos\">hier<\/a><\/strong> terecht op onze pagina\u2019s. <\/p>\n\n\n\n<p><\/p>\n\n\n\n<p><\/p>\n<\/div>\n<\/div>\n\n\n\n<p><\/p>\n","protected":false},"excerpt":{"rendered":"<p>EnOcean In het jaar 2008 zijn wij lid geworden van de EnOcean Alliance en werken wij sindsdien heel nauw samen met de gelijknamige firma. Momenteel zijn wij \u00e9\u00e9n van weinige promotoren en zijn wij intussen uitgegroeid tot de omvangrijkste aanbieder van toestellen die functioneren volgens de draadloze EnOcean technologie. De EnOcean GmbH, gevestigd in Oberhaching [&hellip;]<\/p>\n","protected":false},"author":31,"featured_media":88871,"parent":88931,"menu_order":1,"comment_status":"closed","ping_status":"closed","template":"templates\/custom_header.php","meta":{"_acf_changed":false,"footnotes":"","_links_to":"","_links_to_target":""},"class_list":["post-88866","page","type-page","status-publish","has-post-thumbnail","hentry"],"acf":[],"yoast_head":"<!-- This site is optimized with the Yoast SEO plugin v27.2 - https:\/\/yoast.com\/product\/yoast-seo-wordpress\/ -->\n<title>EnOcean &#187; Eltako<\/title>\n<meta name=\"robots\" content=\"index, follow, max-snippet:-1, max-image-preview:large, max-video-preview:-1\" \/>\n<link rel=\"canonical\" href=\"https:\/\/www.eltako.com\/be\/onderneming\/partners-en-allianties\/enocean\/\" \/>\n<meta property=\"og:locale\" content=\"nl_BE\" \/>\n<meta property=\"og:type\" content=\"article\" \/>\n<meta property=\"og:title\" content=\"EnOcean &#187; Eltako\" \/>\n<meta property=\"og:description\" content=\"EnOcean In het jaar 2008 zijn wij lid geworden van de EnOcean Alliance en werken wij sindsdien heel nauw samen met de gelijknamige firma. Momenteel zijn wij \u00e9\u00e9n van weinige promotoren en zijn wij intussen uitgegroeid tot de omvangrijkste aanbieder van toestellen die functioneren volgens de draadloze EnOcean technologie. De EnOcean GmbH, gevestigd in Oberhaching [&hellip;]\" \/>\n<meta property=\"og:url\" content=\"https:\/\/www.eltako.com\/be\/onderneming\/partners-en-allianties\/enocean\/\" \/>\n<meta property=\"og:site_name\" content=\"Eltako\" \/>\n<meta property=\"article:modified_time\" content=\"2022-11-23T11:44:01+00:00\" \/>\n<meta property=\"og:image\" content=\"https:\/\/www.eltako.com\/wp-content\/uploads\/2021\/09\/AdobeStock_134947037.jpeg\" \/>\n\t<meta property=\"og:image:width\" content=\"1920\" \/>\n\t<meta property=\"og:image:height\" content=\"1037\" \/>\n\t<meta property=\"og:image:type\" content=\"image\/jpeg\" \/>\n<meta name=\"twitter:card\" content=\"summary_large_image\" \/>\n<meta name=\"twitter:label1\" content=\"Geschatte leestijd\" \/>\n\t<meta name=\"twitter:data1\" content=\"4 minuten\" \/>\n<script type=\"application\/ld+json\" class=\"yoast-schema-graph\">{\"@context\":\"https:\/\/schema.org\",\"@graph\":[{\"@type\":\"WebPage\",\"@id\":\"https:\/\/www.eltako.com\/be\/onderneming\/partners-en-allianties\/enocean\/\",\"url\":\"https:\/\/www.eltako.com\/be\/onderneming\/partners-en-allianties\/enocean\/\",\"name\":\"EnOcean &#187; Eltako\",\"isPartOf\":{\"@id\":\"https:\/\/www.eltako.com\/en\/#website\"},\"primaryImageOfPage\":{\"@id\":\"https:\/\/www.eltako.com\/be\/onderneming\/partners-en-allianties\/enocean\/#primaryimage\"},\"image\":{\"@id\":\"https:\/\/www.eltako.com\/be\/onderneming\/partners-en-allianties\/enocean\/#primaryimage\"},\"thumbnailUrl\":\"https:\/\/www.eltako.com\/wp-content\/uploads\/2021\/09\/AdobeStock_134947037.jpeg\",\"datePublished\":\"2022-09-02T09:44:14+00:00\",\"dateModified\":\"2022-11-23T11:44:01+00:00\",\"breadcrumb\":{\"@id\":\"https:\/\/www.eltako.com\/be\/onderneming\/partners-en-allianties\/enocean\/#breadcrumb\"},\"inLanguage\":\"nl-BE\",\"potentialAction\":[{\"@type\":\"ReadAction\",\"target\":[\"https:\/\/www.eltako.com\/be\/onderneming\/partners-en-allianties\/enocean\/\"]}]},{\"@type\":\"ImageObject\",\"inLanguage\":\"nl-BE\",\"@id\":\"https:\/\/www.eltako.com\/be\/onderneming\/partners-en-allianties\/enocean\/#primaryimage\",\"url\":\"https:\/\/www.eltako.com\/wp-content\/uploads\/2021\/09\/AdobeStock_134947037.jpeg\",\"contentUrl\":\"https:\/\/www.eltako.com\/wp-content\/uploads\/2021\/09\/AdobeStock_134947037.jpeg\",\"width\":1920,\"height\":1037},{\"@type\":\"BreadcrumbList\",\"@id\":\"https:\/\/www.eltako.com\/be\/onderneming\/partners-en-allianties\/enocean\/#breadcrumb\",\"itemListElement\":[{\"@type\":\"ListItem\",\"position\":1,\"name\":\"Home\",\"item\":\"https:\/\/www.eltako.com\/be\/\"},{\"@type\":\"ListItem\",\"position\":2,\"name\":\"Onderneming\",\"item\":\"https:\/\/www.eltako.com\/be\/onderneming\/\"},{\"@type\":\"ListItem\",\"position\":3,\"name\":\"Partners en allianties\",\"item\":\"https:\/\/www.eltako.com\/be\/onderneming\/partners-en-allianties\/\"},{\"@type\":\"ListItem\",\"position\":4,\"name\":\"EnOcean\"}]},{\"@type\":\"WebSite\",\"@id\":\"https:\/\/www.eltako.com\/en\/#website\",\"url\":\"https:\/\/www.eltako.com\/en\/\",\"name\":\"Eltako\",\"description\":\"Schaltger\u00e4te, Netzteile, Stromz\u00e4hler, Dimmer, Geb\u00e4udeinstallation, Steuerungstechnik, Smart Home-L\u00f6sungen, Geb\u00e4udefunk, EnOcean-Technologie\",\"potentialAction\":[{\"@type\":\"SearchAction\",\"target\":{\"@type\":\"EntryPoint\",\"urlTemplate\":\"https:\/\/www.eltako.com\/en\/?s={search_term_string}\"},\"query-input\":{\"@type\":\"PropertyValueSpecification\",\"valueRequired\":true,\"valueName\":\"search_term_string\"}}],\"inLanguage\":\"nl-BE\"}]}<\/script>\n<!-- \/ Yoast SEO plugin. -->","yoast_head_json":{"title":"EnOcean &#187; Eltako","robots":{"index":"index","follow":"follow","max-snippet":"max-snippet:-1","max-image-preview":"max-image-preview:large","max-video-preview":"max-video-preview:-1"},"canonical":"https:\/\/www.eltako.com\/be\/onderneming\/partners-en-allianties\/enocean\/","og_locale":"nl_BE","og_type":"article","og_title":"EnOcean &#187; Eltako","og_description":"EnOcean In het jaar 2008 zijn wij lid geworden van de EnOcean Alliance en werken wij sindsdien heel nauw samen met de gelijknamige firma. Momenteel zijn wij \u00e9\u00e9n van weinige promotoren en zijn wij intussen uitgegroeid tot de omvangrijkste aanbieder van toestellen die functioneren volgens de draadloze EnOcean technologie. De EnOcean GmbH, gevestigd in Oberhaching [&hellip;]","og_url":"https:\/\/www.eltako.com\/be\/onderneming\/partners-en-allianties\/enocean\/","og_site_name":"Eltako","article_modified_time":"2022-11-23T11:44:01+00:00","og_image":[{"width":1920,"height":1037,"url":"https:\/\/www.eltako.com\/wp-content\/uploads\/2021\/09\/AdobeStock_134947037.jpeg","type":"image\/jpeg"}],"twitter_card":"summary_large_image","twitter_misc":{"Geschatte leestijd":"4 minuten"},"schema":{"@context":"https:\/\/schema.org","@graph":[{"@type":"WebPage","@id":"https:\/\/www.eltako.com\/be\/onderneming\/partners-en-allianties\/enocean\/","url":"https:\/\/www.eltako.com\/be\/onderneming\/partners-en-allianties\/enocean\/","name":"EnOcean &#187; Eltako","isPartOf":{"@id":"https:\/\/www.eltako.com\/en\/#website"},"primaryImageOfPage":{"@id":"https:\/\/www.eltako.com\/be\/onderneming\/partners-en-allianties\/enocean\/#primaryimage"},"image":{"@id":"https:\/\/www.eltako.com\/be\/onderneming\/partners-en-allianties\/enocean\/#primaryimage"},"thumbnailUrl":"https:\/\/www.eltako.com\/wp-content\/uploads\/2021\/09\/AdobeStock_134947037.jpeg","datePublished":"2022-09-02T09:44:14+00:00","dateModified":"2022-11-23T11:44:01+00:00","breadcrumb":{"@id":"https:\/\/www.eltako.com\/be\/onderneming\/partners-en-allianties\/enocean\/#breadcrumb"},"inLanguage":"nl-BE","potentialAction":[{"@type":"ReadAction","target":["https:\/\/www.eltako.com\/be\/onderneming\/partners-en-allianties\/enocean\/"]}]},{"@type":"ImageObject","inLanguage":"nl-BE","@id":"https:\/\/www.eltako.com\/be\/onderneming\/partners-en-allianties\/enocean\/#primaryimage","url":"https:\/\/www.eltako.com\/wp-content\/uploads\/2021\/09\/AdobeStock_134947037.jpeg","contentUrl":"https:\/\/www.eltako.com\/wp-content\/uploads\/2021\/09\/AdobeStock_134947037.jpeg","width":1920,"height":1037},{"@type":"BreadcrumbList","@id":"https:\/\/www.eltako.com\/be\/onderneming\/partners-en-allianties\/enocean\/#breadcrumb","itemListElement":[{"@type":"ListItem","position":1,"name":"Home","item":"https:\/\/www.eltako.com\/be\/"},{"@type":"ListItem","position":2,"name":"Onderneming","item":"https:\/\/www.eltako.com\/be\/onderneming\/"},{"@type":"ListItem","position":3,"name":"Partners en allianties","item":"https:\/\/www.eltako.com\/be\/onderneming\/partners-en-allianties\/"},{"@type":"ListItem","position":4,"name":"EnOcean"}]},{"@type":"WebSite","@id":"https:\/\/www.eltako.com\/en\/#website","url":"https:\/\/www.eltako.com\/en\/","name":"Eltako","description":"Schaltger\u00e4te, Netzteile, Stromz\u00e4hler, Dimmer, Geb\u00e4udeinstallation, Steuerungstechnik, Smart Home-L\u00f6sungen, Geb\u00e4udefunk, EnOcean-Technologie","potentialAction":[{"@type":"SearchAction","target":{"@type":"EntryPoint","urlTemplate":"https:\/\/www.eltako.com\/en\/?s={search_term_string}"},"query-input":{"@type":"PropertyValueSpecification","valueRequired":true,"valueName":"search_term_string"}}],"inLanguage":"nl-BE"}]}},"_links":{"self":[{"href":"https:\/\/www.eltako.com\/be\/wp-json\/wp\/v2\/pages\/88866","targetHints":{"allow":["GET"]}}],"collection":[{"href":"https:\/\/www.eltako.com\/be\/wp-json\/wp\/v2\/pages"}],"about":[{"href":"https:\/\/www.eltako.com\/be\/wp-json\/wp\/v2\/types\/page"}],"author":[{"embeddable":true,"href":"https:\/\/www.eltako.com\/be\/wp-json\/wp\/v2\/users\/31"}],"replies":[{"embeddable":true,"href":"https:\/\/www.eltako.com\/be\/wp-json\/wp\/v2\/comments?post=88866"}],"version-history":[{"count":1,"href":"https:\/\/www.eltako.com\/be\/wp-json\/wp\/v2\/pages\/88866\/revisions"}],"predecessor-version":[{"id":122561,"href":"https:\/\/www.eltako.com\/be\/wp-json\/wp\/v2\/pages\/88866\/revisions\/122561"}],"up":[{"embeddable":true,"href":"https:\/\/www.eltako.com\/be\/wp-json\/wp\/v2\/pages\/88931"}],"wp:featuredmedia":[{"embeddable":true,"href":"https:\/\/www.eltako.com\/be\/wp-json\/wp\/v2\/media\/88871"}],"wp:attachment":[{"href":"https:\/\/www.eltako.com\/be\/wp-json\/wp\/v2\/media?parent=88866"}],"curies":[{"name":"wp","href":"https:\/\/api.w.org\/{rel}","templated":true}]}}