{"id":88861,"date":"2022-09-02T11:31:02","date_gmt":"2022-09-02T09:31:02","guid":{"rendered":"https:\/\/www.eltako.com\/friends-of-hue\/"},"modified":"2024-07-03T11:40:13","modified_gmt":"2024-07-03T09:40:13","slug":"friends-of-hue","status":"publish","type":"page","link":"https:\/\/www.eltako.com\/be\/onderneming\/partners-en-allianties\/friends-of-hue\/","title":{"rendered":"Friends of Hue"},"content":{"rendered":"\n<h2 class=\"wp-block-heading\">Friends of Hue<\/h2>\n\n\n\n<div style=\"height:50px\" aria-hidden=\"true\" class=\"wp-block-spacer\"><\/div>\n\n\n\n<figure class=\"wp-block-image size-large\"><img decoding=\"async\" width=\"1024\" height=\"577\" src=\"https:\/\/www.eltako.com\/wp-content\/uploads\/2021\/09\/foh-1-1024x577.jpg\" alt=\"\" class=\"wp-image-88863\" srcset=\"https:\/\/www.eltako.com\/wp-content\/uploads\/2021\/09\/foh-1-1024x577.jpg 1024w, https:\/\/www.eltako.com\/wp-content\/uploads\/2021\/09\/foh-1-300x169.jpg 300w, https:\/\/www.eltako.com\/wp-content\/uploads\/2021\/09\/foh-1-768x433.jpg 768w, https:\/\/www.eltako.com\/wp-content\/uploads\/2021\/09\/foh-1-600x338.jpg 600w, https:\/\/www.eltako.com\/wp-content\/uploads\/2021\/09\/foh-1.jpg 1500w\" sizes=\"(max-width: 1024px) 100vw, 1024px\" \/><\/figure>\n\n\n\n<div style=\"height:50px\" aria-hidden=\"true\" class=\"wp-block-spacer\"><\/div>\n\n\n\n<p class=\"has-medium-font-size\">Het Philips \u201cFriends of Hue\u201d-programma biedt aan de klanten de mogelijkheid, eigen lichtsferen te cre\u00ebren en zowel de helderheid alsook de kleur naar wens te veranderen. Hun lampen zijn geschikt voor elke kamer en elke wijze van verlichting. Door hun eenvoudige, maar chique design en de talloze kleurinstellingen passen ze zich aan aan elke binneninrichting en verlenen haar nog meer persoonlijkheid.<\/p>\n\n\n\n<p class=\"has-medium-font-size\">Voor de gebruiker maken ze de directe sturing via drukknoppen of via de Smartphone mogelijk en natuurlijk kan men ook met de spraak sturen. Onze speciaal voor de \u2018Friends of Hue\u2019 geproduceerde drukknoppen kunnen de lampen klassiek aan- en uitschakelen, dimmen of gepersonaliseerde lichtsferen opvragen. <\/p>\n\n\n\n<p><\/p>\n\n\n\n<p><\/p>\n","protected":false},"excerpt":{"rendered":"<p>Friends of Hue Het Philips \u201cFriends of Hue\u201d-programma biedt aan de klanten de mogelijkheid, eigen lichtsferen te cre\u00ebren en zowel de helderheid alsook de kleur naar wens te veranderen. Hun lampen zijn geschikt voor elke kamer en elke wijze van verlichting. Door hun eenvoudige, maar chique design en de talloze kleurinstellingen passen ze zich aan [&hellip;]<\/p>\n","protected":false},"author":31,"featured_media":88864,"parent":88931,"menu_order":2,"comment_status":"closed","ping_status":"closed","template":"templates\/custom_header.php","meta":{"_acf_changed":false,"footnotes":"","_links_to":"","_links_to_target":""},"class_list":["post-88861","page","type-page","status-publish","has-post-thumbnail","hentry"],"acf":[],"yoast_head":"<!-- This site is optimized with the Yoast SEO plugin v27.2 - https:\/\/yoast.com\/product\/yoast-seo-wordpress\/ -->\n<title>Friends of Hue &#187; Eltako<\/title>\n<meta name=\"robots\" content=\"index, follow, max-snippet:-1, max-image-preview:large, max-video-preview:-1\" \/>\n<link rel=\"canonical\" href=\"https:\/\/www.eltako.com\/be\/onderneming\/partners-en-allianties\/friends-of-hue\/\" \/>\n<meta property=\"og:locale\" content=\"nl_BE\" \/>\n<meta property=\"og:type\" content=\"article\" \/>\n<meta property=\"og:title\" content=\"Friends of Hue &#187; Eltako\" \/>\n<meta property=\"og:description\" content=\"Friends of Hue Het Philips \u201cFriends of Hue\u201d-programma biedt aan de klanten de mogelijkheid, eigen lichtsferen te cre\u00ebren en zowel de helderheid alsook de kleur naar wens te veranderen. Hun lampen zijn geschikt voor elke kamer en elke wijze van verlichting. Door hun eenvoudige, maar chique design en de talloze kleurinstellingen passen ze zich aan [&hellip;]\" \/>\n<meta property=\"og:url\" content=\"https:\/\/www.eltako.com\/be\/onderneming\/partners-en-allianties\/friends-of-hue\/\" \/>\n<meta property=\"og:site_name\" content=\"Eltako\" \/>\n<meta property=\"article:modified_time\" content=\"2024-07-03T09:40:13+00:00\" \/>\n<meta property=\"og:image\" content=\"https:\/\/www.eltako.com\/wp-content\/uploads\/2021\/09\/AdobeStock_314574426.jpeg\" \/>\n\t<meta property=\"og:image:width\" content=\"1920\" \/>\n\t<meta property=\"og:image:height\" content=\"1536\" \/>\n\t<meta property=\"og:image:type\" content=\"image\/jpeg\" \/>\n<meta name=\"twitter:card\" content=\"summary_large_image\" \/>\n<meta name=\"twitter:label1\" content=\"Geschatte leestijd\" \/>\n\t<meta name=\"twitter:data1\" content=\"2 minuten\" \/>\n<script type=\"application\/ld+json\" class=\"yoast-schema-graph\">{\"@context\":\"https:\/\/schema.org\",\"@graph\":[{\"@type\":\"WebPage\",\"@id\":\"https:\/\/www.eltako.com\/be\/onderneming\/partners-en-allianties\/friends-of-hue\/\",\"url\":\"https:\/\/www.eltako.com\/be\/onderneming\/partners-en-allianties\/friends-of-hue\/\",\"name\":\"Friends of Hue &#187; Eltako\",\"isPartOf\":{\"@id\":\"https:\/\/www.eltako.com\/en\/#website\"},\"primaryImageOfPage\":{\"@id\":\"https:\/\/www.eltako.com\/be\/onderneming\/partners-en-allianties\/friends-of-hue\/#primaryimage\"},\"image\":{\"@id\":\"https:\/\/www.eltako.com\/be\/onderneming\/partners-en-allianties\/friends-of-hue\/#primaryimage\"},\"thumbnailUrl\":\"https:\/\/www.eltako.com\/wp-content\/uploads\/2021\/09\/AdobeStock_314574426.jpeg\",\"datePublished\":\"2022-09-02T09:31:02+00:00\",\"dateModified\":\"2024-07-03T09:40:13+00:00\",\"breadcrumb\":{\"@id\":\"https:\/\/www.eltako.com\/be\/onderneming\/partners-en-allianties\/friends-of-hue\/#breadcrumb\"},\"inLanguage\":\"nl-BE\",\"potentialAction\":[{\"@type\":\"ReadAction\",\"target\":[\"https:\/\/www.eltako.com\/be\/onderneming\/partners-en-allianties\/friends-of-hue\/\"]}]},{\"@type\":\"ImageObject\",\"inLanguage\":\"nl-BE\",\"@id\":\"https:\/\/www.eltako.com\/be\/onderneming\/partners-en-allianties\/friends-of-hue\/#primaryimage\",\"url\":\"https:\/\/www.eltako.com\/wp-content\/uploads\/2021\/09\/AdobeStock_314574426.jpeg\",\"contentUrl\":\"https:\/\/www.eltako.com\/wp-content\/uploads\/2021\/09\/AdobeStock_314574426.jpeg\",\"width\":1920,\"height\":1536},{\"@type\":\"BreadcrumbList\",\"@id\":\"https:\/\/www.eltako.com\/be\/onderneming\/partners-en-allianties\/friends-of-hue\/#breadcrumb\",\"itemListElement\":[{\"@type\":\"ListItem\",\"position\":1,\"name\":\"Home\",\"item\":\"https:\/\/www.eltako.com\/be\/\"},{\"@type\":\"ListItem\",\"position\":2,\"name\":\"Onderneming\",\"item\":\"https:\/\/www.eltako.com\/be\/onderneming\/\"},{\"@type\":\"ListItem\",\"position\":3,\"name\":\"Partners en allianties\",\"item\":\"https:\/\/www.eltako.com\/be\/onderneming\/partners-en-allianties\/\"},{\"@type\":\"ListItem\",\"position\":4,\"name\":\"Friends of Hue\"}]},{\"@type\":\"WebSite\",\"@id\":\"https:\/\/www.eltako.com\/en\/#website\",\"url\":\"https:\/\/www.eltako.com\/en\/\",\"name\":\"Eltako\",\"description\":\"Schaltger\u00e4te, Netzteile, Stromz\u00e4hler, Dimmer, Geb\u00e4udeinstallation, Steuerungstechnik, Smart Home-L\u00f6sungen, Geb\u00e4udefunk, EnOcean-Technologie\",\"potentialAction\":[{\"@type\":\"SearchAction\",\"target\":{\"@type\":\"EntryPoint\",\"urlTemplate\":\"https:\/\/www.eltako.com\/en\/?s={search_term_string}\"},\"query-input\":{\"@type\":\"PropertyValueSpecification\",\"valueRequired\":true,\"valueName\":\"search_term_string\"}}],\"inLanguage\":\"nl-BE\"}]}<\/script>\n<!-- \/ Yoast SEO plugin. -->","yoast_head_json":{"title":"Friends of Hue &#187; Eltako","robots":{"index":"index","follow":"follow","max-snippet":"max-snippet:-1","max-image-preview":"max-image-preview:large","max-video-preview":"max-video-preview:-1"},"canonical":"https:\/\/www.eltako.com\/be\/onderneming\/partners-en-allianties\/friends-of-hue\/","og_locale":"nl_BE","og_type":"article","og_title":"Friends of Hue &#187; Eltako","og_description":"Friends of Hue Het Philips \u201cFriends of Hue\u201d-programma biedt aan de klanten de mogelijkheid, eigen lichtsferen te cre\u00ebren en zowel de helderheid alsook de kleur naar wens te veranderen. Hun lampen zijn geschikt voor elke kamer en elke wijze van verlichting. Door hun eenvoudige, maar chique design en de talloze kleurinstellingen passen ze zich aan [&hellip;]","og_url":"https:\/\/www.eltako.com\/be\/onderneming\/partners-en-allianties\/friends-of-hue\/","og_site_name":"Eltako","article_modified_time":"2024-07-03T09:40:13+00:00","og_image":[{"width":1920,"height":1536,"url":"https:\/\/www.eltako.com\/wp-content\/uploads\/2021\/09\/AdobeStock_314574426.jpeg","type":"image\/jpeg"}],"twitter_card":"summary_large_image","twitter_misc":{"Geschatte leestijd":"2 minuten"},"schema":{"@context":"https:\/\/schema.org","@graph":[{"@type":"WebPage","@id":"https:\/\/www.eltako.com\/be\/onderneming\/partners-en-allianties\/friends-of-hue\/","url":"https:\/\/www.eltako.com\/be\/onderneming\/partners-en-allianties\/friends-of-hue\/","name":"Friends of Hue &#187; Eltako","isPartOf":{"@id":"https:\/\/www.eltako.com\/en\/#website"},"primaryImageOfPage":{"@id":"https:\/\/www.eltako.com\/be\/onderneming\/partners-en-allianties\/friends-of-hue\/#primaryimage"},"image":{"@id":"https:\/\/www.eltako.com\/be\/onderneming\/partners-en-allianties\/friends-of-hue\/#primaryimage"},"thumbnailUrl":"https:\/\/www.eltako.com\/wp-content\/uploads\/2021\/09\/AdobeStock_314574426.jpeg","datePublished":"2022-09-02T09:31:02+00:00","dateModified":"2024-07-03T09:40:13+00:00","breadcrumb":{"@id":"https:\/\/www.eltako.com\/be\/onderneming\/partners-en-allianties\/friends-of-hue\/#breadcrumb"},"inLanguage":"nl-BE","potentialAction":[{"@type":"ReadAction","target":["https:\/\/www.eltako.com\/be\/onderneming\/partners-en-allianties\/friends-of-hue\/"]}]},{"@type":"ImageObject","inLanguage":"nl-BE","@id":"https:\/\/www.eltako.com\/be\/onderneming\/partners-en-allianties\/friends-of-hue\/#primaryimage","url":"https:\/\/www.eltako.com\/wp-content\/uploads\/2021\/09\/AdobeStock_314574426.jpeg","contentUrl":"https:\/\/www.eltako.com\/wp-content\/uploads\/2021\/09\/AdobeStock_314574426.jpeg","width":1920,"height":1536},{"@type":"BreadcrumbList","@id":"https:\/\/www.eltako.com\/be\/onderneming\/partners-en-allianties\/friends-of-hue\/#breadcrumb","itemListElement":[{"@type":"ListItem","position":1,"name":"Home","item":"https:\/\/www.eltako.com\/be\/"},{"@type":"ListItem","position":2,"name":"Onderneming","item":"https:\/\/www.eltako.com\/be\/onderneming\/"},{"@type":"ListItem","position":3,"name":"Partners en allianties","item":"https:\/\/www.eltako.com\/be\/onderneming\/partners-en-allianties\/"},{"@type":"ListItem","position":4,"name":"Friends of Hue"}]},{"@type":"WebSite","@id":"https:\/\/www.eltako.com\/en\/#website","url":"https:\/\/www.eltako.com\/en\/","name":"Eltako","description":"Schaltger\u00e4te, Netzteile, Stromz\u00e4hler, Dimmer, Geb\u00e4udeinstallation, Steuerungstechnik, Smart Home-L\u00f6sungen, Geb\u00e4udefunk, EnOcean-Technologie","potentialAction":[{"@type":"SearchAction","target":{"@type":"EntryPoint","urlTemplate":"https:\/\/www.eltako.com\/en\/?s={search_term_string}"},"query-input":{"@type":"PropertyValueSpecification","valueRequired":true,"valueName":"search_term_string"}}],"inLanguage":"nl-BE"}]}},"_links":{"self":[{"href":"https:\/\/www.eltako.com\/be\/wp-json\/wp\/v2\/pages\/88861","targetHints":{"allow":["GET"]}}],"collection":[{"href":"https:\/\/www.eltako.com\/be\/wp-json\/wp\/v2\/pages"}],"about":[{"href":"https:\/\/www.eltako.com\/be\/wp-json\/wp\/v2\/types\/page"}],"author":[{"embeddable":true,"href":"https:\/\/www.eltako.com\/be\/wp-json\/wp\/v2\/users\/31"}],"replies":[{"embeddable":true,"href":"https:\/\/www.eltako.com\/be\/wp-json\/wp\/v2\/comments?post=88861"}],"version-history":[{"count":2,"href":"https:\/\/www.eltako.com\/be\/wp-json\/wp\/v2\/pages\/88861\/revisions"}],"predecessor-version":[{"id":141116,"href":"https:\/\/www.eltako.com\/be\/wp-json\/wp\/v2\/pages\/88861\/revisions\/141116"}],"up":[{"embeddable":true,"href":"https:\/\/www.eltako.com\/be\/wp-json\/wp\/v2\/pages\/88931"}],"wp:featuredmedia":[{"embeddable":true,"href":"https:\/\/www.eltako.com\/be\/wp-json\/wp\/v2\/media\/88864"}],"wp:attachment":[{"href":"https:\/\/www.eltako.com\/be\/wp-json\/wp\/v2\/media?parent=88861"}],"curies":[{"name":"wp","href":"https:\/\/api.w.org\/{rel}","templated":true}]}}