{"id":88558,"date":"2022-09-01T12:59:00","date_gmt":"2022-09-01T10:59:00","guid":{"rendered":"https:\/\/www.eltako.com\/software-pct14\/"},"modified":"2025-03-18T09:07:29","modified_gmt":"2025-03-18T08:07:29","slug":"software-pct14","status":"publish","type":"page","link":"https:\/\/www.eltako.com\/be\/software-pct14\/","title":{"rendered":"Software PCT14"},"content":{"rendered":"\n<p><strong>PCT14 \u2013 De gratis PC-tool voor actoren van het Eltako wireless gamma <\/strong><\/p>\n\n\n\n<p>Na de installatie kunnen de actoren van het Eltako wireless gamma van de reeksen 14 en 71, alsook sommige sensoren, zoals bijvoorbeeld de wireless alarm controller of onze wireless schakelklok via een PC ingesteld, uitgelezen, opgeslagen en opnieuw teruggeschreven worden. <\/p>\n\n\n\n<p><strong><a href=\"https:\/\/www.eltako.com\/fileadmin\/downloads\/en\/datenblatt\/Datenblatt_PCT14.pdf\">Hier<\/a><\/strong> klikken voor de technische fiche.<\/p>\n\n\n\n<div style=\"height:19px\" aria-hidden=\"true\" class=\"wp-block-spacer\"><\/div>\n\n\n\n<p>Bij een eerste installatie kan de software via onderstaande links opgevraagd worden. <\/p>\n\n\n\n<div class=\"table-responsive\">\n<table class=\"table table-bordered\">\n  <tbody>\n    <tr>\n      <th scope=\"row\"><a href=\"https:\/\/www.eltako.com\/fileadmin\/downloads\/en\/Software\/secure\/EEPCT14EnGb815-32Bit.msi\">PCT14, versie 8.15, from Windows 8 32bit<\/a><\/th>\n      <td>130 MB<\/td>\n    <\/tr>\n<tr>\n      <th scope=\"row\"><a href=\"https:\/\/www.eltako.com\/fileadmin\/downloads\/en\/Software\/secure\/EEPCT14EnGb815-64Bit.msi\"> PCT14, versie 8.15, from Windows 8 64bit<\/a><\/th>\n      <td>130 MB<\/td>\n    <\/tr>\n  <\/tbody>\n<\/table>\n\n<\/div>\n\n\n\n<p>Vanaf versie 8.1 worden updates automatisch uitgevoerd. <\/p>\n\n\n\n\n\n<figure class=\"wp-block-image size-large\"><img decoding=\"async\" width=\"1024\" height=\"512\" src=\"https:\/\/www.eltako.com\/wp-content\/uploads\/2022\/05\/PCT14_3-1-1024x512.png\" alt=\"\" class=\"wp-image-88566\" srcset=\"https:\/\/www.eltako.com\/wp-content\/uploads\/2022\/05\/PCT14_3-1-1024x512.png 1024w, https:\/\/www.eltako.com\/wp-content\/uploads\/2022\/05\/PCT14_3-1-300x150.png 300w, https:\/\/www.eltako.com\/wp-content\/uploads\/2022\/05\/PCT14_3-1-768x384.png 768w, https:\/\/www.eltako.com\/wp-content\/uploads\/2022\/05\/PCT14_3-1-1536x768.png 1536w, https:\/\/www.eltako.com\/wp-content\/uploads\/2022\/05\/PCT14_3-1-2048x1024.png 2048w, https:\/\/www.eltako.com\/wp-content\/uploads\/2022\/05\/PCT14_3-1-600x300.png 600w\" sizes=\"(max-width: 1024px) 100vw, 1024px\" \/><\/figure>\n","protected":false},"excerpt":{"rendered":"<p>PCT14 \u2013 De gratis PC-tool voor actoren van het Eltako wireless gamma Na de installatie kunnen de actoren van het Eltako wireless gamma van de reeksen 14 en 71, alsook sommige sensoren, zoals bijvoorbeeld de wireless alarm controller of onze wireless schakelklok via een PC ingesteld, uitgelezen, opgeslagen en opnieuw teruggeschreven worden. Hier klikken voor [&hellip;]<\/p>\n","protected":false},"author":31,"featured_media":88563,"parent":0,"menu_order":0,"comment_status":"closed","ping_status":"closed","template":"templates\/custom_header.php","meta":{"_acf_changed":false,"footnotes":"","_links_to":"","_links_to_target":""},"class_list":["post-88558","page","type-page","status-publish","has-post-thumbnail","hentry"],"acf":[],"yoast_head":"<!-- This site is optimized with the Yoast SEO plugin v27.2 - https:\/\/yoast.com\/product\/yoast-seo-wordpress\/ -->\n<title>Software PCT14 &#187; Eltako<\/title>\n<meta name=\"robots\" content=\"index, follow, max-snippet:-1, max-image-preview:large, max-video-preview:-1\" \/>\n<link rel=\"canonical\" href=\"https:\/\/www.eltako.com\/be\/software-pct14\/\" \/>\n<meta property=\"og:locale\" content=\"nl_BE\" \/>\n<meta property=\"og:type\" content=\"article\" \/>\n<meta property=\"og:title\" content=\"Software PCT14 &#187; Eltako\" \/>\n<meta property=\"og:description\" content=\"PCT14 \u2013 De gratis PC-tool voor actoren van het Eltako wireless gamma Na de installatie kunnen de actoren van het Eltako wireless gamma van de reeksen 14 en 71, alsook sommige sensoren, zoals bijvoorbeeld de wireless alarm controller of onze wireless schakelklok via een PC ingesteld, uitgelezen, opgeslagen en opnieuw teruggeschreven worden. Hier klikken voor [&hellip;]\" \/>\n<meta property=\"og:url\" content=\"https:\/\/www.eltako.com\/be\/software-pct14\/\" \/>\n<meta property=\"og:site_name\" content=\"Eltako\" \/>\n<meta property=\"article:modified_time\" content=\"2025-03-18T08:07:29+00:00\" \/>\n<meta property=\"og:image\" content=\"https:\/\/www.eltako.com\/wp-content\/uploads\/2022\/02\/PCT14-1.jpg\" \/>\n\t<meta property=\"og:image:width\" content=\"1920\" \/>\n\t<meta property=\"og:image:height\" content=\"776\" \/>\n\t<meta property=\"og:image:type\" content=\"image\/jpeg\" \/>\n<meta name=\"twitter:card\" content=\"summary_large_image\" \/>\n<meta name=\"twitter:label1\" content=\"Geschatte leestijd\" \/>\n\t<meta name=\"twitter:data1\" content=\"1 minuut\" \/>\n<script type=\"application\/ld+json\" class=\"yoast-schema-graph\">{\"@context\":\"https:\/\/schema.org\",\"@graph\":[{\"@type\":\"WebPage\",\"@id\":\"https:\/\/www.eltako.com\/be\/software-pct14\/\",\"url\":\"https:\/\/www.eltako.com\/be\/software-pct14\/\",\"name\":\"Software PCT14 &#187; Eltako\",\"isPartOf\":{\"@id\":\"https:\/\/www.eltako.com\/en\/#website\"},\"primaryImageOfPage\":{\"@id\":\"https:\/\/www.eltako.com\/be\/software-pct14\/#primaryimage\"},\"image\":{\"@id\":\"https:\/\/www.eltako.com\/be\/software-pct14\/#primaryimage\"},\"thumbnailUrl\":\"https:\/\/www.eltako.com\/wp-content\/uploads\/2022\/02\/PCT14-1.jpg\",\"datePublished\":\"2022-09-01T10:59:00+00:00\",\"dateModified\":\"2025-03-18T08:07:29+00:00\",\"breadcrumb\":{\"@id\":\"https:\/\/www.eltako.com\/be\/software-pct14\/#breadcrumb\"},\"inLanguage\":\"nl-BE\",\"potentialAction\":[{\"@type\":\"ReadAction\",\"target\":[\"https:\/\/www.eltako.com\/be\/software-pct14\/\"]}]},{\"@type\":\"ImageObject\",\"inLanguage\":\"nl-BE\",\"@id\":\"https:\/\/www.eltako.com\/be\/software-pct14\/#primaryimage\",\"url\":\"https:\/\/www.eltako.com\/wp-content\/uploads\/2022\/02\/PCT14-1.jpg\",\"contentUrl\":\"https:\/\/www.eltako.com\/wp-content\/uploads\/2022\/02\/PCT14-1.jpg\",\"width\":1920,\"height\":776},{\"@type\":\"BreadcrumbList\",\"@id\":\"https:\/\/www.eltako.com\/be\/software-pct14\/#breadcrumb\",\"itemListElement\":[{\"@type\":\"ListItem\",\"position\":1,\"name\":\"Home\",\"item\":\"https:\/\/www.eltako.com\/be\/\"},{\"@type\":\"ListItem\",\"position\":2,\"name\":\"Software PCT14\"}]},{\"@type\":\"WebSite\",\"@id\":\"https:\/\/www.eltako.com\/en\/#website\",\"url\":\"https:\/\/www.eltako.com\/en\/\",\"name\":\"Eltako\",\"description\":\"Schaltger\u00e4te, Netzteile, Stromz\u00e4hler, Dimmer, Geb\u00e4udeinstallation, Steuerungstechnik, Smart Home-L\u00f6sungen, Geb\u00e4udefunk, EnOcean-Technologie\",\"potentialAction\":[{\"@type\":\"SearchAction\",\"target\":{\"@type\":\"EntryPoint\",\"urlTemplate\":\"https:\/\/www.eltako.com\/en\/?s={search_term_string}\"},\"query-input\":{\"@type\":\"PropertyValueSpecification\",\"valueRequired\":true,\"valueName\":\"search_term_string\"}}],\"inLanguage\":\"nl-BE\"}]}<\/script>\n<!-- \/ Yoast SEO plugin. -->","yoast_head_json":{"title":"Software PCT14 &#187; Eltako","robots":{"index":"index","follow":"follow","max-snippet":"max-snippet:-1","max-image-preview":"max-image-preview:large","max-video-preview":"max-video-preview:-1"},"canonical":"https:\/\/www.eltako.com\/be\/software-pct14\/","og_locale":"nl_BE","og_type":"article","og_title":"Software PCT14 &#187; Eltako","og_description":"PCT14 \u2013 De gratis PC-tool voor actoren van het Eltako wireless gamma Na de installatie kunnen de actoren van het Eltako wireless gamma van de reeksen 14 en 71, alsook sommige sensoren, zoals bijvoorbeeld de wireless alarm controller of onze wireless schakelklok via een PC ingesteld, uitgelezen, opgeslagen en opnieuw teruggeschreven worden. Hier klikken voor [&hellip;]","og_url":"https:\/\/www.eltako.com\/be\/software-pct14\/","og_site_name":"Eltako","article_modified_time":"2025-03-18T08:07:29+00:00","og_image":[{"width":1920,"height":776,"url":"https:\/\/www.eltako.com\/wp-content\/uploads\/2022\/02\/PCT14-1.jpg","type":"image\/jpeg"}],"twitter_card":"summary_large_image","twitter_misc":{"Geschatte leestijd":"1 minuut"},"schema":{"@context":"https:\/\/schema.org","@graph":[{"@type":"WebPage","@id":"https:\/\/www.eltako.com\/be\/software-pct14\/","url":"https:\/\/www.eltako.com\/be\/software-pct14\/","name":"Software PCT14 &#187; Eltako","isPartOf":{"@id":"https:\/\/www.eltako.com\/en\/#website"},"primaryImageOfPage":{"@id":"https:\/\/www.eltako.com\/be\/software-pct14\/#primaryimage"},"image":{"@id":"https:\/\/www.eltako.com\/be\/software-pct14\/#primaryimage"},"thumbnailUrl":"https:\/\/www.eltako.com\/wp-content\/uploads\/2022\/02\/PCT14-1.jpg","datePublished":"2022-09-01T10:59:00+00:00","dateModified":"2025-03-18T08:07:29+00:00","breadcrumb":{"@id":"https:\/\/www.eltako.com\/be\/software-pct14\/#breadcrumb"},"inLanguage":"nl-BE","potentialAction":[{"@type":"ReadAction","target":["https:\/\/www.eltako.com\/be\/software-pct14\/"]}]},{"@type":"ImageObject","inLanguage":"nl-BE","@id":"https:\/\/www.eltako.com\/be\/software-pct14\/#primaryimage","url":"https:\/\/www.eltako.com\/wp-content\/uploads\/2022\/02\/PCT14-1.jpg","contentUrl":"https:\/\/www.eltako.com\/wp-content\/uploads\/2022\/02\/PCT14-1.jpg","width":1920,"height":776},{"@type":"BreadcrumbList","@id":"https:\/\/www.eltako.com\/be\/software-pct14\/#breadcrumb","itemListElement":[{"@type":"ListItem","position":1,"name":"Home","item":"https:\/\/www.eltako.com\/be\/"},{"@type":"ListItem","position":2,"name":"Software PCT14"}]},{"@type":"WebSite","@id":"https:\/\/www.eltako.com\/en\/#website","url":"https:\/\/www.eltako.com\/en\/","name":"Eltako","description":"Schaltger\u00e4te, Netzteile, Stromz\u00e4hler, Dimmer, Geb\u00e4udeinstallation, Steuerungstechnik, Smart Home-L\u00f6sungen, Geb\u00e4udefunk, EnOcean-Technologie","potentialAction":[{"@type":"SearchAction","target":{"@type":"EntryPoint","urlTemplate":"https:\/\/www.eltako.com\/en\/?s={search_term_string}"},"query-input":{"@type":"PropertyValueSpecification","valueRequired":true,"valueName":"search_term_string"}}],"inLanguage":"nl-BE"}]}},"_links":{"self":[{"href":"https:\/\/www.eltako.com\/be\/wp-json\/wp\/v2\/pages\/88558","targetHints":{"allow":["GET"]}}],"collection":[{"href":"https:\/\/www.eltako.com\/be\/wp-json\/wp\/v2\/pages"}],"about":[{"href":"https:\/\/www.eltako.com\/be\/wp-json\/wp\/v2\/types\/page"}],"author":[{"embeddable":true,"href":"https:\/\/www.eltako.com\/be\/wp-json\/wp\/v2\/users\/31"}],"replies":[{"embeddable":true,"href":"https:\/\/www.eltako.com\/be\/wp-json\/wp\/v2\/comments?post=88558"}],"version-history":[{"count":5,"href":"https:\/\/www.eltako.com\/be\/wp-json\/wp\/v2\/pages\/88558\/revisions"}],"predecessor-version":[{"id":144456,"href":"https:\/\/www.eltako.com\/be\/wp-json\/wp\/v2\/pages\/88558\/revisions\/144456"}],"wp:featuredmedia":[{"embeddable":true,"href":"https:\/\/www.eltako.com\/be\/wp-json\/wp\/v2\/media\/88563"}],"wp:attachment":[{"href":"https:\/\/www.eltako.com\/be\/wp-json\/wp\/v2\/media?parent=88558"}],"curies":[{"name":"wp","href":"https:\/\/api.w.org\/{rel}","templated":true}]}}