{"id":88546,"date":"2022-09-01T12:48:56","date_gmt":"2022-09-01T10:48:56","guid":{"rendered":"https:\/\/www.eltako.com\/eebus\/"},"modified":"2022-09-01T12:48:59","modified_gmt":"2022-09-01T10:48:59","slug":"eebus","status":"publish","type":"page","link":"https:\/\/www.eltako.com\/be\/onderneming\/partners-en-allianties\/eebus\/","title":{"rendered":"EEBUS"},"content":{"rendered":"\n<p class=\"has-medium-font-size\">In 2012 werd de non profit onderneming \u201cEEBus Initiative e.V.\u201d in het leven geroepen om met haar digitale benadering het stroomverbruik per huishouden te minimaliseren en de stroomafname zo te spreiden over de dag zodat piekmomenten vermeden worden. Hoe langer hoe meer bedrijven hebben zich bij deze visie in de loop der jaren aangesloten. Zo zijn er onder andere Bosch, E.ON, Hager, Jung, Telekom en Viessmann. <\/p>\n\n<div style=\"height:50px\" aria-hidden=\"true\" class=\"wp-block-spacer\"><\/div>\n\n<figure class=\"wp-block-image size-large\"><img decoding=\"async\" width=\"1024\" height=\"455\" src=\"https:\/\/betax923lb8kd7v0.eltako.de\/wp-content\/uploads\/2022\/01\/Bild-2-1-1024x455.png\" alt=\"\" class=\"wp-image-30495\" srcset=\"https:\/\/www.eltako.com\/wp-content\/uploads\/2022\/01\/Bild-2-1-1024x455.png 1024w, https:\/\/www.eltako.com\/wp-content\/uploads\/2022\/01\/Bild-2-1-300x133.png 300w, https:\/\/www.eltako.com\/wp-content\/uploads\/2022\/01\/Bild-2-1-768x341.png 768w, https:\/\/www.eltako.com\/wp-content\/uploads\/2022\/01\/Bild-2-1-1536x683.png 1536w, https:\/\/www.eltako.com\/wp-content\/uploads\/2022\/01\/Bild-2-1-600x267.png 600w, https:\/\/www.eltako.com\/wp-content\/uploads\/2022\/01\/Bild-2-1.png 1800w\" sizes=\"(max-width: 1024px) 100vw, 1024px\" \/><\/figure>\n\n<div style=\"height:50px\" aria-hidden=\"true\" class=\"wp-block-spacer\"><\/div>\n\n<p class=\"has-medium-font-size\">Veel andere firma\u2019s waaronder ook wijzelf ondersteunen het doel van een uniforme IP-taal voor alle elektronische toestellen in en rond de woning. Die zal toelaten om onafhankelijk van de fabrikant met elkaar te kunnen communiceren. Om het even of het gaat over een installatie met zonnepanelen, een wallbox, het opslaan van energie, verlichting, huishoudtoestellen, airconditioning, verwarming of E-voertuigen. <\/p>\n\n<p class=\"has-medium-font-size\">In principe meldt elke stroomafnemer van het net zijn verbruik, elke producent of opslagplaats meldt zijn beschikbare capaciteit en de EEBUS technologie regelt zeer intelligent de verdeling van het verbruik. <\/p>\n\n<p class=\"has-medium-font-size\">Wij zijn ervan overtuigd dat dit idee en onze samenwerking ongetwijfeld toekomstgericht en van groot belang zijn voor de digitalisering van het energienetwerk en uiteindelijk voor de bescherming van het milieu. Daarom zijn wij verheugd deel uit te maken van dit netwerk om dit gemeenschappelijk doel te bereiken. <\/p>\n","protected":false},"excerpt":{"rendered":"<p>In 2012 werd de non profit onderneming \u201cEEBus Initiative e.V.\u201d in het leven geroepen om met haar digitale benadering het stroomverbruik per huishouden te minimaliseren en de stroomafname zo te spreiden over de dag zodat piekmomenten vermeden worden. Hoe langer hoe meer bedrijven hebben zich bij deze visie in de loop der jaren aangesloten. Zo [&hellip;]<\/p>\n","protected":false},"author":31,"featured_media":88547,"parent":88931,"menu_order":0,"comment_status":"closed","ping_status":"closed","template":"templates\/custom_header.php","meta":{"_acf_changed":false,"footnotes":"","_links_to":"","_links_to_target":""},"class_list":["post-88546","page","type-page","status-publish","has-post-thumbnail","hentry"],"acf":[],"yoast_head":"<!-- This site is optimized with the Yoast SEO plugin v27.2 - https:\/\/yoast.com\/product\/yoast-seo-wordpress\/ -->\n<title>EEBUS &#187; Eltako<\/title>\n<meta name=\"robots\" content=\"index, follow, max-snippet:-1, max-image-preview:large, max-video-preview:-1\" \/>\n<link rel=\"canonical\" href=\"https:\/\/www.eltako.com\/be\/onderneming\/partners-en-allianties\/eebus\/\" \/>\n<meta property=\"og:locale\" content=\"nl_BE\" \/>\n<meta property=\"og:type\" content=\"article\" \/>\n<meta property=\"og:title\" content=\"EEBUS &#187; Eltako\" \/>\n<meta property=\"og:description\" content=\"In 2012 werd de non profit onderneming \u201cEEBus Initiative e.V.\u201d in het leven geroepen om met haar digitale benadering het stroomverbruik per huishouden te minimaliseren en de stroomafname zo te spreiden over de dag zodat piekmomenten vermeden worden. Hoe langer hoe meer bedrijven hebben zich bij deze visie in de loop der jaren aangesloten. Zo [&hellip;]\" \/>\n<meta property=\"og:url\" content=\"https:\/\/www.eltako.com\/be\/onderneming\/partners-en-allianties\/eebus\/\" \/>\n<meta property=\"og:site_name\" content=\"Eltako\" \/>\n<meta property=\"article:modified_time\" content=\"2022-09-01T10:48:59+00:00\" \/>\n<meta property=\"og:image\" content=\"https:\/\/www.eltako.com\/wp-content\/uploads\/2022\/01\/Bild-1-1.png\" \/>\n\t<meta property=\"og:image:width\" content=\"1800\" \/>\n\t<meta property=\"og:image:height\" content=\"800\" \/>\n\t<meta property=\"og:image:type\" content=\"image\/png\" \/>\n<meta name=\"twitter:card\" content=\"summary_large_image\" \/>\n<meta name=\"twitter:label1\" content=\"Geschatte leestijd\" \/>\n\t<meta name=\"twitter:data1\" content=\"1 minuut\" \/>\n<script type=\"application\/ld+json\" class=\"yoast-schema-graph\">{\"@context\":\"https:\/\/schema.org\",\"@graph\":[{\"@type\":\"WebPage\",\"@id\":\"https:\/\/www.eltako.com\/be\/onderneming\/partners-en-allianties\/eebus\/\",\"url\":\"https:\/\/www.eltako.com\/be\/onderneming\/partners-en-allianties\/eebus\/\",\"name\":\"EEBUS &#187; Eltako\",\"isPartOf\":{\"@id\":\"https:\/\/www.eltako.com\/en\/#website\"},\"primaryImageOfPage\":{\"@id\":\"https:\/\/www.eltako.com\/be\/onderneming\/partners-en-allianties\/eebus\/#primaryimage\"},\"image\":{\"@id\":\"https:\/\/www.eltako.com\/be\/onderneming\/partners-en-allianties\/eebus\/#primaryimage\"},\"thumbnailUrl\":\"https:\/\/www.eltako.com\/wp-content\/uploads\/2022\/01\/Bild-1-1.png\",\"datePublished\":\"2022-09-01T10:48:56+00:00\",\"dateModified\":\"2022-09-01T10:48:59+00:00\",\"breadcrumb\":{\"@id\":\"https:\/\/www.eltako.com\/be\/onderneming\/partners-en-allianties\/eebus\/#breadcrumb\"},\"inLanguage\":\"nl-BE\",\"potentialAction\":[{\"@type\":\"ReadAction\",\"target\":[\"https:\/\/www.eltako.com\/be\/onderneming\/partners-en-allianties\/eebus\/\"]}]},{\"@type\":\"ImageObject\",\"inLanguage\":\"nl-BE\",\"@id\":\"https:\/\/www.eltako.com\/be\/onderneming\/partners-en-allianties\/eebus\/#primaryimage\",\"url\":\"https:\/\/www.eltako.com\/wp-content\/uploads\/2022\/01\/Bild-1-1.png\",\"contentUrl\":\"https:\/\/www.eltako.com\/wp-content\/uploads\/2022\/01\/Bild-1-1.png\",\"width\":1800,\"height\":800},{\"@type\":\"BreadcrumbList\",\"@id\":\"https:\/\/www.eltako.com\/be\/onderneming\/partners-en-allianties\/eebus\/#breadcrumb\",\"itemListElement\":[{\"@type\":\"ListItem\",\"position\":1,\"name\":\"Home\",\"item\":\"https:\/\/www.eltako.com\/be\/\"},{\"@type\":\"ListItem\",\"position\":2,\"name\":\"Onderneming\",\"item\":\"https:\/\/www.eltako.com\/be\/onderneming\/\"},{\"@type\":\"ListItem\",\"position\":3,\"name\":\"Partners en allianties\",\"item\":\"https:\/\/www.eltako.com\/be\/onderneming\/partners-en-allianties\/\"},{\"@type\":\"ListItem\",\"position\":4,\"name\":\"EEBUS\"}]},{\"@type\":\"WebSite\",\"@id\":\"https:\/\/www.eltako.com\/en\/#website\",\"url\":\"https:\/\/www.eltako.com\/en\/\",\"name\":\"Eltako\",\"description\":\"Schaltger\u00e4te, Netzteile, Stromz\u00e4hler, Dimmer, Geb\u00e4udeinstallation, Steuerungstechnik, Smart Home-L\u00f6sungen, Geb\u00e4udefunk, EnOcean-Technologie\",\"potentialAction\":[{\"@type\":\"SearchAction\",\"target\":{\"@type\":\"EntryPoint\",\"urlTemplate\":\"https:\/\/www.eltako.com\/en\/?s={search_term_string}\"},\"query-input\":{\"@type\":\"PropertyValueSpecification\",\"valueRequired\":true,\"valueName\":\"search_term_string\"}}],\"inLanguage\":\"nl-BE\"}]}<\/script>\n<!-- \/ Yoast SEO plugin. -->","yoast_head_json":{"title":"EEBUS &#187; Eltako","robots":{"index":"index","follow":"follow","max-snippet":"max-snippet:-1","max-image-preview":"max-image-preview:large","max-video-preview":"max-video-preview:-1"},"canonical":"https:\/\/www.eltako.com\/be\/onderneming\/partners-en-allianties\/eebus\/","og_locale":"nl_BE","og_type":"article","og_title":"EEBUS &#187; Eltako","og_description":"In 2012 werd de non profit onderneming \u201cEEBus Initiative e.V.\u201d in het leven geroepen om met haar digitale benadering het stroomverbruik per huishouden te minimaliseren en de stroomafname zo te spreiden over de dag zodat piekmomenten vermeden worden. Hoe langer hoe meer bedrijven hebben zich bij deze visie in de loop der jaren aangesloten. Zo [&hellip;]","og_url":"https:\/\/www.eltako.com\/be\/onderneming\/partners-en-allianties\/eebus\/","og_site_name":"Eltako","article_modified_time":"2022-09-01T10:48:59+00:00","og_image":[{"width":1800,"height":800,"url":"https:\/\/www.eltako.com\/wp-content\/uploads\/2022\/01\/Bild-1-1.png","type":"image\/png"}],"twitter_card":"summary_large_image","twitter_misc":{"Geschatte leestijd":"1 minuut"},"schema":{"@context":"https:\/\/schema.org","@graph":[{"@type":"WebPage","@id":"https:\/\/www.eltako.com\/be\/onderneming\/partners-en-allianties\/eebus\/","url":"https:\/\/www.eltako.com\/be\/onderneming\/partners-en-allianties\/eebus\/","name":"EEBUS &#187; Eltako","isPartOf":{"@id":"https:\/\/www.eltako.com\/en\/#website"},"primaryImageOfPage":{"@id":"https:\/\/www.eltako.com\/be\/onderneming\/partners-en-allianties\/eebus\/#primaryimage"},"image":{"@id":"https:\/\/www.eltako.com\/be\/onderneming\/partners-en-allianties\/eebus\/#primaryimage"},"thumbnailUrl":"https:\/\/www.eltako.com\/wp-content\/uploads\/2022\/01\/Bild-1-1.png","datePublished":"2022-09-01T10:48:56+00:00","dateModified":"2022-09-01T10:48:59+00:00","breadcrumb":{"@id":"https:\/\/www.eltako.com\/be\/onderneming\/partners-en-allianties\/eebus\/#breadcrumb"},"inLanguage":"nl-BE","potentialAction":[{"@type":"ReadAction","target":["https:\/\/www.eltako.com\/be\/onderneming\/partners-en-allianties\/eebus\/"]}]},{"@type":"ImageObject","inLanguage":"nl-BE","@id":"https:\/\/www.eltako.com\/be\/onderneming\/partners-en-allianties\/eebus\/#primaryimage","url":"https:\/\/www.eltako.com\/wp-content\/uploads\/2022\/01\/Bild-1-1.png","contentUrl":"https:\/\/www.eltako.com\/wp-content\/uploads\/2022\/01\/Bild-1-1.png","width":1800,"height":800},{"@type":"BreadcrumbList","@id":"https:\/\/www.eltako.com\/be\/onderneming\/partners-en-allianties\/eebus\/#breadcrumb","itemListElement":[{"@type":"ListItem","position":1,"name":"Home","item":"https:\/\/www.eltako.com\/be\/"},{"@type":"ListItem","position":2,"name":"Onderneming","item":"https:\/\/www.eltako.com\/be\/onderneming\/"},{"@type":"ListItem","position":3,"name":"Partners en allianties","item":"https:\/\/www.eltako.com\/be\/onderneming\/partners-en-allianties\/"},{"@type":"ListItem","position":4,"name":"EEBUS"}]},{"@type":"WebSite","@id":"https:\/\/www.eltako.com\/en\/#website","url":"https:\/\/www.eltako.com\/en\/","name":"Eltako","description":"Schaltger\u00e4te, Netzteile, Stromz\u00e4hler, Dimmer, Geb\u00e4udeinstallation, Steuerungstechnik, Smart Home-L\u00f6sungen, Geb\u00e4udefunk, EnOcean-Technologie","potentialAction":[{"@type":"SearchAction","target":{"@type":"EntryPoint","urlTemplate":"https:\/\/www.eltako.com\/en\/?s={search_term_string}"},"query-input":{"@type":"PropertyValueSpecification","valueRequired":true,"valueName":"search_term_string"}}],"inLanguage":"nl-BE"}]}},"_links":{"self":[{"href":"https:\/\/www.eltako.com\/be\/wp-json\/wp\/v2\/pages\/88546","targetHints":{"allow":["GET"]}}],"collection":[{"href":"https:\/\/www.eltako.com\/be\/wp-json\/wp\/v2\/pages"}],"about":[{"href":"https:\/\/www.eltako.com\/be\/wp-json\/wp\/v2\/types\/page"}],"author":[{"embeddable":true,"href":"https:\/\/www.eltako.com\/be\/wp-json\/wp\/v2\/users\/31"}],"replies":[{"embeddable":true,"href":"https:\/\/www.eltako.com\/be\/wp-json\/wp\/v2\/comments?post=88546"}],"version-history":[{"count":0,"href":"https:\/\/www.eltako.com\/be\/wp-json\/wp\/v2\/pages\/88546\/revisions"}],"up":[{"embeddable":true,"href":"https:\/\/www.eltako.com\/be\/wp-json\/wp\/v2\/pages\/88931"}],"wp:featuredmedia":[{"embeddable":true,"href":"https:\/\/www.eltako.com\/be\/wp-json\/wp\/v2\/media\/88547"}],"wp:attachment":[{"href":"https:\/\/www.eltako.com\/be\/wp-json\/wp\/v2\/media?parent=88546"}],"curies":[{"name":"wp","href":"https:\/\/api.w.org\/{rel}","templated":true}]}}