{"id":118487,"date":"2021-10-29T13:55:36","date_gmt":"2021-10-29T11:55:36","guid":{"rendered":"https:\/\/www.eltako.com\/imprint\/"},"modified":"2025-10-16T16:14:19","modified_gmt":"2025-10-16T14:14:19","slug":"impressum","status":"publish","type":"page","link":"https:\/\/www.eltako.com\/be\/impressum\/","title":{"rendered":"Afdruk"},"content":{"rendered":"\n<div class=\"wp-block-group\"><div class=\"wp-block-group__inner-container is-layout-flow wp-block-group-is-layout-flow\">\n<div class=\"wp-block-group\"><div class=\"wp-block-group__inner-container is-layout-flow wp-block-group-is-layout-flow\">\n<b>ELTAKO GmbH<\/b><br>\nHofener Stra\u00dfe 54 <br>\n70736 Fellbach<br>\nTel.: 0711 94350000<br>\nEmail: website@eltako.de<br><br>\nRegister court: Stuttgart<br>\nRegistration number: HRB261445<br>\nManaging Director: Ulrich Ziegler<br>\nSales tax identification number: DE147330893\n<\/div><\/div>\n\n\n\n<p><\/p>\n<\/div><\/div>\n\n\n\n<p><\/p>\n\n\n\n<p>De firma ELTAKO GmbH is niet verantwoordelijk voor inhouden, waarnaar op deze pagina&#8217;s gelinkt of verwezen wordt &#8211; tenzij de firma ELTAKO GmbH volledig op de hoogte is van onwettige inhouden en de mogelijkheid zou hebben, het bekijken van deze pagina&#8217;s door de bezoekers van zijn site te verhinderen. ELTAKO GmbH verklaart hierbij uitdrukkelijk, dat op het tijdstip van het aanmaken van de links geen illegale inhoud op de gelinkte pagina&#8217;s herkenbaar was. ELTAKO GmbH heeft geen invloed op de actuele en toekomstige vormgeving, de inhoud of het auteurschap van de gelinkte pagina&#8217;s.<\/p>\n\n\n\n<p>Daarom distantieert het zich hierbij uitdrukkelijk van alle inhoud van alle gekoppelde zijden, die na de koppeling zijn gewijzigd.<\/p>\n\n\n\n<p>Voor illegale, onjuiste of onvolledige inhoud en in het bijzonder voor schade die voortvloeit uit het gebruik of niet-gebruik van dergelijke informatie, is alleen de aanbieder van de site waarnaar wordt verwezen aansprakelijk, niet degene die naar de desbetreffende publicatie heeft verwezen.<\/p>\n\n\n\n<p><a href=\"https:\/\/www.take-e-way.de\/leistungen\/elektrogesetz-weee-elektrog\/berichts-informationspflichten\/\">Informatieverplichtingen volgens \u00a718 Abs. 2 Wet elektrische en elektronische apparatuur<\/a><\/p>\n\n\n\n<p><\/p>\n\n\n\n<p>Batterijwet registratienummer: DE 36818306<\/p>\n\n\n\n<div class=\"wp-block-buttons is-layout-flex wp-block-buttons-is-layout-flex\">\n<div class=\"wp-block-button\"><a class=\"wp-block-button__link has-background wp-element-button\" href=\" \/wp-content\/uploads\/2022\/11\/catalog_warranty-regulations_gb.pdf\" style=\"border-radius:0px;background-color:#0063af\">Garantie en waarborg (PDF)<\/a><\/div>\n<\/div>\n\n\n\n<p><\/p>\n","protected":false},"excerpt":{"rendered":"<p>ELTAKO GmbH Hofener Stra\u00dfe 54 70736 Fellbach Tel.: 0711 94350000 Email: website@eltako.de Register court: Stuttgart Registration number: HRB261445 Managing Director: Ulrich Ziegler Sales tax identification number: DE147330893 De firma ELTAKO GmbH is niet verantwoordelijk voor inhouden, waarnaar op deze pagina&#8217;s gelinkt of verwezen wordt &#8211; tenzij de firma ELTAKO GmbH volledig op de hoogte is [&hellip;]<\/p>\n","protected":false},"author":31,"featured_media":0,"parent":0,"menu_order":0,"comment_status":"closed","ping_status":"closed","template":"","meta":{"_acf_changed":false,"footnotes":"","_links_to":"","_links_to_target":""},"class_list":["post-118487","page","type-page","status-publish","hentry"],"acf":[],"yoast_head":"<!-- This site is optimized with the Yoast SEO plugin v27.2 - https:\/\/yoast.com\/product\/yoast-seo-wordpress\/ -->\n<title>Afdruk &#187; Eltako<\/title>\n<meta name=\"robots\" content=\"index, follow, max-snippet:-1, max-image-preview:large, max-video-preview:-1\" \/>\n<link rel=\"canonical\" href=\"https:\/\/www.eltako.com\/be\/impressum\/\" \/>\n<meta property=\"og:locale\" content=\"nl_BE\" \/>\n<meta property=\"og:type\" content=\"article\" \/>\n<meta property=\"og:title\" content=\"Afdruk &#187; Eltako\" \/>\n<meta property=\"og:description\" content=\"ELTAKO GmbH Hofener Stra\u00dfe 54 70736 Fellbach Tel.: 0711 94350000 Email: website@eltako.de Register court: Stuttgart Registration number: HRB261445 Managing Director: Ulrich Ziegler Sales tax identification number: DE147330893 De firma ELTAKO GmbH is niet verantwoordelijk voor inhouden, waarnaar op deze pagina&#8217;s gelinkt of verwezen wordt &#8211; tenzij de firma ELTAKO GmbH volledig op de hoogte is [&hellip;]\" \/>\n<meta property=\"og:url\" content=\"https:\/\/www.eltako.com\/be\/impressum\/\" \/>\n<meta property=\"og:site_name\" content=\"Eltako\" \/>\n<meta property=\"article:modified_time\" content=\"2025-10-16T14:14:19+00:00\" \/>\n<meta name=\"twitter:card\" content=\"summary_large_image\" \/>\n<meta name=\"twitter:label1\" content=\"Geschatte leestijd\" \/>\n\t<meta name=\"twitter:data1\" content=\"2 minuten\" \/>\n<script type=\"application\/ld+json\" class=\"yoast-schema-graph\">{\"@context\":\"https:\/\/schema.org\",\"@graph\":[{\"@type\":\"WebPage\",\"@id\":\"https:\/\/www.eltako.com\/be\/impressum\/\",\"url\":\"https:\/\/www.eltako.com\/be\/impressum\/\",\"name\":\"Afdruk &#187; Eltako\",\"isPartOf\":{\"@id\":\"https:\/\/www.eltako.com\/en\/#website\"},\"datePublished\":\"2021-10-29T11:55:36+00:00\",\"dateModified\":\"2025-10-16T14:14:19+00:00\",\"breadcrumb\":{\"@id\":\"https:\/\/www.eltako.com\/be\/impressum\/#breadcrumb\"},\"inLanguage\":\"nl-BE\",\"potentialAction\":[{\"@type\":\"ReadAction\",\"target\":[\"https:\/\/www.eltako.com\/be\/impressum\/\"]}]},{\"@type\":\"BreadcrumbList\",\"@id\":\"https:\/\/www.eltako.com\/be\/impressum\/#breadcrumb\",\"itemListElement\":[{\"@type\":\"ListItem\",\"position\":1,\"name\":\"Home\",\"item\":\"https:\/\/www.eltako.com\/be\/\"},{\"@type\":\"ListItem\",\"position\":2,\"name\":\"Afdruk\"}]},{\"@type\":\"WebSite\",\"@id\":\"https:\/\/www.eltako.com\/en\/#website\",\"url\":\"https:\/\/www.eltako.com\/en\/\",\"name\":\"Eltako\",\"description\":\"Schaltger\u00e4te, Netzteile, Stromz\u00e4hler, Dimmer, Geb\u00e4udeinstallation, Steuerungstechnik, Smart Home-L\u00f6sungen, Geb\u00e4udefunk, EnOcean-Technologie\",\"potentialAction\":[{\"@type\":\"SearchAction\",\"target\":{\"@type\":\"EntryPoint\",\"urlTemplate\":\"https:\/\/www.eltako.com\/en\/?s={search_term_string}\"},\"query-input\":{\"@type\":\"PropertyValueSpecification\",\"valueRequired\":true,\"valueName\":\"search_term_string\"}}],\"inLanguage\":\"nl-BE\"}]}<\/script>\n<!-- \/ Yoast SEO plugin. -->","yoast_head_json":{"title":"Afdruk &#187; Eltako","robots":{"index":"index","follow":"follow","max-snippet":"max-snippet:-1","max-image-preview":"max-image-preview:large","max-video-preview":"max-video-preview:-1"},"canonical":"https:\/\/www.eltako.com\/be\/impressum\/","og_locale":"nl_BE","og_type":"article","og_title":"Afdruk &#187; Eltako","og_description":"ELTAKO GmbH Hofener Stra\u00dfe 54 70736 Fellbach Tel.: 0711 94350000 Email: website@eltako.de Register court: Stuttgart Registration number: HRB261445 Managing Director: Ulrich Ziegler Sales tax identification number: DE147330893 De firma ELTAKO GmbH is niet verantwoordelijk voor inhouden, waarnaar op deze pagina&#8217;s gelinkt of verwezen wordt &#8211; tenzij de firma ELTAKO GmbH volledig op de hoogte is [&hellip;]","og_url":"https:\/\/www.eltako.com\/be\/impressum\/","og_site_name":"Eltako","article_modified_time":"2025-10-16T14:14:19+00:00","twitter_card":"summary_large_image","twitter_misc":{"Geschatte leestijd":"2 minuten"},"schema":{"@context":"https:\/\/schema.org","@graph":[{"@type":"WebPage","@id":"https:\/\/www.eltako.com\/be\/impressum\/","url":"https:\/\/www.eltako.com\/be\/impressum\/","name":"Afdruk &#187; Eltako","isPartOf":{"@id":"https:\/\/www.eltako.com\/en\/#website"},"datePublished":"2021-10-29T11:55:36+00:00","dateModified":"2025-10-16T14:14:19+00:00","breadcrumb":{"@id":"https:\/\/www.eltako.com\/be\/impressum\/#breadcrumb"},"inLanguage":"nl-BE","potentialAction":[{"@type":"ReadAction","target":["https:\/\/www.eltako.com\/be\/impressum\/"]}]},{"@type":"BreadcrumbList","@id":"https:\/\/www.eltako.com\/be\/impressum\/#breadcrumb","itemListElement":[{"@type":"ListItem","position":1,"name":"Home","item":"https:\/\/www.eltako.com\/be\/"},{"@type":"ListItem","position":2,"name":"Afdruk"}]},{"@type":"WebSite","@id":"https:\/\/www.eltako.com\/en\/#website","url":"https:\/\/www.eltako.com\/en\/","name":"Eltako","description":"Schaltger\u00e4te, Netzteile, Stromz\u00e4hler, Dimmer, Geb\u00e4udeinstallation, Steuerungstechnik, Smart Home-L\u00f6sungen, Geb\u00e4udefunk, EnOcean-Technologie","potentialAction":[{"@type":"SearchAction","target":{"@type":"EntryPoint","urlTemplate":"https:\/\/www.eltako.com\/en\/?s={search_term_string}"},"query-input":{"@type":"PropertyValueSpecification","valueRequired":true,"valueName":"search_term_string"}}],"inLanguage":"nl-BE"}]}},"_links":{"self":[{"href":"https:\/\/www.eltako.com\/be\/wp-json\/wp\/v2\/pages\/118487","targetHints":{"allow":["GET"]}}],"collection":[{"href":"https:\/\/www.eltako.com\/be\/wp-json\/wp\/v2\/pages"}],"about":[{"href":"https:\/\/www.eltako.com\/be\/wp-json\/wp\/v2\/types\/page"}],"author":[{"embeddable":true,"href":"https:\/\/www.eltako.com\/be\/wp-json\/wp\/v2\/users\/31"}],"replies":[{"embeddable":true,"href":"https:\/\/www.eltako.com\/be\/wp-json\/wp\/v2\/comments?post=118487"}],"version-history":[{"count":4,"href":"https:\/\/www.eltako.com\/be\/wp-json\/wp\/v2\/pages\/118487\/revisions"}],"predecessor-version":[{"id":147464,"href":"https:\/\/www.eltako.com\/be\/wp-json\/wp\/v2\/pages\/118487\/revisions\/147464"}],"wp:attachment":[{"href":"https:\/\/www.eltako.com\/be\/wp-json\/wp\/v2\/media?parent=118487"}],"curies":[{"name":"wp","href":"https:\/\/api.w.org\/{rel}","templated":true}]}}