{"id":118481,"date":"2021-10-29T13:51:34","date_gmt":"2021-10-29T11:51:34","guid":{"rendered":"https:\/\/www.eltako.com\/onderneming\/history\/"},"modified":"2024-12-13T08:36:50","modified_gmt":"2024-12-13T07:36:50","slug":"history","status":"publish","type":"page","link":"https:\/\/www.eltako.com\/be\/onderneming\/history\/","title":{"rendered":"Geschiedenis"},"content":{"rendered":"\n<div class=\"wp-block-cp-timeline-content-timeline Cool-Content-Timeline\"><div class=\"cool-timeline-block-2b71689a-1c88-4e3f-a0c1-a7be3c81d8ec\"><style>.cool-timeline-block-2b71689a-1c88-4e3f-a0c1-a7be3c81d8ec .cool-vertical-timeline-body{--ctlb-date-fontsize: 18px;--ctlb-date-line-height: 25px;--ctlb-date-color: #000000;--ctlb-head-font-size: 18px;--ctlb-heading-color: #000000;--ctlb-sub-head-font-size: 14px;--ctlb-sub-heading-color: #000000;--ctlb-line-color: #0064ae;--ctlb-icon-bg: #0064ae;--ctlb-story-border-color: #0064ae;}<\/style><div class=\"cool-vertical-timeline-body ctlb-wrapper both-sided left\"><div class=\"cool-timeline-block-list\">\n<div class=\"wp-block-cp-timeline-content-timeline-child swiper-slide\"><div class=\"timeline-content icon-false \"><div class=\"timeline-block-timeline ctl-row  position-right\"><div class=\"ctl-6 timeline-block-time\"><div class=\"story-time\"><p>1949<\/p><\/div><\/div><div class=\"timeline-block-icon\"><svg stroke=\"currentColor\" fill=\"currentColor\" stroke-width=\"0\" viewBox=\"0 0 512 512\" height=\"1em\" width=\"1em\" xmlns=\"http:\/\/www.w3.org\/2000\/svg\"><path d=\"M256 8C119 8 8 119 8 256s111 248 248 248 248-111 248-248S393 8 256 8z\"><\/path><\/svg><\/div><div class=\"ctl-6 timeline-block-detail\"><div class=\"story-details\"><div class=\"story-content\">\n<h3 class=\"wp-block-heading ctlb-block-title\" style=\"padding-top:0px;padding-right:0px;padding-bottom:0px;padding-left:0px\">Eltako<\/h3>\n\n\n\n<p class=\"ctlb-block-desc\" style=\"padding-top:0px;padding-right:0px;padding-bottom:0px;padding-left:0px\">stelt de eerste impulsschakelaar voor. De S6w is praktisch, goedkoop en past precies in de 70 mm aftakdoos \u2013 al heel lang de favoriete plaats van alle afstandschakelaars.<\/p>\n<\/div><\/div><\/div><\/div><\/div><\/div>\n\n\n\n<div class=\"wp-block-cp-timeline-content-timeline-child swiper-slide\"><div class=\"timeline-content icon-false \"><div class=\"timeline-block-timeline ctl-row  position-left\"><div class=\"ctl-6 timeline-block-time\"><div class=\"story-time\"><p>1951\u20131972<\/p><\/div><\/div><div class=\"timeline-block-icon\"><svg stroke=\"currentColor\" fill=\"currentColor\" stroke-width=\"0\" viewBox=\"0 0 512 512\" height=\"1em\" width=\"1em\" xmlns=\"http:\/\/www.w3.org\/2000\/svg\"><path d=\"M256 8C119 8 8 119 8 256s111 248 248 248 248-111 248-248S393 8 256 8z\"><\/path><\/svg><\/div><div class=\"ctl-6 timeline-block-detail\"><div class=\"story-details\"><div class=\"story-content\">\n<h3 class=\"wp-block-heading ctlb-block-title\" style=\"padding-top:0px;padding-right:0px;padding-bottom:0px;padding-left:0px\"><\/h3>\n\n\n\n<p class=\"ctlb-block-desc\" style=\"padding-top:0px;padding-right:0px;padding-bottom:0px;padding-left:0px\">Daarop volgt het eerste impulsrelais R6w in dezelfde bouwvorm en de eerste meerpolige toestellen. Het gamma wordt uitgebreid met tijdrelais, impulsschakelaars voor de 55 mm aftakdoos en modulaire inbouwtoestellen.<\/p>\n<\/div><\/div><\/div><\/div><\/div><\/div>\n\n\n\n<div class=\"wp-block-cp-timeline-content-timeline-child swiper-slide\"><div class=\"timeline-content icon-false \"><div class=\"timeline-block-timeline ctl-row  position-right\"><div class=\"ctl-6 timeline-block-time\"><div class=\"story-time\"><p>1977\u20131989<\/p><\/div><\/div><div class=\"timeline-block-icon\"><svg stroke=\"currentColor\" fill=\"currentColor\" stroke-width=\"0\" viewBox=\"0 0 512 512\" height=\"1em\" width=\"1em\" xmlns=\"http:\/\/www.w3.org\/2000\/svg\"><path d=\"M256 8C119 8 8 119 8 256s111 248 248 248 248-111 248-248S393 8 256 8z\"><\/path><\/svg><\/div><div class=\"ctl-6 timeline-block-detail\"><div class=\"story-details\"><div class=\"story-content\">\n<h3 class=\"wp-block-heading ctlb-block-title\" style=\"padding-top:0px;padding-right:0px;padding-bottom:0px;padding-left:0px\">Wereldpremi\u00e8re van de eerste elektronische impulsschakelaar en het eerste elektronische installatierelais<\/h3>\n\n\n\n<p class=\"ctlb-block-desc\" style=\"padding-top:0px;padding-right:0px;padding-bottom:0px;padding-left:0px\">met hybride technologie. Daarop volgen elektronische teleruptoren voor centrale bediening en elektronische trappenlicht-tijdrelais. Waaronder het wereldwijd eerste trappenlicht-tijdrelais voor de twee stuurspanningen 8V en 220V.<br>Voorstelling van het wereldwijd eerste multifunctie tijdrelais MFZ met universele spanning en van slechts \u00e9\u00e9n module breed.<\/p>\n<\/div><\/div><\/div><\/div><\/div><\/div>\n\n\n\n<div class=\"wp-block-cp-timeline-content-timeline-child swiper-slide\"><div class=\"timeline-content icon-false \"><div class=\"timeline-block-timeline ctl-row  position-left\"><div class=\"ctl-6 timeline-block-time\"><div class=\"story-time\"><p>1996\u20132004<\/p><\/div><\/div><div class=\"timeline-block-icon\"><svg stroke=\"currentColor\" fill=\"currentColor\" stroke-width=\"0\" viewBox=\"0 0 512 512\" height=\"1em\" width=\"1em\" xmlns=\"http:\/\/www.w3.org\/2000\/svg\"><path d=\"M256 8C119 8 8 119 8 256s111 248 248 248 248-111 248-248S393 8 256 8z\"><\/path><\/svg><\/div><div class=\"ctl-6 timeline-block-detail\"><div class=\"story-details\"><div class=\"story-content\">\n<h3 class=\"wp-block-heading ctlb-block-title\" style=\"padding-top:0px;padding-right:0px;padding-bottom:0px;padding-left:0px\">Wij presenteren wereldprimeurs aan de lopende band:<\/h3>\n\n\n\n<p class=\"ctlb-block-desc\" style=\"padding-top:0px;padding-right:0px;padding-bottom:0px;padding-left:0px\">Multifunctie tijdrelais met LCD-aanduiding, 1 module breed, universele spanning. Trappenlicht-tijdrelais met automatische herkenning van de aard van de schakeling en uitschakelverwittiging. Dimmer van 1 module breed. Impulsschakelaars met afvalvertraging en uitschakelverwittiging. 4-voudige impulsschakelaar. Zelflerend veldvrij schakelrelais. De NP-reeks met microcontroller en contactschakeling in de nuldoorgang. Elektronische monofasige kWh-tellers van 20 tot 65A.<\/p>\n<\/div><\/div><\/div><\/div><\/div><\/div>\n\n\n\n<div class=\"wp-block-cp-timeline-content-timeline-child swiper-slide\"><div class=\"timeline-content icon-false \"><div class=\"timeline-block-timeline ctl-row  position-right\"><div class=\"ctl-6 timeline-block-time\"><div class=\"story-time\"><p>2005\u20132007 <\/p><\/div><\/div><div class=\"timeline-block-icon\"><svg stroke=\"currentColor\" fill=\"currentColor\" stroke-width=\"0\" viewBox=\"0 0 512 512\" height=\"1em\" width=\"1em\" xmlns=\"http:\/\/www.w3.org\/2000\/svg\"><path d=\"M256 8C119 8 8 119 8 256s111 248 248 248 248-111 248-248S393 8 256 8z\"><\/path><\/svg><\/div><div class=\"ctl-6 timeline-block-detail\"><div class=\"story-details\"><div class=\"story-content\">\n<h3 class=\"wp-block-heading ctlb-block-title\" style=\"padding-top:0px;padding-right:0px;padding-bottom:0px;padding-left:0px\">Multifunctie tijdrelais met 18 functies<\/h3>\n\n\n\n<p class=\"ctlb-block-desc\" style=\"padding-top:0px;padding-right:0px;padding-bottom:0px;padding-left:0px\">Multifunctie impulsschakelaars en relais. Allemaal met universele stuurspanning en minimaal stand-by verlies. Elektronische driefasige kWh-tellers van slechts 4 modules breed. Universele dimmer met multifunctie en voor centrale bediening. De eerste microcontroller gestuurde elektronische impulsschakelaar met hybridetechnologie helemaal zonder stand-by verlies. Breedbereik voedingen met minimaal stand-by verlies. Schakeltoestellen met gepatenteerde Duplex-technologie.<\/p>\n<\/div><\/div><\/div><\/div><\/div><\/div>\n\n\n\n<div class=\"wp-block-cp-timeline-content-timeline-child swiper-slide\"><div class=\"timeline-content icon-false \"><div class=\"timeline-block-timeline ctl-row  position-left\"><div class=\"ctl-6 timeline-block-time\"><div class=\"story-time\"><p>2008\u20132017<\/p><\/div><\/div><div class=\"timeline-block-icon\"><svg stroke=\"currentColor\" fill=\"currentColor\" stroke-width=\"0\" viewBox=\"0 0 512 512\" height=\"1em\" width=\"1em\" xmlns=\"http:\/\/www.w3.org\/2000\/svg\"><path d=\"M256 8C119 8 8 119 8 256s111 248 248 248 248-111 248-248S393 8 256 8z\"><\/path><\/svg><\/div><div class=\"ctl-6 timeline-block-detail\"><div class=\"story-details\"><div class=\"story-content\">\n<h3 class=\"wp-block-heading ctlb-block-title\" style=\"padding-top:0px;padding-right:0px;padding-bottom:0px;padding-left:0px\">Eltako \u2013 Wireless technologie voor gebouwen<\/h3>\n\n\n\n<p class=\"ctlb-block-desc\" style=\"padding-top:0px;padding-right:0px;padding-bottom:0px;padding-left:0px\">Grenzeloze flexibiliteit en comfort bij installaties voor gebouwen.<br>Sensoren, actoren en controllers met de draadloze EnOcean-standaard. Dimmers en trappenlicht-tijdrelais geoptimaliseerd voor spaarlampen en LED-lampen. 2-kanaals Astro schakelklok met centrale sturing. Het E-design : schakelaars, drukknoppen, sensoren, kaders en toebehoren in het Eltako-design. De tap-radio \u2013 een nieuwe draadloze Eltako techniek voor gebouwen met Smart Home toepassingen.<\/p>\n<\/div><\/div><\/div><\/div><\/div><\/div>\n\n\n\n<div class=\"wp-block-cp-timeline-content-timeline-child swiper-slide\"><div class=\"timeline-content icon-false \"><div class=\"timeline-block-timeline ctl-row  position-right\"><div class=\"ctl-6 timeline-block-time\"><div class=\"story-time\"><p>2018<\/p><\/div><\/div><div class=\"timeline-block-icon\"><svg stroke=\"currentColor\" fill=\"currentColor\" stroke-width=\"0\" viewBox=\"0 0 512 512\" height=\"1em\" width=\"1em\" xmlns=\"http:\/\/www.w3.org\/2000\/svg\"><path d=\"M256 8C119 8 8 119 8 256s111 248 248 248 248-111 248-248S393 8 256 8z\"><\/path><\/svg><\/div><div class=\"ctl-6 timeline-block-detail\"><div class=\"story-details\"><div class=\"story-content\">\n<h3 class=\"wp-block-heading ctlb-block-title\" style=\"padding-top:0px;padding-right:0px;padding-bottom:0px;padding-left:0px\">Smart Home Professional \u2013 Het intelligente systeem voor gebouwen.<\/h3>\n\n\n\n<p class=\"ctlb-block-desc\" style=\"padding-top:0px;padding-right:0px;padding-bottom:0px;padding-left:0px\"><\/p>\n<\/div><\/div><\/div><\/div><\/div><\/div>\n<\/div><\/div><\/div><\/div>\n\n\n","protected":false},"excerpt":{"rendered":"","protected":false},"author":31,"featured_media":0,"parent":88430,"menu_order":5,"comment_status":"closed","ping_status":"closed","template":"","meta":{"_acf_changed":false,"footnotes":"","_links_to":"","_links_to_target":""},"class_list":["post-118481","page","type-page","status-publish","hentry"],"acf":[],"yoast_head":"<!-- This site is optimized with the Yoast SEO plugin v27.2 - https:\/\/yoast.com\/product\/yoast-seo-wordpress\/ -->\n<title>Geschiedenis &#187; Eltako<\/title>\n<meta name=\"robots\" content=\"index, follow, max-snippet:-1, max-image-preview:large, max-video-preview:-1\" \/>\n<link rel=\"canonical\" href=\"https:\/\/www.eltako.com\/be\/onderneming\/history\/\" \/>\n<meta property=\"og:locale\" content=\"nl_BE\" \/>\n<meta property=\"og:type\" content=\"article\" \/>\n<meta property=\"og:title\" content=\"Geschiedenis &#187; Eltako\" \/>\n<meta property=\"og:url\" content=\"https:\/\/www.eltako.com\/be\/onderneming\/history\/\" \/>\n<meta property=\"og:site_name\" content=\"Eltako\" \/>\n<meta property=\"article:modified_time\" content=\"2024-12-13T07:36:50+00:00\" \/>\n<meta name=\"twitter:card\" content=\"summary_large_image\" \/>\n<meta name=\"twitter:label1\" content=\"Geschatte leestijd\" \/>\n\t<meta name=\"twitter:data1\" content=\"2 minuten\" \/>\n<script type=\"application\/ld+json\" class=\"yoast-schema-graph\">{\"@context\":\"https:\/\/schema.org\",\"@graph\":[{\"@type\":\"WebPage\",\"@id\":\"https:\/\/www.eltako.com\/be\/onderneming\/history\/\",\"url\":\"https:\/\/www.eltako.com\/be\/onderneming\/history\/\",\"name\":\"Geschiedenis &#187; Eltako\",\"isPartOf\":{\"@id\":\"https:\/\/www.eltako.com\/en\/#website\"},\"datePublished\":\"2021-10-29T11:51:34+00:00\",\"dateModified\":\"2024-12-13T07:36:50+00:00\",\"breadcrumb\":{\"@id\":\"https:\/\/www.eltako.com\/be\/onderneming\/history\/#breadcrumb\"},\"inLanguage\":\"nl-BE\",\"potentialAction\":[{\"@type\":\"ReadAction\",\"target\":[\"https:\/\/www.eltako.com\/be\/onderneming\/history\/\"]}]},{\"@type\":\"BreadcrumbList\",\"@id\":\"https:\/\/www.eltako.com\/be\/onderneming\/history\/#breadcrumb\",\"itemListElement\":[{\"@type\":\"ListItem\",\"position\":1,\"name\":\"Home\",\"item\":\"https:\/\/www.eltako.com\/be\/\"},{\"@type\":\"ListItem\",\"position\":2,\"name\":\"Onderneming\",\"item\":\"https:\/\/www.eltako.com\/be\/onderneming\/\"},{\"@type\":\"ListItem\",\"position\":3,\"name\":\"Geschiedenis\"}]},{\"@type\":\"WebSite\",\"@id\":\"https:\/\/www.eltako.com\/en\/#website\",\"url\":\"https:\/\/www.eltako.com\/en\/\",\"name\":\"Eltako\",\"description\":\"Schaltger\u00e4te, Netzteile, Stromz\u00e4hler, Dimmer, Geb\u00e4udeinstallation, Steuerungstechnik, Smart Home-L\u00f6sungen, Geb\u00e4udefunk, EnOcean-Technologie\",\"potentialAction\":[{\"@type\":\"SearchAction\",\"target\":{\"@type\":\"EntryPoint\",\"urlTemplate\":\"https:\/\/www.eltako.com\/en\/?s={search_term_string}\"},\"query-input\":{\"@type\":\"PropertyValueSpecification\",\"valueRequired\":true,\"valueName\":\"search_term_string\"}}],\"inLanguage\":\"nl-BE\"}]}<\/script>\n<!-- \/ Yoast SEO plugin. -->","yoast_head_json":{"title":"Geschiedenis &#187; Eltako","robots":{"index":"index","follow":"follow","max-snippet":"max-snippet:-1","max-image-preview":"max-image-preview:large","max-video-preview":"max-video-preview:-1"},"canonical":"https:\/\/www.eltako.com\/be\/onderneming\/history\/","og_locale":"nl_BE","og_type":"article","og_title":"Geschiedenis &#187; Eltako","og_url":"https:\/\/www.eltako.com\/be\/onderneming\/history\/","og_site_name":"Eltako","article_modified_time":"2024-12-13T07:36:50+00:00","twitter_card":"summary_large_image","twitter_misc":{"Geschatte leestijd":"2 minuten"},"schema":{"@context":"https:\/\/schema.org","@graph":[{"@type":"WebPage","@id":"https:\/\/www.eltako.com\/be\/onderneming\/history\/","url":"https:\/\/www.eltako.com\/be\/onderneming\/history\/","name":"Geschiedenis &#187; Eltako","isPartOf":{"@id":"https:\/\/www.eltako.com\/en\/#website"},"datePublished":"2021-10-29T11:51:34+00:00","dateModified":"2024-12-13T07:36:50+00:00","breadcrumb":{"@id":"https:\/\/www.eltako.com\/be\/onderneming\/history\/#breadcrumb"},"inLanguage":"nl-BE","potentialAction":[{"@type":"ReadAction","target":["https:\/\/www.eltako.com\/be\/onderneming\/history\/"]}]},{"@type":"BreadcrumbList","@id":"https:\/\/www.eltako.com\/be\/onderneming\/history\/#breadcrumb","itemListElement":[{"@type":"ListItem","position":1,"name":"Home","item":"https:\/\/www.eltako.com\/be\/"},{"@type":"ListItem","position":2,"name":"Onderneming","item":"https:\/\/www.eltako.com\/be\/onderneming\/"},{"@type":"ListItem","position":3,"name":"Geschiedenis"}]},{"@type":"WebSite","@id":"https:\/\/www.eltako.com\/en\/#website","url":"https:\/\/www.eltako.com\/en\/","name":"Eltako","description":"Schaltger\u00e4te, Netzteile, Stromz\u00e4hler, Dimmer, Geb\u00e4udeinstallation, Steuerungstechnik, Smart Home-L\u00f6sungen, Geb\u00e4udefunk, EnOcean-Technologie","potentialAction":[{"@type":"SearchAction","target":{"@type":"EntryPoint","urlTemplate":"https:\/\/www.eltako.com\/en\/?s={search_term_string}"},"query-input":{"@type":"PropertyValueSpecification","valueRequired":true,"valueName":"search_term_string"}}],"inLanguage":"nl-BE"}]}},"_links":{"self":[{"href":"https:\/\/www.eltako.com\/be\/wp-json\/wp\/v2\/pages\/118481","targetHints":{"allow":["GET"]}}],"collection":[{"href":"https:\/\/www.eltako.com\/be\/wp-json\/wp\/v2\/pages"}],"about":[{"href":"https:\/\/www.eltako.com\/be\/wp-json\/wp\/v2\/types\/page"}],"author":[{"embeddable":true,"href":"https:\/\/www.eltako.com\/be\/wp-json\/wp\/v2\/users\/31"}],"replies":[{"embeddable":true,"href":"https:\/\/www.eltako.com\/be\/wp-json\/wp\/v2\/comments?post=118481"}],"version-history":[{"count":4,"href":"https:\/\/www.eltako.com\/be\/wp-json\/wp\/v2\/pages\/118481\/revisions"}],"predecessor-version":[{"id":143352,"href":"https:\/\/www.eltako.com\/be\/wp-json\/wp\/v2\/pages\/118481\/revisions\/143352"}],"up":[{"embeddable":true,"href":"https:\/\/www.eltako.com\/be\/wp-json\/wp\/v2\/pages\/88430"}],"wp:attachment":[{"href":"https:\/\/www.eltako.com\/be\/wp-json\/wp\/v2\/media?parent=118481"}],"curies":[{"name":"wp","href":"https:\/\/api.w.org\/{rel}","templated":true}]}}