{"id":118113,"date":"2022-09-28T16:35:11","date_gmt":"2022-09-28T14:35:11","guid":{"rendered":"https:\/\/www.eltako.com\/?page_id=118113"},"modified":"2022-09-28T17:10:54","modified_gmt":"2022-09-28T15:10:54","slug":"technische-fiches","status":"publish","type":"page","link":"https:\/\/www.eltako.com\/be\/service\/downloads-zone\/technische-fiches\/","title":{"rendered":"Technische fiches"},"content":{"rendered":"<div id=\"footable_parent_118121\"\n         class=\" footable_parent ninja_table_wrapper loading_ninja_table wp_table_data_press_parent bootstrap4 \">\n                <table data-ninja_table_instance=\"ninja_table_instance_0\" data-footable_id=\"118121\" data-filter-delay=\"1000\" aria-label=\"be_technische-fiches-imported-from-table-press\"            id=\"footable_118121\"\n           data-unique_identifier=\"ninja_table_unique_id_170101535_118121\"\n           class=\" foo-table ninja_footable foo_table_118121 ninja_table_unique_id_170101535_118121 table  nt_type_ajax_table table-striped table-bordered vertical_centered  footable-paging-right ninja_table_pro\">\n                <colgroup>\n                            <col class=\"ninja_column_0 \">\n                            <col class=\"ninja_column_1 \">\n                            <col class=\"ninja_column_2 \">\n                    <\/colgroup>\n            <\/table>\n    \n    \n    \n<\/div>\n\n","protected":false},"excerpt":{"rendered":"","protected":false},"author":31,"featured_media":0,"parent":117678,"menu_order":0,"comment_status":"closed","ping_status":"closed","template":"","meta":{"_acf_changed":false,"footnotes":"","_links_to":"","_links_to_target":""},"class_list":["post-118113","page","type-page","status-publish","hentry"],"acf":[],"yoast_head":"<!-- This site is optimized with the Yoast SEO plugin v27.2 - https:\/\/yoast.com\/product\/yoast-seo-wordpress\/ -->\n<title>Technische fiches &#187; Eltako<\/title>\n<meta name=\"robots\" content=\"index, follow, max-snippet:-1, max-image-preview:large, max-video-preview:-1\" \/>\n<link rel=\"canonical\" href=\"https:\/\/www.eltako.com\/be\/service\/downloads-zone\/technische-fiches\/\" \/>\n<meta property=\"og:locale\" content=\"nl_BE\" \/>\n<meta property=\"og:type\" content=\"article\" \/>\n<meta property=\"og:title\" content=\"Technische fiches &#187; Eltako\" \/>\n<meta property=\"og:url\" content=\"https:\/\/www.eltako.com\/be\/service\/downloads-zone\/technische-fiches\/\" \/>\n<meta property=\"og:site_name\" content=\"Eltako\" \/>\n<meta property=\"article:modified_time\" content=\"2022-09-28T15:10:54+00:00\" \/>\n<meta name=\"twitter:card\" content=\"summary_large_image\" \/>\n<meta name=\"twitter:label1\" content=\"Geschatte leestijd\" \/>\n\t<meta name=\"twitter:data1\" content=\"1 minuut\" \/>\n<script type=\"application\/ld+json\" class=\"yoast-schema-graph\">{\"@context\":\"https:\/\/schema.org\",\"@graph\":[{\"@type\":\"WebPage\",\"@id\":\"https:\/\/www.eltako.com\/be\/service\/downloads-zone\/technische-fiches\/\",\"url\":\"https:\/\/www.eltako.com\/be\/service\/downloads-zone\/technische-fiches\/\",\"name\":\"Technische fiches &#187; Eltako\",\"isPartOf\":{\"@id\":\"https:\/\/www.eltako.com\/en\/#website\"},\"datePublished\":\"2022-09-28T14:35:11+00:00\",\"dateModified\":\"2022-09-28T15:10:54+00:00\",\"breadcrumb\":{\"@id\":\"https:\/\/www.eltako.com\/be\/service\/downloads-zone\/technische-fiches\/#breadcrumb\"},\"inLanguage\":\"nl-BE\",\"potentialAction\":[{\"@type\":\"ReadAction\",\"target\":[\"https:\/\/www.eltako.com\/be\/service\/downloads-zone\/technische-fiches\/\"]}]},{\"@type\":\"BreadcrumbList\",\"@id\":\"https:\/\/www.eltako.com\/be\/service\/downloads-zone\/technische-fiches\/#breadcrumb\",\"itemListElement\":[{\"@type\":\"ListItem\",\"position\":1,\"name\":\"Home\",\"item\":\"https:\/\/www.eltako.com\/be\/\"},{\"@type\":\"ListItem\",\"position\":2,\"name\":\"Service\",\"item\":\"https:\/\/www.eltako.com\/be\/service\/\"},{\"@type\":\"ListItem\",\"position\":3,\"name\":\"Downloads\",\"item\":\"https:\/\/www.eltako.com\/be\/service\/downloads-zone\/\"},{\"@type\":\"ListItem\",\"position\":4,\"name\":\"Technische fiches\"}]},{\"@type\":\"WebSite\",\"@id\":\"https:\/\/www.eltako.com\/en\/#website\",\"url\":\"https:\/\/www.eltako.com\/en\/\",\"name\":\"Eltako\",\"description\":\"Schaltger\u00e4te, Netzteile, Stromz\u00e4hler, Dimmer, Geb\u00e4udeinstallation, Steuerungstechnik, Smart Home-L\u00f6sungen, Geb\u00e4udefunk, EnOcean-Technologie\",\"potentialAction\":[{\"@type\":\"SearchAction\",\"target\":{\"@type\":\"EntryPoint\",\"urlTemplate\":\"https:\/\/www.eltako.com\/en\/?s={search_term_string}\"},\"query-input\":{\"@type\":\"PropertyValueSpecification\",\"valueRequired\":true,\"valueName\":\"search_term_string\"}}],\"inLanguage\":\"nl-BE\"}]}<\/script>\n<!-- \/ Yoast SEO plugin. -->","yoast_head_json":{"title":"Technische fiches &#187; Eltako","robots":{"index":"index","follow":"follow","max-snippet":"max-snippet:-1","max-image-preview":"max-image-preview:large","max-video-preview":"max-video-preview:-1"},"canonical":"https:\/\/www.eltako.com\/be\/service\/downloads-zone\/technische-fiches\/","og_locale":"nl_BE","og_type":"article","og_title":"Technische fiches &#187; Eltako","og_url":"https:\/\/www.eltako.com\/be\/service\/downloads-zone\/technische-fiches\/","og_site_name":"Eltako","article_modified_time":"2022-09-28T15:10:54+00:00","twitter_card":"summary_large_image","twitter_misc":{"Geschatte leestijd":"1 minuut"},"schema":{"@context":"https:\/\/schema.org","@graph":[{"@type":"WebPage","@id":"https:\/\/www.eltako.com\/be\/service\/downloads-zone\/technische-fiches\/","url":"https:\/\/www.eltako.com\/be\/service\/downloads-zone\/technische-fiches\/","name":"Technische fiches &#187; Eltako","isPartOf":{"@id":"https:\/\/www.eltako.com\/en\/#website"},"datePublished":"2022-09-28T14:35:11+00:00","dateModified":"2022-09-28T15:10:54+00:00","breadcrumb":{"@id":"https:\/\/www.eltako.com\/be\/service\/downloads-zone\/technische-fiches\/#breadcrumb"},"inLanguage":"nl-BE","potentialAction":[{"@type":"ReadAction","target":["https:\/\/www.eltako.com\/be\/service\/downloads-zone\/technische-fiches\/"]}]},{"@type":"BreadcrumbList","@id":"https:\/\/www.eltako.com\/be\/service\/downloads-zone\/technische-fiches\/#breadcrumb","itemListElement":[{"@type":"ListItem","position":1,"name":"Home","item":"https:\/\/www.eltako.com\/be\/"},{"@type":"ListItem","position":2,"name":"Service","item":"https:\/\/www.eltako.com\/be\/service\/"},{"@type":"ListItem","position":3,"name":"Downloads","item":"https:\/\/www.eltako.com\/be\/service\/downloads-zone\/"},{"@type":"ListItem","position":4,"name":"Technische fiches"}]},{"@type":"WebSite","@id":"https:\/\/www.eltako.com\/en\/#website","url":"https:\/\/www.eltako.com\/en\/","name":"Eltako","description":"Schaltger\u00e4te, Netzteile, Stromz\u00e4hler, Dimmer, Geb\u00e4udeinstallation, Steuerungstechnik, Smart Home-L\u00f6sungen, Geb\u00e4udefunk, EnOcean-Technologie","potentialAction":[{"@type":"SearchAction","target":{"@type":"EntryPoint","urlTemplate":"https:\/\/www.eltako.com\/en\/?s={search_term_string}"},"query-input":{"@type":"PropertyValueSpecification","valueRequired":true,"valueName":"search_term_string"}}],"inLanguage":"nl-BE"}]}},"_links":{"self":[{"href":"https:\/\/www.eltako.com\/be\/wp-json\/wp\/v2\/pages\/118113","targetHints":{"allow":["GET"]}}],"collection":[{"href":"https:\/\/www.eltako.com\/be\/wp-json\/wp\/v2\/pages"}],"about":[{"href":"https:\/\/www.eltako.com\/be\/wp-json\/wp\/v2\/types\/page"}],"author":[{"embeddable":true,"href":"https:\/\/www.eltako.com\/be\/wp-json\/wp\/v2\/users\/31"}],"replies":[{"embeddable":true,"href":"https:\/\/www.eltako.com\/be\/wp-json\/wp\/v2\/comments?post=118113"}],"version-history":[{"count":4,"href":"https:\/\/www.eltako.com\/be\/wp-json\/wp\/v2\/pages\/118113\/revisions"}],"predecessor-version":[{"id":118123,"href":"https:\/\/www.eltako.com\/be\/wp-json\/wp\/v2\/pages\/118113\/revisions\/118123"}],"up":[{"embeddable":true,"href":"https:\/\/www.eltako.com\/be\/wp-json\/wp\/v2\/pages\/117678"}],"wp:attachment":[{"href":"https:\/\/www.eltako.com\/be\/wp-json\/wp\/v2\/media?parent=118113"}],"curies":[{"name":"wp","href":"https:\/\/api.w.org\/{rel}","templated":true}]}}