{"id":114027,"date":"2022-09-06T13:02:44","date_gmt":"2022-09-06T11:02:44","guid":{"rendered":"https:\/\/www.eltako.com\/eltako-mobiel\/"},"modified":"2022-09-22T16:17:19","modified_gmt":"2022-09-22T14:17:19","slug":"eltako-mobiel","status":"publish","type":"page","link":"https:\/\/www.eltako.com\/be\/eltako-mobiel\/","title":{"rendered":"Eltako-mobiel"},"content":{"rendered":"\n<p><\/p>\n\n<h1 class=\"font-weight-bold responsive-font has-text-color wp-block-heading\" id=\"endlich-ist-er-da-elmo-unser-zweiter-messeanhanger\" style=\"color:#2364af;font-size:80px\"><strong>Eindelijk is hij daar: <\/strong><br\/>ELMO &#8211; <strong>onze tweede beurstrailer! <\/strong> <\/h1>\n\n<div style=\"height:40px\" aria-hidden=\"true\" class=\"wp-block-spacer\"><\/div>\n\n<p class=\"has-medium-font-size\">De zogenaamde Eltako mobiel dient ter ondersteuning van onze medewerkers in Scandinavi\u00eb. Deze maand maakt hij voor de eerste keer een grote rondrit door Zweden, de route ziet u op de kaart hieronder. <\/p>\n\n<p class=\"has-medium-font-size\">Op speelse wijze zullen klanten een indruk krijgen van een Eltako Smart Home en reeds de eerste functies kunnen uitproberen. <\/p>\n\n<div style=\"height:40px\" aria-hidden=\"true\" class=\"wp-block-spacer\"><\/div>\n  \r\n  <div class=\"cd-product-wrapper el-mo-class\">\r\n    <img decoding=\"async\" src=\"https:\/\/www.eltako.com\/wp-content\/uploads\/2021\/09\/points.jpg\" id=\"home\" class=\"w-100\" alt=\"\" width=\"1288\" height=\"610\">\r\n    <ul class=\"list-unstyled\">\r\n    \r\n          <li class=\"cd-single-point\">\r\n        <a class=\"cd-img-replace\" href=\"#0\">Mehr<\/a>\r\n        <div class=\"cd-more-info cd-left\" style=\"margin-top:13px !important;\">\r\n          <h2>Veranda:<\/h2>\r\n          <p class=\"pt-3\">\r\n            In de kleine voortuin ervaart u de veelzijdigheid van onze producten voor buitenmontage. Met bijvoorbeeld onze draadloze buitensirene, een contactdoos voor buitenopstelling en intelligente tuinverlichting.          <\/p>\r\n          <a href=\"#0\" class=\"cd-close-info cd-img-replace\">Schliessen<\/a>\r\n        <\/div>\r\n      <\/li>\r\n          <li class=\"cd-single-point\">\r\n        <a class=\"cd-img-replace\" href=\"#0\">Mehr<\/a>\r\n        <div class=\"cd-more-info cd-left\" style=\"margin-top:13px !important;\">\r\n          <h2>Kamers:<\/h2>\r\n          <p class=\"pt-3\">\r\n            Achter de wand die u hier kan zien, wachten nog 2 kamers, om door u ontdekt te worden! Misschien ontdekt u de slaapkamer en woonkamer in \u00e9\u00e9n van onze volgende posts op onze sociale media.          <\/p>\r\n          <a href=\"#0\" class=\"cd-close-info cd-img-replace\">Schliessen<\/a>\r\n        <\/div>\r\n      <\/li>\r\n          <li class=\"cd-single-point\">\r\n        <a class=\"cd-img-replace\" href=\"#0\">Mehr<\/a>\r\n        <div class=\"cd-more-info cd-left\" style=\"margin-top:13px !important;\">\r\n          <h2>Werkruimte:<\/h2>\r\n          <p class=\"pt-3\">\r\n            In de \u2018smart\u2019 ingerichte bijkeuken is er een watersensor, die gebruikt wordt om een gebroken waterleiding of een lekkende wasmachine zo snel mogelijk te detecteren en te melden, een bewegingsmelder en de nieuwe MiniSafe2.          <\/p>\r\n          <a href=\"#0\" class=\"cd-close-info cd-img-replace\">Schliessen<\/a>\r\n        <\/div>\r\n      <\/li>\r\n        \r\n    <\/ul>\r\n  <\/div>\r\n  \r\n  \n\n<p class=\"has-medium-font-size\">De Smart Home-trailer is opgebouwd als een miniatuurhuis. Men herkent er 4 kamers en een veranda met een voortuintje. Daarin zijn diverse toestellen uit onze Professional Smart Home reeks verwerkt. Zo onder andere onze Eltako OnWall waarmee de ge\u00efnteresseerden live de sturing van een totale woning over \u00e9\u00e9n centrale kunnen beleven en testen.. <\/p>\n\n<div style=\"height:40px\" aria-hidden=\"true\" class=\"wp-block-spacer\"><\/div>\n\n<figure class=\"wp-block-image size-large\"><img decoding=\"async\" width=\"1024\" height=\"683\" src=\"https:\/\/betax923lb8kd7v0.eltako.de\/wp-content\/uploads\/2021\/10\/Einzelne-Bilder3-Deutsch-2-1024x683.jpg\" alt=\"\" class=\"wp-image-24780\" srcset=\"https:\/\/www.eltako.com\/wp-content\/uploads\/2021\/10\/Einzelne-Bilder3-Deutsch-2-1024x683.jpg 1024w, https:\/\/www.eltako.com\/wp-content\/uploads\/2021\/10\/Einzelne-Bilder3-Deutsch-2-300x200.jpg 300w, https:\/\/www.eltako.com\/wp-content\/uploads\/2021\/10\/Einzelne-Bilder3-Deutsch-2-768x512.jpg 768w, https:\/\/www.eltako.com\/wp-content\/uploads\/2021\/10\/Einzelne-Bilder3-Deutsch-2-1536x1024.jpg 1536w, https:\/\/www.eltako.com\/wp-content\/uploads\/2021\/10\/Einzelne-Bilder3-Deutsch-2-600x400.jpg 600w, https:\/\/www.eltako.com\/wp-content\/uploads\/2021\/10\/Einzelne-Bilder3-Deutsch-2.jpg 1900w\" sizes=\"(max-width: 1024px) 100vw, 1024px\" \/><\/figure>\n\n<div style=\"height:40px\" aria-hidden=\"true\" class=\"wp-block-spacer\"><\/div>\n\n <div class=\"brlbs-cmpnt-container brlbs-cmpnt-content-blocker brlbs-cmpnt-with-individual-styles\" data-borlabs-cookie-content-blocker-id=\"youtube-content-blocker\" data-borlabs-cookie-content=\"PGlmcmFtZSB3aWR0aD0iMTAwJSIgaGVpZ2h0PSI1MTUiIHNyYz0iaHR0cHM6Ly93d3cueW91dHViZS1ub2Nvb2tpZS5jb20vZW1iZWQvTUU1ZG8xNm82QWciIHRpdGxlPSJZb3VUdWJlIHZpZGVvIHBsYXllciIgZnJhbWVib3JkZXI9IjAiIGFsbG93PSJhY2NlbGVyb21ldGVyOyBhdXRvcGxheTsgY2xpcGJvYXJkLXdyaXRlOyBlbmNyeXB0ZWQtbWVkaWE7IGd5cm9zY29wZTsgcGljdHVyZS1pbi1waWN0dXJlIiBhbGxvd2Z1bGxzY3JlZW49IiI+PC9pZnJhbWU+\"><div class=\"brlbs-cmpnt-cb-preset-c brlbs-cmpnt-cb-youtube\"> <div class=\"brlbs-cmpnt-cb-thumbnail\" style=\"background-image: url('https:\/\/www.eltako.com\/wp-content\/uploads\/borlabs-cookie\/1\/yt_ME5do16o6Ag_hqdefault.jpg')\"><\/div> <div class=\"brlbs-cmpnt-cb-main\"> <div class=\"brlbs-cmpnt-cb-play-button\"><\/div> <div class=\"brlbs-cmpnt-cb-content\"> <p class=\"brlbs-cmpnt-cb-description\">You are currently viewing a placeholder content from <strong>YouTube<\/strong>. To access the actual content, click the button below. Please note that doing so will share data with third-party providers.<\/p> <a class=\"brlbs-cmpnt-cb-provider-toggle\" href=\"#\" data-borlabs-cookie-show-provider-information role=\"button\">More Information<\/a> <\/div> <div class=\"brlbs-cmpnt-cb-buttons\"> <a class=\"brlbs-cmpnt-cb-btn\" href=\"#\" data-borlabs-cookie-unblock role=\"button\">Unblock content<\/a> <a class=\"brlbs-cmpnt-cb-btn\" href=\"#\" data-borlabs-cookie-accept-service role=\"button\" style=\"display: inherit\">Accept required service and unblock content<\/a> <\/div> <\/div> <\/div><\/div>\n\n<div style=\"height:50px\" aria-hidden=\"true\" class=\"wp-block-spacer\"><\/div>\n","protected":false},"excerpt":{"rendered":"<p>Eindelijk is hij daar: ELMO &#8211; onze tweede beurstrailer! De zogenaamde Eltako mobiel dient ter ondersteuning van onze medewerkers in Scandinavi\u00eb. Deze maand maakt hij voor de eerste keer een grote rondrit door Zweden, de route ziet u op de kaart hieronder. Op speelse wijze zullen klanten een indruk krijgen van een Eltako Smart Home [&hellip;]<\/p>\n","protected":false},"author":31,"featured_media":110997,"parent":0,"menu_order":0,"comment_status":"closed","ping_status":"closed","template":"templates\/elmo-landingpage.php","meta":{"_acf_changed":false,"footnotes":"","_links_to":"","_links_to_target":""},"class_list":["post-114027","page","type-page","status-publish","has-post-thumbnail","hentry"],"acf":[],"yoast_head":"<!-- This site is optimized with the Yoast SEO plugin v27.2 - https:\/\/yoast.com\/product\/yoast-seo-wordpress\/ -->\n<title>Eltako-mobiel &#187; Eltako<\/title>\n<meta name=\"robots\" content=\"index, follow, max-snippet:-1, max-image-preview:large, max-video-preview:-1\" \/>\n<link rel=\"canonical\" href=\"https:\/\/www.eltako.com\/be\/eltako-mobiel\/\" \/>\n<meta property=\"og:locale\" content=\"nl_BE\" \/>\n<meta property=\"og:type\" content=\"article\" \/>\n<meta property=\"og:title\" content=\"Eltako-mobiel &#187; Eltako\" \/>\n<meta property=\"og:description\" content=\"Eindelijk is hij daar: ELMO &#8211; onze tweede beurstrailer! De zogenaamde Eltako mobiel dient ter ondersteuning van onze medewerkers in Scandinavi\u00eb. Deze maand maakt hij voor de eerste keer een grote rondrit door Zweden, de route ziet u op de kaart hieronder. Op speelse wijze zullen klanten een indruk krijgen van een Eltako Smart Home [&hellip;]\" \/>\n<meta property=\"og:url\" content=\"https:\/\/www.eltako.com\/be\/eltako-mobiel\/\" \/>\n<meta property=\"og:site_name\" content=\"Eltako\" \/>\n<meta property=\"article:modified_time\" content=\"2022-09-22T14:17:19+00:00\" \/>\n<meta property=\"og:image\" content=\"https:\/\/www.eltako.com\/wp-content\/uploads\/2021\/09\/messe.jpg\" \/>\n\t<meta property=\"og:image:width\" content=\"1920\" \/>\n\t<meta property=\"og:image:height\" content=\"699\" \/>\n\t<meta property=\"og:image:type\" content=\"image\/jpeg\" \/>\n<meta name=\"twitter:card\" content=\"summary_large_image\" \/>\n<meta name=\"twitter:label1\" content=\"Geschatte leestijd\" \/>\n\t<meta name=\"twitter:data1\" content=\"1 minuut\" \/>\n<script type=\"application\/ld+json\" class=\"yoast-schema-graph\">{\"@context\":\"https:\/\/schema.org\",\"@graph\":[{\"@type\":\"WebPage\",\"@id\":\"https:\/\/www.eltako.com\/be\/eltako-mobiel\/\",\"url\":\"https:\/\/www.eltako.com\/be\/eltako-mobiel\/\",\"name\":\"Eltako-mobiel &#187; Eltako\",\"isPartOf\":{\"@id\":\"https:\/\/www.eltako.com\/en\/#website\"},\"primaryImageOfPage\":{\"@id\":\"https:\/\/www.eltako.com\/be\/eltako-mobiel\/#primaryimage\"},\"image\":{\"@id\":\"https:\/\/www.eltako.com\/be\/eltako-mobiel\/#primaryimage\"},\"thumbnailUrl\":\"https:\/\/www.eltako.com\/wp-content\/uploads\/2021\/09\/messe.jpg\",\"datePublished\":\"2022-09-06T11:02:44+00:00\",\"dateModified\":\"2022-09-22T14:17:19+00:00\",\"breadcrumb\":{\"@id\":\"https:\/\/www.eltako.com\/be\/eltako-mobiel\/#breadcrumb\"},\"inLanguage\":\"nl-BE\",\"potentialAction\":[{\"@type\":\"ReadAction\",\"target\":[\"https:\/\/www.eltako.com\/be\/eltako-mobiel\/\"]}]},{\"@type\":\"ImageObject\",\"inLanguage\":\"nl-BE\",\"@id\":\"https:\/\/www.eltako.com\/be\/eltako-mobiel\/#primaryimage\",\"url\":\"https:\/\/www.eltako.com\/wp-content\/uploads\/2021\/09\/messe.jpg\",\"contentUrl\":\"https:\/\/www.eltako.com\/wp-content\/uploads\/2021\/09\/messe.jpg\",\"width\":1920,\"height\":699},{\"@type\":\"BreadcrumbList\",\"@id\":\"https:\/\/www.eltako.com\/be\/eltako-mobiel\/#breadcrumb\",\"itemListElement\":[{\"@type\":\"ListItem\",\"position\":1,\"name\":\"Home\",\"item\":\"https:\/\/www.eltako.com\/be\/\"},{\"@type\":\"ListItem\",\"position\":2,\"name\":\"Eltako-mobiel\"}]},{\"@type\":\"WebSite\",\"@id\":\"https:\/\/www.eltako.com\/en\/#website\",\"url\":\"https:\/\/www.eltako.com\/en\/\",\"name\":\"Eltako\",\"description\":\"Schaltger\u00e4te, Netzteile, Stromz\u00e4hler, Dimmer, Geb\u00e4udeinstallation, Steuerungstechnik, Smart Home-L\u00f6sungen, Geb\u00e4udefunk, EnOcean-Technologie\",\"potentialAction\":[{\"@type\":\"SearchAction\",\"target\":{\"@type\":\"EntryPoint\",\"urlTemplate\":\"https:\/\/www.eltako.com\/en\/?s={search_term_string}\"},\"query-input\":{\"@type\":\"PropertyValueSpecification\",\"valueRequired\":true,\"valueName\":\"search_term_string\"}}],\"inLanguage\":\"nl-BE\"}]}<\/script>\n<!-- \/ Yoast SEO plugin. -->","yoast_head_json":{"title":"Eltako-mobiel &#187; Eltako","robots":{"index":"index","follow":"follow","max-snippet":"max-snippet:-1","max-image-preview":"max-image-preview:large","max-video-preview":"max-video-preview:-1"},"canonical":"https:\/\/www.eltako.com\/be\/eltako-mobiel\/","og_locale":"nl_BE","og_type":"article","og_title":"Eltako-mobiel &#187; Eltako","og_description":"Eindelijk is hij daar: ELMO &#8211; onze tweede beurstrailer! De zogenaamde Eltako mobiel dient ter ondersteuning van onze medewerkers in Scandinavi\u00eb. Deze maand maakt hij voor de eerste keer een grote rondrit door Zweden, de route ziet u op de kaart hieronder. Op speelse wijze zullen klanten een indruk krijgen van een Eltako Smart Home [&hellip;]","og_url":"https:\/\/www.eltako.com\/be\/eltako-mobiel\/","og_site_name":"Eltako","article_modified_time":"2022-09-22T14:17:19+00:00","og_image":[{"width":1920,"height":699,"url":"https:\/\/www.eltako.com\/wp-content\/uploads\/2021\/09\/messe.jpg","type":"image\/jpeg"}],"twitter_card":"summary_large_image","twitter_misc":{"Geschatte leestijd":"1 minuut"},"schema":{"@context":"https:\/\/schema.org","@graph":[{"@type":"WebPage","@id":"https:\/\/www.eltako.com\/be\/eltako-mobiel\/","url":"https:\/\/www.eltako.com\/be\/eltako-mobiel\/","name":"Eltako-mobiel &#187; Eltako","isPartOf":{"@id":"https:\/\/www.eltako.com\/en\/#website"},"primaryImageOfPage":{"@id":"https:\/\/www.eltako.com\/be\/eltako-mobiel\/#primaryimage"},"image":{"@id":"https:\/\/www.eltako.com\/be\/eltako-mobiel\/#primaryimage"},"thumbnailUrl":"https:\/\/www.eltako.com\/wp-content\/uploads\/2021\/09\/messe.jpg","datePublished":"2022-09-06T11:02:44+00:00","dateModified":"2022-09-22T14:17:19+00:00","breadcrumb":{"@id":"https:\/\/www.eltako.com\/be\/eltako-mobiel\/#breadcrumb"},"inLanguage":"nl-BE","potentialAction":[{"@type":"ReadAction","target":["https:\/\/www.eltako.com\/be\/eltako-mobiel\/"]}]},{"@type":"ImageObject","inLanguage":"nl-BE","@id":"https:\/\/www.eltako.com\/be\/eltako-mobiel\/#primaryimage","url":"https:\/\/www.eltako.com\/wp-content\/uploads\/2021\/09\/messe.jpg","contentUrl":"https:\/\/www.eltako.com\/wp-content\/uploads\/2021\/09\/messe.jpg","width":1920,"height":699},{"@type":"BreadcrumbList","@id":"https:\/\/www.eltako.com\/be\/eltako-mobiel\/#breadcrumb","itemListElement":[{"@type":"ListItem","position":1,"name":"Home","item":"https:\/\/www.eltako.com\/be\/"},{"@type":"ListItem","position":2,"name":"Eltako-mobiel"}]},{"@type":"WebSite","@id":"https:\/\/www.eltako.com\/en\/#website","url":"https:\/\/www.eltako.com\/en\/","name":"Eltako","description":"Schaltger\u00e4te, Netzteile, Stromz\u00e4hler, Dimmer, Geb\u00e4udeinstallation, Steuerungstechnik, Smart Home-L\u00f6sungen, Geb\u00e4udefunk, EnOcean-Technologie","potentialAction":[{"@type":"SearchAction","target":{"@type":"EntryPoint","urlTemplate":"https:\/\/www.eltako.com\/en\/?s={search_term_string}"},"query-input":{"@type":"PropertyValueSpecification","valueRequired":true,"valueName":"search_term_string"}}],"inLanguage":"nl-BE"}]}},"_links":{"self":[{"href":"https:\/\/www.eltako.com\/be\/wp-json\/wp\/v2\/pages\/114027","targetHints":{"allow":["GET"]}}],"collection":[{"href":"https:\/\/www.eltako.com\/be\/wp-json\/wp\/v2\/pages"}],"about":[{"href":"https:\/\/www.eltako.com\/be\/wp-json\/wp\/v2\/types\/page"}],"author":[{"embeddable":true,"href":"https:\/\/www.eltako.com\/be\/wp-json\/wp\/v2\/users\/31"}],"replies":[{"embeddable":true,"href":"https:\/\/www.eltako.com\/be\/wp-json\/wp\/v2\/comments?post=114027"}],"version-history":[{"count":2,"href":"https:\/\/www.eltako.com\/be\/wp-json\/wp\/v2\/pages\/114027\/revisions"}],"predecessor-version":[{"id":117367,"href":"https:\/\/www.eltako.com\/be\/wp-json\/wp\/v2\/pages\/114027\/revisions\/117367"}],"wp:featuredmedia":[{"embeddable":true,"href":"https:\/\/www.eltako.com\/be\/wp-json\/wp\/v2\/media\/110997"}],"wp:attachment":[{"href":"https:\/\/www.eltako.com\/be\/wp-json\/wp\/v2\/media?parent=114027"}],"curies":[{"name":"wp","href":"https:\/\/api.w.org\/{rel}","templated":true}]}}