{"id":72654,"date":"2020-10-09T10:21:25","date_gmt":"2020-10-09T08:21:25","guid":{"rendered":"https:\/\/prod.wxccizj.de\/unternehmen\/karriere\/"},"modified":"2025-03-20T11:55:58","modified_gmt":"2025-03-20T10:55:58","slug":"karriere","status":"publish","type":"page","link":"https:\/\/www.eltako.com\/at\/unternehmen\/karriere\/","title":{"rendered":"Karriere"},"content":{"rendered":"\n<h2 class=\"wp-block-heading\">ELTAKO als Arbeitgeber &#8211; Deine Karriere bei uns!<\/h2>\n\n\n\n<div style=\"height:32px\" aria-hidden=\"true\" class=\"wp-block-spacer\"><\/div>\n\n\n\n<div class=\"wp-block-columns is-layout-flex wp-container-core-columns-is-layout-9d6595d7 wp-block-columns-is-layout-flex\">\n<div class=\"wp-block-column is-layout-flow wp-block-column-is-layout-flow\"><\/div>\n\n\n\n<div class=\"wp-block-column is-layout-flow wp-block-column-is-layout-flow\">\n<a href=\"https:\/\/jobs.eltako.com\/de\" target=\"_blank\" class=\"text-uppercase font-weight-bold btn text-white p-3 mt-1 mb-1 w-100\" style=\"background : #016db7; font-size:20px\" rel=\"noopener\">Zur Bewerber Plattform<\/a>\n<\/div>\n\n\n\n<div class=\"wp-block-column is-layout-flow wp-block-column-is-layout-flow\"><\/div>\n<\/div>\n\n\n\n<h3 class=\"wp-block-heading\"><strong>\u00dcber&nbsp;Uns:<\/strong><\/h3>\n\n\n\n<p><\/p>\n\n\n\n<div style=\"height:20px\" aria-hidden=\"true\" class=\"wp-block-spacer\"><\/div>\n\n\n\n<h4 class=\"wp-block-heading\">Wir bei&nbsp;<strong>ELTAKO<\/strong>&nbsp;haben ein gemeinsames Ziel: Aus jedem Home ein Smart Home zu machen. Unser Erfolgsrezept daf\u00fcr? Ganz klar unsere \u00fcber 135 Mitarbeiter in ganz Europa, die jeden Tag ihr Herzblut in ihre Arbeit stecken. Mit den innovativen und kreativen Ideen unserer Mitarbeiter und mehr als 75 Jahren Erfahrung stehen wir f\u00fcr h\u00f6chste Kompetenz und Qualit\u00e4t, was die Entwicklung innovativer Produkte f\u00fcr die Geb\u00e4udeinstallation und Steuerungstechnik angeht.<\/h4>\n\n\n\n<div style=\"height:20px\" aria-hidden=\"true\" class=\"wp-block-spacer\"><\/div>\n\n\n\n<h3 class=\"wp-block-heading\"><strong>\u00dcber Dich:<\/strong><\/h3>\n\n\n\n<div style=\"height:20px\" aria-hidden=\"true\" class=\"wp-block-spacer\"><\/div>\n\n\n\n<h4 class=\"wp-block-heading\">Du hast keine Angst vor neuen Aufgaben, arbeitest gerne im Team und brennst f\u00fcr deine Arbeit? Dann w\u00fcrden wir uns freuen, dich zuk\u00fcnftig bei uns willkommen zu hei\u00dfen.&nbsp;<\/h4>\n\n\n\n<h4 class=\"wp-block-heading\">Als Mitglied von ELTAKO erwarten dich spannende Projekte, herzliche Menschen und unendlich viele M\u00f6glichkeiten.\u00a0<\/h4>\n\n\n\n<h4 class=\"wp-block-heading\">Neben&nbsp;unseren Festangestellten&nbsp;bieten wir auch Platz f\u00fcr Werkstudenten und&nbsp;zudem&nbsp;regelm\u00e4\u00dfig&nbsp;Praktikumspl\u00e4tze&nbsp;an.&nbsp;<\/h4>\n\n\n\n<h4 class=\"wp-block-heading\">K\u00f6nnen wir dir gerade nicht die offene Vakanz anbieten, welche dich anspricht? Macht nichts, bewirb dich initiativ \u2013 wir sind immer an guten Mitarbeitern interessiert!&nbsp;<\/h4>\n\n\n\n<h5 class=\"wp-block-heading\"><\/h5>\n","protected":false},"excerpt":{"rendered":"<p>ELTAKO als Arbeitgeber &#8211; Deine Karriere bei uns! Zur Bewerber Plattform \u00dcber&nbsp;Uns: Wir bei&nbsp;ELTAKO&nbsp;haben ein gemeinsames Ziel: Aus jedem Home ein Smart Home zu machen. Unser Erfolgsrezept daf\u00fcr? Ganz klar unsere \u00fcber 135 Mitarbeiter in ganz Europa, die jeden Tag ihr Herzblut in ihre Arbeit stecken. Mit den innovativen und kreativen Ideen unserer Mitarbeiter und [&hellip;]<\/p>\n","protected":false},"author":31,"featured_media":60902,"parent":72555,"menu_order":6,"comment_status":"closed","ping_status":"closed","template":"","meta":{"_acf_changed":false,"footnotes":"","_links_to":"","_links_to_target":""},"class_list":["post-72654","page","type-page","status-publish","has-post-thumbnail","hentry"],"acf":[],"yoast_head":"<!-- This site is optimized with the Yoast SEO plugin v27.2 - https:\/\/yoast.com\/product\/yoast-seo-wordpress\/ -->\n<title>Karriere &#187; Eltako<\/title>\n<meta name=\"robots\" content=\"index, follow, max-snippet:-1, max-image-preview:large, max-video-preview:-1\" \/>\n<link rel=\"canonical\" href=\"https:\/\/www.eltako.com\/at\/unternehmen\/karriere\/\" \/>\n<meta property=\"og:locale\" content=\"en_US\" \/>\n<meta property=\"og:type\" content=\"article\" \/>\n<meta property=\"og:title\" content=\"Karriere &#187; Eltako\" \/>\n<meta property=\"og:description\" content=\"ELTAKO als Arbeitgeber &#8211; Deine Karriere bei uns! Zur Bewerber Plattform \u00dcber&nbsp;Uns: Wir bei&nbsp;ELTAKO&nbsp;haben ein gemeinsames Ziel: Aus jedem Home ein Smart Home zu machen. Unser Erfolgsrezept daf\u00fcr? Ganz klar unsere \u00fcber 135 Mitarbeiter in ganz Europa, die jeden Tag ihr Herzblut in ihre Arbeit stecken. Mit den innovativen und kreativen Ideen unserer Mitarbeiter und [&hellip;]\" \/>\n<meta property=\"og:url\" content=\"https:\/\/www.eltako.com\/at\/unternehmen\/karriere\/\" \/>\n<meta property=\"og:site_name\" content=\"Eltako\" \/>\n<meta property=\"article:modified_time\" content=\"2025-03-20T10:55:58+00:00\" \/>\n<meta property=\"og:image\" content=\"https:\/\/www.eltako.com\/wp-content\/uploads\/2020\/10\/Karriere-Website-NEU-scaled.jpg\" \/>\n\t<meta property=\"og:image:width\" content=\"1920\" \/>\n\t<meta property=\"og:image:height\" content=\"1280\" \/>\n\t<meta property=\"og:image:type\" content=\"image\/jpeg\" \/>\n<meta name=\"twitter:card\" content=\"summary_large_image\" \/>\n<meta name=\"twitter:label1\" content=\"Est. reading time\" \/>\n\t<meta name=\"twitter:data1\" content=\"2 minutes\" \/>\n<script type=\"application\/ld+json\" class=\"yoast-schema-graph\">{\"@context\":\"https:\/\/schema.org\",\"@graph\":[{\"@type\":\"WebPage\",\"@id\":\"https:\/\/www.eltako.com\/at\/unternehmen\/karriere\/\",\"url\":\"https:\/\/www.eltako.com\/at\/unternehmen\/karriere\/\",\"name\":\"Karriere &#187; Eltako\",\"isPartOf\":{\"@id\":\"https:\/\/www.eltako.com\/en\/#website\"},\"primaryImageOfPage\":{\"@id\":\"https:\/\/www.eltako.com\/at\/unternehmen\/karriere\/#primaryimage\"},\"image\":{\"@id\":\"https:\/\/www.eltako.com\/at\/unternehmen\/karriere\/#primaryimage\"},\"thumbnailUrl\":\"https:\/\/www.eltako.com\/wp-content\/uploads\/2020\/10\/Karriere-Website-NEU-scaled.jpg\",\"datePublished\":\"2020-10-09T08:21:25+00:00\",\"dateModified\":\"2025-03-20T10:55:58+00:00\",\"breadcrumb\":{\"@id\":\"https:\/\/www.eltako.com\/at\/unternehmen\/karriere\/#breadcrumb\"},\"inLanguage\":\"at-AT\",\"potentialAction\":[{\"@type\":\"ReadAction\",\"target\":[\"https:\/\/www.eltako.com\/at\/unternehmen\/karriere\/\"]}]},{\"@type\":\"ImageObject\",\"inLanguage\":\"at-AT\",\"@id\":\"https:\/\/www.eltako.com\/at\/unternehmen\/karriere\/#primaryimage\",\"url\":\"https:\/\/www.eltako.com\/wp-content\/uploads\/2020\/10\/Karriere-Website-NEU-scaled.jpg\",\"contentUrl\":\"https:\/\/www.eltako.com\/wp-content\/uploads\/2020\/10\/Karriere-Website-NEU-scaled.jpg\",\"width\":1920,\"height\":1280,\"caption\":\"Business people handshake, sitting at the table .\"},{\"@type\":\"BreadcrumbList\",\"@id\":\"https:\/\/www.eltako.com\/at\/unternehmen\/karriere\/#breadcrumb\",\"itemListElement\":[{\"@type\":\"ListItem\",\"position\":1,\"name\":\"Home\",\"item\":\"https:\/\/www.eltako.com\/at\/\"},{\"@type\":\"ListItem\",\"position\":2,\"name\":\"Unternehmen\",\"item\":\"https:\/\/www.eltako.com\/at\/unternehmen\/\"},{\"@type\":\"ListItem\",\"position\":3,\"name\":\"Karriere\"}]},{\"@type\":\"WebSite\",\"@id\":\"https:\/\/www.eltako.com\/en\/#website\",\"url\":\"https:\/\/www.eltako.com\/en\/\",\"name\":\"Eltako\",\"description\":\"Schaltger\u00e4te, Netzteile, Stromz\u00e4hler, Dimmer, Geb\u00e4udeinstallation, Steuerungstechnik, Smart Home-L\u00f6sungen, Geb\u00e4udefunk, EnOcean-Technologie\",\"potentialAction\":[{\"@type\":\"SearchAction\",\"target\":{\"@type\":\"EntryPoint\",\"urlTemplate\":\"https:\/\/www.eltako.com\/en\/?s={search_term_string}\"},\"query-input\":{\"@type\":\"PropertyValueSpecification\",\"valueRequired\":true,\"valueName\":\"search_term_string\"}}],\"inLanguage\":\"at-AT\"}]}<\/script>\n<!-- \/ Yoast SEO plugin. -->","yoast_head_json":{"title":"Karriere &#187; Eltako","robots":{"index":"index","follow":"follow","max-snippet":"max-snippet:-1","max-image-preview":"max-image-preview:large","max-video-preview":"max-video-preview:-1"},"canonical":"https:\/\/www.eltako.com\/at\/unternehmen\/karriere\/","og_locale":"en_US","og_type":"article","og_title":"Karriere &#187; Eltako","og_description":"ELTAKO als Arbeitgeber &#8211; Deine Karriere bei uns! Zur Bewerber Plattform \u00dcber&nbsp;Uns: Wir bei&nbsp;ELTAKO&nbsp;haben ein gemeinsames Ziel: Aus jedem Home ein Smart Home zu machen. Unser Erfolgsrezept daf\u00fcr? Ganz klar unsere \u00fcber 135 Mitarbeiter in ganz Europa, die jeden Tag ihr Herzblut in ihre Arbeit stecken. Mit den innovativen und kreativen Ideen unserer Mitarbeiter und [&hellip;]","og_url":"https:\/\/www.eltako.com\/at\/unternehmen\/karriere\/","og_site_name":"Eltako","article_modified_time":"2025-03-20T10:55:58+00:00","og_image":[{"width":1920,"height":1280,"url":"https:\/\/www.eltako.com\/wp-content\/uploads\/2020\/10\/Karriere-Website-NEU-scaled.jpg","type":"image\/jpeg"}],"twitter_card":"summary_large_image","twitter_misc":{"Est. reading time":"2 minutes"},"schema":{"@context":"https:\/\/schema.org","@graph":[{"@type":"WebPage","@id":"https:\/\/www.eltako.com\/at\/unternehmen\/karriere\/","url":"https:\/\/www.eltako.com\/at\/unternehmen\/karriere\/","name":"Karriere &#187; Eltako","isPartOf":{"@id":"https:\/\/www.eltako.com\/en\/#website"},"primaryImageOfPage":{"@id":"https:\/\/www.eltako.com\/at\/unternehmen\/karriere\/#primaryimage"},"image":{"@id":"https:\/\/www.eltako.com\/at\/unternehmen\/karriere\/#primaryimage"},"thumbnailUrl":"https:\/\/www.eltako.com\/wp-content\/uploads\/2020\/10\/Karriere-Website-NEU-scaled.jpg","datePublished":"2020-10-09T08:21:25+00:00","dateModified":"2025-03-20T10:55:58+00:00","breadcrumb":{"@id":"https:\/\/www.eltako.com\/at\/unternehmen\/karriere\/#breadcrumb"},"inLanguage":"at-AT","potentialAction":[{"@type":"ReadAction","target":["https:\/\/www.eltako.com\/at\/unternehmen\/karriere\/"]}]},{"@type":"ImageObject","inLanguage":"at-AT","@id":"https:\/\/www.eltako.com\/at\/unternehmen\/karriere\/#primaryimage","url":"https:\/\/www.eltako.com\/wp-content\/uploads\/2020\/10\/Karriere-Website-NEU-scaled.jpg","contentUrl":"https:\/\/www.eltako.com\/wp-content\/uploads\/2020\/10\/Karriere-Website-NEU-scaled.jpg","width":1920,"height":1280,"caption":"Business people handshake, sitting at the table ."},{"@type":"BreadcrumbList","@id":"https:\/\/www.eltako.com\/at\/unternehmen\/karriere\/#breadcrumb","itemListElement":[{"@type":"ListItem","position":1,"name":"Home","item":"https:\/\/www.eltako.com\/at\/"},{"@type":"ListItem","position":2,"name":"Unternehmen","item":"https:\/\/www.eltako.com\/at\/unternehmen\/"},{"@type":"ListItem","position":3,"name":"Karriere"}]},{"@type":"WebSite","@id":"https:\/\/www.eltako.com\/en\/#website","url":"https:\/\/www.eltako.com\/en\/","name":"Eltako","description":"Schaltger\u00e4te, Netzteile, Stromz\u00e4hler, Dimmer, Geb\u00e4udeinstallation, Steuerungstechnik, Smart Home-L\u00f6sungen, Geb\u00e4udefunk, EnOcean-Technologie","potentialAction":[{"@type":"SearchAction","target":{"@type":"EntryPoint","urlTemplate":"https:\/\/www.eltako.com\/en\/?s={search_term_string}"},"query-input":{"@type":"PropertyValueSpecification","valueRequired":true,"valueName":"search_term_string"}}],"inLanguage":"at-AT"}]}},"_links":{"self":[{"href":"https:\/\/www.eltako.com\/at\/wp-json\/wp\/v2\/pages\/72654","targetHints":{"allow":["GET"]}}],"collection":[{"href":"https:\/\/www.eltako.com\/at\/wp-json\/wp\/v2\/pages"}],"about":[{"href":"https:\/\/www.eltako.com\/at\/wp-json\/wp\/v2\/types\/page"}],"author":[{"embeddable":true,"href":"https:\/\/www.eltako.com\/at\/wp-json\/wp\/v2\/users\/31"}],"replies":[{"embeddable":true,"href":"https:\/\/www.eltako.com\/at\/wp-json\/wp\/v2\/comments?post=72654"}],"version-history":[{"count":5,"href":"https:\/\/www.eltako.com\/at\/wp-json\/wp\/v2\/pages\/72654\/revisions"}],"predecessor-version":[{"id":144499,"href":"https:\/\/www.eltako.com\/at\/wp-json\/wp\/v2\/pages\/72654\/revisions\/144499"}],"up":[{"embeddable":true,"href":"https:\/\/www.eltako.com\/at\/wp-json\/wp\/v2\/pages\/72555"}],"wp:featuredmedia":[{"embeddable":true,"href":"https:\/\/www.eltako.com\/at\/wp-json\/wp\/v2\/media\/60902"}],"wp:attachment":[{"href":"https:\/\/www.eltako.com\/at\/wp-json\/wp\/v2\/media?parent=72654"}],"curies":[{"name":"wp","href":"https:\/\/api.w.org\/{rel}","templated":true}]}}