{"id":72625,"date":"2021-04-07T18:08:49","date_gmt":"2021-04-07T16:08:49","guid":{"rendered":"https:\/\/prod.wxccizj.de\/firmwareupdate-controller\/"},"modified":"2025-02-05T08:44:30","modified_gmt":"2025-02-05T07:44:30","slug":"firmwareupdate-controller","status":"publish","type":"page","link":"https:\/\/www.eltako.com\/at\/firmwareupdate-controller\/","title":{"rendered":"Controller-Firmware-Update"},"content":{"rendered":"\n<h3 class=\"wp-block-heading\">Firmware-Update&nbsp;<\/h3>\n\n\n\n<p><\/p>\n\n\n\n<p class=\"has-normal-font-size\">Bitte stellt&nbsp;sicher, dass&nbsp;ihr&nbsp;euren&nbsp;Controller&nbsp;immer mit der neuesten Firmware-Version betreibt, um ein reibungsloses Zusammenspiel mit der&nbsp;GFA5-App zu gew\u00e4hrleisten.&nbsp;Folgt&nbsp;bitte der nachfolgenden Update-Anleitung:&nbsp;<\/p>\n\n\n\n<h3 class=\"wp-block-heading\">Firmware-Update&nbsp;mit\u202fder&nbsp;GFA5-App<\/h3>\n\n\n\n<p><\/p>\n\n\n\n<p class=\"has-normal-font-size\">In&nbsp;der&nbsp;GFA5-App&nbsp;k\u00f6nnt ihr&nbsp;das Firmware-Update&nbsp;f\u00fcr&nbsp;den Controller direkt in der App ansto\u00dfen.&nbsp;Ist eine neue Firmware verf\u00fcgbar,&nbsp;erscheint in der App ein Hinweis-Pop-up. Alternativ k\u00f6nnen ihr unter:&nbsp;Einstellungen \u2192 Controller nachsehen, ob ein Firmware-Update verf\u00fcgbar ist und das Update an dieser Stelle auch direkt ansto\u00dfen.&nbsp;<\/p>\n\n\n\n<p class=\"has-normal-font-size\"><strong>Hinweis:&nbsp;<\/strong>F\u00fcr das Update wird eine Internetverbindung ben\u00f6tigt.&nbsp;<\/p>\n\n\n\n<p class=\"has-normal-font-size\">In seltenen F\u00e4llen,&nbsp;in denen ein&nbsp;Firmware-Update&nbsp;nicht&nbsp;\u00fcber die&nbsp;GFA5-App&nbsp;angesto\u00dfen werden kann, besteht die M\u00f6glichkeit, die Firmware mit dem&nbsp;ConfigTool&nbsp;NEO&nbsp;aufzuspielen.&nbsp;&nbsp;<\/p>\n\n\n\n<p><strong>Download Controller-Firmware<\/strong><\/p>\n\n\n\n<p><a href=\"https:\/\/eltakocloud-download.s3.eu-central-1.amazonaws.com\/fw\/mediola\/C2\/c2eltako_latest.hex\" target=\"_blank\" rel=\"noreferrer noopener\">Download Version 1.25.6<\/a> (externer Link)<\/p>\n\n\n\n<p><a href=\"https:\/\/docs.eltako.de\/docs\/changelog_minisafe2\/\" target=\"_blank\" rel=\"noreferrer noopener\">Changelog MiniSafe2<\/a><\/p>\n\n\n\n<p><a href=\"https:\/\/docs.eltako.de\/docs\/changelog_gfa5\/\" target=\"_blank\" rel=\"noreferrer noopener\">Changelog GFA5<\/a><\/p>\n\n\n\n<p><\/p>\n\n\n\n<h3 class=\"wp-block-heading\">Firmware-Update\u202fmit dem&nbsp;ConfigTool&nbsp;NEO&nbsp;<\/h3>\n\n\n\n<p><\/p>\n\n\n\n<p class=\"has-normal-font-size\"><strong>Voraussetzung:&nbsp;&nbsp;<\/strong><\/p>\n\n\n\n<ol class=\"wp-block-list\">\n<li>Das&nbsp;ConfigTool&nbsp;NEO&nbsp;ist installiert&nbsp;<\/li>\n<\/ol>\n\n\n\n<ol start=\"2\" class=\"wp-block-list\">\n<li>PC&nbsp;und Controller befinden sich im gleichen Netzwerk.&nbsp;<\/li>\n<\/ol>\n\n\n\n<p>Nach dem Start des&nbsp;ConfigTool&nbsp;NEO wird&nbsp;der Controller&nbsp;direkt auf der Startseite angezeigt.&nbsp;&nbsp;<\/p>\n\n\n\n<ol class=\"wp-block-list\">\n<li>Controller&nbsp;anklicken,&nbsp;um zu den Einstellungen zu gelangen&nbsp;<\/li>\n<\/ol>\n\n\n\n<ol start=\"2\" class=\"wp-block-list\">\n<li>Tab \u201cAllgemein\u201d: Hinweise zu neuen Firmware-Versionen werden hier angezeigt&nbsp;<\/li>\n<\/ol>\n\n\n\n<ol start=\"3\" class=\"wp-block-list\">\n<li>\u201cFormulare freischalten\u201d anklicken&nbsp;<\/li>\n<\/ol>\n\n\n\n<ol start=\"4\" class=\"wp-block-list\">\n<li>Firmware auf den Controller aufspielen&nbsp;<\/li>\n<\/ol>\n\n\n\n<p><strong>Download&nbsp;ConfigTool&nbsp;NEO<\/strong>&nbsp;<\/p>\n\n\n\n<p><a href=\"https:\/\/s3-eu-west-1.amazonaws.com\/mediola-download\/configtool_neo\/ConfigTool+NEO.exe\" target=\"_blank\" rel=\"noreferrer noopener\">Download Windows-Versi<\/a><a href=\"https:\/\/s3-eu-west-1.amazonaws.com\/mediola-download\/configtool_neo\/1.17.0\/ConfigTool+NEO.exe\" target=\"_blank\" rel=\"noreferrer noopener\">on<\/a> (externer&nbsp;Link)&nbsp;<\/p>\n\n\n\n<p><a href=\"https:\/\/s3-eu-west-1.amazonaws.com\/mediola-download\/configtool_neo\/ConfigTool+NEO.dmg\" target=\"_blank\" rel=\"noreferrer noopener\">Download macOS 12+-Versio<\/a><a href=\"https:\/\/s3-eu-west-1.amazonaws.com\/mediola-download\/configtool_neo\/1.17.0\/ConfigTool+NEO.dmg\" target=\"_blank\" rel=\"noreferrer noopener\">n<\/a>&nbsp;(externer&nbsp;Link)<\/p>\n\n\n\n<p><a href=\"https:\/\/s3-eu-west-1.amazonaws.com\/mediola-download\/configtool_neo\/1.17.0\/ConfigTool+NEO-mac10.dmg\">Download macOS 10\/11-Version<\/a> (externer Link)<\/p>\n\n\n\n<p><a href=\"https:\/\/s3-eu-west-1.amazonaws.com\/mediola-download\/configtool_neo\/1.9.0\/ConfigTool+NEO.tar.gz\" target=\"_blank\" rel=\"noreferrer noopener\">Download Linux-Versio<\/a><a href=\"https:\/\/s3-eu-west-1.amazonaws.com\/mediola-download\/configtool_neo\/1.17.0\/ConfigTool+NEO.tar.gz\" target=\"_blank\" rel=\"noreferrer noopener\">n<\/a>&nbsp;(externer&nbsp;Link)<\/p>\n\n\n\n<p><\/p>\n\n\n\n<p><\/p>\n","protected":false},"excerpt":{"rendered":"<p>Firmware-Update&nbsp; Bitte stellt&nbsp;sicher, dass&nbsp;ihr&nbsp;euren&nbsp;Controller&nbsp;immer mit der neuesten Firmware-Version betreibt, um ein reibungsloses Zusammenspiel mit der&nbsp;GFA5-App zu gew\u00e4hrleisten.&nbsp;Folgt&nbsp;bitte der nachfolgenden Update-Anleitung:&nbsp; Firmware-Update&nbsp;mit\u202fder&nbsp;GFA5-App In&nbsp;der&nbsp;GFA5-App&nbsp;k\u00f6nnt ihr&nbsp;das Firmware-Update&nbsp;f\u00fcr&nbsp;den Controller direkt in der App ansto\u00dfen.&nbsp;Ist eine neue Firmware verf\u00fcgbar,&nbsp;erscheint in der App ein Hinweis-Pop-up. Alternativ k\u00f6nnen ihr unter:&nbsp;Einstellungen \u2192 Controller nachsehen, ob ein Firmware-Update verf\u00fcgbar ist und das Update an [&hellip;]<\/p>\n","protected":false},"author":31,"featured_media":72627,"parent":0,"menu_order":0,"comment_status":"closed","ping_status":"closed","template":"templates\/custom_header.php","meta":{"_acf_changed":false,"footnotes":"","_links_to":"","_links_to_target":""},"class_list":["post-72625","page","type-page","status-publish","has-post-thumbnail","hentry"],"acf":[],"yoast_head":"<!-- This site is optimized with the Yoast SEO plugin v27.2 - https:\/\/yoast.com\/product\/yoast-seo-wordpress\/ -->\n<title>Controller-Firmware-Update &#187; Eltako<\/title>\n<meta name=\"robots\" content=\"index, follow, max-snippet:-1, max-image-preview:large, max-video-preview:-1\" \/>\n<link rel=\"canonical\" href=\"https:\/\/www.eltako.com\/at\/firmwareupdate-controller\/\" \/>\n<meta property=\"og:locale\" content=\"en_US\" \/>\n<meta property=\"og:type\" content=\"article\" \/>\n<meta property=\"og:title\" content=\"Controller-Firmware-Update &#187; Eltako\" \/>\n<meta property=\"og:description\" content=\"Firmware-Update&nbsp; Bitte stellt&nbsp;sicher, dass&nbsp;ihr&nbsp;euren&nbsp;Controller&nbsp;immer mit der neuesten Firmware-Version betreibt, um ein reibungsloses Zusammenspiel mit der&nbsp;GFA5-App zu gew\u00e4hrleisten.&nbsp;Folgt&nbsp;bitte der nachfolgenden Update-Anleitung:&nbsp; Firmware-Update&nbsp;mit\u202fder&nbsp;GFA5-App In&nbsp;der&nbsp;GFA5-App&nbsp;k\u00f6nnt ihr&nbsp;das Firmware-Update&nbsp;f\u00fcr&nbsp;den Controller direkt in der App ansto\u00dfen.&nbsp;Ist eine neue Firmware verf\u00fcgbar,&nbsp;erscheint in der App ein Hinweis-Pop-up. Alternativ k\u00f6nnen ihr unter:&nbsp;Einstellungen \u2192 Controller nachsehen, ob ein Firmware-Update verf\u00fcgbar ist und das Update an [&hellip;]\" \/>\n<meta property=\"og:url\" content=\"https:\/\/www.eltako.com\/at\/firmwareupdate-controller\/\" \/>\n<meta property=\"og:site_name\" content=\"Eltako\" \/>\n<meta property=\"article:modified_time\" content=\"2025-02-05T07:44:30+00:00\" \/>\n<meta property=\"og:image\" content=\"https:\/\/www.eltako.com\/wp-content\/uploads\/2021\/05\/Layout-Firmware-Update-Neu.jpg\" \/>\n\t<meta property=\"og:image:width\" content=\"1920\" \/>\n\t<meta property=\"og:image:height\" content=\"1080\" \/>\n\t<meta property=\"og:image:type\" content=\"image\/jpeg\" \/>\n<meta name=\"twitter:card\" content=\"summary_large_image\" \/>\n<meta name=\"twitter:label1\" content=\"Est. reading time\" \/>\n\t<meta name=\"twitter:data1\" content=\"1 minute\" \/>\n<script type=\"application\/ld+json\" class=\"yoast-schema-graph\">{\"@context\":\"https:\/\/schema.org\",\"@graph\":[{\"@type\":\"WebPage\",\"@id\":\"https:\/\/www.eltako.com\/at\/firmwareupdate-controller\/\",\"url\":\"https:\/\/www.eltako.com\/at\/firmwareupdate-controller\/\",\"name\":\"Controller-Firmware-Update &#187; Eltako\",\"isPartOf\":{\"@id\":\"https:\/\/www.eltako.com\/en\/#website\"},\"primaryImageOfPage\":{\"@id\":\"https:\/\/www.eltako.com\/at\/firmwareupdate-controller\/#primaryimage\"},\"image\":{\"@id\":\"https:\/\/www.eltako.com\/at\/firmwareupdate-controller\/#primaryimage\"},\"thumbnailUrl\":\"https:\/\/www.eltako.com\/wp-content\/uploads\/2021\/05\/Layout-Firmware-Update-Neu.jpg\",\"datePublished\":\"2021-04-07T16:08:49+00:00\",\"dateModified\":\"2025-02-05T07:44:30+00:00\",\"breadcrumb\":{\"@id\":\"https:\/\/www.eltako.com\/at\/firmwareupdate-controller\/#breadcrumb\"},\"inLanguage\":\"at-AT\",\"potentialAction\":[{\"@type\":\"ReadAction\",\"target\":[\"https:\/\/www.eltako.com\/at\/firmwareupdate-controller\/\"]}]},{\"@type\":\"ImageObject\",\"inLanguage\":\"at-AT\",\"@id\":\"https:\/\/www.eltako.com\/at\/firmwareupdate-controller\/#primaryimage\",\"url\":\"https:\/\/www.eltako.com\/wp-content\/uploads\/2021\/05\/Layout-Firmware-Update-Neu.jpg\",\"contentUrl\":\"https:\/\/www.eltako.com\/wp-content\/uploads\/2021\/05\/Layout-Firmware-Update-Neu.jpg\",\"width\":1920,\"height\":1080},{\"@type\":\"BreadcrumbList\",\"@id\":\"https:\/\/www.eltako.com\/at\/firmwareupdate-controller\/#breadcrumb\",\"itemListElement\":[{\"@type\":\"ListItem\",\"position\":1,\"name\":\"Home\",\"item\":\"https:\/\/www.eltako.com\/at\/\"},{\"@type\":\"ListItem\",\"position\":2,\"name\":\"Controller-Firmware-Update\"}]},{\"@type\":\"WebSite\",\"@id\":\"https:\/\/www.eltako.com\/en\/#website\",\"url\":\"https:\/\/www.eltako.com\/en\/\",\"name\":\"Eltako\",\"description\":\"Schaltger\u00e4te, Netzteile, Stromz\u00e4hler, Dimmer, Geb\u00e4udeinstallation, Steuerungstechnik, Smart Home-L\u00f6sungen, Geb\u00e4udefunk, EnOcean-Technologie\",\"potentialAction\":[{\"@type\":\"SearchAction\",\"target\":{\"@type\":\"EntryPoint\",\"urlTemplate\":\"https:\/\/www.eltako.com\/en\/?s={search_term_string}\"},\"query-input\":{\"@type\":\"PropertyValueSpecification\",\"valueRequired\":true,\"valueName\":\"search_term_string\"}}],\"inLanguage\":\"at-AT\"}]}<\/script>\n<!-- \/ Yoast SEO plugin. -->","yoast_head_json":{"title":"Controller-Firmware-Update &#187; Eltako","robots":{"index":"index","follow":"follow","max-snippet":"max-snippet:-1","max-image-preview":"max-image-preview:large","max-video-preview":"max-video-preview:-1"},"canonical":"https:\/\/www.eltako.com\/at\/firmwareupdate-controller\/","og_locale":"en_US","og_type":"article","og_title":"Controller-Firmware-Update &#187; Eltako","og_description":"Firmware-Update&nbsp; Bitte stellt&nbsp;sicher, dass&nbsp;ihr&nbsp;euren&nbsp;Controller&nbsp;immer mit der neuesten Firmware-Version betreibt, um ein reibungsloses Zusammenspiel mit der&nbsp;GFA5-App zu gew\u00e4hrleisten.&nbsp;Folgt&nbsp;bitte der nachfolgenden Update-Anleitung:&nbsp; Firmware-Update&nbsp;mit\u202fder&nbsp;GFA5-App In&nbsp;der&nbsp;GFA5-App&nbsp;k\u00f6nnt ihr&nbsp;das Firmware-Update&nbsp;f\u00fcr&nbsp;den Controller direkt in der App ansto\u00dfen.&nbsp;Ist eine neue Firmware verf\u00fcgbar,&nbsp;erscheint in der App ein Hinweis-Pop-up. Alternativ k\u00f6nnen ihr unter:&nbsp;Einstellungen \u2192 Controller nachsehen, ob ein Firmware-Update verf\u00fcgbar ist und das Update an [&hellip;]","og_url":"https:\/\/www.eltako.com\/at\/firmwareupdate-controller\/","og_site_name":"Eltako","article_modified_time":"2025-02-05T07:44:30+00:00","og_image":[{"width":1920,"height":1080,"url":"https:\/\/www.eltako.com\/wp-content\/uploads\/2021\/05\/Layout-Firmware-Update-Neu.jpg","type":"image\/jpeg"}],"twitter_card":"summary_large_image","twitter_misc":{"Est. reading time":"1 minute"},"schema":{"@context":"https:\/\/schema.org","@graph":[{"@type":"WebPage","@id":"https:\/\/www.eltako.com\/at\/firmwareupdate-controller\/","url":"https:\/\/www.eltako.com\/at\/firmwareupdate-controller\/","name":"Controller-Firmware-Update &#187; Eltako","isPartOf":{"@id":"https:\/\/www.eltako.com\/en\/#website"},"primaryImageOfPage":{"@id":"https:\/\/www.eltako.com\/at\/firmwareupdate-controller\/#primaryimage"},"image":{"@id":"https:\/\/www.eltako.com\/at\/firmwareupdate-controller\/#primaryimage"},"thumbnailUrl":"https:\/\/www.eltako.com\/wp-content\/uploads\/2021\/05\/Layout-Firmware-Update-Neu.jpg","datePublished":"2021-04-07T16:08:49+00:00","dateModified":"2025-02-05T07:44:30+00:00","breadcrumb":{"@id":"https:\/\/www.eltako.com\/at\/firmwareupdate-controller\/#breadcrumb"},"inLanguage":"at-AT","potentialAction":[{"@type":"ReadAction","target":["https:\/\/www.eltako.com\/at\/firmwareupdate-controller\/"]}]},{"@type":"ImageObject","inLanguage":"at-AT","@id":"https:\/\/www.eltako.com\/at\/firmwareupdate-controller\/#primaryimage","url":"https:\/\/www.eltako.com\/wp-content\/uploads\/2021\/05\/Layout-Firmware-Update-Neu.jpg","contentUrl":"https:\/\/www.eltako.com\/wp-content\/uploads\/2021\/05\/Layout-Firmware-Update-Neu.jpg","width":1920,"height":1080},{"@type":"BreadcrumbList","@id":"https:\/\/www.eltako.com\/at\/firmwareupdate-controller\/#breadcrumb","itemListElement":[{"@type":"ListItem","position":1,"name":"Home","item":"https:\/\/www.eltako.com\/at\/"},{"@type":"ListItem","position":2,"name":"Controller-Firmware-Update"}]},{"@type":"WebSite","@id":"https:\/\/www.eltako.com\/en\/#website","url":"https:\/\/www.eltako.com\/en\/","name":"Eltako","description":"Schaltger\u00e4te, Netzteile, Stromz\u00e4hler, Dimmer, Geb\u00e4udeinstallation, Steuerungstechnik, Smart Home-L\u00f6sungen, Geb\u00e4udefunk, EnOcean-Technologie","potentialAction":[{"@type":"SearchAction","target":{"@type":"EntryPoint","urlTemplate":"https:\/\/www.eltako.com\/en\/?s={search_term_string}"},"query-input":{"@type":"PropertyValueSpecification","valueRequired":true,"valueName":"search_term_string"}}],"inLanguage":"at-AT"}]}},"_links":{"self":[{"href":"https:\/\/www.eltako.com\/at\/wp-json\/wp\/v2\/pages\/72625","targetHints":{"allow":["GET"]}}],"collection":[{"href":"https:\/\/www.eltako.com\/at\/wp-json\/wp\/v2\/pages"}],"about":[{"href":"https:\/\/www.eltako.com\/at\/wp-json\/wp\/v2\/types\/page"}],"author":[{"embeddable":true,"href":"https:\/\/www.eltako.com\/at\/wp-json\/wp\/v2\/users\/31"}],"replies":[{"embeddable":true,"href":"https:\/\/www.eltako.com\/at\/wp-json\/wp\/v2\/comments?post=72625"}],"version-history":[{"count":12,"href":"https:\/\/www.eltako.com\/at\/wp-json\/wp\/v2\/pages\/72625\/revisions"}],"predecessor-version":[{"id":144026,"href":"https:\/\/www.eltako.com\/at\/wp-json\/wp\/v2\/pages\/72625\/revisions\/144026"}],"wp:featuredmedia":[{"embeddable":true,"href":"https:\/\/www.eltako.com\/at\/wp-json\/wp\/v2\/media\/72627"}],"wp:attachment":[{"href":"https:\/\/www.eltako.com\/at\/wp-json\/wp\/v2\/media?parent=72625"}],"curies":[{"name":"wp","href":"https:\/\/api.w.org\/{rel}","templated":true}]}}