{"id":72620,"date":"2021-09-21T18:55:15","date_gmt":"2021-09-21T16:55:15","guid":{"rendered":"https:\/\/prod.wxccizj.de\/dali\/"},"modified":"2024-10-02T13:25:08","modified_gmt":"2024-10-02T11:25:08","slug":"dali","status":"publish","type":"page","link":"https:\/\/www.eltako.com\/at\/unternehmen\/partner-und-allianzen\/dali\/","title":{"rendered":"Dali"},"content":{"rendered":"\n<h2 class=\"wp-block-heading\" id=\"wir-sind-dali-anbieter\"><strong>FLEXIBLES LICHTMANAGEMENT MIT DALI &#8211; <\/strong><br><strong>VOLL INTEGRIERT IN DEN ELTAKO-KOSMOS<\/strong><\/h2>\n\n\n\n<div style=\"height:50px\" aria-hidden=\"true\" class=\"wp-block-spacer\"><\/div>\n\n\n\n<figure class=\"wp-block-image size-large\"><img decoding=\"async\" src=\"https:\/\/www.eltako.com\/wp-content\/uploads\/2024\/10\/eltako-website_dali2-schaubild_facelift-1024x560.png\" alt=\"\" class=\"wp-image-142313\"\/><\/figure>\n\n\n\n<div style=\"height:50px\" aria-hidden=\"true\" class=\"wp-block-spacer\"><\/div>\n\n\n\n<p class=\"has-medium-font-size\">DALI ist ein hersteller\u00fcbergreifendes Lichtinstallationssystem, das auf eine m\u00f6glichst einfache Installation, Steuerung und Kommunikation einzelner Leuchten und Leuchtengruppen ausgerichtet ist. Es kann bis zu 64 Adressen, 16 Gruppen und 16 Szenen verwalten und eignet sich daher f\u00fcr die Beleuchtungsausstattung von der kleinen Wohnung bis hin zum Gewerbeobjekt.&nbsp;DALI schafft durch diese Eigenschaften eine Basis f\u00fcr ein intelligentes und flexibles Lichtmanagement.<\/p>\n\n\n\n<p class=\"has-medium-font-size\">Die neuen DALI-2-f\u00e4higen Produkte sind jetzt auch multimasterf\u00e4hig! Das bedeutet, dass mehrere Sensoren, wie Bewegungs- und Helligkeitssensoren oder DALI-Tasterkoppler, auf einer DALI-Linie betrieben werden k\u00f6nnen. Ein weiterer Vorteil ist die direkte Verbindung zu unserer Baureihe 14, sowie die Verarbeitung von DALI-2-Eventmessages, was intelligente Automatisierungen und die Integration mit EnOcean-Systemen erleichtert.<\/p>\n\n\n\n<div style=\"height:50px\" aria-hidden=\"true\" class=\"wp-block-spacer\"><\/div>\n\n\n\n<div class=\"wp-block-columns is-layout-flex wp-container-core-columns-is-layout-9d6595d7 wp-block-columns-is-layout-flex\">\n<div class=\"wp-block-column is-layout-flow wp-block-column-is-layout-flow\">\n<a href=\"https:\/\/www.eltako.com\/at\/catalog\/?search=\" target=\"_blank\" class=\"text-uppercase font-weight-bold btn text-white p-3 mt-1 mb-1 w-100\" style=\"background : #016db7; font-size:20px\" rel=\"noopener\">ZU UNSEREM DALI-PROGRAMM<\/a>\n<\/div>\n\n\n\n<div class=\"wp-block-column is-layout-flow wp-block-column-is-layout-flow\"><\/div>\n\n\n\n<div class=\"wp-block-column is-layout-flow wp-block-column-is-layout-flow\"><\/div>\n<\/div>\n\n\n\n<div style=\"height:50px\" aria-hidden=\"true\" class=\"wp-block-spacer\"><\/div>\n\n\n\n<figure class=\"wp-block-image size-large\"><img decoding=\"async\" width=\"1024\" height=\"341\" src=\"https:\/\/betax923lb8kd7v0.eltako.de\/wp-content\/uploads\/2021\/10\/Bild-3-1024x341.jpg\" alt=\"\" class=\"wp-image-24393\" srcset=\"https:\/\/www.eltako.com\/wp-content\/uploads\/2021\/10\/Bild-3-1024x341.jpg 1024w, https:\/\/www.eltako.com\/wp-content\/uploads\/2021\/10\/Bild-3-300x100.jpg 300w, https:\/\/www.eltako.com\/wp-content\/uploads\/2021\/10\/Bild-3-768x256.jpg 768w, https:\/\/www.eltako.com\/wp-content\/uploads\/2021\/10\/Bild-3-1536x512.jpg 1536w, https:\/\/www.eltako.com\/wp-content\/uploads\/2021\/10\/Bild-3-600x200.jpg 600w, https:\/\/www.eltako.com\/wp-content\/uploads\/2021\/10\/Bild-3.jpg 1800w\" sizes=\"(max-width: 1024px) 100vw, 1024px\" \/><\/figure>\n\n\n\n<div style=\"height:50px\" aria-hidden=\"true\" class=\"wp-block-spacer\"><\/div>\n\n\n\n<p class=\"has-medium-font-size\">Bestehende DALI-Installationen k\u00f6nnen durch unser EnOcean-DALI-Gateway erweitert werden, um drahtlose Sensoren und Aktoren einzubinden.<\/p>\n\n\n\n<p class=\"has-medium-font-size\">Vorteile von DALI:<\/p>\n\n\n\n<ul class=\"wp-block-list\">\n<li class=\"has-medium-font-size\">verpolungssicherer Anschluss aller DALI-Teilnehmer<\/li>\n<\/ul>\n\n\n\n<ul class=\"wp-block-list\">\n<li class=\"has-medium-font-size\">einfache Leitungsf\u00fchrung, gemeinsam mit der 230-V-Netzversorgung in einer gemeinsamen 5-adrigen Mantelleitung<\/li>\n<\/ul>\n\n\n\n<ul class=\"wp-block-list\">\n<li class=\"has-medium-font-size\">am&nbsp;DALI-Steuerger\u00e4t k\u00f6nnen Lichtszenen hinterlegt und abgerufen werden&nbsp;<\/li>\n<\/ul>\n\n\n\n<ul class=\"wp-block-list\">\n<li class=\"has-medium-font-size\">rasche R\u00fcckmeldung und Lokalisierung von Lampenausf\u00e4llen<\/li>\n<\/ul>\n\n\n\n<ul class=\"wp-block-list\">\n<li class=\"has-medium-font-size\">bei Nutzungs\u00e4nderungen sind die Lampen leicht umzugruppieren, ohne Umverdrahtung oder \u00c4nderung der Installation&nbsp;<\/li>\n<\/ul>\n\n\n\n<div style=\"height:50px\" aria-hidden=\"true\" class=\"wp-block-spacer\"><\/div>\n\n\n\n<figure class=\"wp-block-image size-large\"><img decoding=\"async\" src=\"https:\/\/www.eltako.de\/wp-content\/uploads\/2021\/07\/Bild-2-1024x683.jpg\" alt=\"\" class=\"wp-image-35538\"\/><\/figure>\n","protected":false},"excerpt":{"rendered":"<p>FLEXIBLES LICHTMANAGEMENT MIT DALI &#8211; VOLL INTEGRIERT IN DEN ELTAKO-KOSMOS DALI ist ein hersteller\u00fcbergreifendes Lichtinstallationssystem, das auf eine m\u00f6glichst einfache Installation, Steuerung und Kommunikation einzelner Leuchten und Leuchtengruppen ausgerichtet ist. Es kann bis zu 64 Adressen, 16 Gruppen und 16 Szenen verwalten und eignet sich daher f\u00fcr die Beleuchtungsausstattung von der kleinen Wohnung bis hin [&hellip;]<\/p>\n","protected":false},"author":31,"featured_media":72621,"parent":72647,"menu_order":0,"comment_status":"closed","ping_status":"closed","template":"templates\/custom_header.php","meta":{"_acf_changed":false,"footnotes":"","_links_to":"","_links_to_target":""},"class_list":["post-72620","page","type-page","status-publish","has-post-thumbnail","hentry"],"acf":[],"yoast_head":"<!-- This site is optimized with the Yoast SEO plugin v27.2 - https:\/\/yoast.com\/product\/yoast-seo-wordpress\/ -->\n<title>Dali &#187; Eltako<\/title>\n<meta name=\"robots\" content=\"index, follow, max-snippet:-1, max-image-preview:large, max-video-preview:-1\" \/>\n<link rel=\"canonical\" href=\"https:\/\/www.eltako.com\/at\/unternehmen\/partner-und-allianzen\/dali\/\" \/>\n<meta property=\"og:locale\" content=\"en_US\" \/>\n<meta property=\"og:type\" content=\"article\" \/>\n<meta property=\"og:title\" content=\"Dali &#187; Eltako\" \/>\n<meta property=\"og:description\" content=\"FLEXIBLES LICHTMANAGEMENT MIT DALI &#8211; VOLL INTEGRIERT IN DEN ELTAKO-KOSMOS DALI ist ein hersteller\u00fcbergreifendes Lichtinstallationssystem, das auf eine m\u00f6glichst einfache Installation, Steuerung und Kommunikation einzelner Leuchten und Leuchtengruppen ausgerichtet ist. Es kann bis zu 64 Adressen, 16 Gruppen und 16 Szenen verwalten und eignet sich daher f\u00fcr die Beleuchtungsausstattung von der kleinen Wohnung bis hin [&hellip;]\" \/>\n<meta property=\"og:url\" content=\"https:\/\/www.eltako.com\/at\/unternehmen\/partner-und-allianzen\/dali\/\" \/>\n<meta property=\"og:site_name\" content=\"Eltako\" \/>\n<meta property=\"article:modified_time\" content=\"2024-10-02T11:25:08+00:00\" \/>\n<meta property=\"og:image\" content=\"https:\/\/www.eltako.com\/wp-content\/uploads\/2021\/09\/Bild-1-1-e1626779207216.jpg\" \/>\n\t<meta property=\"og:image:width\" content=\"1920\" \/>\n\t<meta property=\"og:image:height\" content=\"931\" \/>\n\t<meta property=\"og:image:type\" content=\"image\/jpeg\" \/>\n<meta name=\"twitter:card\" content=\"summary_large_image\" \/>\n<meta name=\"twitter:label1\" content=\"Est. reading time\" \/>\n\t<meta name=\"twitter:data1\" content=\"1 minute\" \/>\n<script type=\"application\/ld+json\" class=\"yoast-schema-graph\">{\"@context\":\"https:\/\/schema.org\",\"@graph\":[{\"@type\":\"WebPage\",\"@id\":\"https:\/\/www.eltako.com\/at\/unternehmen\/partner-und-allianzen\/dali\/\",\"url\":\"https:\/\/www.eltako.com\/at\/unternehmen\/partner-und-allianzen\/dali\/\",\"name\":\"Dali &#187; Eltako\",\"isPartOf\":{\"@id\":\"https:\/\/www.eltako.com\/en\/#website\"},\"primaryImageOfPage\":{\"@id\":\"https:\/\/www.eltako.com\/at\/unternehmen\/partner-und-allianzen\/dali\/#primaryimage\"},\"image\":{\"@id\":\"https:\/\/www.eltako.com\/at\/unternehmen\/partner-und-allianzen\/dali\/#primaryimage\"},\"thumbnailUrl\":\"https:\/\/www.eltako.com\/wp-content\/uploads\/2021\/09\/Bild-1-1-e1626779207216.jpg\",\"datePublished\":\"2021-09-21T16:55:15+00:00\",\"dateModified\":\"2024-10-02T11:25:08+00:00\",\"breadcrumb\":{\"@id\":\"https:\/\/www.eltako.com\/at\/unternehmen\/partner-und-allianzen\/dali\/#breadcrumb\"},\"inLanguage\":\"at-AT\",\"potentialAction\":[{\"@type\":\"ReadAction\",\"target\":[\"https:\/\/www.eltako.com\/at\/unternehmen\/partner-und-allianzen\/dali\/\"]}]},{\"@type\":\"ImageObject\",\"inLanguage\":\"at-AT\",\"@id\":\"https:\/\/www.eltako.com\/at\/unternehmen\/partner-und-allianzen\/dali\/#primaryimage\",\"url\":\"https:\/\/www.eltako.com\/wp-content\/uploads\/2021\/09\/Bild-1-1-e1626779207216.jpg\",\"contentUrl\":\"https:\/\/www.eltako.com\/wp-content\/uploads\/2021\/09\/Bild-1-1-e1626779207216.jpg\",\"width\":1920,\"height\":931},{\"@type\":\"BreadcrumbList\",\"@id\":\"https:\/\/www.eltako.com\/at\/unternehmen\/partner-und-allianzen\/dali\/#breadcrumb\",\"itemListElement\":[{\"@type\":\"ListItem\",\"position\":1,\"name\":\"Home\",\"item\":\"https:\/\/www.eltako.com\/at\/\"},{\"@type\":\"ListItem\",\"position\":2,\"name\":\"Unternehmen\",\"item\":\"https:\/\/www.eltako.com\/at\/unternehmen\/\"},{\"@type\":\"ListItem\",\"position\":3,\"name\":\"Partner &#038; Allianzen\",\"item\":\"https:\/\/www.eltako.com\/at\/unternehmen\/partner-und-allianzen\/\"},{\"@type\":\"ListItem\",\"position\":4,\"name\":\"Dali\"}]},{\"@type\":\"WebSite\",\"@id\":\"https:\/\/www.eltako.com\/en\/#website\",\"url\":\"https:\/\/www.eltako.com\/en\/\",\"name\":\"Eltako\",\"description\":\"Schaltger\u00e4te, Netzteile, Stromz\u00e4hler, Dimmer, Geb\u00e4udeinstallation, Steuerungstechnik, Smart Home-L\u00f6sungen, Geb\u00e4udefunk, EnOcean-Technologie\",\"potentialAction\":[{\"@type\":\"SearchAction\",\"target\":{\"@type\":\"EntryPoint\",\"urlTemplate\":\"https:\/\/www.eltako.com\/en\/?s={search_term_string}\"},\"query-input\":{\"@type\":\"PropertyValueSpecification\",\"valueRequired\":true,\"valueName\":\"search_term_string\"}}],\"inLanguage\":\"at-AT\"}]}<\/script>\n<!-- \/ Yoast SEO plugin. -->","yoast_head_json":{"title":"Dali &#187; Eltako","robots":{"index":"index","follow":"follow","max-snippet":"max-snippet:-1","max-image-preview":"max-image-preview:large","max-video-preview":"max-video-preview:-1"},"canonical":"https:\/\/www.eltako.com\/at\/unternehmen\/partner-und-allianzen\/dali\/","og_locale":"en_US","og_type":"article","og_title":"Dali &#187; Eltako","og_description":"FLEXIBLES LICHTMANAGEMENT MIT DALI &#8211; VOLL INTEGRIERT IN DEN ELTAKO-KOSMOS DALI ist ein hersteller\u00fcbergreifendes Lichtinstallationssystem, das auf eine m\u00f6glichst einfache Installation, Steuerung und Kommunikation einzelner Leuchten und Leuchtengruppen ausgerichtet ist. Es kann bis zu 64 Adressen, 16 Gruppen und 16 Szenen verwalten und eignet sich daher f\u00fcr die Beleuchtungsausstattung von der kleinen Wohnung bis hin [&hellip;]","og_url":"https:\/\/www.eltako.com\/at\/unternehmen\/partner-und-allianzen\/dali\/","og_site_name":"Eltako","article_modified_time":"2024-10-02T11:25:08+00:00","og_image":[{"width":1920,"height":931,"url":"https:\/\/www.eltako.com\/wp-content\/uploads\/2021\/09\/Bild-1-1-e1626779207216.jpg","type":"image\/jpeg"}],"twitter_card":"summary_large_image","twitter_misc":{"Est. reading time":"1 minute"},"schema":{"@context":"https:\/\/schema.org","@graph":[{"@type":"WebPage","@id":"https:\/\/www.eltako.com\/at\/unternehmen\/partner-und-allianzen\/dali\/","url":"https:\/\/www.eltako.com\/at\/unternehmen\/partner-und-allianzen\/dali\/","name":"Dali &#187; Eltako","isPartOf":{"@id":"https:\/\/www.eltako.com\/en\/#website"},"primaryImageOfPage":{"@id":"https:\/\/www.eltako.com\/at\/unternehmen\/partner-und-allianzen\/dali\/#primaryimage"},"image":{"@id":"https:\/\/www.eltako.com\/at\/unternehmen\/partner-und-allianzen\/dali\/#primaryimage"},"thumbnailUrl":"https:\/\/www.eltako.com\/wp-content\/uploads\/2021\/09\/Bild-1-1-e1626779207216.jpg","datePublished":"2021-09-21T16:55:15+00:00","dateModified":"2024-10-02T11:25:08+00:00","breadcrumb":{"@id":"https:\/\/www.eltako.com\/at\/unternehmen\/partner-und-allianzen\/dali\/#breadcrumb"},"inLanguage":"at-AT","potentialAction":[{"@type":"ReadAction","target":["https:\/\/www.eltako.com\/at\/unternehmen\/partner-und-allianzen\/dali\/"]}]},{"@type":"ImageObject","inLanguage":"at-AT","@id":"https:\/\/www.eltako.com\/at\/unternehmen\/partner-und-allianzen\/dali\/#primaryimage","url":"https:\/\/www.eltako.com\/wp-content\/uploads\/2021\/09\/Bild-1-1-e1626779207216.jpg","contentUrl":"https:\/\/www.eltako.com\/wp-content\/uploads\/2021\/09\/Bild-1-1-e1626779207216.jpg","width":1920,"height":931},{"@type":"BreadcrumbList","@id":"https:\/\/www.eltako.com\/at\/unternehmen\/partner-und-allianzen\/dali\/#breadcrumb","itemListElement":[{"@type":"ListItem","position":1,"name":"Home","item":"https:\/\/www.eltako.com\/at\/"},{"@type":"ListItem","position":2,"name":"Unternehmen","item":"https:\/\/www.eltako.com\/at\/unternehmen\/"},{"@type":"ListItem","position":3,"name":"Partner &#038; Allianzen","item":"https:\/\/www.eltako.com\/at\/unternehmen\/partner-und-allianzen\/"},{"@type":"ListItem","position":4,"name":"Dali"}]},{"@type":"WebSite","@id":"https:\/\/www.eltako.com\/en\/#website","url":"https:\/\/www.eltako.com\/en\/","name":"Eltako","description":"Schaltger\u00e4te, Netzteile, Stromz\u00e4hler, Dimmer, Geb\u00e4udeinstallation, Steuerungstechnik, Smart Home-L\u00f6sungen, Geb\u00e4udefunk, EnOcean-Technologie","potentialAction":[{"@type":"SearchAction","target":{"@type":"EntryPoint","urlTemplate":"https:\/\/www.eltako.com\/en\/?s={search_term_string}"},"query-input":{"@type":"PropertyValueSpecification","valueRequired":true,"valueName":"search_term_string"}}],"inLanguage":"at-AT"}]}},"_links":{"self":[{"href":"https:\/\/www.eltako.com\/at\/wp-json\/wp\/v2\/pages\/72620","targetHints":{"allow":["GET"]}}],"collection":[{"href":"https:\/\/www.eltako.com\/at\/wp-json\/wp\/v2\/pages"}],"about":[{"href":"https:\/\/www.eltako.com\/at\/wp-json\/wp\/v2\/types\/page"}],"author":[{"embeddable":true,"href":"https:\/\/www.eltako.com\/at\/wp-json\/wp\/v2\/users\/31"}],"replies":[{"embeddable":true,"href":"https:\/\/www.eltako.com\/at\/wp-json\/wp\/v2\/comments?post=72620"}],"version-history":[{"count":5,"href":"https:\/\/www.eltako.com\/at\/wp-json\/wp\/v2\/pages\/72620\/revisions"}],"predecessor-version":[{"id":142336,"href":"https:\/\/www.eltako.com\/at\/wp-json\/wp\/v2\/pages\/72620\/revisions\/142336"}],"up":[{"embeddable":true,"href":"https:\/\/www.eltako.com\/at\/wp-json\/wp\/v2\/pages\/72647"}],"wp:featuredmedia":[{"embeddable":true,"href":"https:\/\/www.eltako.com\/at\/wp-json\/wp\/v2\/media\/72621"}],"wp:attachment":[{"href":"https:\/\/www.eltako.com\/at\/wp-json\/wp\/v2\/media?parent=72620"}],"curies":[{"name":"wp","href":"https:\/\/api.w.org\/{rel}","templated":true}]}}