{"id":72598,"date":"2021-09-21T18:59:21","date_gmt":"2021-09-21T16:59:21","guid":{"rendered":"https:\/\/prod.wxccizj.de\/friends-of-hue\/"},"modified":"2023-11-14T12:51:19","modified_gmt":"2023-11-14T11:51:19","slug":"friends-of-hue","status":"publish","type":"page","link":"https:\/\/www.eltako.com\/at\/unternehmen\/partner-und-allianzen\/friends-of-hue\/","title":{"rendered":"Friends of Hue"},"content":{"rendered":"\n<h2 class=\"wp-block-heading\">Friends&nbsp;of&nbsp;Hue<\/h2>\n\n\n\n<div style=\"height:50px\" aria-hidden=\"true\" class=\"wp-block-spacer\"><\/div>\n\n\n\n<figure class=\"wp-block-image size-large\"><img decoding=\"async\" width=\"1024\" height=\"577\" src=\"https:\/\/www.eltako.com\/wp-content\/uploads\/2021\/09\/foh-1-1024x577.jpg\" alt=\"\" class=\"wp-image-23430\" srcset=\"https:\/\/www.eltako.com\/wp-content\/uploads\/2021\/09\/foh-1-1024x577.jpg 1024w, https:\/\/www.eltako.com\/wp-content\/uploads\/2021\/09\/foh-1-300x169.jpg 300w, https:\/\/www.eltako.com\/wp-content\/uploads\/2021\/09\/foh-1-768x433.jpg 768w, https:\/\/www.eltako.com\/wp-content\/uploads\/2021\/09\/foh-1-600x338.jpg 600w, https:\/\/www.eltako.com\/wp-content\/uploads\/2021\/09\/foh-1.jpg 1500w\" sizes=\"(max-width: 1024px) 100vw, 1024px\" \/><\/figure>\n\n\n\n<div style=\"height:50px\" aria-hidden=\"true\" class=\"wp-block-spacer\"><\/div>\n\n\n\n<p class=\"has-medium-font-size\">Das Philips \u201eFriends&nbsp;of&nbsp;Hue\u201c-Programm bietet den Kunden die M\u00f6glichkeit, eigene Lichtszenen zu kreieren und&nbsp;sowohl&nbsp;die Helligkeit&nbsp;als auch&nbsp;die Farbe nach Belieben zu ver\u00e4ndern. Ihre Lampen&nbsp;eignen sich&nbsp;f\u00fcr&nbsp;jeden&nbsp;Raum und&nbsp;f\u00fcr jede Beleuchtungsart.&nbsp;Durch ihr schlichtes, dennoch schickes Design und die&nbsp;unz\u00e4hligen Farbeinstellungen passen sie sich jeder Inneneinrichtung an und verleihen ihr&nbsp;noch mehr Pers\u00f6nlichkeit.<\/p>\n\n\n\n<p class=\"has-medium-font-size\">Dem&nbsp;Nutzer&nbsp;erm\u00f6glichen&nbsp;sie&nbsp;die&nbsp;direkte&nbsp;Steuerung&nbsp;\u00fcber Taster oder&nbsp;\u00fcber&nbsp;das Smartphone&nbsp;und nat\u00fcrlich kann man&nbsp;auch per Sprache steuern. Unsere speziell f\u00fcr die \u201eFriends of Hue\u201c produzierten&nbsp;Taster&nbsp;k\u00f6nnen die Leuchten klassisch ein- und ausschalten,&nbsp;dimmen oder personalisierte Lichtszenen abrufen.&nbsp;<\/p>\n\n\n\n<div style=\"height:80px\" aria-hidden=\"true\" class=\"wp-block-spacer\"><\/div>\n\n\n\n<h3 class=\"wp-block-heading\"><strong>UNSERE KOMPATIBLEN PRODUKTE<\/strong><\/h3>\n\n\n\n<div style=\"height:30px\" aria-hidden=\"true\" class=\"wp-block-spacer\"><\/div>\n\n\n","protected":false},"excerpt":{"rendered":"<p>Friends&nbsp;of&nbsp;Hue Das Philips \u201eFriends&nbsp;of&nbsp;Hue\u201c-Programm bietet den Kunden die M\u00f6glichkeit, eigene Lichtszenen zu kreieren und&nbsp;sowohl&nbsp;die Helligkeit&nbsp;als auch&nbsp;die Farbe nach Belieben zu ver\u00e4ndern. Ihre Lampen&nbsp;eignen sich&nbsp;f\u00fcr&nbsp;jeden&nbsp;Raum und&nbsp;f\u00fcr jede Beleuchtungsart.&nbsp;Durch ihr schlichtes, dennoch schickes Design und die&nbsp;unz\u00e4hligen Farbeinstellungen passen sie sich jeder Inneneinrichtung an und verleihen ihr&nbsp;noch mehr Pers\u00f6nlichkeit. Dem&nbsp;Nutzer&nbsp;erm\u00f6glichen&nbsp;sie&nbsp;die&nbsp;direkte&nbsp;Steuerung&nbsp;\u00fcber Taster oder&nbsp;\u00fcber&nbsp;das Smartphone&nbsp;und nat\u00fcrlich kann man&nbsp;auch per Sprache [&hellip;]<\/p>\n","protected":false},"author":31,"featured_media":72600,"parent":72647,"menu_order":2,"comment_status":"closed","ping_status":"closed","template":"templates\/custom_header.php","meta":{"_acf_changed":false,"footnotes":"","_links_to":"","_links_to_target":""},"class_list":["post-72598","page","type-page","status-publish","has-post-thumbnail","hentry"],"acf":[],"yoast_head":"<!-- This site is optimized with the Yoast SEO plugin v27.2 - https:\/\/yoast.com\/product\/yoast-seo-wordpress\/ -->\n<title>Friends of Hue &#187; Eltako<\/title>\n<meta name=\"robots\" content=\"index, follow, max-snippet:-1, max-image-preview:large, max-video-preview:-1\" \/>\n<link rel=\"canonical\" href=\"https:\/\/www.eltako.com\/at\/unternehmen\/partner-und-allianzen\/friends-of-hue\/\" \/>\n<meta property=\"og:locale\" content=\"en_US\" \/>\n<meta property=\"og:type\" content=\"article\" \/>\n<meta property=\"og:title\" content=\"Friends of Hue &#187; Eltako\" \/>\n<meta property=\"og:description\" content=\"Friends&nbsp;of&nbsp;Hue Das Philips \u201eFriends&nbsp;of&nbsp;Hue\u201c-Programm bietet den Kunden die M\u00f6glichkeit, eigene Lichtszenen zu kreieren und&nbsp;sowohl&nbsp;die Helligkeit&nbsp;als auch&nbsp;die Farbe nach Belieben zu ver\u00e4ndern. Ihre Lampen&nbsp;eignen sich&nbsp;f\u00fcr&nbsp;jeden&nbsp;Raum und&nbsp;f\u00fcr jede Beleuchtungsart.&nbsp;Durch ihr schlichtes, dennoch schickes Design und die&nbsp;unz\u00e4hligen Farbeinstellungen passen sie sich jeder Inneneinrichtung an und verleihen ihr&nbsp;noch mehr Pers\u00f6nlichkeit. Dem&nbsp;Nutzer&nbsp;erm\u00f6glichen&nbsp;sie&nbsp;die&nbsp;direkte&nbsp;Steuerung&nbsp;\u00fcber Taster oder&nbsp;\u00fcber&nbsp;das Smartphone&nbsp;und nat\u00fcrlich kann man&nbsp;auch per Sprache [&hellip;]\" \/>\n<meta property=\"og:url\" content=\"https:\/\/www.eltako.com\/at\/unternehmen\/partner-und-allianzen\/friends-of-hue\/\" \/>\n<meta property=\"og:site_name\" content=\"Eltako\" \/>\n<meta property=\"article:modified_time\" content=\"2023-11-14T11:51:19+00:00\" \/>\n<meta property=\"og:image\" content=\"https:\/\/www.eltako.com\/wp-content\/uploads\/2021\/09\/AdobeStock_314574426.jpeg\" \/>\n\t<meta property=\"og:image:width\" content=\"1920\" \/>\n\t<meta property=\"og:image:height\" content=\"1536\" \/>\n\t<meta property=\"og:image:type\" content=\"image\/jpeg\" \/>\n<meta name=\"twitter:card\" content=\"summary_large_image\" \/>\n<meta name=\"twitter:label1\" content=\"Est. reading time\" \/>\n\t<meta name=\"twitter:data1\" content=\"1 minute\" \/>\n<script type=\"application\/ld+json\" class=\"yoast-schema-graph\">{\"@context\":\"https:\/\/schema.org\",\"@graph\":[{\"@type\":\"WebPage\",\"@id\":\"https:\/\/www.eltako.com\/at\/unternehmen\/partner-und-allianzen\/friends-of-hue\/\",\"url\":\"https:\/\/www.eltako.com\/at\/unternehmen\/partner-und-allianzen\/friends-of-hue\/\",\"name\":\"Friends of Hue &#187; Eltako\",\"isPartOf\":{\"@id\":\"https:\/\/www.eltako.com\/en\/#website\"},\"primaryImageOfPage\":{\"@id\":\"https:\/\/www.eltako.com\/at\/unternehmen\/partner-und-allianzen\/friends-of-hue\/#primaryimage\"},\"image\":{\"@id\":\"https:\/\/www.eltako.com\/at\/unternehmen\/partner-und-allianzen\/friends-of-hue\/#primaryimage\"},\"thumbnailUrl\":\"https:\/\/www.eltako.com\/wp-content\/uploads\/2021\/09\/AdobeStock_314574426.jpeg\",\"datePublished\":\"2021-09-21T16:59:21+00:00\",\"dateModified\":\"2023-11-14T11:51:19+00:00\",\"breadcrumb\":{\"@id\":\"https:\/\/www.eltako.com\/at\/unternehmen\/partner-und-allianzen\/friends-of-hue\/#breadcrumb\"},\"inLanguage\":\"at-AT\",\"potentialAction\":[{\"@type\":\"ReadAction\",\"target\":[\"https:\/\/www.eltako.com\/at\/unternehmen\/partner-und-allianzen\/friends-of-hue\/\"]}]},{\"@type\":\"ImageObject\",\"inLanguage\":\"at-AT\",\"@id\":\"https:\/\/www.eltako.com\/at\/unternehmen\/partner-und-allianzen\/friends-of-hue\/#primaryimage\",\"url\":\"https:\/\/www.eltako.com\/wp-content\/uploads\/2021\/09\/AdobeStock_314574426.jpeg\",\"contentUrl\":\"https:\/\/www.eltako.com\/wp-content\/uploads\/2021\/09\/AdobeStock_314574426.jpeg\",\"width\":1920,\"height\":1536},{\"@type\":\"BreadcrumbList\",\"@id\":\"https:\/\/www.eltako.com\/at\/unternehmen\/partner-und-allianzen\/friends-of-hue\/#breadcrumb\",\"itemListElement\":[{\"@type\":\"ListItem\",\"position\":1,\"name\":\"Home\",\"item\":\"https:\/\/www.eltako.com\/at\/\"},{\"@type\":\"ListItem\",\"position\":2,\"name\":\"Unternehmen\",\"item\":\"https:\/\/www.eltako.com\/at\/unternehmen\/\"},{\"@type\":\"ListItem\",\"position\":3,\"name\":\"Partner &#038; Allianzen\",\"item\":\"https:\/\/www.eltako.com\/at\/unternehmen\/partner-und-allianzen\/\"},{\"@type\":\"ListItem\",\"position\":4,\"name\":\"Friends of Hue\"}]},{\"@type\":\"WebSite\",\"@id\":\"https:\/\/www.eltako.com\/en\/#website\",\"url\":\"https:\/\/www.eltako.com\/en\/\",\"name\":\"Eltako\",\"description\":\"Schaltger\u00e4te, Netzteile, Stromz\u00e4hler, Dimmer, Geb\u00e4udeinstallation, Steuerungstechnik, Smart Home-L\u00f6sungen, Geb\u00e4udefunk, EnOcean-Technologie\",\"potentialAction\":[{\"@type\":\"SearchAction\",\"target\":{\"@type\":\"EntryPoint\",\"urlTemplate\":\"https:\/\/www.eltako.com\/en\/?s={search_term_string}\"},\"query-input\":{\"@type\":\"PropertyValueSpecification\",\"valueRequired\":true,\"valueName\":\"search_term_string\"}}],\"inLanguage\":\"at-AT\"}]}<\/script>\n<!-- \/ Yoast SEO plugin. -->","yoast_head_json":{"title":"Friends of Hue &#187; Eltako","robots":{"index":"index","follow":"follow","max-snippet":"max-snippet:-1","max-image-preview":"max-image-preview:large","max-video-preview":"max-video-preview:-1"},"canonical":"https:\/\/www.eltako.com\/at\/unternehmen\/partner-und-allianzen\/friends-of-hue\/","og_locale":"en_US","og_type":"article","og_title":"Friends of Hue &#187; Eltako","og_description":"Friends&nbsp;of&nbsp;Hue Das Philips \u201eFriends&nbsp;of&nbsp;Hue\u201c-Programm bietet den Kunden die M\u00f6glichkeit, eigene Lichtszenen zu kreieren und&nbsp;sowohl&nbsp;die Helligkeit&nbsp;als auch&nbsp;die Farbe nach Belieben zu ver\u00e4ndern. Ihre Lampen&nbsp;eignen sich&nbsp;f\u00fcr&nbsp;jeden&nbsp;Raum und&nbsp;f\u00fcr jede Beleuchtungsart.&nbsp;Durch ihr schlichtes, dennoch schickes Design und die&nbsp;unz\u00e4hligen Farbeinstellungen passen sie sich jeder Inneneinrichtung an und verleihen ihr&nbsp;noch mehr Pers\u00f6nlichkeit. Dem&nbsp;Nutzer&nbsp;erm\u00f6glichen&nbsp;sie&nbsp;die&nbsp;direkte&nbsp;Steuerung&nbsp;\u00fcber Taster oder&nbsp;\u00fcber&nbsp;das Smartphone&nbsp;und nat\u00fcrlich kann man&nbsp;auch per Sprache [&hellip;]","og_url":"https:\/\/www.eltako.com\/at\/unternehmen\/partner-und-allianzen\/friends-of-hue\/","og_site_name":"Eltako","article_modified_time":"2023-11-14T11:51:19+00:00","og_image":[{"width":1920,"height":1536,"url":"https:\/\/www.eltako.com\/wp-content\/uploads\/2021\/09\/AdobeStock_314574426.jpeg","type":"image\/jpeg"}],"twitter_card":"summary_large_image","twitter_misc":{"Est. reading time":"1 minute"},"schema":{"@context":"https:\/\/schema.org","@graph":[{"@type":"WebPage","@id":"https:\/\/www.eltako.com\/at\/unternehmen\/partner-und-allianzen\/friends-of-hue\/","url":"https:\/\/www.eltako.com\/at\/unternehmen\/partner-und-allianzen\/friends-of-hue\/","name":"Friends of Hue &#187; Eltako","isPartOf":{"@id":"https:\/\/www.eltako.com\/en\/#website"},"primaryImageOfPage":{"@id":"https:\/\/www.eltako.com\/at\/unternehmen\/partner-und-allianzen\/friends-of-hue\/#primaryimage"},"image":{"@id":"https:\/\/www.eltako.com\/at\/unternehmen\/partner-und-allianzen\/friends-of-hue\/#primaryimage"},"thumbnailUrl":"https:\/\/www.eltako.com\/wp-content\/uploads\/2021\/09\/AdobeStock_314574426.jpeg","datePublished":"2021-09-21T16:59:21+00:00","dateModified":"2023-11-14T11:51:19+00:00","breadcrumb":{"@id":"https:\/\/www.eltako.com\/at\/unternehmen\/partner-und-allianzen\/friends-of-hue\/#breadcrumb"},"inLanguage":"at-AT","potentialAction":[{"@type":"ReadAction","target":["https:\/\/www.eltako.com\/at\/unternehmen\/partner-und-allianzen\/friends-of-hue\/"]}]},{"@type":"ImageObject","inLanguage":"at-AT","@id":"https:\/\/www.eltako.com\/at\/unternehmen\/partner-und-allianzen\/friends-of-hue\/#primaryimage","url":"https:\/\/www.eltako.com\/wp-content\/uploads\/2021\/09\/AdobeStock_314574426.jpeg","contentUrl":"https:\/\/www.eltako.com\/wp-content\/uploads\/2021\/09\/AdobeStock_314574426.jpeg","width":1920,"height":1536},{"@type":"BreadcrumbList","@id":"https:\/\/www.eltako.com\/at\/unternehmen\/partner-und-allianzen\/friends-of-hue\/#breadcrumb","itemListElement":[{"@type":"ListItem","position":1,"name":"Home","item":"https:\/\/www.eltako.com\/at\/"},{"@type":"ListItem","position":2,"name":"Unternehmen","item":"https:\/\/www.eltako.com\/at\/unternehmen\/"},{"@type":"ListItem","position":3,"name":"Partner &#038; Allianzen","item":"https:\/\/www.eltako.com\/at\/unternehmen\/partner-und-allianzen\/"},{"@type":"ListItem","position":4,"name":"Friends of Hue"}]},{"@type":"WebSite","@id":"https:\/\/www.eltako.com\/en\/#website","url":"https:\/\/www.eltako.com\/en\/","name":"Eltako","description":"Schaltger\u00e4te, Netzteile, Stromz\u00e4hler, Dimmer, Geb\u00e4udeinstallation, Steuerungstechnik, Smart Home-L\u00f6sungen, Geb\u00e4udefunk, EnOcean-Technologie","potentialAction":[{"@type":"SearchAction","target":{"@type":"EntryPoint","urlTemplate":"https:\/\/www.eltako.com\/en\/?s={search_term_string}"},"query-input":{"@type":"PropertyValueSpecification","valueRequired":true,"valueName":"search_term_string"}}],"inLanguage":"at-AT"}]}},"_links":{"self":[{"href":"https:\/\/www.eltako.com\/at\/wp-json\/wp\/v2\/pages\/72598","targetHints":{"allow":["GET"]}}],"collection":[{"href":"https:\/\/www.eltako.com\/at\/wp-json\/wp\/v2\/pages"}],"about":[{"href":"https:\/\/www.eltako.com\/at\/wp-json\/wp\/v2\/types\/page"}],"author":[{"embeddable":true,"href":"https:\/\/www.eltako.com\/at\/wp-json\/wp\/v2\/users\/31"}],"replies":[{"embeddable":true,"href":"https:\/\/www.eltako.com\/at\/wp-json\/wp\/v2\/comments?post=72598"}],"version-history":[{"count":1,"href":"https:\/\/www.eltako.com\/at\/wp-json\/wp\/v2\/pages\/72598\/revisions"}],"predecessor-version":[{"id":134658,"href":"https:\/\/www.eltako.com\/at\/wp-json\/wp\/v2\/pages\/72598\/revisions\/134658"}],"up":[{"embeddable":true,"href":"https:\/\/www.eltako.com\/at\/wp-json\/wp\/v2\/pages\/72647"}],"wp:featuredmedia":[{"embeddable":true,"href":"https:\/\/www.eltako.com\/at\/wp-json\/wp\/v2\/media\/72600"}],"wp:attachment":[{"href":"https:\/\/www.eltako.com\/at\/wp-json\/wp\/v2\/media?parent=72598"}],"curies":[{"name":"wp","href":"https:\/\/api.w.org\/{rel}","templated":true}]}}