{"id":72592,"date":"2021-09-21T19:02:59","date_gmt":"2021-09-21T17:02:59","guid":{"rendered":"https:\/\/prod.wxccizj.de\/wibutler\/"},"modified":"2024-10-04T11:58:50","modified_gmt":"2024-10-04T09:58:50","slug":"wibutler","status":"publish","type":"page","link":"https:\/\/www.eltako.com\/at\/unternehmen\/partner-und-allianzen\/wibutler\/","title":{"rendered":"Wibutler"},"content":{"rendered":"\n<p class=\"has-medium-font-size\">Der&nbsp;wibutler&nbsp;pro&nbsp;Controller&nbsp;hatte 2015&nbsp;seinen&nbsp;Marktstart in Deutschland. Der&nbsp;Smart&nbsp;Home-Controller&nbsp;vernetzt&nbsp;die&nbsp;Ger\u00e4te verschiedener Hersteller&nbsp;und unterschiedliche Standards&nbsp;miteinander und erm\u00f6glicht so&nbsp;die&nbsp;gemeinsame&nbsp;Nutzung. Sie haben sich die Digitalisierung und Weiterentwicklung von unabh\u00e4ngigen und ganzheitlichen Technologien im Wohnraum als Hauptschwerpunkt gesetzt und konnten sich in dem Bereich in den vergangenen Jahren&nbsp;etablieren.&nbsp;&nbsp;<\/p>\n\n\n\n<div style=\"height:19px\" aria-hidden=\"true\" class=\"wp-block-spacer\"><\/div>\n\n\n\n<div class=\"wp-block-columns is-layout-flex wp-container-core-columns-is-layout-9d6595d7 wp-block-columns-is-layout-flex\">\n<div class=\"wp-block-column is-layout-flow wp-block-column-is-layout-flow\"><\/div>\n\n\n\n<div class=\"wp-block-column has-white-color has-text-color has-background is-layout-flow wp-block-column-is-layout-flow\" style=\"background-color:#016db7\">\n<p><\/p>\n\n\n\n<p class=\"has-text-align-center has-white-color has-text-color has-medium-font-size\"><strong><a href=\"https:\/\/my.matterport.com\/show\/?m=9FGsyMtKn6C&amp;utm_source=alliance-Website&amp;utm_medium=Websitebutton&amp;utm_campaign=2022_alliance-Musterhaustour&amp;utm_id=2022_wibutler-Musterhaus&amp;utm_term=Smart+Home\" target=\"_blank\" rel=\"noreferrer noopener\">Mehr zu wibutler<\/a><\/strong><\/p>\n<\/div>\n\n\n\n<div class=\"wp-block-column is-layout-flow wp-block-column-is-layout-flow\"><\/div>\n<\/div>\n\n\n\n<div style=\"height:17px\" aria-hidden=\"true\" class=\"wp-block-spacer\"><\/div>\n\n\n\n<figure class=\"wp-block-image size-large\"><img decoding=\"async\" width=\"1024\" height=\"367\" src=\"https:\/\/betax923lb8kd7v0.eltako.de\/wp-content\/uploads\/2022\/02\/parnter-und-allianzen_content-bild-1024x367.jpg\" alt=\"\" class=\"wp-image-61438\" srcset=\"https:\/\/www.eltako.com\/wp-content\/uploads\/2022\/02\/parnter-und-allianzen_content-bild-1024x367.jpg 1024w, https:\/\/www.eltako.com\/wp-content\/uploads\/2022\/02\/parnter-und-allianzen_content-bild-300x108.jpg 300w, https:\/\/www.eltako.com\/wp-content\/uploads\/2022\/02\/parnter-und-allianzen_content-bild-768x276.jpg 768w, https:\/\/www.eltako.com\/wp-content\/uploads\/2022\/02\/parnter-und-allianzen_content-bild-1536x551.jpg 1536w, https:\/\/www.eltako.com\/wp-content\/uploads\/2022\/02\/parnter-und-allianzen_content-bild.jpg 1920w\" sizes=\"(max-width: 1024px) 100vw, 1024px\" \/><\/figure>\n\n\n\n<div style=\"height:30px\" aria-hidden=\"true\" class=\"wp-block-spacer\"><\/div>\n\n\n\n<div class=\"wp-block-columns is-layout-flex wp-container-core-columns-is-layout-9d6595d7 wp-block-columns-is-layout-flex\">\n<div class=\"wp-block-column is-layout-flow wp-block-column-is-layout-flow\"><\/div>\n\n\n\n<div class=\"wp-block-column has-white-color has-text-color has-background is-layout-flow wp-block-column-is-layout-flow\" style=\"background-color:#016db7\">\n<p><\/p>\n\n\n\n<p class=\"has-text-align-center has-white-color has-text-color has-medium-font-size\"><strong><a href=\"https:\/\/my.matterport.com\/show\/?m=9FGsyMtKn6C&amp;utm_source=alliance-Website&amp;utm_medium=Websitebutton&amp;utm_campaign=2022_alliance-Musterhaustour&amp;utm_id=2022_wibutler-Musterhaus&amp;utm_term=Smart+Home\" target=\"_blank\" rel=\"noreferrer noopener\">Blick ins Musterhaus<\/a><\/strong><\/p>\n<\/div>\n\n\n\n<div class=\"wp-block-column is-layout-flow wp-block-column-is-layout-flow\"><\/div>\n<\/div>\n\n\n\n<div style=\"height:15px\" aria-hidden=\"true\" class=\"wp-block-spacer\"><\/div>\n\n\n\n<p class=\"has-medium-font-size\">Die&nbsp;wibutler&nbsp;alliance&nbsp;vereint neben uns&nbsp;\u00fcber 30 erfahrene Hersteller&nbsp;auf&nbsp;einem&nbsp;System und erm\u00f6glicht den Kunden so eine zentrale Steuerung und Konfiguration von bereits vorhandenen und neuen Ger\u00e4ten.&nbsp;Hier&nbsp;arbeiten&nbsp;wir&nbsp;gemeinsam mit anderen namhaften Allianz-Mitgliedern wie Viessmann,&nbsp;Oventrop, Busch-Jaeger&nbsp;oder auch BEGA&nbsp;an der Verbesserung und Entwicklung&nbsp;von&nbsp;Produktinnovationen, damit noch mehr Kompatibilit\u00e4t und Leistungsf\u00e4higkeit geboten werden&nbsp;kann.&nbsp;Der wibutler-Konfigurator liefert dir individuell gepr\u00fcfte Produktempfehlungen, die genau zu deinem Neubau oder deiner Sanierung passen.<\/p>\n\n\n\n<div style=\"height:21px\" aria-hidden=\"true\" class=\"wp-block-spacer\"><\/div>\n\n\n\n<div class=\"wp-block-columns is-layout-flex wp-container-core-columns-is-layout-9d6595d7 wp-block-columns-is-layout-flex\">\n<div class=\"wp-block-column is-layout-flow wp-block-column-is-layout-flow\"><\/div>\n\n\n\n<div class=\"wp-block-column has-white-color has-text-color has-background is-layout-flow wp-block-column-is-layout-flow\" style=\"background-color:#016db7\">\n<p><\/p>\n\n\n\n<p class=\"has-text-align-center has-white-color has-text-color has-medium-font-size\"><strong><a href=\"https:\/\/dbt-platform.com\/support\/\">Hilfe Center<\/a><\/strong><\/p>\n<\/div>\n\n\n\n<div class=\"wp-block-column is-layout-flow wp-block-column-is-layout-flow\"><\/div>\n<\/div>\n\n\n\n<div style=\"height:29px\" aria-hidden=\"true\" class=\"wp-block-spacer\"><\/div>\n\n\n\n<div class=\"wp-block-columns is-layout-flex wp-container-core-columns-is-layout-9d6595d7 wp-block-columns-is-layout-flex\">\n<div class=\"wp-block-column bg-primary p-4 text-white mb-2 is-layout-flow wp-block-column-is-layout-flow\">\n<p class=\"has-medium-font-size\"><strong>Beleuchtung:&nbsp;<\/strong><\/p>\n\n\n\n<p class=\"has-medium-font-size\">Hinterlegen von pers\u00f6nlichen Einstellungen, Dimmen, Automatisieren\u2026&nbsp;unendlich&nbsp;viele M\u00f6glichkeiten f\u00fcr die Professional Smart Home-Produkte von&nbsp;Eltako&nbsp;durch die Steuerung mit dem&nbsp;wibutler.&nbsp;<\/p>\n\n\n\n<div style=\"height:23px\" aria-hidden=\"true\" class=\"wp-block-spacer\"><\/div>\n\n\n\n<a href=\"https:\/\/www.youtube.com\/watch?v=GG7cgY104SM\">\n\n\n<figure class=\"text-center\"><img decoding=\"async\" width=\"100\" height=\"70\" style=\"width:50px !important;\" src=\"https:\/\/www.eltako.com\/wp-content\/uploads\/2022\/02\/YT-Like-Button-29-1.png\" alt=\"\" class=\"wp-image-33655\"><\/figure>\n\n\n<\/a>\n<\/div>\n\n\n\n<div class=\"wp-block-column bg-primary p-4 text-white mb-2 is-layout-flow wp-block-column-is-layout-flow\">\n<p class=\"has-medium-font-size\"><strong>Raumklima:&nbsp;<\/strong><\/p>\n\n\n\n<p class=\"has-medium-font-size\">Zu warm oder zu kalt? Der&nbsp;wibutler&nbsp;macht daraus ein \u201egenau richtig\u201c. Das automatische Anpassen der Raumtemperatur und&nbsp;Nachbessern mit Hilfe weniger Klicks schaffen jederzeit die richtige Temperatur in jedem Raum.&nbsp;&nbsp;<\/p>\n\n\n\n<div style=\"height:23px\" aria-hidden=\"true\" class=\"wp-block-spacer\"><\/div>\n\n\n\n<a href=\"https:\/\/www.youtube.com\/watch?v=W2nUY-vWpHQ\">\n\n\n<figure class=\"text-center\"><img decoding=\"async\" width=\"100\" height=\"70\" style=\"width:50px !important;\" src=\"https:\/\/www.eltako.com\/wp-content\/uploads\/2022\/02\/YT-Like-Button-29-1.png\" alt=\"\" class=\"wp-image-33655\"><\/figure>\n\n\n<\/a>\n<\/div>\n<\/div>\n\n\n\n<div class=\"wp-block-columns is-layout-flex wp-container-core-columns-is-layout-9d6595d7 wp-block-columns-is-layout-flex\">\n<div class=\"wp-block-column bg-primary p-4 text-white mb-2 is-layout-flow wp-block-column-is-layout-flow\">\n<p class=\"has-medium-font-size\"><strong>Sicherheit:&nbsp;<\/strong><\/p>\n\n\n\n<p class=\"has-medium-font-size\">Smart ist sicher. Ob Rauchmelder, Kamera\u00fcberwachung, Bewegungsmelder, Fenster- und T\u00fcr\u00fcberwachung oder Anwesenheitssimulation: Eltako bietet viele L\u00f6sungen, um das Zuhause sicherer zu machen.<\/p>\n\n\n\n<div style=\"height:23px\" aria-hidden=\"true\" class=\"wp-block-spacer\"><\/div>\n\n\n\n<a href=\"https:\/\/www.youtube.com\/watch?v=x2fcBzki4bM\">\n\n\n<figure class=\"text-center\"><img decoding=\"async\" width=\"100\" height=\"70\" style=\"width:50px !important;\" src=\"https:\/\/www.eltako.com\/wp-content\/uploads\/2022\/02\/YT-Like-Button-29-1.png\" alt=\"\" class=\"wp-image-33655\"><\/figure>\n\n\n<\/a>\n<\/div>\n\n\n\n<div class=\"wp-block-column bg-primary p-4 text-white mb-2 is-layout-flow wp-block-column-is-layout-flow\">\n<p class=\"has-medium-font-size\"><strong>Beschattung<\/strong>:<\/p>\n\n\n\n<p class=\"has-medium-font-size\">Rolll\u00e4den, Jalousien und Markisen k\u00f6nnen automatisch per Sensor, Zeit- oder Zentralfunktion gesteuert werden. So beh\u00e4lt man nicht nur einen k\u00fchlen Kopf, sondern spart auch Energiekosten f\u00fcr Heizung oder Klimaanlage.<\/p>\n\n\n\n<div style=\"height:23px\" aria-hidden=\"true\" class=\"wp-block-spacer\"><\/div>\n\n\n\n<a href=\"https:\/\/youtu.be\/zYFOlomyWSQ\">\n\n\n<figure class=\"text-center\"><img decoding=\"async\" width=\"100\" height=\"70\" style=\"width:50px !important;\" src=\"https:\/\/www.eltako.com\/wp-content\/uploads\/2022\/02\/YT-Like-Button-29-1.png\" alt=\"\" class=\"wp-image-33655\"><\/figure>\n\n\n<\/a>\n<\/div>\n<\/div>\n\n\n\n<div class=\"wp-block-columns is-layout-flex wp-container-core-columns-is-layout-9d6595d7 wp-block-columns-is-layout-flex\"><\/div>\n\n\n\n<div style=\"height:50px\" aria-hidden=\"true\" class=\"wp-block-spacer\"><\/div>\n\n\n\n<div class=\"wp-block-columns is-layout-flex wp-container-core-columns-is-layout-9d6595d7 wp-block-columns-is-layout-flex\">\n<div class=\"wp-block-column is-layout-flow wp-block-column-is-layout-flow\" style=\"flex-basis:100%\">\n<div class=\"wp-block-columns is-layout-flex wp-container-core-columns-is-layout-9d6595d7 wp-block-columns-is-layout-flex\">\n<div class=\"wp-block-column is-layout-flow wp-block-column-is-layout-flow\" style=\"flex-basis:60%\">\n<h2 class=\"wp-block-heading text-primary text-uppercase\" id=\"nichts-mehr-verpassen\"><strong>Nichts mehr verpassen&nbsp;<\/strong><\/h2>\n\n\n\n<p class=\"text-primary\" style=\"font-size:24px\">Auf den&nbsp;Social&nbsp;Media-Plattformen von&nbsp;Eltako&nbsp;und&nbsp;wibutler&nbsp;erscheinen regelm\u00e4\u00dfig Posts \u00fcber das Zusammenwirken der Professional Smart Home-Produkte von&nbsp;Eltako&nbsp;mit dem&nbsp;wibutler. Wer da nichts verpassen m\u00f6chte, sollte alle Kan\u00e4le abonnieren!&nbsp;<\/p>\n<\/div>\n\n\n\n<div class=\"wp-block-column is-layout-flow wp-block-column-is-layout-flow\" style=\"flex-basis:66.66%\">\n<figure class=\"wp-block-image size-full\"><img decoding=\"async\" width=\"1024\" height=\"782\" src=\"https:\/\/www.eltako.com\/wp-content\/uploads\/2024\/10\/roboter-wibutler-24.jpg\" alt=\"\" class=\"wp-image-142389\" srcset=\"https:\/\/www.eltako.com\/wp-content\/uploads\/2024\/10\/roboter-wibutler-24.jpg 1024w, https:\/\/www.eltako.com\/wp-content\/uploads\/2024\/10\/roboter-wibutler-24-300x229.jpg 300w, https:\/\/www.eltako.com\/wp-content\/uploads\/2024\/10\/roboter-wibutler-24-768x587.jpg 768w, https:\/\/www.eltako.com\/wp-content\/uploads\/2024\/10\/roboter-wibutler-24-600x458.jpg 600w\" sizes=\"(max-width: 1024px) 100vw, 1024px\" \/><\/figure>\n<\/div>\n<\/div>\n<\/div>\n<\/div>\n\n\n\n<p><\/p>\n","protected":false},"excerpt":{"rendered":"<p>Der&nbsp;wibutler&nbsp;pro&nbsp;Controller&nbsp;hatte 2015&nbsp;seinen&nbsp;Marktstart in Deutschland. Der&nbsp;Smart&nbsp;Home-Controller&nbsp;vernetzt&nbsp;die&nbsp;Ger\u00e4te verschiedener Hersteller&nbsp;und unterschiedliche Standards&nbsp;miteinander und erm\u00f6glicht so&nbsp;die&nbsp;gemeinsame&nbsp;Nutzung. Sie haben sich die Digitalisierung und Weiterentwicklung von unabh\u00e4ngigen und ganzheitlichen Technologien im Wohnraum als Hauptschwerpunkt gesetzt und konnten sich in dem Bereich in den vergangenen Jahren&nbsp;etablieren.&nbsp;&nbsp; Mehr zu wibutler Blick ins Musterhaus Die&nbsp;wibutler&nbsp;alliance&nbsp;vereint neben uns&nbsp;\u00fcber 30 erfahrene Hersteller&nbsp;auf&nbsp;einem&nbsp;System und erm\u00f6glicht den Kunden [&hellip;]<\/p>\n","protected":false},"author":31,"featured_media":61431,"parent":72647,"menu_order":6,"comment_status":"closed","ping_status":"closed","template":"templates\/custom_header.php","meta":{"_acf_changed":false,"footnotes":"","_links_to":"","_links_to_target":""},"class_list":["post-72592","page","type-page","status-publish","has-post-thumbnail","hentry"],"acf":[],"yoast_head":"<!-- This site is optimized with the Yoast SEO plugin v27.2 - https:\/\/yoast.com\/product\/yoast-seo-wordpress\/ -->\n<title>Wibutler &#187; Eltako<\/title>\n<meta name=\"robots\" content=\"index, follow, max-snippet:-1, max-image-preview:large, max-video-preview:-1\" \/>\n<link rel=\"canonical\" href=\"https:\/\/www.eltako.com\/at\/unternehmen\/partner-und-allianzen\/wibutler\/\" \/>\n<meta property=\"og:locale\" content=\"en_US\" \/>\n<meta property=\"og:type\" content=\"article\" \/>\n<meta property=\"og:title\" content=\"Wibutler &#187; Eltako\" \/>\n<meta property=\"og:description\" content=\"Der&nbsp;wibutler&nbsp;pro&nbsp;Controller&nbsp;hatte 2015&nbsp;seinen&nbsp;Marktstart in Deutschland. Der&nbsp;Smart&nbsp;Home-Controller&nbsp;vernetzt&nbsp;die&nbsp;Ger\u00e4te verschiedener Hersteller&nbsp;und unterschiedliche Standards&nbsp;miteinander und erm\u00f6glicht so&nbsp;die&nbsp;gemeinsame&nbsp;Nutzung. Sie haben sich die Digitalisierung und Weiterentwicklung von unabh\u00e4ngigen und ganzheitlichen Technologien im Wohnraum als Hauptschwerpunkt gesetzt und konnten sich in dem Bereich in den vergangenen Jahren&nbsp;etablieren.&nbsp;&nbsp; Mehr zu wibutler Blick ins Musterhaus Die&nbsp;wibutler&nbsp;alliance&nbsp;vereint neben uns&nbsp;\u00fcber 30 erfahrene Hersteller&nbsp;auf&nbsp;einem&nbsp;System und erm\u00f6glicht den Kunden [&hellip;]\" \/>\n<meta property=\"og:url\" content=\"https:\/\/www.eltako.com\/at\/unternehmen\/partner-und-allianzen\/wibutler\/\" \/>\n<meta property=\"og:site_name\" content=\"Eltako\" \/>\n<meta property=\"article:modified_time\" content=\"2024-10-04T09:58:50+00:00\" \/>\n<meta property=\"og:image\" content=\"https:\/\/www.eltako.com\/wp-content\/uploads\/2022\/02\/partner-und-allianzen_headerbild_wibutler.png\" \/>\n\t<meta property=\"og:image:width\" content=\"1800\" \/>\n\t<meta property=\"og:image:height\" content=\"800\" \/>\n\t<meta property=\"og:image:type\" content=\"image\/png\" \/>\n<meta name=\"twitter:card\" content=\"summary_large_image\" \/>\n<meta name=\"twitter:label1\" content=\"Est. reading time\" \/>\n\t<meta name=\"twitter:data1\" content=\"2 minutes\" \/>\n<script type=\"application\/ld+json\" class=\"yoast-schema-graph\">{\"@context\":\"https:\/\/schema.org\",\"@graph\":[{\"@type\":\"WebPage\",\"@id\":\"https:\/\/www.eltako.com\/at\/unternehmen\/partner-und-allianzen\/wibutler\/\",\"url\":\"https:\/\/www.eltako.com\/at\/unternehmen\/partner-und-allianzen\/wibutler\/\",\"name\":\"Wibutler &#187; Eltako\",\"isPartOf\":{\"@id\":\"https:\/\/www.eltako.com\/en\/#website\"},\"primaryImageOfPage\":{\"@id\":\"https:\/\/www.eltako.com\/at\/unternehmen\/partner-und-allianzen\/wibutler\/#primaryimage\"},\"image\":{\"@id\":\"https:\/\/www.eltako.com\/at\/unternehmen\/partner-und-allianzen\/wibutler\/#primaryimage\"},\"thumbnailUrl\":\"https:\/\/www.eltako.com\/wp-content\/uploads\/2022\/02\/partner-und-allianzen_headerbild_wibutler.png\",\"datePublished\":\"2021-09-21T17:02:59+00:00\",\"dateModified\":\"2024-10-04T09:58:50+00:00\",\"breadcrumb\":{\"@id\":\"https:\/\/www.eltako.com\/at\/unternehmen\/partner-und-allianzen\/wibutler\/#breadcrumb\"},\"inLanguage\":\"at-AT\",\"potentialAction\":[{\"@type\":\"ReadAction\",\"target\":[\"https:\/\/www.eltako.com\/at\/unternehmen\/partner-und-allianzen\/wibutler\/\"]}]},{\"@type\":\"ImageObject\",\"inLanguage\":\"at-AT\",\"@id\":\"https:\/\/www.eltako.com\/at\/unternehmen\/partner-und-allianzen\/wibutler\/#primaryimage\",\"url\":\"https:\/\/www.eltako.com\/wp-content\/uploads\/2022\/02\/partner-und-allianzen_headerbild_wibutler.png\",\"contentUrl\":\"https:\/\/www.eltako.com\/wp-content\/uploads\/2022\/02\/partner-und-allianzen_headerbild_wibutler.png\",\"width\":1800,\"height\":800},{\"@type\":\"BreadcrumbList\",\"@id\":\"https:\/\/www.eltako.com\/at\/unternehmen\/partner-und-allianzen\/wibutler\/#breadcrumb\",\"itemListElement\":[{\"@type\":\"ListItem\",\"position\":1,\"name\":\"Home\",\"item\":\"https:\/\/www.eltako.com\/at\/\"},{\"@type\":\"ListItem\",\"position\":2,\"name\":\"Unternehmen\",\"item\":\"https:\/\/www.eltako.com\/at\/unternehmen\/\"},{\"@type\":\"ListItem\",\"position\":3,\"name\":\"Partner &#038; Allianzen\",\"item\":\"https:\/\/www.eltako.com\/at\/unternehmen\/partner-und-allianzen\/\"},{\"@type\":\"ListItem\",\"position\":4,\"name\":\"Wibutler\"}]},{\"@type\":\"WebSite\",\"@id\":\"https:\/\/www.eltako.com\/en\/#website\",\"url\":\"https:\/\/www.eltako.com\/en\/\",\"name\":\"Eltako\",\"description\":\"Schaltger\u00e4te, Netzteile, Stromz\u00e4hler, Dimmer, Geb\u00e4udeinstallation, Steuerungstechnik, Smart Home-L\u00f6sungen, Geb\u00e4udefunk, EnOcean-Technologie\",\"potentialAction\":[{\"@type\":\"SearchAction\",\"target\":{\"@type\":\"EntryPoint\",\"urlTemplate\":\"https:\/\/www.eltako.com\/en\/?s={search_term_string}\"},\"query-input\":{\"@type\":\"PropertyValueSpecification\",\"valueRequired\":true,\"valueName\":\"search_term_string\"}}],\"inLanguage\":\"at-AT\"}]}<\/script>\n<!-- \/ Yoast SEO plugin. -->","yoast_head_json":{"title":"Wibutler &#187; Eltako","robots":{"index":"index","follow":"follow","max-snippet":"max-snippet:-1","max-image-preview":"max-image-preview:large","max-video-preview":"max-video-preview:-1"},"canonical":"https:\/\/www.eltako.com\/at\/unternehmen\/partner-und-allianzen\/wibutler\/","og_locale":"en_US","og_type":"article","og_title":"Wibutler &#187; Eltako","og_description":"Der&nbsp;wibutler&nbsp;pro&nbsp;Controller&nbsp;hatte 2015&nbsp;seinen&nbsp;Marktstart in Deutschland. Der&nbsp;Smart&nbsp;Home-Controller&nbsp;vernetzt&nbsp;die&nbsp;Ger\u00e4te verschiedener Hersteller&nbsp;und unterschiedliche Standards&nbsp;miteinander und erm\u00f6glicht so&nbsp;die&nbsp;gemeinsame&nbsp;Nutzung. Sie haben sich die Digitalisierung und Weiterentwicklung von unabh\u00e4ngigen und ganzheitlichen Technologien im Wohnraum als Hauptschwerpunkt gesetzt und konnten sich in dem Bereich in den vergangenen Jahren&nbsp;etablieren.&nbsp;&nbsp; Mehr zu wibutler Blick ins Musterhaus Die&nbsp;wibutler&nbsp;alliance&nbsp;vereint neben uns&nbsp;\u00fcber 30 erfahrene Hersteller&nbsp;auf&nbsp;einem&nbsp;System und erm\u00f6glicht den Kunden [&hellip;]","og_url":"https:\/\/www.eltako.com\/at\/unternehmen\/partner-und-allianzen\/wibutler\/","og_site_name":"Eltako","article_modified_time":"2024-10-04T09:58:50+00:00","og_image":[{"width":1800,"height":800,"url":"https:\/\/www.eltako.com\/wp-content\/uploads\/2022\/02\/partner-und-allianzen_headerbild_wibutler.png","type":"image\/png"}],"twitter_card":"summary_large_image","twitter_misc":{"Est. reading time":"2 minutes"},"schema":{"@context":"https:\/\/schema.org","@graph":[{"@type":"WebPage","@id":"https:\/\/www.eltako.com\/at\/unternehmen\/partner-und-allianzen\/wibutler\/","url":"https:\/\/www.eltako.com\/at\/unternehmen\/partner-und-allianzen\/wibutler\/","name":"Wibutler &#187; Eltako","isPartOf":{"@id":"https:\/\/www.eltako.com\/en\/#website"},"primaryImageOfPage":{"@id":"https:\/\/www.eltako.com\/at\/unternehmen\/partner-und-allianzen\/wibutler\/#primaryimage"},"image":{"@id":"https:\/\/www.eltako.com\/at\/unternehmen\/partner-und-allianzen\/wibutler\/#primaryimage"},"thumbnailUrl":"https:\/\/www.eltako.com\/wp-content\/uploads\/2022\/02\/partner-und-allianzen_headerbild_wibutler.png","datePublished":"2021-09-21T17:02:59+00:00","dateModified":"2024-10-04T09:58:50+00:00","breadcrumb":{"@id":"https:\/\/www.eltako.com\/at\/unternehmen\/partner-und-allianzen\/wibutler\/#breadcrumb"},"inLanguage":"at-AT","potentialAction":[{"@type":"ReadAction","target":["https:\/\/www.eltako.com\/at\/unternehmen\/partner-und-allianzen\/wibutler\/"]}]},{"@type":"ImageObject","inLanguage":"at-AT","@id":"https:\/\/www.eltako.com\/at\/unternehmen\/partner-und-allianzen\/wibutler\/#primaryimage","url":"https:\/\/www.eltako.com\/wp-content\/uploads\/2022\/02\/partner-und-allianzen_headerbild_wibutler.png","contentUrl":"https:\/\/www.eltako.com\/wp-content\/uploads\/2022\/02\/partner-und-allianzen_headerbild_wibutler.png","width":1800,"height":800},{"@type":"BreadcrumbList","@id":"https:\/\/www.eltako.com\/at\/unternehmen\/partner-und-allianzen\/wibutler\/#breadcrumb","itemListElement":[{"@type":"ListItem","position":1,"name":"Home","item":"https:\/\/www.eltako.com\/at\/"},{"@type":"ListItem","position":2,"name":"Unternehmen","item":"https:\/\/www.eltako.com\/at\/unternehmen\/"},{"@type":"ListItem","position":3,"name":"Partner &#038; Allianzen","item":"https:\/\/www.eltako.com\/at\/unternehmen\/partner-und-allianzen\/"},{"@type":"ListItem","position":4,"name":"Wibutler"}]},{"@type":"WebSite","@id":"https:\/\/www.eltako.com\/en\/#website","url":"https:\/\/www.eltako.com\/en\/","name":"Eltako","description":"Schaltger\u00e4te, Netzteile, Stromz\u00e4hler, Dimmer, Geb\u00e4udeinstallation, Steuerungstechnik, Smart Home-L\u00f6sungen, Geb\u00e4udefunk, EnOcean-Technologie","potentialAction":[{"@type":"SearchAction","target":{"@type":"EntryPoint","urlTemplate":"https:\/\/www.eltako.com\/en\/?s={search_term_string}"},"query-input":{"@type":"PropertyValueSpecification","valueRequired":true,"valueName":"search_term_string"}}],"inLanguage":"at-AT"}]}},"_links":{"self":[{"href":"https:\/\/www.eltako.com\/at\/wp-json\/wp\/v2\/pages\/72592","targetHints":{"allow":["GET"]}}],"collection":[{"href":"https:\/\/www.eltako.com\/at\/wp-json\/wp\/v2\/pages"}],"about":[{"href":"https:\/\/www.eltako.com\/at\/wp-json\/wp\/v2\/types\/page"}],"author":[{"embeddable":true,"href":"https:\/\/www.eltako.com\/at\/wp-json\/wp\/v2\/users\/31"}],"replies":[{"embeddable":true,"href":"https:\/\/www.eltako.com\/at\/wp-json\/wp\/v2\/comments?post=72592"}],"version-history":[{"count":3,"href":"https:\/\/www.eltako.com\/at\/wp-json\/wp\/v2\/pages\/72592\/revisions"}],"predecessor-version":[{"id":142400,"href":"https:\/\/www.eltako.com\/at\/wp-json\/wp\/v2\/pages\/72592\/revisions\/142400"}],"up":[{"embeddable":true,"href":"https:\/\/www.eltako.com\/at\/wp-json\/wp\/v2\/pages\/72647"}],"wp:featuredmedia":[{"embeddable":true,"href":"https:\/\/www.eltako.com\/at\/wp-json\/wp\/v2\/media\/61431"}],"wp:attachment":[{"href":"https:\/\/www.eltako.com\/at\/wp-json\/wp\/v2\/media?parent=72592"}],"curies":[{"name":"wp","href":"https:\/\/api.w.org\/{rel}","templated":true}]}}