{"id":72580,"date":"2021-10-11T07:12:02","date_gmt":"2021-10-11T05:12:02","guid":{"rendered":"https:\/\/prod.wxccizj.de\/eimsig\/"},"modified":"2021-10-11T07:12:02","modified_gmt":"2021-10-11T05:12:02","slug":"eimsig","status":"publish","type":"page","link":"https:\/\/www.eltako.com\/at\/unternehmen\/partner-und-allianzen\/eimsig\/","title":{"rendered":"Eimsig"},"content":{"rendered":"\n<div style=\"height:48px\" aria-hidden=\"true\" class=\"wp-block-spacer\"><\/div>\n\n\n\n<div class=\"wp-block-columns is-layout-flex wp-container-core-columns-is-layout-9d6595d7 wp-block-columns-is-layout-flex\">\n<div class=\"wp-block-column is-layout-flow wp-block-column-is-layout-flow\" style=\"flex-basis:100%\">\n<div class=\"wp-block-columns alignfull is-layout-flex wp-container-core-columns-is-layout-9d6595d7 wp-block-columns-is-layout-flex\">\n<div class=\"wp-block-column is-layout-flow wp-block-column-is-layout-flow\" style=\"flex-basis:66.66%\">\n<img decoding=\"async\" style=\"position:relative;left:-4px;\" src=\"https:\/\/betax923lb8kd7v0.eltako.de\/wp-content\/uploads\/2022\/02\/emlogo.png\" alt=\"\" class=\"wp-image-33907\" width=\"176\" height=\"56\" srcset=\"https:\/\/www.eltako.com\/wp-content\/uploads\/2022\/02\/emlogo.png 1268w, https:\/\/www.eltako.com\/wp-content\/uploads\/2022\/02\/emlogo-300x97.png 300w, https:\/\/www.eltako.com\/wp-content\/uploads\/2022\/02\/emlogo-1024x331.png 1024w, https:\/\/www.eltako.com\/wp-content\/uploads\/2022\/02\/emlogo-768x248.png 768w, https:\/\/www.eltako.com\/wp-content\/uploads\/2022\/02\/emlogo-600x194.png 600w\" sizes=\"(max-width: 176px) 100vw, 176px\" \/>\n\n\n\n<p class=\"has-text-align-left has-medium-font-size\">Eimsig, ein traditionelles Familienunternehmen, welches in\u00a0Gudensberg\u00a0bei Kassel gegr\u00fcndet wurde und\u00a0urspr\u00fcnglich im Fensterbau t\u00e4tig war. Mit dem Gedanken, dass ein Fenster nicht nur sch\u00f6n, sondern auch einbruchssicher sein sollte, begannen sie sich umzuorientieren: Seit mehreren Jahren sind sie nun schon\u00a0Vorreiter im Bereich Sicherheitstechnik und stellen drahtlose Alarmanlagen, Funkalarmanlagen und Fenstersensoren her.\u00a0<\/p>\n\n\n\n<p class=\"has-medium-font-size\">Ihre&nbsp;EnOcean-basierten Fenstert\u00fcrkontakte&nbsp;arbeiten hervorragend alleine, lassen sich jedoch auch optimal mit unseren Professional Smart Home-Aktoren und -Controllern verbinden.&nbsp;Das macht sie zu einem gro\u00dfen Gewinn f\u00fcr unser Produkt-Portfolio und f\u00fcr die Sicherheit eines jeden Haushalte<\/p>\n<\/div>\n\n\n\n<div class=\"wp-block-column is-layout-flow wp-block-column-is-layout-flow\" style=\"flex-basis:33.33%\">\n<figure class=\"wp-block-image size-full is-resized is-style-default\"><img decoding=\"async\" src=\"https:\/\/betax923lb8kd7v0.eltako.de\/wp-content\/uploads\/2022\/02\/em-1.jpg\" alt=\"\" class=\"wp-image-33892\" width=\"741\" height=\"765\" srcset=\"https:\/\/www.eltako.com\/wp-content\/uploads\/2022\/02\/em-1.jpg 1482w, https:\/\/www.eltako.com\/wp-content\/uploads\/2022\/02\/em-1-291x300.jpg 291w, https:\/\/www.eltako.com\/wp-content\/uploads\/2022\/02\/em-1-992x1024.jpg 992w, https:\/\/www.eltako.com\/wp-content\/uploads\/2022\/02\/em-1-768x793.jpg 768w, https:\/\/www.eltako.com\/wp-content\/uploads\/2022\/02\/em-1-600x619.jpg 600w\" sizes=\"(max-width: 741px) 100vw, 741px\" \/><\/figure>\n<\/div>\n<\/div>\n<\/div>\n<\/div>\n\n\n\n<div style=\"height:48px\" aria-hidden=\"true\" class=\"wp-block-spacer\"><\/div>\n\n\n\n<figure class=\"wp-block-image size-large\"><img decoding=\"async\" width=\"1024\" height=\"455\" src=\"https:\/\/betax923lb8kd7v0.eltako.de\/wp-content\/uploads\/2021\/10\/Eimsig-einzelne-Bilder-1800-x-8003-1024x455.jpg\" alt=\"\" class=\"wp-image-24376\" srcset=\"https:\/\/www.eltako.com\/wp-content\/uploads\/2021\/10\/Eimsig-einzelne-Bilder-1800-x-8003-1024x455.jpg 1024w, https:\/\/www.eltako.com\/wp-content\/uploads\/2021\/10\/Eimsig-einzelne-Bilder-1800-x-8003-300x133.jpg 300w, https:\/\/www.eltako.com\/wp-content\/uploads\/2021\/10\/Eimsig-einzelne-Bilder-1800-x-8003-768x341.jpg 768w, https:\/\/www.eltako.com\/wp-content\/uploads\/2021\/10\/Eimsig-einzelne-Bilder-1800-x-8003-1536x683.jpg 1536w, https:\/\/www.eltako.com\/wp-content\/uploads\/2021\/10\/Eimsig-einzelne-Bilder-1800-x-8003-600x267.jpg 600w, https:\/\/www.eltako.com\/wp-content\/uploads\/2021\/10\/Eimsig-einzelne-Bilder-1800-x-8003.jpg 1600w\" sizes=\"(max-width: 1024px) 100vw, 1024px\" \/><\/figure>\n","protected":false},"excerpt":{"rendered":"<p>Eimsig, ein traditionelles Familienunternehmen, welches in\u00a0Gudensberg\u00a0bei Kassel gegr\u00fcndet wurde und\u00a0urspr\u00fcnglich im Fensterbau t\u00e4tig war. Mit dem Gedanken, dass ein Fenster nicht nur sch\u00f6n, sondern auch einbruchssicher sein sollte, begannen sie sich umzuorientieren: Seit mehreren Jahren sind sie nun schon\u00a0Vorreiter im Bereich Sicherheitstechnik und stellen drahtlose Alarmanlagen, Funkalarmanlagen und Fenstersensoren her.\u00a0 Ihre&nbsp;EnOcean-basierten Fenstert\u00fcrkontakte&nbsp;arbeiten hervorragend alleine, lassen [&hellip;]<\/p>\n","protected":false},"author":31,"featured_media":72581,"parent":72647,"menu_order":0,"comment_status":"closed","ping_status":"closed","template":"templates\/custom_header.php","meta":{"_acf_changed":false,"footnotes":"","_links_to":"","_links_to_target":""},"class_list":["post-72580","page","type-page","status-publish","has-post-thumbnail","hentry"],"acf":[],"yoast_head":"<!-- This site is optimized with the Yoast SEO plugin v27.2 - https:\/\/yoast.com\/product\/yoast-seo-wordpress\/ -->\n<title>Eimsig &#187; Eltako<\/title>\n<meta name=\"robots\" content=\"index, follow, max-snippet:-1, max-image-preview:large, max-video-preview:-1\" \/>\n<link rel=\"canonical\" href=\"https:\/\/www.eltako.com\/at\/unternehmen\/partner-und-allianzen\/eimsig\/\" \/>\n<meta property=\"og:locale\" content=\"en_US\" \/>\n<meta property=\"og:type\" content=\"article\" \/>\n<meta property=\"og:title\" content=\"Eimsig &#187; Eltako\" \/>\n<meta property=\"og:description\" content=\"Eimsig, ein traditionelles Familienunternehmen, welches in\u00a0Gudensberg\u00a0bei Kassel gegr\u00fcndet wurde und\u00a0urspr\u00fcnglich im Fensterbau t\u00e4tig war. Mit dem Gedanken, dass ein Fenster nicht nur sch\u00f6n, sondern auch einbruchssicher sein sollte, begannen sie sich umzuorientieren: Seit mehreren Jahren sind sie nun schon\u00a0Vorreiter im Bereich Sicherheitstechnik und stellen drahtlose Alarmanlagen, Funkalarmanlagen und Fenstersensoren her.\u00a0 Ihre&nbsp;EnOcean-basierten Fenstert\u00fcrkontakte&nbsp;arbeiten hervorragend alleine, lassen [&hellip;]\" \/>\n<meta property=\"og:url\" content=\"https:\/\/www.eltako.com\/at\/unternehmen\/partner-und-allianzen\/eimsig\/\" \/>\n<meta property=\"og:site_name\" content=\"Eltako\" \/>\n<meta property=\"og:image\" content=\"https:\/\/www.eltako.com\/wp-content\/uploads\/2021\/10\/Eimsig-einzelne-Bilder-1800-x-800.jpg\" \/>\n\t<meta property=\"og:image:width\" content=\"1800\" \/>\n\t<meta property=\"og:image:height\" content=\"800\" \/>\n\t<meta property=\"og:image:type\" content=\"image\/jpeg\" \/>\n<meta name=\"twitter:card\" content=\"summary_large_image\" \/>\n<meta name=\"twitter:label1\" content=\"Est. reading time\" \/>\n\t<meta name=\"twitter:data1\" content=\"1 minute\" \/>\n<script type=\"application\/ld+json\" class=\"yoast-schema-graph\">{\"@context\":\"https:\/\/schema.org\",\"@graph\":[{\"@type\":\"WebPage\",\"@id\":\"https:\/\/www.eltako.com\/at\/unternehmen\/partner-und-allianzen\/eimsig\/\",\"url\":\"https:\/\/www.eltako.com\/at\/unternehmen\/partner-und-allianzen\/eimsig\/\",\"name\":\"Eimsig &#187; Eltako\",\"isPartOf\":{\"@id\":\"https:\/\/www.eltako.com\/en\/#website\"},\"primaryImageOfPage\":{\"@id\":\"https:\/\/www.eltako.com\/at\/unternehmen\/partner-und-allianzen\/eimsig\/#primaryimage\"},\"image\":{\"@id\":\"https:\/\/www.eltako.com\/at\/unternehmen\/partner-und-allianzen\/eimsig\/#primaryimage\"},\"thumbnailUrl\":\"https:\/\/www.eltako.com\/wp-content\/uploads\/2021\/10\/Eimsig-einzelne-Bilder-1800-x-800.jpg\",\"datePublished\":\"2021-10-11T05:12:02+00:00\",\"breadcrumb\":{\"@id\":\"https:\/\/www.eltako.com\/at\/unternehmen\/partner-und-allianzen\/eimsig\/#breadcrumb\"},\"inLanguage\":\"at-AT\",\"potentialAction\":[{\"@type\":\"ReadAction\",\"target\":[\"https:\/\/www.eltako.com\/at\/unternehmen\/partner-und-allianzen\/eimsig\/\"]}]},{\"@type\":\"ImageObject\",\"inLanguage\":\"at-AT\",\"@id\":\"https:\/\/www.eltako.com\/at\/unternehmen\/partner-und-allianzen\/eimsig\/#primaryimage\",\"url\":\"https:\/\/www.eltako.com\/wp-content\/uploads\/2021\/10\/Eimsig-einzelne-Bilder-1800-x-800.jpg\",\"contentUrl\":\"https:\/\/www.eltako.com\/wp-content\/uploads\/2021\/10\/Eimsig-einzelne-Bilder-1800-x-800.jpg\",\"width\":1800,\"height\":800},{\"@type\":\"BreadcrumbList\",\"@id\":\"https:\/\/www.eltako.com\/at\/unternehmen\/partner-und-allianzen\/eimsig\/#breadcrumb\",\"itemListElement\":[{\"@type\":\"ListItem\",\"position\":1,\"name\":\"Home\",\"item\":\"https:\/\/www.eltako.com\/at\/\"},{\"@type\":\"ListItem\",\"position\":2,\"name\":\"Unternehmen\",\"item\":\"https:\/\/www.eltako.com\/at\/unternehmen\/\"},{\"@type\":\"ListItem\",\"position\":3,\"name\":\"Partner &#038; Allianzen\",\"item\":\"https:\/\/www.eltako.com\/at\/unternehmen\/partner-und-allianzen\/\"},{\"@type\":\"ListItem\",\"position\":4,\"name\":\"Eimsig\"}]},{\"@type\":\"WebSite\",\"@id\":\"https:\/\/www.eltako.com\/en\/#website\",\"url\":\"https:\/\/www.eltako.com\/en\/\",\"name\":\"Eltako\",\"description\":\"Schaltger\u00e4te, Netzteile, Stromz\u00e4hler, Dimmer, Geb\u00e4udeinstallation, Steuerungstechnik, Smart Home-L\u00f6sungen, Geb\u00e4udefunk, EnOcean-Technologie\",\"potentialAction\":[{\"@type\":\"SearchAction\",\"target\":{\"@type\":\"EntryPoint\",\"urlTemplate\":\"https:\/\/www.eltako.com\/en\/?s={search_term_string}\"},\"query-input\":{\"@type\":\"PropertyValueSpecification\",\"valueRequired\":true,\"valueName\":\"search_term_string\"}}],\"inLanguage\":\"at-AT\"}]}<\/script>\n<!-- \/ Yoast SEO plugin. -->","yoast_head_json":{"title":"Eimsig &#187; Eltako","robots":{"index":"index","follow":"follow","max-snippet":"max-snippet:-1","max-image-preview":"max-image-preview:large","max-video-preview":"max-video-preview:-1"},"canonical":"https:\/\/www.eltako.com\/at\/unternehmen\/partner-und-allianzen\/eimsig\/","og_locale":"en_US","og_type":"article","og_title":"Eimsig &#187; Eltako","og_description":"Eimsig, ein traditionelles Familienunternehmen, welches in\u00a0Gudensberg\u00a0bei Kassel gegr\u00fcndet wurde und\u00a0urspr\u00fcnglich im Fensterbau t\u00e4tig war. Mit dem Gedanken, dass ein Fenster nicht nur sch\u00f6n, sondern auch einbruchssicher sein sollte, begannen sie sich umzuorientieren: Seit mehreren Jahren sind sie nun schon\u00a0Vorreiter im Bereich Sicherheitstechnik und stellen drahtlose Alarmanlagen, Funkalarmanlagen und Fenstersensoren her.\u00a0 Ihre&nbsp;EnOcean-basierten Fenstert\u00fcrkontakte&nbsp;arbeiten hervorragend alleine, lassen [&hellip;]","og_url":"https:\/\/www.eltako.com\/at\/unternehmen\/partner-und-allianzen\/eimsig\/","og_site_name":"Eltako","og_image":[{"width":1800,"height":800,"url":"https:\/\/www.eltako.com\/wp-content\/uploads\/2021\/10\/Eimsig-einzelne-Bilder-1800-x-800.jpg","type":"image\/jpeg"}],"twitter_card":"summary_large_image","twitter_misc":{"Est. reading time":"1 minute"},"schema":{"@context":"https:\/\/schema.org","@graph":[{"@type":"WebPage","@id":"https:\/\/www.eltako.com\/at\/unternehmen\/partner-und-allianzen\/eimsig\/","url":"https:\/\/www.eltako.com\/at\/unternehmen\/partner-und-allianzen\/eimsig\/","name":"Eimsig &#187; Eltako","isPartOf":{"@id":"https:\/\/www.eltako.com\/en\/#website"},"primaryImageOfPage":{"@id":"https:\/\/www.eltako.com\/at\/unternehmen\/partner-und-allianzen\/eimsig\/#primaryimage"},"image":{"@id":"https:\/\/www.eltako.com\/at\/unternehmen\/partner-und-allianzen\/eimsig\/#primaryimage"},"thumbnailUrl":"https:\/\/www.eltako.com\/wp-content\/uploads\/2021\/10\/Eimsig-einzelne-Bilder-1800-x-800.jpg","datePublished":"2021-10-11T05:12:02+00:00","breadcrumb":{"@id":"https:\/\/www.eltako.com\/at\/unternehmen\/partner-und-allianzen\/eimsig\/#breadcrumb"},"inLanguage":"at-AT","potentialAction":[{"@type":"ReadAction","target":["https:\/\/www.eltako.com\/at\/unternehmen\/partner-und-allianzen\/eimsig\/"]}]},{"@type":"ImageObject","inLanguage":"at-AT","@id":"https:\/\/www.eltako.com\/at\/unternehmen\/partner-und-allianzen\/eimsig\/#primaryimage","url":"https:\/\/www.eltako.com\/wp-content\/uploads\/2021\/10\/Eimsig-einzelne-Bilder-1800-x-800.jpg","contentUrl":"https:\/\/www.eltako.com\/wp-content\/uploads\/2021\/10\/Eimsig-einzelne-Bilder-1800-x-800.jpg","width":1800,"height":800},{"@type":"BreadcrumbList","@id":"https:\/\/www.eltako.com\/at\/unternehmen\/partner-und-allianzen\/eimsig\/#breadcrumb","itemListElement":[{"@type":"ListItem","position":1,"name":"Home","item":"https:\/\/www.eltako.com\/at\/"},{"@type":"ListItem","position":2,"name":"Unternehmen","item":"https:\/\/www.eltako.com\/at\/unternehmen\/"},{"@type":"ListItem","position":3,"name":"Partner &#038; Allianzen","item":"https:\/\/www.eltako.com\/at\/unternehmen\/partner-und-allianzen\/"},{"@type":"ListItem","position":4,"name":"Eimsig"}]},{"@type":"WebSite","@id":"https:\/\/www.eltako.com\/en\/#website","url":"https:\/\/www.eltako.com\/en\/","name":"Eltako","description":"Schaltger\u00e4te, Netzteile, Stromz\u00e4hler, Dimmer, Geb\u00e4udeinstallation, Steuerungstechnik, Smart Home-L\u00f6sungen, Geb\u00e4udefunk, EnOcean-Technologie","potentialAction":[{"@type":"SearchAction","target":{"@type":"EntryPoint","urlTemplate":"https:\/\/www.eltako.com\/en\/?s={search_term_string}"},"query-input":{"@type":"PropertyValueSpecification","valueRequired":true,"valueName":"search_term_string"}}],"inLanguage":"at-AT"}]}},"_links":{"self":[{"href":"https:\/\/www.eltako.com\/at\/wp-json\/wp\/v2\/pages\/72580","targetHints":{"allow":["GET"]}}],"collection":[{"href":"https:\/\/www.eltako.com\/at\/wp-json\/wp\/v2\/pages"}],"about":[{"href":"https:\/\/www.eltako.com\/at\/wp-json\/wp\/v2\/types\/page"}],"author":[{"embeddable":true,"href":"https:\/\/www.eltako.com\/at\/wp-json\/wp\/v2\/users\/31"}],"replies":[{"embeddable":true,"href":"https:\/\/www.eltako.com\/at\/wp-json\/wp\/v2\/comments?post=72580"}],"version-history":[{"count":0,"href":"https:\/\/www.eltako.com\/at\/wp-json\/wp\/v2\/pages\/72580\/revisions"}],"up":[{"embeddable":true,"href":"https:\/\/www.eltako.com\/at\/wp-json\/wp\/v2\/pages\/72647"}],"wp:featuredmedia":[{"embeddable":true,"href":"https:\/\/www.eltako.com\/at\/wp-json\/wp\/v2\/media\/72581"}],"wp:attachment":[{"href":"https:\/\/www.eltako.com\/at\/wp-json\/wp\/v2\/media?parent=72580"}],"curies":[{"name":"wp","href":"https:\/\/api.w.org\/{rel}","templated":true}]}}