{"id":72577,"date":"2021-11-10T16:13:04","date_gmt":"2021-11-10T15:13:04","guid":{"rendered":"https:\/\/prod.wxccizj.de\/privacy-policy\/"},"modified":"2025-02-14T12:22:11","modified_gmt":"2025-02-14T11:22:11","slug":"datenschutzerklaerung","status":"publish","type":"page","link":"https:\/\/www.eltako.com\/at\/datenschutzerklaerung\/","title":{"rendered":"Datenschutzerkl\u00e4rung f\u00fcr die Besucher unserer Webseiten"},"content":{"rendered":"\n<p>Wir freuen uns \u00fcber Ihren Besuch auf unseren Webseiten. Leider ist es grunds\u00e4tzlich nicht m\u00f6glich, eine Webseite, ohne personenbezogene Daten auf Ihrem Endger\u00e4t zur Anzeige zu bringen. Daher geben wir Ihnen ein \u00dcberblick dar\u00fcber, welche Daten wir konkret von Ihnen erheben, welche Zwecke wir damit verfolgen und auf welche Rechtsgrundlage wir die Verarbeitung st\u00fctzen.<\/p>\n\n\n\n<p>Wenn Sie Fragen \u00fcber den Umgang mit Ihren Daten haben, wenden Sie sich direkt an uns oder an unseren Datenschutzbeauftragten.<\/p>\n\n\n\n<p><strong>Verantwortlich f\u00fcr die Verarbeitung ist<\/strong><br>Eltako GmbH<br>Hofener Stra\u00dfe 54<br>70736 Fellbach<br>Tel.: +49 711 94350000<br>E-Mail:&nbsp;<a href=\"mailto:info@eltako.de\">info@eltako.de<\/a><\/p>\n\n\n\n<p><strong>Unser Datenschutzbeauftragte steht Ihnen unter folgenden Kontaktdaten zur Verf\u00fcgung:<\/strong><br>Jens Kr\u00e4nke<br>c\/o LEXDATA CONSULTING, S.L.<br>Partida Solaes 143-A<br>ES-12500 Vinar\u00f2s<br>Tel: +49 2159 922 53 74<br>E-Mail:\u00a0<a href=\"mailto:j.kraenke@lexdata.de\">j.kraenke@lexdata.de<\/a><\/p>\n\n\n\n<p><strong>Hosting&nbsp;<\/strong><br>Unsere Webseiten werden auf Servern eines externen Hosting-Dienstleisters, namentlich der Host Europe GmbH, Friesenplatz 4, 50672 K\u00f6ln gehostet. Der Serverstandort ist Frankreich.<br>Personenbezogene Daten, die auf unseren Webseiten erfasst werden, werden auf diesen Servern verarbeitet. Hierbei handelt es sich bspw. um IP Adressen, Meta- und Kommunikationsdaten, Webseitenzugriffe und sonstige Daten, die \u00fcber die Webseiten generiert werden.<br>Unser Dienstleister wird Ihre Daten nur insoweit verarbeiten, wie dies zur Erf\u00fcllung seiner Leistungspflichten erforderlich ist und unsere Weisungen in Bezug auf diese Daten befolgen. Wir haben mit unserem Dienstleister einen Vertrag zur Auftragsverarbeitung geschlossen, um eine datenschutzkonforme Verarbeitung zu gew\u00e4hrleisten. Der Einsatz unseres Dienstleisters erfolgt im Interesse einer sicheren und effizienten Bereitstellung unserer Webseiten durch einen professionellen Anbieter (Art. 6 Abs. 1 lit. f DSGVO).<\/p>\n\n\n\n<p><strong>Server-Protokolldateien<\/strong><br>Der Hosting-Dienstleister unserer Webseiten erhebt und speichert in sogenannten Server-Protokolldateien Informationen, die Ihr Browser beim Webseitenbesuch automatisch \u00fcbermittelt. Dies sind:<\/p>\n\n\n\n<ul class=\"wp-block-list\">\n<li>Referrer (zuvor besuchte Webseite)<\/li>\n\n\n\n<li>Angeforderte Webseite oder Datei<\/li>\n\n\n\n<li>Browsertyp und Browserversion<\/li>\n\n\n\n<li>Verwendetes Betriebssystem<\/li>\n\n\n\n<li>Verwendeter Ger\u00e4tetyp<\/li>\n\n\n\n<li>Uhrzeit des Zugriffs<\/li>\n\n\n\n<li>IP-Adresse in anonymisierter Form<\/li>\n<\/ul>\n\n\n\n<p>Die Daten werden entweder durch ein Logfile ermittelt. Die IP-Adresse des Besuchers wird bei der \u00dcbermittlung eines Seitenabrufes \u00fcbertragen, nach der \u00dcbermittlung direkt anonymisiert und ohne Personenbezug verarbeitet. Die Datenerfassung erfolgt im Interesse einer technisch fehlerfreien Darstellung und Optimierung unserer Webseiten (Art. 6 Abs. 1 lit. f DSGVO).<\/p>\n\n\n\n<p><strong>Cookies und externe Dienste\u00a0\u00a0\u00a0\u00a0\u00a0\u00a0\u00a0\u00a0\u00a0\u00a0\u00a0\u00a0\u00a0\u00a0\u00a0\u00a0\u00a0\u00a0\u00a0\u00a0\u00a0\u00a0\u00a0\u00a0\u00a0\u00a0\u00a0\u00a0\u00a0\u00a0\u00a0\u00a0\u00a0\u00a0\u00a0\u00a0\u00a0<\/strong><br>Wir verwenden auf unserer Webseite eine Reihe von Diensten und Technologien, um die Nutzererfahrung zu verbessern, die Webseite zu analysieren und gezielte Werbung zu erm\u00f6glichen. Im Folgenden informieren wir Sie dar\u00fcber, wie Ihre Daten bei der Nutzung dieser Dienste verarbeitet werden und welche Rechte Sie diesbez\u00fcglich haben.<br><br><strong>Google Analytics<\/strong><br>Google Analytics ist ein Webanalysedienst von Google LLC, der uns hilft, die Nutzung unserer Webseite zu analysieren.<br><br><strong>Zweck der Datenverarbeitung<\/strong><br>Die von Google Analytics erhobenen Daten werden verwendet, um die Nutzung unserer Webseite zu analysieren, Trends zu erkennen und Inhalte zu verbessern.<br><br><strong>Art der erhobenen Daten<\/strong><\/p>\n\n\n\n<ul class=\"wp-block-list\">\n<li>IP-Adresse (anonymisiert).<\/li>\n\n\n\n<li>Besuchte Seiten.<\/li>\n\n\n\n<li>Dauer der Besuche.<\/li>\n\n\n\n<li>Verweildauer und Interaktionen.<\/li>\n<\/ul>\n\n\n\n<p><strong>Rechtsgrundlage der Verarbeitung<\/strong><br>Die Verarbeitung erfolgt auf Grundlage Ihrer Einwilligung gem\u00e4\u00df Art. 6 Abs. 1 lit. a DSGVO, die Sie durch die Nutzung unserer Webseite erteilen. Sie k\u00f6nnen Ihre Einwilligung jederzeit widerrufen.<br><br><strong>Weitere Informationen<\/strong><br>F\u00fcr mehr Informationen zu Google Analytics lesen Sie die Datenschutzerkl\u00e4rung von Google: <a href=\"https:\/\/policies.google.com\/privacy\">https:\/\/policies.google.com\/privacy<\/a>.<\/p>\n\n\n\n<p><strong>Google Recaptcha<\/strong><br>Google Recaptcha sch\u00fctzt unsere Webseite vor Missbrauch durch Bots und Spam, insbesondere bei der Nutzung von Formularen.<br><br><strong>Zweck der Datenverarbeitung<\/strong><br>Google Recaptcha hilft uns, sicherzustellen, dass eine Interaktion auf unserer Webseite von einer echten Person und nicht von einem automatisierten Bot stammt.<br><br><strong>Art der erhobenen Daten<\/strong><\/p>\n\n\n\n<ul class=\"wp-block-list\">\n<li>IP-Adresse.<\/li>\n\n\n\n<li>Browserinformationen und Ger\u00e4teinformationen.<\/li>\n\n\n\n<li>Informationen \u00fcber die Interaktionen auf der Webseite.<\/li>\n\n\n\n<li>Rechtsgrundlage der Verarbeitung<\/li>\n<\/ul>\n\n\n\n<p>Die Verarbeitung erfolgt auf Grundlage unserer berechtigten Interessen gem\u00e4\u00df Art. 6 Abs. 1 lit. f DSGVO, um die Sicherheit unserer Webseite zu gew\u00e4hrleisten.<br><br><strong>Weitere Informationen<\/strong><br>Weitere Informationen zur Datenverarbeitung durch Google finden Sie in der Datenschutzerkl\u00e4rung von Google: <a href=\"https:\/\/policies.google.com\/privacy\">https:\/\/policies.google.com\/privacy<\/a>.<br><br><strong>Google Tag Manager<\/strong><br>Google Tag Manager erm\u00f6glicht es uns, verschiedene Tags wie Google Analytics, Google Ads und weitere Analyse- und Marketing-Tools auf unserer Webseite zu verwalten.<br><br><strong>Zweck der Datenverarbeitung<\/strong><br>Der Tag Manager erm\u00f6glicht es uns, Marketing- und Analyse-Dienste auf der Webseite zu integrieren und deren Funktionalit\u00e4t zu \u00fcberwachen.<\/p>\n\n\n\n<ul class=\"wp-block-list\">\n<li>Art der erhobenen Daten<\/li>\n\n\n\n<li>IP-Adresse.<\/li>\n\n\n\n<li>Interaktionen mit der Webseite.<\/li>\n\n\n\n<li>Rechtsgrundlage der Verarbeitung<\/li>\n<\/ul>\n\n\n\n<p>Die Verarbeitung erfolgt auf Grundlage Ihrer Einwilligung gem\u00e4\u00df Art. 6 Abs. 1 lit. a DSGVO, die durch das Laden der entsprechenden Tags auf unserer Webseite erteilt wird.<br><br><strong>Weitere Informationen<\/strong><br>Mehr Informationen finden Sie in der Datenschutzerkl\u00e4rung von Google: <a href=\"https:\/\/policies.google.com\/privacy\">https:\/\/policies.google.com\/privacy<\/a>.<br><br><strong>YouTube (NoCookie Version)<\/strong><br>Wir integrieren Videos von YouTube auf unserer Webseite in der NoCookie Version, um den Datenschutz zu erh\u00f6hen.<br><br><strong>Zweck der Datenverarbeitung<\/strong><br>Die NoCookie Version erm\u00f6glicht das Einbetten von Videos, ohne dass YouTube Cookies setzt, bevor Sie ein Video abspielen. Nur wenn Sie das Video abspielen, werden personenbezogene Daten an YouTube \u00fcbermittelt.<\/p>\n\n\n\n<p><strong>Art der erhobenen Daten<\/strong><\/p>\n\n\n\n<ul class=\"wp-block-list\">\n<li>IP-Adresse.<\/li>\n\n\n\n<li>Besuchte Videos und Interaktionen.<\/li>\n<\/ul>\n\n\n\n<p><strong>Rechtsgrundlage der Verarbeitung<\/strong><br>Die Verarbeitung erfolgt auf Grundlage Ihrer Einwilligung gem\u00e4\u00df Art. 6 Abs. 1 lit. a DSGVO, die beim Abspielen eines Videos erteilt wird.<br><br><strong>Weitere Informationen<\/strong><br>Weitere Informationen zur Datenverarbeitung durch YouTube finden Sie in der Datenschutzerkl\u00e4rung von Google: <a href=\"https:\/\/policies.google.com\/privacy\">https:\/\/policies.google.com\/privacy<\/a>.<br><br><strong>Meta Pixel<\/strong><br>Das Meta Pixel (ehemals Facebook Pixel) erm\u00f6glicht es uns, die Effektivit\u00e4t unserer Werbeanzeigen auf Facebook und Instagram zu messen.<br><br><strong>Zweck der Datenverarbeitung<\/strong><br>Das Meta Pixel hilft uns, Werbeanzeigen auf Facebook und Instagram gezielt auszurichten und die Performance dieser Anzeigen zu messen.<br><br><strong>Art der erhobenen Daten<\/strong><\/p>\n\n\n\n<ul class=\"wp-block-list\">\n<li>IP-Adresse.<\/li>\n\n\n\n<li>Besuchte Seiten und Interaktionen.<\/li>\n\n\n\n<li>Ger\u00e4teinformationen.<\/li>\n<\/ul>\n\n\n\n<p><strong>Rechtsgrundlage der Verarbeitung<\/strong><br>Die Verarbeitung erfolgt auf Grundlage Ihrer Einwilligung gem\u00e4\u00df Art. 6 Abs. 1 lit. a DSGVO, die durch die Nutzung der Webseite erteilt wird.<br><br><strong>Weitere Informationen<\/strong><br>Weitere Informationen zur Verarbeitung durch Meta finden Sie in der Datenschutzerkl\u00e4rung von Meta: <a href=\"https:\/\/www.facebook.com\/privacy\/explanation\">https:\/\/www.facebook.com\/privacy\/explanation<\/a>.<br><br><strong>Facebook Social Plugins<\/strong><br>Facebook Social Plugins erm\u00f6glichen es uns, die Interaktionen mit Facebook-Inhalten (z.B. \u201eGef\u00e4llt mir\u201c-Button) direkt auf unserer Webseite zu integrieren.<br><br><strong>Zweck der Datenverarbeitung<\/strong><br>Die Facebook Social Plugins erm\u00f6glichen es uns, Inhalte von Facebook auf unserer Webseite darzustellen und mit den Nutzern zu interagieren.<br><br><strong>Art der erhobenen Daten<\/strong><\/p>\n\n\n\n<ul class=\"wp-block-list\">\n<li>IP-Adresse.<\/li>\n\n\n\n<li>Informationen \u00fcber die Interaktionen mit den Social Plugins (z.B. \u201eGef\u00e4llt mir\u201c-Angaben).<\/li>\n<\/ul>\n\n\n\n<p><strong>Rechtsgrundlage der Verarbeitung<\/strong><br>Die Verarbeitung erfolgt auf Grundlage Ihrer Einwilligung gem\u00e4\u00df Art. 6 Abs. 1 lit. a DSGVO, die durch die Interaktion mit den Plugins erteilt wird.<br><br><strong>Weitere Informationen<\/strong><br>Mehr Informationen zur Verarbeitung durch Facebook finden Sie in der Datenschutzerkl\u00e4rung von Facebook: <a href=\"https:\/\/www.facebook.com\/privacy\/explanation.\">https:\/\/www.facebook.com\/privacy\/explanation.<\/a><br><br><strong>Cookies und Web-Speicher<\/strong><br>Die oben genannten Dienste setzen Cookies und Web-Speichertechnologien ein, um Daten zu erheben und zu speichern. Diese Cookies k\u00f6nnen Informationen wie IP-Adressen, Ger\u00e4tetypen, besuchte Seiten und Interaktionen mit der Webseite speichern. Sie k\u00f6nnen die Verwendung von Cookies ablehnen, indem Sie die Einstellungen in Ihrem Browser anpassen. Beachten Sie jedoch, dass die Deaktivierung von Cookies die Funktionalit\u00e4t der Webseite beeintr\u00e4chtigen kann.<br><br><strong>Newsletteranmeldung<\/strong><br>Sie haben die M\u00f6glichkeit sich auf unserer Webseite f\u00fcr unseren kostenlosen Newsletter anzumelden. Wir verarbeiten in diesem Zusammenhang personenbezogene Daten von Ihnen zum Zwecke der Zusendung unserer regelm\u00e4\u00dfigen Newsletter sowie f\u00fcr eigene Marketingzwecke. Rechtsgrundlage hierf\u00fcr ist Ihre Einwilligung gem. Art. 6 I lit. a DSGVO.<\/p>\n\n\n\n<p><strong>Anfragen per Kontaktformular, E-Mail und Telefon<\/strong><br>Wenn Sie uns per Kontaktformular, E-Mail oder Telefon kontaktieren, wird Ihre Anfrage inklusive aller daraus hervorgehenden personenbezogenen Daten zum Zwecke der Bearbeitung Ihres Anliegens bei uns gespeichert und verarbeitet. Diese Daten geben wir nicht ohne Ihre Einwilligung weiter.<br>Die Verarbeitung dieser Daten erfolgt auf Grundlage von Art. 6 Abs. 1 lit. b DSGVO, sofern Ihre Anfrage mit der Erf\u00fcllung eines Vertrags zusammenh\u00e4ngt oder zur Durchf\u00fchrung vorvertraglicher Ma\u00dfnahmen erforderlich ist. In allen \u00fcbrigen F\u00e4llen beruht die Verarbeitung auf Ihrer Einwilligung (Art. 6 Abs. 1 lit. a DSGVO) und\/oder auf unseren berechtigten Interessen (Art. 6 Abs. 1 lit. f DSGVO) an einer effektiven Bearbeitung der an uns gerichteten Anfragen.<br><br>Die von Ihnen an uns per Kontaktanfragen \u00fcbersandten Daten verbleiben bei uns, bis Sie uns zur L\u00f6schung auffordern, Ihre Einwilligung zur Speicherung widerrufen oder der Zweck f\u00fcr die Datenspeicherung entf\u00e4llt (bspw. nach abgeschlossener Bearbeitung Ihres Anliegens). Zwingende gesetzliche Bestimmungen \u2013 insbesondere gesetzliche Aufbewahrungsfristen \u2013 bleiben unber\u00fchrt.<\/p>\n\n\n\n<p><strong>Ihre Rechte<\/strong><br>Zur Wahrnehmung Ihrer Rechte k\u00f6nnen Sie sich jederzeit unter den im Impressum sowie im Abschnitt Verantwortliche Stelle angegebenen Kontaktdaten an uns wenden.<\/p>\n\n\n\n<p><strong>Widerruf Ihrer Einwilligung zur Datenverarbeitung (Art. 7 (3) DSGVO)<\/strong><br>Viele Datenverarbeitungsvorg\u00e4nge sind nur mit Ihrer ausdr\u00fccklichen Einwilligung m\u00f6glich. Sie k\u00f6nnen eine bereits erteilte Einwilligung jederzeit widerrufen. Dazu reicht eine formlose Mitteilung per E-Mail an uns. Die Rechtm\u00e4\u00dfigkeit der bis zum Widerruf erfolgten Datenverarbeitung bleibt vom Widerruf unber\u00fchrt.<\/p>\n\n\n\n<p><strong>Recht auf Auskunft, Berichtigung, Sperrung, L\u00f6schung (Art. 15-17 DSGVO)<\/strong><br>Sie haben im Rahmen der geltenden gesetzlichen Bestimmungen jederzeit das Recht auf unentgeltliche Auskunft (Art. 15 DSGVO) \u00fcber Ihre gespeicherten personenbezogenen Daten, deren Herkunft und Empf\u00e4nger und den Zweck der Datenverarbeitung sowie ggf. ein Recht auf Berichtigung, Sperrung oder L\u00f6schung dieser Daten (Art. 16, 17 DSGVO).<\/p>\n\n\n\n<p><strong>Recht auf Einschr\u00e4nkung der Verarbeitung (Art. 18 DSGVO)<\/strong><br>Sie haben das Recht, die Einschr\u00e4nkung der Verarbeitung Ihrer personenbezogenen Daten zu verlangen (Art. 18 DSGVO). Dieses Recht besteht in folgenden F\u00e4llen:<\/p>\n\n\n\n<ul class=\"wp-block-list\">\n<li>Wenn Sie die Richtigkeit Ihrer bei uns gespeicherten personenbezogenen Daten bestreiten, ben\u00f6tigen wir in der Regel Zeit, um dies zu \u00fcberpr\u00fcfen. F\u00fcr die Dauer der Pr\u00fcfung haben Sie das Recht, die Einschr\u00e4nkung der Verarbeitung Ihrer personenbezogenen Daten zu verlangen.<\/li>\n\n\n\n<li>Wenn die Verarbeitung Ihrer personenbezogenen Daten unrechtm\u00e4\u00dfig geschah oder geschieht, k\u00f6nnen Sie statt der L\u00f6schung die Einschr\u00e4nkung der Datenverarbeitung verlangen.<\/li>\n\n\n\n<li>Wenn wir Ihre personenbezogenen Daten nicht mehr ben\u00f6tigen, Sie sie jedoch zur Aus\u00fcbung, Verteidigung oder Geltendmachung von Rechtsanspr\u00fcchen ben\u00f6tigen, haben Sie das Recht, statt der L\u00f6schung die Einschr\u00e4nkung der Verarbeitung Ihrer personenbezogenen Daten zu verlangen.<\/li>\n\n\n\n<li>Wenn Sie einen Widerspruch nach Art. 21 Abs. 1 DSGVO eingelegt haben, muss eine Abw\u00e4gung zwischen Ihren und unseren Interessen vorgenommen werden. Solange noch nicht feststeht, wessen Interessen \u00fcberwiegen, haben Sie das Recht, die Einschr\u00e4nkung der Verarbeitung Ihrer personenbezogenen Daten zu verlangen.<\/li>\n<\/ul>\n\n\n\n<p>Wenn Sie die Verarbeitung Ihrer personenbezogenen Daten eingeschr\u00e4nkt haben, d\u00fcrfen diese Daten \u2013 von ihrer Speicherung abgesehen \u2013 nur mit Ihrer Einwilligung oder zur Geltendmachung, Aus\u00fcbung oder Verteidigung von Rechtsanspr\u00fcchen oder zum Schutz der Rechte einer anderen nat\u00fcrlichen oder juristischen Person oder aus Gr\u00fcnden eines wichtigen \u00f6ffentlichen Interesses der Europ\u00e4ischen Union oder eines Mitgliedstaats verarbeitet werden.<\/p>\n\n\n\n<p><strong>Recht auf Daten\u00fcbertragbarkeit (Art. 20 DSGVO)<\/strong><br>Sie haben das Recht, Daten, die wir auf Grundlage Ihrer Einwilligung oder in Erf\u00fcllung eines Vertrags automatisiert verarbeiten, an sich oder an einen Dritten in einem g\u00e4ngigen, maschinenlesbaren Format aush\u00e4ndigen zu lassen (Art. 20 DSGVO). Sofern Sie die direkte \u00dcbertragung der Daten an einen anderen Verantwortlichen verlangen, erfolgt dies nur, soweit es technisch machbar ist.<\/p>\n\n\n\n<p><strong>Widerspruchsrecht (Art. 21 DSGVO)<\/strong><br>Wenn die Datenverarbeitung auf Grundlage von Art. 6 Abs. 1 lit. e o. f DSGVO erfolgt, haben Sie jederzeit das Recht, aus Gr\u00fcnden, die sich aus Ihrer besonderen Situation ergeben, gegen die Verarbeitung Ihrer personenbezogenen Daten Widerspruch einzulegen. Die jeweilige Rechtsgrundlage, auf denen eine Verarbeitung beruht, k\u00f6nnen Sie dieser Datenschutzerkl\u00e4rung entnehmen. Wenn Sie Widerspruch einlegen, werden wir Ihre betroffenen personenbezogenen Daten nicht mehr verarbeiten, es sei denn, wir k\u00f6nnen zwingende schutzw\u00fcrdige Gr\u00fcnde f\u00fcr die Verarbeitung nachweisen, die Ihre Interessen, Rechte und Freiheiten \u00fcberwiegen oder die Verarbeitung dient der Geltendmachung, Aus\u00fcbung oder Verteidigung von Rechtsanspr\u00fcchen (Widerspruch nach Art. 21 Abs. 1 DSGVO).<br><br>Werden Ihre personenbezogenen Daten verarbeitet, um Direktwerbung zu betreiben, so haben Sie das Recht, jederzeit Widerspruch gegen die Verarbeitung Sie betreffender personenbezogener Daten zum Zwecke derartiger Werbung einzulegen. Wenn Sie widersprechen, werden Ihre personenbezogenen Daten anschlie\u00dfend nicht mehr zum Zwecke der Direkt-werbung verwendet (Widerspruch nach Art. 21 Abs. 2 DSGVO). Ein Profiling findet nicht statt.<\/p>\n\n\n\n<p><strong>Recht auf Beschwerde bei einer Aufsichtsbeh\u00f6rde (Art. 77 DSGVO)&nbsp;<\/strong><br>Sie haben unbeschadet eines anderweitigen verwaltungsrechtlichen oder gerichtlichen Rechtsbehelfs das Recht auf Beschwerde bei einer Aufsichtsbeh\u00f6rde, insbesondere in dem Mitgliedstaat Ihres gew\u00f6hnlichen Aufenthaltsorts, Ihres Arbeitsplatzes oder des Orts des mutma\u00dflichen Versto\u00dfes, wenn Sie der Ansicht sind, dass die Verarbeitung der Sie betreffenden personenbezogenen Daten gegen die DSGVO verst\u00f6\u00dft (Art. 77 DSGVO).<br><br>Die f\u00fcr uns zust\u00e4ndige Aufsichtsbeh\u00f6rde f\u00fcr den Datenschutz erreichen Sie unter den nachfolgenden Kontaktdaten:<br>Der Landesbeauftragte f\u00fcr Datenschutz und Informationsfreiheit Baden-W\u00fcrttemberg<br>Postfach 10 29 332<br>D-70025 Stuttgart<br>Tel: +49 711 615541-0<br>E-Mail: <a href=\"mailto:poststelle@lfdi.bwl.de\">poststelle@lfdi.bwl.de<\/a><\/p>\n\n\n\n<p>Stand: Februar 2025<\/p>\n","protected":false},"excerpt":{"rendered":"<p>Wir freuen uns \u00fcber Ihren Besuch auf unseren Webseiten. Leider ist es grunds\u00e4tzlich nicht m\u00f6glich, eine Webseite, ohne personenbezogene Daten auf Ihrem Endger\u00e4t zur Anzeige zu bringen. Daher geben wir Ihnen ein \u00dcberblick dar\u00fcber, welche Daten wir konkret von Ihnen erheben, welche Zwecke wir damit verfolgen und auf welche Rechtsgrundlage wir die Verarbeitung st\u00fctzen. Wenn [&hellip;]<\/p>\n","protected":false},"author":31,"featured_media":0,"parent":0,"menu_order":0,"comment_status":"closed","ping_status":"closed","template":"","meta":{"_acf_changed":false,"footnotes":"","_links_to":"","_links_to_target":""},"class_list":["post-72577","page","type-page","status-publish","hentry"],"acf":[],"yoast_head":"<!-- This site is optimized with the Yoast SEO plugin v27.2 - https:\/\/yoast.com\/product\/yoast-seo-wordpress\/ -->\n<title>Datenschutzerkl\u00e4rung f\u00fcr die Besucher unserer Webseiten &#187; Eltako<\/title>\n<meta name=\"robots\" content=\"index, follow, max-snippet:-1, max-image-preview:large, max-video-preview:-1\" \/>\n<link rel=\"canonical\" href=\"https:\/\/www.eltako.com\/at\/datenschutzerklaerung\/\" \/>\n<meta property=\"og:locale\" content=\"en_US\" \/>\n<meta property=\"og:type\" content=\"article\" \/>\n<meta property=\"og:title\" content=\"Datenschutzerkl\u00e4rung f\u00fcr die Besucher unserer Webseiten &#187; Eltako\" \/>\n<meta property=\"og:description\" content=\"Wir freuen uns \u00fcber Ihren Besuch auf unseren Webseiten. Leider ist es grunds\u00e4tzlich nicht m\u00f6glich, eine Webseite, ohne personenbezogene Daten auf Ihrem Endger\u00e4t zur Anzeige zu bringen. Daher geben wir Ihnen ein \u00dcberblick dar\u00fcber, welche Daten wir konkret von Ihnen erheben, welche Zwecke wir damit verfolgen und auf welche Rechtsgrundlage wir die Verarbeitung st\u00fctzen. Wenn [&hellip;]\" \/>\n<meta property=\"og:url\" content=\"https:\/\/www.eltako.com\/at\/datenschutzerklaerung\/\" \/>\n<meta property=\"og:site_name\" content=\"Eltako\" \/>\n<meta property=\"article:modified_time\" content=\"2025-02-14T11:22:11+00:00\" \/>\n<meta name=\"twitter:card\" content=\"summary_large_image\" \/>\n<meta name=\"twitter:label1\" content=\"Est. reading time\" \/>\n\t<meta name=\"twitter:data1\" content=\"10 minutes\" \/>\n<script type=\"application\/ld+json\" class=\"yoast-schema-graph\">{\"@context\":\"https:\/\/schema.org\",\"@graph\":[{\"@type\":\"WebPage\",\"@id\":\"https:\/\/www.eltako.com\/at\/datenschutzerklaerung\/\",\"url\":\"https:\/\/www.eltako.com\/at\/datenschutzerklaerung\/\",\"name\":\"Datenschutzerkl\u00e4rung f\u00fcr die Besucher unserer Webseiten &#187; Eltako\",\"isPartOf\":{\"@id\":\"https:\/\/www.eltako.com\/en\/#website\"},\"datePublished\":\"2021-11-10T15:13:04+00:00\",\"dateModified\":\"2025-02-14T11:22:11+00:00\",\"breadcrumb\":{\"@id\":\"https:\/\/www.eltako.com\/at\/datenschutzerklaerung\/#breadcrumb\"},\"inLanguage\":\"at-AT\",\"potentialAction\":[{\"@type\":\"ReadAction\",\"target\":[\"https:\/\/www.eltako.com\/at\/datenschutzerklaerung\/\"]}]},{\"@type\":\"BreadcrumbList\",\"@id\":\"https:\/\/www.eltako.com\/at\/datenschutzerklaerung\/#breadcrumb\",\"itemListElement\":[{\"@type\":\"ListItem\",\"position\":1,\"name\":\"Home\",\"item\":\"https:\/\/www.eltako.com\/at\/\"},{\"@type\":\"ListItem\",\"position\":2,\"name\":\"Datenschutzerkl\u00e4rung f\u00fcr die Besucher unserer Webseiten\"}]},{\"@type\":\"WebSite\",\"@id\":\"https:\/\/www.eltako.com\/en\/#website\",\"url\":\"https:\/\/www.eltako.com\/en\/\",\"name\":\"Eltako\",\"description\":\"Schaltger\u00e4te, Netzteile, Stromz\u00e4hler, Dimmer, Geb\u00e4udeinstallation, Steuerungstechnik, Smart Home-L\u00f6sungen, Geb\u00e4udefunk, EnOcean-Technologie\",\"potentialAction\":[{\"@type\":\"SearchAction\",\"target\":{\"@type\":\"EntryPoint\",\"urlTemplate\":\"https:\/\/www.eltako.com\/en\/?s={search_term_string}\"},\"query-input\":{\"@type\":\"PropertyValueSpecification\",\"valueRequired\":true,\"valueName\":\"search_term_string\"}}],\"inLanguage\":\"at-AT\"}]}<\/script>\n<!-- \/ Yoast SEO plugin. -->","yoast_head_json":{"title":"Datenschutzerkl\u00e4rung f\u00fcr die Besucher unserer Webseiten &#187; Eltako","robots":{"index":"index","follow":"follow","max-snippet":"max-snippet:-1","max-image-preview":"max-image-preview:large","max-video-preview":"max-video-preview:-1"},"canonical":"https:\/\/www.eltako.com\/at\/datenschutzerklaerung\/","og_locale":"en_US","og_type":"article","og_title":"Datenschutzerkl\u00e4rung f\u00fcr die Besucher unserer Webseiten &#187; Eltako","og_description":"Wir freuen uns \u00fcber Ihren Besuch auf unseren Webseiten. Leider ist es grunds\u00e4tzlich nicht m\u00f6glich, eine Webseite, ohne personenbezogene Daten auf Ihrem Endger\u00e4t zur Anzeige zu bringen. Daher geben wir Ihnen ein \u00dcberblick dar\u00fcber, welche Daten wir konkret von Ihnen erheben, welche Zwecke wir damit verfolgen und auf welche Rechtsgrundlage wir die Verarbeitung st\u00fctzen. Wenn [&hellip;]","og_url":"https:\/\/www.eltako.com\/at\/datenschutzerklaerung\/","og_site_name":"Eltako","article_modified_time":"2025-02-14T11:22:11+00:00","twitter_card":"summary_large_image","twitter_misc":{"Est. reading time":"10 minutes"},"schema":{"@context":"https:\/\/schema.org","@graph":[{"@type":"WebPage","@id":"https:\/\/www.eltako.com\/at\/datenschutzerklaerung\/","url":"https:\/\/www.eltako.com\/at\/datenschutzerklaerung\/","name":"Datenschutzerkl\u00e4rung f\u00fcr die Besucher unserer Webseiten &#187; Eltako","isPartOf":{"@id":"https:\/\/www.eltako.com\/en\/#website"},"datePublished":"2021-11-10T15:13:04+00:00","dateModified":"2025-02-14T11:22:11+00:00","breadcrumb":{"@id":"https:\/\/www.eltako.com\/at\/datenschutzerklaerung\/#breadcrumb"},"inLanguage":"at-AT","potentialAction":[{"@type":"ReadAction","target":["https:\/\/www.eltako.com\/at\/datenschutzerklaerung\/"]}]},{"@type":"BreadcrumbList","@id":"https:\/\/www.eltako.com\/at\/datenschutzerklaerung\/#breadcrumb","itemListElement":[{"@type":"ListItem","position":1,"name":"Home","item":"https:\/\/www.eltako.com\/at\/"},{"@type":"ListItem","position":2,"name":"Datenschutzerkl\u00e4rung f\u00fcr die Besucher unserer Webseiten"}]},{"@type":"WebSite","@id":"https:\/\/www.eltako.com\/en\/#website","url":"https:\/\/www.eltako.com\/en\/","name":"Eltako","description":"Schaltger\u00e4te, Netzteile, Stromz\u00e4hler, Dimmer, Geb\u00e4udeinstallation, Steuerungstechnik, Smart Home-L\u00f6sungen, Geb\u00e4udefunk, EnOcean-Technologie","potentialAction":[{"@type":"SearchAction","target":{"@type":"EntryPoint","urlTemplate":"https:\/\/www.eltako.com\/en\/?s={search_term_string}"},"query-input":{"@type":"PropertyValueSpecification","valueRequired":true,"valueName":"search_term_string"}}],"inLanguage":"at-AT"}]}},"_links":{"self":[{"href":"https:\/\/www.eltako.com\/at\/wp-json\/wp\/v2\/pages\/72577","targetHints":{"allow":["GET"]}}],"collection":[{"href":"https:\/\/www.eltako.com\/at\/wp-json\/wp\/v2\/pages"}],"about":[{"href":"https:\/\/www.eltako.com\/at\/wp-json\/wp\/v2\/types\/page"}],"author":[{"embeddable":true,"href":"https:\/\/www.eltako.com\/at\/wp-json\/wp\/v2\/users\/31"}],"replies":[{"embeddable":true,"href":"https:\/\/www.eltako.com\/at\/wp-json\/wp\/v2\/comments?post=72577"}],"version-history":[{"count":10,"href":"https:\/\/www.eltako.com\/at\/wp-json\/wp\/v2\/pages\/72577\/revisions"}],"predecessor-version":[{"id":144147,"href":"https:\/\/www.eltako.com\/at\/wp-json\/wp\/v2\/pages\/72577\/revisions\/144147"}],"wp:attachment":[{"href":"https:\/\/www.eltako.com\/at\/wp-json\/wp\/v2\/media?parent=72577"}],"curies":[{"name":"wp","href":"https:\/\/api.w.org\/{rel}","templated":true}]}}