{"id":72574,"date":"2021-12-14T11:50:41","date_gmt":"2021-12-14T10:50:41","guid":{"rendered":"https:\/\/prod.wxccizj.de\/software-pct14\/"},"modified":"2026-03-06T09:30:43","modified_gmt":"2026-03-06T08:30:43","slug":"software-pct14","status":"publish","type":"page","link":"https:\/\/www.eltako.com\/at\/software-pct14\/","title":{"rendered":"Software PCT14"},"content":{"rendered":"\n<p><strong>PCT14 \u2013 Das kostenfreie PC-Tool f\u00fcr ELTAKO Geb\u00e4udefunk-Aktoren&nbsp;<\/strong><\/p>\n\n\n\n<p>Nach der Installation lassen sich ELTAKO Geb\u00e4udefunk-Aktoren der Baureihen 14 und 71, sowie einige Sensoren, wie beispielsweise der Funk-Alarm-Controller oder unsere Funk-Schaltuhr, \u00fcber den PC einstellen, auslesen, speichern und wieder zur\u00fcckschreiben.&nbsp;<\/p>\n\n\n\n<p><strong>PCT14 &#8211; wichtige Informationen:<\/strong><br><a href=\"https:\/\/www.eltako.com\/fileadmin\/downloads\/de\/datenblatt\/Datenblatt_PCT14.pdf\">Datenblatt<\/a><br><a href=\"https:\/\/www.eltako.com\/fileadmin\/downloads\/de\/Software\/PCT14_Systemvoraussetzungen_und_Installationshinweise.pdf\">Systemvoraussetzungen<\/a><br><a href=\"https:\/\/www.eltako.com\/de\/download_file\/pct14-handbuch\/\">PCT14 Handbuch<\/a><br><\/p>\n\n\n\n<p><strong>Kompatibilit\u00e4t:<\/strong><\/p>\n\n\n\n<ul class=\"wp-block-list\">\n<li>Intel basierter Mac mit Windows 8,10,11 &#8211; ja<\/li>\n\n\n\n<li>M1 basierter Mac mit Windows 8,10,11 &#8211; nein<\/li>\n\n\n\n<li>Intel PC mit Windows 8,10,11 \u2013 ja<\/li>\n<\/ul>\n\n\n\n<div style=\"height:19px\" aria-hidden=\"true\" class=\"wp-block-spacer\"><\/div>\n\n\n\n<p>Als Erstinstallation kann die Software \u00fcber die hier aufgef\u00fchrten Links bezogen werden.&nbsp;<\/p>\n\n\n\n<div class=\"table-responsive\">\n<table class=\"table table-bordered\">\n  <tbody>\n    <tr>\n      <th scope=\"row\"><a href=\"https:\/\/www.eltako.com\/fileadmin\/downloads\/de\/Software\/secure\/EEPCT14DeDe817-32Bit.msi\">PCT14, Version 8.17, ab Windows 8 32bit<\/a><\/th>\n      <td>150 MB<\/td>\n    <\/tr>\n<tr>\n      <th scope=\"row\"><a href=\"https:\/\/www.eltako.com\/fileadmin\/downloads\/de\/Software\/secure\/EEPCT14DeDe817-64Bit.msi\"> PCT14, Version 8.17, ab Windows 8 64bit<\/a><\/th>\n      <td>150 MB<\/td>\n    <\/tr>\n  <\/tbody>\n<\/table>\n\n<\/div>\n\n\n\n<p>Ab der Version 8.1 werden Updates automatisch durchgef\u00fchrt.&nbsp;<\/p>\n\n\n\n\n\n<figure class=\"wp-block-image size-large\"><img decoding=\"async\" width=\"1024\" height=\"512\" src=\"https:\/\/www.eltako.com\/wp-content\/uploads\/2022\/05\/PCT14_3-1-1024x512.png\" alt=\"\" class=\"wp-image-76737\" srcset=\"https:\/\/www.eltako.com\/wp-content\/uploads\/2022\/05\/PCT14_3-1-1024x512.png 1024w, https:\/\/www.eltako.com\/wp-content\/uploads\/2022\/05\/PCT14_3-1-300x150.png 300w, https:\/\/www.eltako.com\/wp-content\/uploads\/2022\/05\/PCT14_3-1-768x384.png 768w, https:\/\/www.eltako.com\/wp-content\/uploads\/2022\/05\/PCT14_3-1-1536x768.png 1536w, https:\/\/www.eltako.com\/wp-content\/uploads\/2022\/05\/PCT14_3-1-2048x1024.png 2048w, https:\/\/www.eltako.com\/wp-content\/uploads\/2022\/05\/PCT14_3-1-600x300.png 600w\" sizes=\"(max-width: 1024px) 100vw, 1024px\" \/><\/figure>\n","protected":false},"excerpt":{"rendered":"<p>PCT14 \u2013 Das kostenfreie PC-Tool f\u00fcr ELTAKO Geb\u00e4udefunk-Aktoren&nbsp; Nach der Installation lassen sich ELTAKO Geb\u00e4udefunk-Aktoren der Baureihen 14 und 71, sowie einige Sensoren, wie beispielsweise der Funk-Alarm-Controller oder unsere Funk-Schaltuhr, \u00fcber den PC einstellen, auslesen, speichern und wieder zur\u00fcckschreiben.&nbsp; PCT14 &#8211; wichtige Informationen:DatenblattSystemvoraussetzungenPCT14 Handbuch Kompatibilit\u00e4t: Als Erstinstallation kann die Software \u00fcber die hier aufgef\u00fchrten Links [&hellip;]<\/p>\n","protected":false},"author":31,"featured_media":72576,"parent":0,"menu_order":0,"comment_status":"closed","ping_status":"closed","template":"templates\/custom_header.php","meta":{"_acf_changed":false,"footnotes":"","_links_to":"","_links_to_target":""},"class_list":["post-72574","page","type-page","status-publish","has-post-thumbnail","hentry"],"acf":[],"yoast_head":"<!-- This site is optimized with the Yoast SEO plugin v27.2 - https:\/\/yoast.com\/product\/yoast-seo-wordpress\/ -->\n<title>Software PCT14 &#187; Eltako<\/title>\n<meta name=\"robots\" content=\"index, follow, max-snippet:-1, max-image-preview:large, max-video-preview:-1\" \/>\n<link rel=\"canonical\" href=\"https:\/\/www.eltako.com\/at\/software-pct14\/\" \/>\n<meta property=\"og:locale\" content=\"en_US\" \/>\n<meta property=\"og:type\" content=\"article\" \/>\n<meta property=\"og:title\" content=\"Software PCT14 &#187; Eltako\" \/>\n<meta property=\"og:description\" content=\"PCT14 \u2013 Das kostenfreie PC-Tool f\u00fcr ELTAKO Geb\u00e4udefunk-Aktoren&nbsp; Nach der Installation lassen sich ELTAKO Geb\u00e4udefunk-Aktoren der Baureihen 14 und 71, sowie einige Sensoren, wie beispielsweise der Funk-Alarm-Controller oder unsere Funk-Schaltuhr, \u00fcber den PC einstellen, auslesen, speichern und wieder zur\u00fcckschreiben.&nbsp; PCT14 &#8211; wichtige Informationen:DatenblattSystemvoraussetzungenPCT14 Handbuch Kompatibilit\u00e4t: Als Erstinstallation kann die Software \u00fcber die hier aufgef\u00fchrten Links [&hellip;]\" \/>\n<meta property=\"og:url\" content=\"https:\/\/www.eltako.com\/at\/software-pct14\/\" \/>\n<meta property=\"og:site_name\" content=\"Eltako\" \/>\n<meta property=\"article:modified_time\" content=\"2026-03-06T08:30:43+00:00\" \/>\n<meta property=\"og:image\" content=\"https:\/\/www.eltako.com\/wp-content\/uploads\/2022\/02\/PCT14-1.jpg\" \/>\n\t<meta property=\"og:image:width\" content=\"1920\" \/>\n\t<meta property=\"og:image:height\" content=\"776\" \/>\n\t<meta property=\"og:image:type\" content=\"image\/jpeg\" \/>\n<meta name=\"twitter:card\" content=\"summary_large_image\" \/>\n<meta name=\"twitter:label1\" content=\"Est. reading time\" \/>\n\t<meta name=\"twitter:data1\" content=\"1 minute\" \/>\n<script type=\"application\/ld+json\" class=\"yoast-schema-graph\">{\"@context\":\"https:\/\/schema.org\",\"@graph\":[{\"@type\":\"WebPage\",\"@id\":\"https:\/\/www.eltako.com\/at\/software-pct14\/\",\"url\":\"https:\/\/www.eltako.com\/at\/software-pct14\/\",\"name\":\"Software PCT14 &#187; Eltako\",\"isPartOf\":{\"@id\":\"https:\/\/www.eltako.com\/en\/#website\"},\"primaryImageOfPage\":{\"@id\":\"https:\/\/www.eltako.com\/at\/software-pct14\/#primaryimage\"},\"image\":{\"@id\":\"https:\/\/www.eltako.com\/at\/software-pct14\/#primaryimage\"},\"thumbnailUrl\":\"https:\/\/www.eltako.com\/wp-content\/uploads\/2022\/02\/PCT14-1.jpg\",\"datePublished\":\"2021-12-14T10:50:41+00:00\",\"dateModified\":\"2026-03-06T08:30:43+00:00\",\"breadcrumb\":{\"@id\":\"https:\/\/www.eltako.com\/at\/software-pct14\/#breadcrumb\"},\"inLanguage\":\"at-AT\",\"potentialAction\":[{\"@type\":\"ReadAction\",\"target\":[\"https:\/\/www.eltako.com\/at\/software-pct14\/\"]}]},{\"@type\":\"ImageObject\",\"inLanguage\":\"at-AT\",\"@id\":\"https:\/\/www.eltako.com\/at\/software-pct14\/#primaryimage\",\"url\":\"https:\/\/www.eltako.com\/wp-content\/uploads\/2022\/02\/PCT14-1.jpg\",\"contentUrl\":\"https:\/\/www.eltako.com\/wp-content\/uploads\/2022\/02\/PCT14-1.jpg\",\"width\":1920,\"height\":776},{\"@type\":\"BreadcrumbList\",\"@id\":\"https:\/\/www.eltako.com\/at\/software-pct14\/#breadcrumb\",\"itemListElement\":[{\"@type\":\"ListItem\",\"position\":1,\"name\":\"Home\",\"item\":\"https:\/\/www.eltako.com\/at\/\"},{\"@type\":\"ListItem\",\"position\":2,\"name\":\"Software PCT14\"}]},{\"@type\":\"WebSite\",\"@id\":\"https:\/\/www.eltako.com\/en\/#website\",\"url\":\"https:\/\/www.eltako.com\/en\/\",\"name\":\"Eltako\",\"description\":\"Schaltger\u00e4te, Netzteile, Stromz\u00e4hler, Dimmer, Geb\u00e4udeinstallation, Steuerungstechnik, Smart Home-L\u00f6sungen, Geb\u00e4udefunk, EnOcean-Technologie\",\"potentialAction\":[{\"@type\":\"SearchAction\",\"target\":{\"@type\":\"EntryPoint\",\"urlTemplate\":\"https:\/\/www.eltako.com\/en\/?s={search_term_string}\"},\"query-input\":{\"@type\":\"PropertyValueSpecification\",\"valueRequired\":true,\"valueName\":\"search_term_string\"}}],\"inLanguage\":\"at-AT\"}]}<\/script>\n<!-- \/ Yoast SEO plugin. -->","yoast_head_json":{"title":"Software PCT14 &#187; Eltako","robots":{"index":"index","follow":"follow","max-snippet":"max-snippet:-1","max-image-preview":"max-image-preview:large","max-video-preview":"max-video-preview:-1"},"canonical":"https:\/\/www.eltako.com\/at\/software-pct14\/","og_locale":"en_US","og_type":"article","og_title":"Software PCT14 &#187; Eltako","og_description":"PCT14 \u2013 Das kostenfreie PC-Tool f\u00fcr ELTAKO Geb\u00e4udefunk-Aktoren&nbsp; Nach der Installation lassen sich ELTAKO Geb\u00e4udefunk-Aktoren der Baureihen 14 und 71, sowie einige Sensoren, wie beispielsweise der Funk-Alarm-Controller oder unsere Funk-Schaltuhr, \u00fcber den PC einstellen, auslesen, speichern und wieder zur\u00fcckschreiben.&nbsp; PCT14 &#8211; wichtige Informationen:DatenblattSystemvoraussetzungenPCT14 Handbuch Kompatibilit\u00e4t: Als Erstinstallation kann die Software \u00fcber die hier aufgef\u00fchrten Links [&hellip;]","og_url":"https:\/\/www.eltako.com\/at\/software-pct14\/","og_site_name":"Eltako","article_modified_time":"2026-03-06T08:30:43+00:00","og_image":[{"width":1920,"height":776,"url":"https:\/\/www.eltako.com\/wp-content\/uploads\/2022\/02\/PCT14-1.jpg","type":"image\/jpeg"}],"twitter_card":"summary_large_image","twitter_misc":{"Est. reading time":"1 minute"},"schema":{"@context":"https:\/\/schema.org","@graph":[{"@type":"WebPage","@id":"https:\/\/www.eltako.com\/at\/software-pct14\/","url":"https:\/\/www.eltako.com\/at\/software-pct14\/","name":"Software PCT14 &#187; Eltako","isPartOf":{"@id":"https:\/\/www.eltako.com\/en\/#website"},"primaryImageOfPage":{"@id":"https:\/\/www.eltako.com\/at\/software-pct14\/#primaryimage"},"image":{"@id":"https:\/\/www.eltako.com\/at\/software-pct14\/#primaryimage"},"thumbnailUrl":"https:\/\/www.eltako.com\/wp-content\/uploads\/2022\/02\/PCT14-1.jpg","datePublished":"2021-12-14T10:50:41+00:00","dateModified":"2026-03-06T08:30:43+00:00","breadcrumb":{"@id":"https:\/\/www.eltako.com\/at\/software-pct14\/#breadcrumb"},"inLanguage":"at-AT","potentialAction":[{"@type":"ReadAction","target":["https:\/\/www.eltako.com\/at\/software-pct14\/"]}]},{"@type":"ImageObject","inLanguage":"at-AT","@id":"https:\/\/www.eltako.com\/at\/software-pct14\/#primaryimage","url":"https:\/\/www.eltako.com\/wp-content\/uploads\/2022\/02\/PCT14-1.jpg","contentUrl":"https:\/\/www.eltako.com\/wp-content\/uploads\/2022\/02\/PCT14-1.jpg","width":1920,"height":776},{"@type":"BreadcrumbList","@id":"https:\/\/www.eltako.com\/at\/software-pct14\/#breadcrumb","itemListElement":[{"@type":"ListItem","position":1,"name":"Home","item":"https:\/\/www.eltako.com\/at\/"},{"@type":"ListItem","position":2,"name":"Software PCT14"}]},{"@type":"WebSite","@id":"https:\/\/www.eltako.com\/en\/#website","url":"https:\/\/www.eltako.com\/en\/","name":"Eltako","description":"Schaltger\u00e4te, Netzteile, Stromz\u00e4hler, Dimmer, Geb\u00e4udeinstallation, Steuerungstechnik, Smart Home-L\u00f6sungen, Geb\u00e4udefunk, EnOcean-Technologie","potentialAction":[{"@type":"SearchAction","target":{"@type":"EntryPoint","urlTemplate":"https:\/\/www.eltako.com\/en\/?s={search_term_string}"},"query-input":{"@type":"PropertyValueSpecification","valueRequired":true,"valueName":"search_term_string"}}],"inLanguage":"at-AT"}]}},"_links":{"self":[{"href":"https:\/\/www.eltako.com\/at\/wp-json\/wp\/v2\/pages\/72574","targetHints":{"allow":["GET"]}}],"collection":[{"href":"https:\/\/www.eltako.com\/at\/wp-json\/wp\/v2\/pages"}],"about":[{"href":"https:\/\/www.eltako.com\/at\/wp-json\/wp\/v2\/types\/page"}],"author":[{"embeddable":true,"href":"https:\/\/www.eltako.com\/at\/wp-json\/wp\/v2\/users\/31"}],"replies":[{"embeddable":true,"href":"https:\/\/www.eltako.com\/at\/wp-json\/wp\/v2\/comments?post=72574"}],"version-history":[{"count":16,"href":"https:\/\/www.eltako.com\/at\/wp-json\/wp\/v2\/pages\/72574\/revisions"}],"predecessor-version":[{"id":148789,"href":"https:\/\/www.eltako.com\/at\/wp-json\/wp\/v2\/pages\/72574\/revisions\/148789"}],"wp:featuredmedia":[{"embeddable":true,"href":"https:\/\/www.eltako.com\/at\/wp-json\/wp\/v2\/media\/72576"}],"wp:attachment":[{"href":"https:\/\/www.eltako.com\/at\/wp-json\/wp\/v2\/media?parent=72574"}],"curies":[{"name":"wp","href":"https:\/\/api.w.org\/{rel}","templated":true}]}}