{"id":72563,"date":"2022-01-13T08:52:39","date_gmt":"2022-01-13T07:52:39","guid":{"rendered":"https:\/\/prod.wxccizj.de\/eebus\/"},"modified":"2022-01-13T08:52:39","modified_gmt":"2022-01-13T07:52:39","slug":"eebus","status":"publish","type":"page","link":"https:\/\/www.eltako.com\/at\/unternehmen\/partner-und-allianzen\/eebus\/","title":{"rendered":"EEBUS"},"content":{"rendered":"\n<p class=\"has-medium-font-size\">Das 2012 ins Leben gerufene\u00a0Non-Profit-Unternehmen\u00a0\u201eEEBus\u00a0Initiative e.V.\u201c\u00a0m\u00f6chte\u00a0mit\u00a0ihrem digitalen Ansatz\u00a0den\u00a0Stromverbrauch pro Haushalt minimieren\u00a0und\u00a0die Stromabnahme\u00a0so\u00a0\u00fcber den Tagesverlauf verteilen,\u00a0dass\u00a0Lastspitzen\u00a0vermieden werden. Im Laufe der Jahre haben sich immer mehr\u00a0bedeutende\u00a0Firmen dieser Vision angeschlossen. Namentlich sind hier unter anderem Bosch,\u00a0E.ON,\u00a0Hager, JUNG, Miele, Telekom oder Viessmann zu nennen.\u00a0\u00a0<\/p>\n\n\n\n<div style=\"height:50px\" aria-hidden=\"true\" class=\"wp-block-spacer\"><\/div>\n\n\n\n<figure class=\"wp-block-image size-large\"><img decoding=\"async\" width=\"1024\" height=\"455\" src=\"https:\/\/betax923lb8kd7v0.eltako.de\/wp-content\/uploads\/2022\/01\/Bild-2-1-1024x455.png\" alt=\"\" class=\"wp-image-30495\" srcset=\"https:\/\/www.eltako.com\/wp-content\/uploads\/2022\/01\/Bild-2-1-1024x455.png 1024w, https:\/\/www.eltako.com\/wp-content\/uploads\/2022\/01\/Bild-2-1-300x133.png 300w, https:\/\/www.eltako.com\/wp-content\/uploads\/2022\/01\/Bild-2-1-768x341.png 768w, https:\/\/www.eltako.com\/wp-content\/uploads\/2022\/01\/Bild-2-1-1536x683.png 1536w, https:\/\/www.eltako.com\/wp-content\/uploads\/2022\/01\/Bild-2-1-600x267.png 600w, https:\/\/www.eltako.com\/wp-content\/uploads\/2022\/01\/Bild-2-1.png 1800w\" sizes=\"(max-width: 1024px) 100vw, 1024px\" \/><\/figure>\n\n\n\n<div style=\"height:50px\" aria-hidden=\"true\" class=\"wp-block-spacer\"><\/div>\n\n\n\n<p class=\"has-medium-font-size\">Viele weitere Unternehmen und auch wir unterst\u00fctzen das Ziel einer einheitlichen&nbsp;IP-Sprache&nbsp;f\u00fcr alle elektronischen Ger\u00e4te in und um das Haus. Dank ihr k\u00f6nnen sie dann herstellerunabh\u00e4ngig miteinander kommunizieren.&nbsp;Egal, ob es sich dabei um&nbsp;Photovoltaik-Anlage,&nbsp;Wallbox, Stromspeicher,&nbsp;Beleuchtung, Haushaltsger\u00e4te, Klimaanlage, Heizung oder&nbsp;E-Fahrzeuge&nbsp;handelt.&nbsp;<\/p>\n\n\n\n<p class=\"has-medium-font-size\">Im Prinzip meldet jeder Stromabnehmer im Netz seinen&nbsp;Bedarf an, jeder Erzeuger oder Speicher meldet seine zur Verf\u00fcgung stehende Kapazit\u00e4t&nbsp;und die EEBUS-Technologie regelt&nbsp;sehr intelligent&nbsp;die&nbsp;Lastverteilung.&nbsp;<\/p>\n\n\n\n<p class=\"has-medium-font-size\">Wir sind \u00fcberzeugt, dass diese Idee und unsere Zusammenarbeit absolut zukunftsbringend und wichtig f\u00fcr die Digitalisierung&nbsp;der Energienetze&nbsp;und&nbsp;letztendlich auch f\u00fcr&nbsp;den Umweltschutz sind. Daher sind wir&nbsp;sehr froh, Teil&nbsp;dieses&nbsp;Netzwerks zu sein und auf dieses gemeinsame Ziel hinzuarbeiten.&nbsp;&nbsp;<\/p>\n","protected":false},"excerpt":{"rendered":"<p>Das 2012 ins Leben gerufene\u00a0Non-Profit-Unternehmen\u00a0\u201eEEBus\u00a0Initiative e.V.\u201c\u00a0m\u00f6chte\u00a0mit\u00a0ihrem digitalen Ansatz\u00a0den\u00a0Stromverbrauch pro Haushalt minimieren\u00a0und\u00a0die Stromabnahme\u00a0so\u00a0\u00fcber den Tagesverlauf verteilen,\u00a0dass\u00a0Lastspitzen\u00a0vermieden werden. Im Laufe der Jahre haben sich immer mehr\u00a0bedeutende\u00a0Firmen dieser Vision angeschlossen. Namentlich sind hier unter anderem Bosch,\u00a0E.ON,\u00a0Hager, JUNG, Miele, Telekom oder Viessmann zu nennen.\u00a0\u00a0 Viele weitere Unternehmen und auch wir unterst\u00fctzen das Ziel einer einheitlichen&nbsp;IP-Sprache&nbsp;f\u00fcr alle elektronischen Ger\u00e4te in [&hellip;]<\/p>\n","protected":false},"author":31,"featured_media":72564,"parent":72647,"menu_order":0,"comment_status":"closed","ping_status":"closed","template":"templates\/custom_header.php","meta":{"_acf_changed":false,"footnotes":"","_links_to":"","_links_to_target":""},"class_list":["post-72563","page","type-page","status-publish","has-post-thumbnail","hentry"],"acf":[],"yoast_head":"<!-- This site is optimized with the Yoast SEO plugin v27.2 - https:\/\/yoast.com\/product\/yoast-seo-wordpress\/ -->\n<title>EEBUS &#187; Eltako<\/title>\n<meta name=\"robots\" content=\"index, follow, max-snippet:-1, max-image-preview:large, max-video-preview:-1\" \/>\n<link rel=\"canonical\" href=\"https:\/\/www.eltako.com\/at\/unternehmen\/partner-und-allianzen\/eebus\/\" \/>\n<meta property=\"og:locale\" content=\"en_US\" \/>\n<meta property=\"og:type\" content=\"article\" \/>\n<meta property=\"og:title\" content=\"EEBUS &#187; Eltako\" \/>\n<meta property=\"og:description\" content=\"Das 2012 ins Leben gerufene\u00a0Non-Profit-Unternehmen\u00a0\u201eEEBus\u00a0Initiative e.V.\u201c\u00a0m\u00f6chte\u00a0mit\u00a0ihrem digitalen Ansatz\u00a0den\u00a0Stromverbrauch pro Haushalt minimieren\u00a0und\u00a0die Stromabnahme\u00a0so\u00a0\u00fcber den Tagesverlauf verteilen,\u00a0dass\u00a0Lastspitzen\u00a0vermieden werden. Im Laufe der Jahre haben sich immer mehr\u00a0bedeutende\u00a0Firmen dieser Vision angeschlossen. Namentlich sind hier unter anderem Bosch,\u00a0E.ON,\u00a0Hager, JUNG, Miele, Telekom oder Viessmann zu nennen.\u00a0\u00a0 Viele weitere Unternehmen und auch wir unterst\u00fctzen das Ziel einer einheitlichen&nbsp;IP-Sprache&nbsp;f\u00fcr alle elektronischen Ger\u00e4te in [&hellip;]\" \/>\n<meta property=\"og:url\" content=\"https:\/\/www.eltako.com\/at\/unternehmen\/partner-und-allianzen\/eebus\/\" \/>\n<meta property=\"og:site_name\" content=\"Eltako\" \/>\n<meta property=\"og:image\" content=\"https:\/\/www.eltako.com\/wp-content\/uploads\/2022\/01\/Bild-1-1.png\" \/>\n\t<meta property=\"og:image:width\" content=\"1800\" \/>\n\t<meta property=\"og:image:height\" content=\"800\" \/>\n\t<meta property=\"og:image:type\" content=\"image\/png\" \/>\n<meta name=\"twitter:card\" content=\"summary_large_image\" \/>\n<meta name=\"twitter:label1\" content=\"Est. reading time\" \/>\n\t<meta name=\"twitter:data1\" content=\"1 minute\" \/>\n<script type=\"application\/ld+json\" class=\"yoast-schema-graph\">{\"@context\":\"https:\/\/schema.org\",\"@graph\":[{\"@type\":\"WebPage\",\"@id\":\"https:\/\/www.eltako.com\/at\/unternehmen\/partner-und-allianzen\/eebus\/\",\"url\":\"https:\/\/www.eltako.com\/at\/unternehmen\/partner-und-allianzen\/eebus\/\",\"name\":\"EEBUS &#187; Eltako\",\"isPartOf\":{\"@id\":\"https:\/\/www.eltako.com\/en\/#website\"},\"primaryImageOfPage\":{\"@id\":\"https:\/\/www.eltako.com\/at\/unternehmen\/partner-und-allianzen\/eebus\/#primaryimage\"},\"image\":{\"@id\":\"https:\/\/www.eltako.com\/at\/unternehmen\/partner-und-allianzen\/eebus\/#primaryimage\"},\"thumbnailUrl\":\"https:\/\/www.eltako.com\/wp-content\/uploads\/2022\/01\/Bild-1-1.png\",\"datePublished\":\"2022-01-13T07:52:39+00:00\",\"breadcrumb\":{\"@id\":\"https:\/\/www.eltako.com\/at\/unternehmen\/partner-und-allianzen\/eebus\/#breadcrumb\"},\"inLanguage\":\"at-AT\",\"potentialAction\":[{\"@type\":\"ReadAction\",\"target\":[\"https:\/\/www.eltako.com\/at\/unternehmen\/partner-und-allianzen\/eebus\/\"]}]},{\"@type\":\"ImageObject\",\"inLanguage\":\"at-AT\",\"@id\":\"https:\/\/www.eltako.com\/at\/unternehmen\/partner-und-allianzen\/eebus\/#primaryimage\",\"url\":\"https:\/\/www.eltako.com\/wp-content\/uploads\/2022\/01\/Bild-1-1.png\",\"contentUrl\":\"https:\/\/www.eltako.com\/wp-content\/uploads\/2022\/01\/Bild-1-1.png\",\"width\":1800,\"height\":800},{\"@type\":\"BreadcrumbList\",\"@id\":\"https:\/\/www.eltako.com\/at\/unternehmen\/partner-und-allianzen\/eebus\/#breadcrumb\",\"itemListElement\":[{\"@type\":\"ListItem\",\"position\":1,\"name\":\"Home\",\"item\":\"https:\/\/www.eltako.com\/at\/\"},{\"@type\":\"ListItem\",\"position\":2,\"name\":\"Unternehmen\",\"item\":\"https:\/\/www.eltako.com\/at\/unternehmen\/\"},{\"@type\":\"ListItem\",\"position\":3,\"name\":\"Partner &#038; Allianzen\",\"item\":\"https:\/\/www.eltako.com\/at\/unternehmen\/partner-und-allianzen\/\"},{\"@type\":\"ListItem\",\"position\":4,\"name\":\"EEBUS\"}]},{\"@type\":\"WebSite\",\"@id\":\"https:\/\/www.eltako.com\/en\/#website\",\"url\":\"https:\/\/www.eltako.com\/en\/\",\"name\":\"Eltako\",\"description\":\"Schaltger\u00e4te, Netzteile, Stromz\u00e4hler, Dimmer, Geb\u00e4udeinstallation, Steuerungstechnik, Smart Home-L\u00f6sungen, Geb\u00e4udefunk, EnOcean-Technologie\",\"potentialAction\":[{\"@type\":\"SearchAction\",\"target\":{\"@type\":\"EntryPoint\",\"urlTemplate\":\"https:\/\/www.eltako.com\/en\/?s={search_term_string}\"},\"query-input\":{\"@type\":\"PropertyValueSpecification\",\"valueRequired\":true,\"valueName\":\"search_term_string\"}}],\"inLanguage\":\"at-AT\"}]}<\/script>\n<!-- \/ Yoast SEO plugin. -->","yoast_head_json":{"title":"EEBUS &#187; Eltako","robots":{"index":"index","follow":"follow","max-snippet":"max-snippet:-1","max-image-preview":"max-image-preview:large","max-video-preview":"max-video-preview:-1"},"canonical":"https:\/\/www.eltako.com\/at\/unternehmen\/partner-und-allianzen\/eebus\/","og_locale":"en_US","og_type":"article","og_title":"EEBUS &#187; Eltako","og_description":"Das 2012 ins Leben gerufene\u00a0Non-Profit-Unternehmen\u00a0\u201eEEBus\u00a0Initiative e.V.\u201c\u00a0m\u00f6chte\u00a0mit\u00a0ihrem digitalen Ansatz\u00a0den\u00a0Stromverbrauch pro Haushalt minimieren\u00a0und\u00a0die Stromabnahme\u00a0so\u00a0\u00fcber den Tagesverlauf verteilen,\u00a0dass\u00a0Lastspitzen\u00a0vermieden werden. Im Laufe der Jahre haben sich immer mehr\u00a0bedeutende\u00a0Firmen dieser Vision angeschlossen. Namentlich sind hier unter anderem Bosch,\u00a0E.ON,\u00a0Hager, JUNG, Miele, Telekom oder Viessmann zu nennen.\u00a0\u00a0 Viele weitere Unternehmen und auch wir unterst\u00fctzen das Ziel einer einheitlichen&nbsp;IP-Sprache&nbsp;f\u00fcr alle elektronischen Ger\u00e4te in [&hellip;]","og_url":"https:\/\/www.eltako.com\/at\/unternehmen\/partner-und-allianzen\/eebus\/","og_site_name":"Eltako","og_image":[{"width":1800,"height":800,"url":"https:\/\/www.eltako.com\/wp-content\/uploads\/2022\/01\/Bild-1-1.png","type":"image\/png"}],"twitter_card":"summary_large_image","twitter_misc":{"Est. reading time":"1 minute"},"schema":{"@context":"https:\/\/schema.org","@graph":[{"@type":"WebPage","@id":"https:\/\/www.eltako.com\/at\/unternehmen\/partner-und-allianzen\/eebus\/","url":"https:\/\/www.eltako.com\/at\/unternehmen\/partner-und-allianzen\/eebus\/","name":"EEBUS &#187; Eltako","isPartOf":{"@id":"https:\/\/www.eltako.com\/en\/#website"},"primaryImageOfPage":{"@id":"https:\/\/www.eltako.com\/at\/unternehmen\/partner-und-allianzen\/eebus\/#primaryimage"},"image":{"@id":"https:\/\/www.eltako.com\/at\/unternehmen\/partner-und-allianzen\/eebus\/#primaryimage"},"thumbnailUrl":"https:\/\/www.eltako.com\/wp-content\/uploads\/2022\/01\/Bild-1-1.png","datePublished":"2022-01-13T07:52:39+00:00","breadcrumb":{"@id":"https:\/\/www.eltako.com\/at\/unternehmen\/partner-und-allianzen\/eebus\/#breadcrumb"},"inLanguage":"at-AT","potentialAction":[{"@type":"ReadAction","target":["https:\/\/www.eltako.com\/at\/unternehmen\/partner-und-allianzen\/eebus\/"]}]},{"@type":"ImageObject","inLanguage":"at-AT","@id":"https:\/\/www.eltako.com\/at\/unternehmen\/partner-und-allianzen\/eebus\/#primaryimage","url":"https:\/\/www.eltako.com\/wp-content\/uploads\/2022\/01\/Bild-1-1.png","contentUrl":"https:\/\/www.eltako.com\/wp-content\/uploads\/2022\/01\/Bild-1-1.png","width":1800,"height":800},{"@type":"BreadcrumbList","@id":"https:\/\/www.eltako.com\/at\/unternehmen\/partner-und-allianzen\/eebus\/#breadcrumb","itemListElement":[{"@type":"ListItem","position":1,"name":"Home","item":"https:\/\/www.eltako.com\/at\/"},{"@type":"ListItem","position":2,"name":"Unternehmen","item":"https:\/\/www.eltako.com\/at\/unternehmen\/"},{"@type":"ListItem","position":3,"name":"Partner &#038; Allianzen","item":"https:\/\/www.eltako.com\/at\/unternehmen\/partner-und-allianzen\/"},{"@type":"ListItem","position":4,"name":"EEBUS"}]},{"@type":"WebSite","@id":"https:\/\/www.eltako.com\/en\/#website","url":"https:\/\/www.eltako.com\/en\/","name":"Eltako","description":"Schaltger\u00e4te, Netzteile, Stromz\u00e4hler, Dimmer, Geb\u00e4udeinstallation, Steuerungstechnik, Smart Home-L\u00f6sungen, Geb\u00e4udefunk, EnOcean-Technologie","potentialAction":[{"@type":"SearchAction","target":{"@type":"EntryPoint","urlTemplate":"https:\/\/www.eltako.com\/en\/?s={search_term_string}"},"query-input":{"@type":"PropertyValueSpecification","valueRequired":true,"valueName":"search_term_string"}}],"inLanguage":"at-AT"}]}},"_links":{"self":[{"href":"https:\/\/www.eltako.com\/at\/wp-json\/wp\/v2\/pages\/72563","targetHints":{"allow":["GET"]}}],"collection":[{"href":"https:\/\/www.eltako.com\/at\/wp-json\/wp\/v2\/pages"}],"about":[{"href":"https:\/\/www.eltako.com\/at\/wp-json\/wp\/v2\/types\/page"}],"author":[{"embeddable":true,"href":"https:\/\/www.eltako.com\/at\/wp-json\/wp\/v2\/users\/31"}],"replies":[{"embeddable":true,"href":"https:\/\/www.eltako.com\/at\/wp-json\/wp\/v2\/comments?post=72563"}],"version-history":[{"count":0,"href":"https:\/\/www.eltako.com\/at\/wp-json\/wp\/v2\/pages\/72563\/revisions"}],"up":[{"embeddable":true,"href":"https:\/\/www.eltako.com\/at\/wp-json\/wp\/v2\/pages\/72647"}],"wp:featuredmedia":[{"embeddable":true,"href":"https:\/\/www.eltako.com\/at\/wp-json\/wp\/v2\/media\/72564"}],"wp:attachment":[{"href":"https:\/\/www.eltako.com\/at\/wp-json\/wp\/v2\/media?parent=72563"}],"curies":[{"name":"wp","href":"https:\/\/api.w.org\/{rel}","templated":true}]}}