{"id":72558,"date":"2022-03-15T15:37:09","date_gmt":"2022-03-15T14:37:09","guid":{"rendered":"https:\/\/prod.wxccizj.de\/?page_id=72558"},"modified":"2022-06-01T15:25:35","modified_gmt":"2022-06-01T13:25:35","slug":"motorsport","status":"publish","type":"page","link":"https:\/\/www.eltako.com\/at\/unternehmen\/sponsoring\/motorsport\/","title":{"rendered":"MOTORSPORT"},"content":{"rendered":"\n<div style=\"height:60px\" aria-hidden=\"true\" class=\"wp-block-spacer\"><\/div>\n\n\n\n<div class=\"wp-block-columns is-layout-flex wp-container-core-columns-is-layout-9d6595d7 wp-block-columns-is-layout-flex\">\n<div class=\"wp-block-column is-layout-flow wp-block-column-is-layout-flow\" style=\"flex-basis:66.66%\">\n<p>Lust auf spannende Motorsport-Rennen? Wir unterst\u00fctzen seit einigen Jahren das Nachwuchstalent Jan Seyffert. Dieser ist Teil des HP Racing International-Teams und im vergangenen Jahr einer der besten Fahrer im ADAC TCR Racing gewesen.<\/p>\n<\/div>\n\n\n\n<div class=\"wp-block-column is-vertically-aligned-center is-layout-flow wp-block-column-is-layout-flow\" style=\"flex-basis:33.33%\">\n<figure class=\"wp-block-image size-full\"><img decoding=\"async\" width=\"600\" height=\"134\" src=\"https:\/\/www.eltako.de\/wp-content\/uploads\/2022\/05\/hp-racing-international_logo.jpg\" alt=\"\" class=\"wp-image-77019\" srcset=\"https:\/\/www.eltako.com\/wp-content\/uploads\/2022\/05\/hp-racing-international_logo.jpg 600w, https:\/\/www.eltako.com\/wp-content\/uploads\/2022\/05\/hp-racing-international_logo-300x67.jpg 300w\" sizes=\"(max-width: 600px) 100vw, 600px\" \/><\/figure>\n<\/div>\n<\/div>\n\n\n\n<div class=\"wp-block-media-text alignwide has-media-on-the-right is-stacked-on-mobile is-vertically-aligned-center has-background\" style=\"background-color:#e9e9e9;grid-template-columns:auto 40%\"><figure class=\"wp-block-media-text__media\"><img decoding=\"async\" width=\"300\" height=\"300\" src=\"https:\/\/www.eltako.de\/wp-content\/uploads\/2022\/05\/eltako_website_content_600x600_motorsport_fahrer-jan-seyffert-300x300.jpg\" alt=\"\" class=\"wp-image-76905 size-medium\" srcset=\"https:\/\/www.eltako.com\/wp-content\/uploads\/2022\/05\/eltako_website_content_600x600_motorsport_fahrer-jan-seyffert-300x300.jpg 300w, https:\/\/www.eltako.com\/wp-content\/uploads\/2022\/05\/eltako_website_content_600x600_motorsport_fahrer-jan-seyffert-150x150.jpg 150w, https:\/\/www.eltako.com\/wp-content\/uploads\/2022\/05\/eltako_website_content_600x600_motorsport_fahrer-jan-seyffert-100x100.jpg 100w, https:\/\/www.eltako.com\/wp-content\/uploads\/2022\/05\/eltako_website_content_600x600_motorsport_fahrer-jan-seyffert.jpg 600w\" sizes=\"(max-width: 300px) 100vw, 300px\" \/><\/figure><div class=\"wp-block-media-text__content\">\n<div class=\"wp-block-group\" style=\"padding-top:2em;padding-right:2em;padding-bottom:2em;padding-left:2em\"><div class=\"wp-block-group__inner-container is-layout-flow wp-block-group-is-layout-flow\">\n<p style=\"font-size:36px;line-height:1.2\"><strong>FAHRER<\/strong><\/p>\n\n\n\n<p>Der 24-j\u00e4hrige Jan Seyffert wurde in Stuttgart geboren und fing schon im jungen Alter damit an, seinen Traum vom professionellen Motorsport-Fahrer zu verwirklichen.&nbsp;<\/p>\n\n\n\n<p>Wer m\u00f6chte, kann auf seiner Homepage&nbsp;<a href=\"http:\/\/www.jan-seyffert-racing.com\/\" target=\"_blank\" rel=\"noreferrer noopener\">www.jan-seyffert-racing.com<\/a>&nbsp;vorbeischauen und alles \u00fcber seine bisherigen Erfolge, seine weiteren Partner und sein Fahrzeug erfahren.&nbsp;<\/p>\n<\/div><\/div>\n<\/div><\/div>\n\n\n\n<div style=\"height:30px\" aria-hidden=\"true\" class=\"wp-block-spacer\"><\/div>\n\n\n\n<div class=\"wp-block-media-text alignwide has-media-on-the-right is-stacked-on-mobile is-vertically-aligned-center has-background\" style=\"background-color:#e9e9e9;grid-template-columns:auto 40%\"><figure class=\"wp-block-media-text__media\"><img decoding=\"async\" width=\"600\" height=\"600\" src=\"https:\/\/www.eltako.de\/wp-content\/uploads\/2022\/05\/eltako_website_content_600x600_motorsport_team-1.jpg\" alt=\"\" class=\"wp-image-76916 size-full\" srcset=\"https:\/\/www.eltako.com\/wp-content\/uploads\/2022\/05\/eltako_website_content_600x600_motorsport_team-1.jpg 600w, https:\/\/www.eltako.com\/wp-content\/uploads\/2022\/05\/eltako_website_content_600x600_motorsport_team-1-300x300.jpg 300w, https:\/\/www.eltako.com\/wp-content\/uploads\/2022\/05\/eltako_website_content_600x600_motorsport_team-1-150x150.jpg 150w, https:\/\/www.eltako.com\/wp-content\/uploads\/2022\/05\/eltako_website_content_600x600_motorsport_team-1-100x100.jpg 100w\" sizes=\"(max-width: 600px) 100vw, 600px\" \/><\/figure><div class=\"wp-block-media-text__content\">\n<div class=\"wp-block-group\" style=\"padding-top:2em;padding-right:2em;padding-bottom:2em;padding-left:2em\"><div class=\"wp-block-group__inner-container is-layout-flow wp-block-group-is-layout-flow\">\n<p style=\"font-size:36px;line-height:1.2\"><strong>TEAM<\/strong><\/p>\n\n\n\n<p class=\"has-extra-small-font-size\">Wir sind stolz, ihn in unserem Team zu haben und freuen uns darauf, Jan auch diese Saison wieder bei spannenden Rennen zu unterst\u00fctzen. Dabei verfolgen wir seine Teilnahmen nicht nur aus der Ferne, sondern fiebern gerne auch vor Ort mit. Und dazu laden wir regelm\u00e4\u00dfig auch Eltako-Partner ein.<\/p>\n<\/div><\/div>\n<\/div><\/div>\n\n\n\n<div style=\"height:30px\" aria-hidden=\"true\" class=\"wp-block-spacer\"><\/div>\n\n\n\n<div class=\"wp-block-media-text alignwide has-media-on-the-right is-stacked-on-mobile is-vertically-aligned-center has-background\" style=\"background-color:#e9e9e9;grid-template-columns:auto 40%\"><figure class=\"wp-block-media-text__media\"><img decoding=\"async\" width=\"600\" height=\"600\" src=\"https:\/\/www.eltako.de\/wp-content\/uploads\/2022\/05\/eltako_website_content_600x600_motorsport_news.jpg\" alt=\"\" class=\"wp-image-76924 size-full\" srcset=\"https:\/\/www.eltako.com\/wp-content\/uploads\/2022\/05\/eltako_website_content_600x600_motorsport_news.jpg 600w, https:\/\/www.eltako.com\/wp-content\/uploads\/2022\/05\/eltako_website_content_600x600_motorsport_news-300x300.jpg 300w, https:\/\/www.eltako.com\/wp-content\/uploads\/2022\/05\/eltako_website_content_600x600_motorsport_news-150x150.jpg 150w, https:\/\/www.eltako.com\/wp-content\/uploads\/2022\/05\/eltako_website_content_600x600_motorsport_news-100x100.jpg 100w\" sizes=\"(max-width: 600px) 100vw, 600px\" \/><\/figure><div class=\"wp-block-media-text__content\">\n<div class=\"wp-block-group\" style=\"padding-top:2em;padding-right:2em;padding-bottom:2em;padding-left:2em\"><div class=\"wp-block-group__inner-container is-layout-flow wp-block-group-is-layout-flow\">\n<p style=\"font-size:36px;line-height:1.2\"><strong>NEUIGKEITEN<\/strong><\/p>\n\n\n\n<p>Jan f\u00e4hrt dieses Jahr von Mai bis Oktober insgesamt 16 Rennen in ganz Europa im Porsche Carrera Cup, eine der bekanntesten Rennserien weltweit.<\/p>\n\n\n\n<p>Die genauen Termine findet ihr\u00a0<strong><a href=\"https:\/\/newsroom.porsche.com\/de\/2022\/motorsport\/porsche-carrera-cup-deutschland-lauf-1-2-spa-francorchamps-belgien-2022-28189.html\" target=\"_blank\" rel=\"noreferrer noopener\">hier<\/a><\/strong>.<\/p>\n<\/div><\/div>\n<\/div><\/div>\n\n\n\n<div style=\"height:100px\" aria-hidden=\"true\" class=\"wp-block-spacer\"><\/div>\n\n\n\n<h1 class=\"text-uppercase wp-block-heading\">Videos<\/h1>\n\n\n\n<div style=\"height:50px\" aria-hidden=\"true\" class=\"wp-block-spacer\"><\/div>\n\n\n\n<figure class=\"wp-block-embed alignleft is-type-video is-provider-youtube wp-block-embed-youtube wp-embed-aspect-16-9 wp-has-aspect-ratio\"><div class=\"wp-block-embed__wrapper\">\n <div class=\"brlbs-cmpnt-container brlbs-cmpnt-content-blocker brlbs-cmpnt-with-individual-styles\" data-borlabs-cookie-content-blocker-id=\"youtube-content-blocker\" data-borlabs-cookie-content=\"PGlmcmFtZSB0aXRsZT0iVHJhdW1qb2IgUmVubmZhaHJlciB8IEVsdGFrbyBTcG9uc29yaW5nIiB3aWR0aD0iNTAwIiBoZWlnaHQ9IjI4MSIgc3JjPSJodHRwczovL3d3dy55b3V0dWJlLW5vY29va2llLmNvbS9lbWJlZC9vWE1JSDRKcG5mVT9mZWF0dXJlPW9lbWJlZCIgZnJhbWVib3JkZXI9IjAiIGFsbG93PSJhY2NlbGVyb21ldGVyOyBhdXRvcGxheTsgY2xpcGJvYXJkLXdyaXRlOyBlbmNyeXB0ZWQtbWVkaWE7IGd5cm9zY29wZTsgcGljdHVyZS1pbi1waWN0dXJlOyB3ZWItc2hhcmUiIHJlZmVycmVycG9saWN5PSJzdHJpY3Qtb3JpZ2luLXdoZW4tY3Jvc3Mtb3JpZ2luIiBhbGxvd2Z1bGxzY3JlZW4+PC9pZnJhbWU+\"><div class=\"brlbs-cmpnt-cb-preset-c brlbs-cmpnt-cb-youtube\"> <div class=\"brlbs-cmpnt-cb-thumbnail\" style=\"background-image: url('https:\/\/www.eltako.com\/wp-content\/uploads\/borlabs-cookie\/1\/yt_oXMIH4JpnfU_hqdefault.jpg')\"><\/div> <div class=\"brlbs-cmpnt-cb-main\"> <div class=\"brlbs-cmpnt-cb-play-button\"><\/div> <div class=\"brlbs-cmpnt-cb-content\"> <p class=\"brlbs-cmpnt-cb-description\">You are currently viewing a placeholder content from <strong>YouTube<\/strong>. To access the actual content, click the button below. Please note that doing so will share data with third-party providers.<\/p> <a class=\"brlbs-cmpnt-cb-provider-toggle\" href=\"#\" data-borlabs-cookie-show-provider-information role=\"button\">More Information<\/a> <\/div> <div class=\"brlbs-cmpnt-cb-buttons\"> <a class=\"brlbs-cmpnt-cb-btn\" href=\"#\" data-borlabs-cookie-unblock role=\"button\">Unblock content<\/a> <a class=\"brlbs-cmpnt-cb-btn\" href=\"#\" data-borlabs-cookie-accept-service role=\"button\" style=\"display: inherit\">Accept required service and unblock content<\/a> <\/div> <\/div> <\/div><\/div>\n<\/div><\/figure>\n\n\n\n<p><\/p>\n","protected":false},"excerpt":{"rendered":"<p>Lust auf spannende Motorsport-Rennen? Wir unterst\u00fctzen seit einigen Jahren das Nachwuchstalent Jan Seyffert. Dieser ist Teil des HP Racing International-Teams und im vergangenen Jahr einer der besten Fahrer im ADAC TCR Racing gewesen. Videos<\/p>\n","protected":false},"author":31,"featured_media":76932,"parent":72559,"menu_order":0,"comment_status":"closed","ping_status":"closed","template":"templates\/custom_header.php","meta":{"_acf_changed":false,"footnotes":"","_links_to":"","_links_to_target":""},"class_list":["post-72558","page","type-page","status-publish","has-post-thumbnail","hentry"],"acf":[],"yoast_head":"<!-- This site is optimized with the Yoast SEO plugin v27.2 - https:\/\/yoast.com\/product\/yoast-seo-wordpress\/ -->\n<title>MOTORSPORT &#187; Eltako<\/title>\n<meta name=\"robots\" content=\"index, follow, max-snippet:-1, max-image-preview:large, max-video-preview:-1\" \/>\n<link rel=\"canonical\" href=\"https:\/\/www.eltako.com\/at\/unternehmen\/sponsoring\/motorsport\/\" \/>\n<meta property=\"og:locale\" content=\"en_US\" \/>\n<meta property=\"og:type\" content=\"article\" \/>\n<meta property=\"og:title\" content=\"MOTORSPORT &#187; Eltako\" \/>\n<meta property=\"og:description\" content=\"Lust auf spannende Motorsport-Rennen? Wir unterst\u00fctzen seit einigen Jahren das Nachwuchstalent Jan Seyffert. Dieser ist Teil des HP Racing International-Teams und im vergangenen Jahr einer der besten Fahrer im ADAC TCR Racing gewesen. Videos\" \/>\n<meta property=\"og:url\" content=\"https:\/\/www.eltako.com\/at\/unternehmen\/sponsoring\/motorsport\/\" \/>\n<meta property=\"og:site_name\" content=\"Eltako\" \/>\n<meta property=\"article:modified_time\" content=\"2022-06-01T13:25:35+00:00\" \/>\n<meta property=\"og:image\" content=\"https:\/\/www.eltako.com\/wp-content\/uploads\/2022\/05\/eltako_website_header_1920x700_motorsport.jpg\" \/>\n\t<meta property=\"og:image:width\" content=\"1920\" \/>\n\t<meta property=\"og:image:height\" content=\"700\" \/>\n\t<meta property=\"og:image:type\" content=\"image\/jpeg\" \/>\n<meta name=\"twitter:card\" content=\"summary_large_image\" \/>\n<meta name=\"twitter:label1\" content=\"Est. reading time\" \/>\n\t<meta name=\"twitter:data1\" content=\"1 minute\" \/>\n<script type=\"application\/ld+json\" class=\"yoast-schema-graph\">{\"@context\":\"https:\/\/schema.org\",\"@graph\":[{\"@type\":\"WebPage\",\"@id\":\"https:\/\/www.eltako.com\/at\/unternehmen\/sponsoring\/motorsport\/\",\"url\":\"https:\/\/www.eltako.com\/at\/unternehmen\/sponsoring\/motorsport\/\",\"name\":\"MOTORSPORT &#187; Eltako\",\"isPartOf\":{\"@id\":\"https:\/\/www.eltako.com\/en\/#website\"},\"primaryImageOfPage\":{\"@id\":\"https:\/\/www.eltako.com\/at\/unternehmen\/sponsoring\/motorsport\/#primaryimage\"},\"image\":{\"@id\":\"https:\/\/www.eltako.com\/at\/unternehmen\/sponsoring\/motorsport\/#primaryimage\"},\"thumbnailUrl\":\"https:\/\/www.eltako.com\/wp-content\/uploads\/2022\/05\/eltako_website_header_1920x700_motorsport.jpg\",\"datePublished\":\"2022-03-15T14:37:09+00:00\",\"dateModified\":\"2022-06-01T13:25:35+00:00\",\"breadcrumb\":{\"@id\":\"https:\/\/www.eltako.com\/at\/unternehmen\/sponsoring\/motorsport\/#breadcrumb\"},\"inLanguage\":\"at-AT\",\"potentialAction\":[{\"@type\":\"ReadAction\",\"target\":[\"https:\/\/www.eltako.com\/at\/unternehmen\/sponsoring\/motorsport\/\"]}]},{\"@type\":\"ImageObject\",\"inLanguage\":\"at-AT\",\"@id\":\"https:\/\/www.eltako.com\/at\/unternehmen\/sponsoring\/motorsport\/#primaryimage\",\"url\":\"https:\/\/www.eltako.com\/wp-content\/uploads\/2022\/05\/eltako_website_header_1920x700_motorsport.jpg\",\"contentUrl\":\"https:\/\/www.eltako.com\/wp-content\/uploads\/2022\/05\/eltako_website_header_1920x700_motorsport.jpg\",\"width\":1920,\"height\":700},{\"@type\":\"BreadcrumbList\",\"@id\":\"https:\/\/www.eltako.com\/at\/unternehmen\/sponsoring\/motorsport\/#breadcrumb\",\"itemListElement\":[{\"@type\":\"ListItem\",\"position\":1,\"name\":\"Home\",\"item\":\"https:\/\/www.eltako.com\/at\/\"},{\"@type\":\"ListItem\",\"position\":2,\"name\":\"Unternehmen\",\"item\":\"https:\/\/www.eltako.com\/at\/unternehmen\/\"},{\"@type\":\"ListItem\",\"position\":3,\"name\":\"Sponsoring\",\"item\":\"https:\/\/www.eltako.com\/at\/unternehmen\/sponsoring\/\"},{\"@type\":\"ListItem\",\"position\":4,\"name\":\"MOTORSPORT\"}]},{\"@type\":\"WebSite\",\"@id\":\"https:\/\/www.eltako.com\/en\/#website\",\"url\":\"https:\/\/www.eltako.com\/en\/\",\"name\":\"Eltako\",\"description\":\"Schaltger\u00e4te, Netzteile, Stromz\u00e4hler, Dimmer, Geb\u00e4udeinstallation, Steuerungstechnik, Smart Home-L\u00f6sungen, Geb\u00e4udefunk, EnOcean-Technologie\",\"potentialAction\":[{\"@type\":\"SearchAction\",\"target\":{\"@type\":\"EntryPoint\",\"urlTemplate\":\"https:\/\/www.eltako.com\/en\/?s={search_term_string}\"},\"query-input\":{\"@type\":\"PropertyValueSpecification\",\"valueRequired\":true,\"valueName\":\"search_term_string\"}}],\"inLanguage\":\"at-AT\"}]}<\/script>\n<!-- \/ Yoast SEO plugin. -->","yoast_head_json":{"title":"MOTORSPORT &#187; Eltako","robots":{"index":"index","follow":"follow","max-snippet":"max-snippet:-1","max-image-preview":"max-image-preview:large","max-video-preview":"max-video-preview:-1"},"canonical":"https:\/\/www.eltako.com\/at\/unternehmen\/sponsoring\/motorsport\/","og_locale":"en_US","og_type":"article","og_title":"MOTORSPORT &#187; Eltako","og_description":"Lust auf spannende Motorsport-Rennen? Wir unterst\u00fctzen seit einigen Jahren das Nachwuchstalent Jan Seyffert. Dieser ist Teil des HP Racing International-Teams und im vergangenen Jahr einer der besten Fahrer im ADAC TCR Racing gewesen. Videos","og_url":"https:\/\/www.eltako.com\/at\/unternehmen\/sponsoring\/motorsport\/","og_site_name":"Eltako","article_modified_time":"2022-06-01T13:25:35+00:00","og_image":[{"width":1920,"height":700,"url":"https:\/\/www.eltako.com\/wp-content\/uploads\/2022\/05\/eltako_website_header_1920x700_motorsport.jpg","type":"image\/jpeg"}],"twitter_card":"summary_large_image","twitter_misc":{"Est. reading time":"1 minute"},"schema":{"@context":"https:\/\/schema.org","@graph":[{"@type":"WebPage","@id":"https:\/\/www.eltako.com\/at\/unternehmen\/sponsoring\/motorsport\/","url":"https:\/\/www.eltako.com\/at\/unternehmen\/sponsoring\/motorsport\/","name":"MOTORSPORT &#187; Eltako","isPartOf":{"@id":"https:\/\/www.eltako.com\/en\/#website"},"primaryImageOfPage":{"@id":"https:\/\/www.eltako.com\/at\/unternehmen\/sponsoring\/motorsport\/#primaryimage"},"image":{"@id":"https:\/\/www.eltako.com\/at\/unternehmen\/sponsoring\/motorsport\/#primaryimage"},"thumbnailUrl":"https:\/\/www.eltako.com\/wp-content\/uploads\/2022\/05\/eltako_website_header_1920x700_motorsport.jpg","datePublished":"2022-03-15T14:37:09+00:00","dateModified":"2022-06-01T13:25:35+00:00","breadcrumb":{"@id":"https:\/\/www.eltako.com\/at\/unternehmen\/sponsoring\/motorsport\/#breadcrumb"},"inLanguage":"at-AT","potentialAction":[{"@type":"ReadAction","target":["https:\/\/www.eltako.com\/at\/unternehmen\/sponsoring\/motorsport\/"]}]},{"@type":"ImageObject","inLanguage":"at-AT","@id":"https:\/\/www.eltako.com\/at\/unternehmen\/sponsoring\/motorsport\/#primaryimage","url":"https:\/\/www.eltako.com\/wp-content\/uploads\/2022\/05\/eltako_website_header_1920x700_motorsport.jpg","contentUrl":"https:\/\/www.eltako.com\/wp-content\/uploads\/2022\/05\/eltako_website_header_1920x700_motorsport.jpg","width":1920,"height":700},{"@type":"BreadcrumbList","@id":"https:\/\/www.eltako.com\/at\/unternehmen\/sponsoring\/motorsport\/#breadcrumb","itemListElement":[{"@type":"ListItem","position":1,"name":"Home","item":"https:\/\/www.eltako.com\/at\/"},{"@type":"ListItem","position":2,"name":"Unternehmen","item":"https:\/\/www.eltako.com\/at\/unternehmen\/"},{"@type":"ListItem","position":3,"name":"Sponsoring","item":"https:\/\/www.eltako.com\/at\/unternehmen\/sponsoring\/"},{"@type":"ListItem","position":4,"name":"MOTORSPORT"}]},{"@type":"WebSite","@id":"https:\/\/www.eltako.com\/en\/#website","url":"https:\/\/www.eltako.com\/en\/","name":"Eltako","description":"Schaltger\u00e4te, Netzteile, Stromz\u00e4hler, Dimmer, Geb\u00e4udeinstallation, Steuerungstechnik, Smart Home-L\u00f6sungen, Geb\u00e4udefunk, EnOcean-Technologie","potentialAction":[{"@type":"SearchAction","target":{"@type":"EntryPoint","urlTemplate":"https:\/\/www.eltako.com\/en\/?s={search_term_string}"},"query-input":{"@type":"PropertyValueSpecification","valueRequired":true,"valueName":"search_term_string"}}],"inLanguage":"at-AT"}]}},"_links":{"self":[{"href":"https:\/\/www.eltako.com\/at\/wp-json\/wp\/v2\/pages\/72558","targetHints":{"allow":["GET"]}}],"collection":[{"href":"https:\/\/www.eltako.com\/at\/wp-json\/wp\/v2\/pages"}],"about":[{"href":"https:\/\/www.eltako.com\/at\/wp-json\/wp\/v2\/types\/page"}],"author":[{"embeddable":true,"href":"https:\/\/www.eltako.com\/at\/wp-json\/wp\/v2\/users\/31"}],"replies":[{"embeddable":true,"href":"https:\/\/www.eltako.com\/at\/wp-json\/wp\/v2\/comments?post=72558"}],"version-history":[{"count":0,"href":"https:\/\/www.eltako.com\/at\/wp-json\/wp\/v2\/pages\/72558\/revisions"}],"up":[{"embeddable":true,"href":"https:\/\/www.eltako.com\/at\/wp-json\/wp\/v2\/pages\/72559"}],"wp:featuredmedia":[{"embeddable":true,"href":"https:\/\/www.eltako.com\/at\/wp-json\/wp\/v2\/media\/76932"}],"wp:attachment":[{"href":"https:\/\/www.eltako.com\/at\/wp-json\/wp\/v2\/media?parent=72558"}],"curies":[{"name":"wp","href":"https:\/\/api.w.org\/{rel}","templated":true}]}}